{"id":2017,"date":"2020-08-25T15:50:40","date_gmt":"2020-08-25T18:50:40","guid":{"rendered":"http:\/\/uniremunicipios.com.ar\/manual\/?page_id=2017"},"modified":"2025-02-17T10:45:03","modified_gmt":"2025-02-17T13:45:03","slug":"requerimientos-definitiva-orden-de-pago-pago-asientos","status":"publish","type":"page","link":"https:\/\/uniremunicipios.com.ar\/manual\/?page_id=2017","title":{"rendered":"m. Orden de pago, pago, asientos"},"content":{"rendered":"<p>Voy a ordenes de pago<\/p>\n<p><img loading=\"lazy\" decoding=\"async\" class=\"wp-image-5738 alignnone \" src=\"http:\/\/uniremunicipios.com.ar\/manual\/wp-content\/uploads\/2024\/12\/image-73.png\" alt=\"\" width=\"410\" height=\"149\" srcset=\"https:\/\/uniremunicipios.com.ar\/manual\/wp-content\/uploads\/2024\/12\/image-73.png 677w, https:\/\/uniremunicipios.com.ar\/manual\/wp-content\/uploads\/2024\/12\/image-73-300x109.png 300w\" sizes=\"auto, (max-width: 410px) 100vw, 410px\" \/><\/p>\n<p><img loading=\"lazy\" decoding=\"async\" class=\"wp-image-5751 alignnone size-medium\" src=\"http:\/\/uniremunicipios.com.ar\/manual\/wp-content\/uploads\/2024\/12\/image-76.png\" alt=\"\" width=\"65\" height=\"43\" \/><\/p>\n<p><img loading=\"lazy\" decoding=\"async\" class=\"wp-image-5750 alignnone \" src=\"http:\/\/uniremunicipios.com.ar\/manual\/wp-content\/uploads\/2024\/12\/image-75.png\" alt=\"\" width=\"437\" height=\"395\" srcset=\"https:\/\/uniremunicipios.com.ar\/manual\/wp-content\/uploads\/2024\/12\/image-75.png 649w, https:\/\/uniremunicipios.com.ar\/manual\/wp-content\/uploads\/2024\/12\/image-75-300x271.png 300w\" sizes=\"auto, (max-width: 437px) 100vw, 437px\" \/><\/p>\n<p>Voy a <img loading=\"lazy\" decoding=\"async\" class=\"wp-image-5752 alignnone \" src=\"http:\/\/uniremunicipios.com.ar\/manual\/wp-content\/uploads\/2024\/12\/image-77.png\" alt=\"\" width=\"394\" height=\"42\" srcset=\"https:\/\/uniremunicipios.com.ar\/manual\/wp-content\/uploads\/2024\/12\/image-77.png 482w, https:\/\/uniremunicipios.com.ar\/manual\/wp-content\/uploads\/2024\/12\/image-77-300x32.png 300w\" sizes=\"auto, (max-width: 394px) 100vw, 394px\" \/><\/p>\n<p>Selecciono la cuota sin egreso y presiono <img loading=\"lazy\" decoding=\"async\" class=\"wp-image-5753 alignnone size-medium\" src=\"http:\/\/uniremunicipios.com.ar\/manual\/wp-content\/uploads\/2024\/12\/image-78.png\" alt=\"\" width=\"58\" height=\"51\" \/><\/p>\n<p>&nbsp;<\/p>\n<p>En <img loading=\"lazy\" decoding=\"async\" class=\"wp-image-5754 alignnone size-medium\" src=\"http:\/\/uniremunicipios.com.ar\/manual\/wp-content\/uploads\/2024\/12\/image-79.png\" alt=\"\" width=\"300\" height=\"42\" srcset=\"https:\/\/uniremunicipios.com.ar\/manual\/wp-content\/uploads\/2024\/12\/image-79.png 312w, https:\/\/uniremunicipios.com.ar\/manual\/wp-content\/uploads\/2024\/12\/image-79-300x42.png 300w\" sizes=\"auto, (max-width: 300px) 100vw, 300px\" \/> elijo un medio de pago<\/p>\n<p><img loading=\"lazy\" decoding=\"async\" class=\"wp-image-5755 alignnone \" src=\"http:\/\/uniremunicipios.com.ar\/manual\/wp-content\/uploads\/2024\/12\/image-80.png\" alt=\"\" width=\"407\" height=\"122\" srcset=\"https:\/\/uniremunicipios.com.ar\/manual\/wp-content\/uploads\/2024\/12\/image-80.png 521w, https:\/\/uniremunicipios.com.ar\/manual\/wp-content\/uploads\/2024\/12\/image-80-300x90.png 300w\" sizes=\"auto, (max-width: 407px) 100vw, 407px\" \/><\/p>\n<p>Al darle OK se confecciona el asiento correspondiente<\/p>\n<p>Desde el requerimiento, en cualquier estado que est\u00e9 el mismo, con el bot\u00f3n derecho del mouse puedo ver el seguimiento<\/p>\n<p><img loading=\"lazy\" decoding=\"async\" class=\"wp-image-5758 alignnone \" src=\"http:\/\/uniremunicipios.com.ar\/manual\/wp-content\/uploads\/2024\/12\/image-83.png\" alt=\"\" width=\"405\" height=\"193\" srcset=\"https:\/\/uniremunicipios.com.ar\/manual\/wp-content\/uploads\/2024\/12\/image-83.png 471w, https:\/\/uniremunicipios.com.ar\/manual\/wp-content\/uploads\/2024\/12\/image-83-300x143.png 300w\" sizes=\"auto, (max-width: 405px) 100vw, 405px\" \/><\/p>\n<p>Aqu\u00ed podr\u00e1n ver las fecha en que se realiz\u00f3 cada cambio<\/p>\n<p><iframe loading=\"lazy\" title=\"Proveedores - Pago a Proveedores\" width=\"500\" height=\"281\" src=\"https:\/\/www.youtube.com\/embed\/YkliPihz_6g?feature=oembed\" frameborder=\"0\" allow=\"accelerometer; autoplay; clipboard-write; encrypted-media; gyroscope; picture-in-picture; web-share\" referrerpolicy=\"strict-origin-when-cross-origin\" allowfullscreen><\/iframe><\/p>\n","protected":false},"excerpt":{"rendered":"<p>Voy a ordenes de pago Voy a Selecciono la cuota sin egreso y presiono &nbsp; En elijo un medio de pago Al darle OK se confecciona el asiento correspondiente Desde el requerimiento, en cualquier estado que est\u00e9 el mismo, con el bot\u00f3n derecho del mouse puedo ver el seguimiento Aqu\u00ed podr\u00e1n ver las fecha en [&hellip;]<\/p>\n","protected":false},"author":3,"featured_media":0,"parent":9,"menu_order":0,"comment_status":"closed","ping_status":"closed","template":"","meta":{"footnotes":""},"class_list":["post-2017","page","type-page","status-publish","hentry"],"_links":{"self":[{"href":"https:\/\/uniremunicipios.com.ar\/manual\/index.php?rest_route=\/wp\/v2\/pages\/2017","targetHints":{"allow":["GET"]}}],"collection":[{"href":"https:\/\/uniremunicipios.com.ar\/manual\/index.php?rest_route=\/wp\/v2\/pages"}],"about":[{"href":"https:\/\/uniremunicipios.com.ar\/manual\/index.php?rest_route=\/wp\/v2\/types\/page"}],"author":[{"embeddable":true,"href":"https:\/\/uniremunicipios.com.ar\/manual\/index.php?rest_route=\/wp\/v2\/users\/3"}],"replies":[{"embeddable":true,"href":"https:\/\/uniremunicipios.com.ar\/manual\/index.php?rest_route=%2Fwp%2Fv2%2Fcomments&post=2017"}],"version-history":[{"count":7,"href":"https:\/\/uniremunicipios.com.ar\/manual\/index.php?rest_route=\/wp\/v2\/pages\/2017\/revisions"}],"predecessor-version":[{"id":5737,"href":"https:\/\/uniremunicipios.com.ar\/manual\/index.php?rest_route=\/wp\/v2\/pages\/2017\/revisions\/5737"}],"up":[{"embeddable":true,"href":"https:\/\/uniremunicipios.com.ar\/manual\/index.php?rest_route=\/wp\/v2\/pages\/9"}],"wp:attachment":[{"href":"https:\/\/uniremunicipios.com.ar\/manual\/index.php?rest_route=%2Fwp%2Fv2%2Fmedia&parent=2017"}],"curies":[{"name":"wp","href":"https:\/\/api.w.org\/{rel}","templated":true}]}}