{"id":2027,"date":"2020-08-26T08:36:01","date_gmt":"2020-08-26T11:36:01","guid":{"rendered":"http:\/\/uniremunicipios.com.ar\/manual\/?page_id=2027"},"modified":"2024-12-26T09:13:25","modified_gmt":"2024-12-26T12:13:25","slug":"carga-db-factura-o-comprobante-de-un-destinatario-de-pago","status":"publish","type":"page","link":"https:\/\/uniremunicipios.com.ar\/manual\/?page_id=2027","title":{"rendered":"l. Carga DB (Factura o comprobante de un destinatario de pago)"},"content":{"rendered":"<p><iframe loading=\"lazy\" title=\"Proveedores - Tipos de comprobantes de facturaci\u00f3n\" width=\"500\" height=\"281\" src=\"https:\/\/www.youtube.com\/embed\/8kWYpqS4Q8A?feature=oembed\" frameborder=\"0\" allow=\"accelerometer; autoplay; clipboard-write; encrypted-media; gyroscope; picture-in-picture; web-share\" referrerpolicy=\"strict-origin-when-cross-origin\" allowfullscreen><\/iframe><\/p>\n<p>Primero se debe configurar los tipos de comprobantes en:<\/p>\n<p><img loading=\"lazy\" decoding=\"async\" class=\"wp-image-5730 alignnone size-medium\" src=\"http:\/\/uniremunicipios.com.ar\/manual\/wp-content\/uploads\/2024\/12\/image-67.png\" alt=\"\" width=\"300\" height=\"133\" srcset=\"https:\/\/uniremunicipios.com.ar\/manual\/wp-content\/uploads\/2024\/12\/image-67.png 334w, https:\/\/uniremunicipios.com.ar\/manual\/wp-content\/uploads\/2024\/12\/image-67-300x133.png 300w\" sizes=\"auto, (max-width: 300px) 100vw, 300px\" \/><\/p>\n<p><img loading=\"lazy\" decoding=\"async\" class=\"wp-image-5731 alignnone \" src=\"http:\/\/uniremunicipios.com.ar\/manual\/wp-content\/uploads\/2024\/12\/image-68.png\" alt=\"\" width=\"463\" height=\"292\" srcset=\"https:\/\/uniremunicipios.com.ar\/manual\/wp-content\/uploads\/2024\/12\/image-68.png 601w, https:\/\/uniremunicipios.com.ar\/manual\/wp-content\/uploads\/2024\/12\/image-68-300x189.png 300w\" sizes=\"auto, (max-width: 463px) 100vw, 463px\" \/><\/p>\n<p>Luego, en:<\/p>\n<p><img loading=\"lazy\" decoding=\"async\" class=\"wp-image-5732 alignnone \" src=\"http:\/\/uniremunicipios.com.ar\/manual\/wp-content\/uploads\/2024\/12\/image-69.png\" alt=\"\" width=\"313\" height=\"96\" srcset=\"https:\/\/uniremunicipios.com.ar\/manual\/wp-content\/uploads\/2024\/12\/image-69.png 381w, https:\/\/uniremunicipios.com.ar\/manual\/wp-content\/uploads\/2024\/12\/image-69-300x92.png 300w\" sizes=\"auto, (max-width: 313px) 100vw, 313px\" \/><\/p>\n<p><img loading=\"lazy\" decoding=\"async\" class=\"wp-image-5021 alignnone \" src=\"http:\/\/uniremunicipios.com.ar\/manual\/wp-content\/uploads\/2024\/10\/image-107.png\" alt=\"\" width=\"496\" height=\"119\" srcset=\"https:\/\/uniremunicipios.com.ar\/manual\/wp-content\/uploads\/2024\/10\/image-107.png 725w, https:\/\/uniremunicipios.com.ar\/manual\/wp-content\/uploads\/2024\/10\/image-107-300x72.png 300w\" sizes=\"auto, (max-width: 496px) 100vw, 496px\" \/><\/p>\n<p>Presionando <img loading=\"lazy\" decoding=\"async\" class=\"wp-image-5733 alignnone size-medium\" src=\"http:\/\/uniremunicipios.com.ar\/manual\/wp-content\/uploads\/2024\/12\/image-70.png\" alt=\"\" width=\"77\" height=\"44\" \/><\/p>\n<p><img loading=\"lazy\" decoding=\"async\" class=\"wp-image-5734 alignnone \" src=\"http:\/\/uniremunicipios.com.ar\/manual\/wp-content\/uploads\/2024\/12\/image-71.png\" alt=\"\" width=\"487\" height=\"112\" srcset=\"https:\/\/uniremunicipios.com.ar\/manual\/wp-content\/uploads\/2024\/12\/image-71.png 726w, https:\/\/uniremunicipios.com.ar\/manual\/wp-content\/uploads\/2024\/12\/image-71-300x69.png 300w\" sizes=\"auto, (max-width: 487px) 100vw, 487px\" \/><\/p>\n<p>Y luego <img loading=\"lazy\" decoding=\"async\" class=\"wp-image-5735 alignnone size-medium\" src=\"http:\/\/uniremunicipios.com.ar\/manual\/wp-content\/uploads\/2024\/12\/image-72.png\" alt=\"\" width=\"58\" height=\"48\" \/><\/p>\n<p><img loading=\"lazy\" decoding=\"async\" class=\"wp-image-5641 alignnone \" src=\"http:\/\/uniremunicipios.com.ar\/manual\/wp-content\/uploads\/2024\/12\/image-30.png\" alt=\"\" width=\"469\" height=\"369\" srcset=\"https:\/\/uniremunicipios.com.ar\/manual\/wp-content\/uploads\/2024\/12\/image-30.png 816w, https:\/\/uniremunicipios.com.ar\/manual\/wp-content\/uploads\/2024\/12\/image-30-300x236.png 300w, https:\/\/uniremunicipios.com.ar\/manual\/wp-content\/uploads\/2024\/12\/image-30-768x605.png 768w\" sizes=\"auto, (max-width: 469px) 100vw, 469px\" \/><\/p>\n<p>Si el comprobante no tiene n\u00famero, presionando 123.., le asigna un n\u00famero aleatorio<\/p>\n<p>Voy ingresando los \u00edtems<\/p>\n<p><img loading=\"lazy\" decoding=\"async\" class=\"wp-image-5642 alignnone \" src=\"http:\/\/uniremunicipios.com.ar\/manual\/wp-content\/uploads\/2024\/12\/image-31.png\" alt=\"\" width=\"465\" height=\"214\" srcset=\"https:\/\/uniremunicipios.com.ar\/manual\/wp-content\/uploads\/2024\/12\/image-31.png 816w, https:\/\/uniremunicipios.com.ar\/manual\/wp-content\/uploads\/2024\/12\/image-31-300x138.png 300w, https:\/\/uniremunicipios.com.ar\/manual\/wp-content\/uploads\/2024\/12\/image-31-768x353.png 768w\" sizes=\"auto, (max-width: 465px) 100vw, 465px\" \/><\/p>\n<p>En cuotas puedo presionar directamente <img loading=\"lazy\" decoding=\"async\" class=\"wp-image-5030 alignnone size-medium\" src=\"http:\/\/uniremunicipios.com.ar\/manual\/wp-content\/uploads\/2024\/10\/image-110.png\" alt=\"\" width=\"59\" height=\"31\" \/> si es una cuota o <img loading=\"lazy\" decoding=\"async\" class=\"wp-image-5031 alignnone size-medium\" src=\"http:\/\/uniremunicipios.com.ar\/manual\/wp-content\/uploads\/2024\/10\/image-111.png\" alt=\"\" width=\"54\" height=\"29\" \/><\/p>\n<p><img loading=\"lazy\" decoding=\"async\" class=\"wp-image-5032 alignnone \" src=\"http:\/\/uniremunicipios.com.ar\/manual\/wp-content\/uploads\/2024\/10\/image-112.png\" alt=\"\" width=\"354\" height=\"138\" srcset=\"https:\/\/uniremunicipios.com.ar\/manual\/wp-content\/uploads\/2024\/10\/image-112.png 631w, https:\/\/uniremunicipios.com.ar\/manual\/wp-content\/uploads\/2024\/10\/image-112-300x117.png 300w\" sizes=\"auto, (max-width: 354px) 100vw, 354px\" \/><\/p>\n<p class=\"rvps12\"><span class=\"rvts139\">En\u00a0\u00a0<img loading=\"lazy\" decoding=\"async\" class=\"wp-image-5640 alignnone size-medium\" src=\"http:\/\/uniremunicipios.com.ar\/manual\/wp-content\/uploads\/2024\/12\/image-29.png\" alt=\"\" width=\"229\" height=\"32\" \/><\/span><span class=\"rvts139\">\u00a0 el operador agregar\u00e1 un descuento o recargo propio de la factura, sin que participen notas de cr\u00e9dito o d\u00e9bito.<\/span><\/p>\n<p class=\"rvps12\"><span class=\"rvts139\">La particularidad es que puede ser tanto un recargo como un descuento, esto lo determina el signo con el cu\u00e1l definimos el registro.<\/span><\/p>\n<p class=\"rvps12\"><span class=\"rvts139\">Cualquiera sea la \u00edndole del monto se registrar\u00e1 en el asiento respectivo, en el DEBE, sumando o restando, dependiendo si es un ingreso o un egreso.<\/span><\/p>\n<p class=\"rvps12\"><span class=\"rvts139\">Si necesitamos registrar un descuento se debe ingresar el monto con signo POSITIVO. Si lo que se desea es registrar un recargo se debe ingresar en NEGATIVO.<\/span><\/p>\n<p>Al presionar OK me muestra el asiento correspondiente pudiendo, hasta ese momento, cambiar la imputaci\u00f3n de ser necesario<\/p>\n<p><img loading=\"lazy\" decoding=\"async\" class=\"wp-image-5033 alignnone \" src=\"http:\/\/uniremunicipios.com.ar\/manual\/wp-content\/uploads\/2024\/10\/image-113.png\" alt=\"\" width=\"334\" height=\"98\" srcset=\"https:\/\/uniremunicipios.com.ar\/manual\/wp-content\/uploads\/2024\/10\/image-113.png 829w, https:\/\/uniremunicipios.com.ar\/manual\/wp-content\/uploads\/2024\/10\/image-113-300x88.png 300w, https:\/\/uniremunicipios.com.ar\/manual\/wp-content\/uploads\/2024\/10\/image-113-768x225.png 768w\" sizes=\"auto, (max-width: 334px) 100vw, 334px\" \/><\/p>\n<p>Y presionar OK.<\/p>\n<h3>Corregir factura Proveedor<\/h3>\n<p>Men\u00fa: <strong>Contadur\u00eda\/D\u00e9bitos-Cr\u00e9ditos de Proveedores\/D\u00e9bitos-Cr\u00e9ditos Terminados<\/strong><\/p>\n<ul>\n<li>Buscamos la factura a corregir.<\/li>\n<li>El Bot\u00f3n ESTADO estar\u00e1 habilitado si se puede corregir. Si ya pas\u00f3 a otras instancias no se podr\u00e1.<\/li>\n<li>Con el bot\u00f3n estado volvemos la Factura a: Activa (ingreso de d\u00e9bitos)<\/li>\n<li>Luego encontraremos la factura en: Contadur\u00eda\/D\u00e9bitos-cr\u00e9ditos de proveedores\/D\u00e9bitos-Cr\u00e9ditos de Proveedores (Afectaci\u00f3n definitiva)<\/li>\n<li>All\u00ed podremos modificarla.<\/li>\n<\/ul>\n<h3>Anulaci\u00f3n de Pagos<\/h3>\n<p>Men\u00fa: <strong>Contadur\u00eda\/D\u00e9bitos-Cr\u00e9ditos Proveedores\/D\u00e9bitos-Cr\u00e9ditos Terminados<\/strong><\/p>\n<p>Selecciono el pago, presiono <img loading=\"lazy\" decoding=\"async\" class=\"wp-image-5632 alignnone size-medium\" src=\"http:\/\/uniremunicipios.com.ar\/manual\/wp-content\/uploads\/2024\/12\/image-25.png\" alt=\"\" width=\"55\" height=\"49\" \/> y selecciono Anulado.<\/p>\n<p>El sistema deja la cuota o deuda nuevamente en el proceso a pagar de tesorer\u00eda, anulando todo lo realizado anteriormente. Tambi\u00e9n realiza otro asiento opuesto al del pago, con otro n\u00famero, con la fecha actual, y queda grabada la anulaci\u00f3n en <img loading=\"lazy\" decoding=\"async\" class=\"wp-image-5633 alignnone size-medium\" src=\"http:\/\/uniremunicipios.com.ar\/manual\/wp-content\/uploads\/2024\/12\/image-26.png\" alt=\"\" width=\"207\" height=\"28\" \/>. Esto se puede realizar cuando el pago no posee retenciones pagas.<\/p>\n<p>CON RETENCIONES PAGAS: se posiciona sobre <img loading=\"lazy\" decoding=\"async\" class=\"wp-image-5634 alignnone size-medium\" src=\"http:\/\/uniremunicipios.com.ar\/manual\/wp-content\/uploads\/2024\/12\/image-27.png\" alt=\"\" width=\"197\" height=\"27\" \/>\u00a0 , se presiona <img loading=\"lazy\" decoding=\"async\" width=\"64\" height=\"33\" class=\"alignnone wp-image-3145 size-full\" src=\"http:\/\/uniremunicipios.com.ar\/manual\/wp-content\/uploads\/2021\/09\/Pasted-into-anulacion-de-pagos-5.png\" \/> y all\u00ed se puede:<\/p>\n<ol>\n<li>ACTIVAR, lo permite pero no la modificaci\u00f3n de las retenciones.<\/li>\n<li>ANULAR: no lo permite.<\/li>\n<\/ol>\n<p>Para poder anular un pago de proveedor con retenciones pagas hay que anular \u00e9stas o activarlas para que permita modificar el pago.<\/p>\n","protected":false},"excerpt":{"rendered":"<p>Primero se debe configurar los tipos de comprobantes en: Luego, en: Presionando Y luego Si el comprobante no tiene n\u00famero, presionando 123.., le asigna un n\u00famero aleatorio Voy ingresando los \u00edtems En cuotas puedo presionar directamente si es una cuota o En\u00a0\u00a0\u00a0 el operador agregar\u00e1 un descuento o recargo propio de la factura, sin que [&hellip;]<\/p>\n","protected":false},"author":3,"featured_media":0,"parent":9,"menu_order":0,"comment_status":"closed","ping_status":"closed","template":"","meta":{"footnotes":""},"class_list":["post-2027","page","type-page","status-publish","hentry"],"_links":{"self":[{"href":"https:\/\/uniremunicipios.com.ar\/manual\/index.php?rest_route=\/wp\/v2\/pages\/2027","targetHints":{"allow":["GET"]}}],"collection":[{"href":"https:\/\/uniremunicipios.com.ar\/manual\/index.php?rest_route=\/wp\/v2\/pages"}],"about":[{"href":"https:\/\/uniremunicipios.com.ar\/manual\/index.php?rest_route=\/wp\/v2\/types\/page"}],"author":[{"embeddable":true,"href":"https:\/\/uniremunicipios.com.ar\/manual\/index.php?rest_route=\/wp\/v2\/users\/3"}],"replies":[{"embeddable":true,"href":"https:\/\/uniremunicipios.com.ar\/manual\/index.php?rest_route=%2Fwp%2Fv2%2Fcomments&post=2027"}],"version-history":[{"count":17,"href":"https:\/\/uniremunicipios.com.ar\/manual\/index.php?rest_route=\/wp\/v2\/pages\/2027\/revisions"}],"predecessor-version":[{"id":5736,"href":"https:\/\/uniremunicipios.com.ar\/manual\/index.php?rest_route=\/wp\/v2\/pages\/2027\/revisions\/5736"}],"up":[{"embeddable":true,"href":"https:\/\/uniremunicipios.com.ar\/manual\/index.php?rest_route=\/wp\/v2\/pages\/9"}],"wp:attachment":[{"href":"https:\/\/uniremunicipios.com.ar\/manual\/index.php?rest_route=%2Fwp%2Fv2%2Fmedia&parent=2027"}],"curies":[{"name":"wp","href":"https:\/\/api.w.org\/{rel}","templated":true}]}}