{"id":2076,"date":"2020-09-02T13:09:27","date_gmt":"2020-09-02T16:09:27","guid":{"rendered":"http:\/\/uniremunicipios.com.ar\/manual\/?page_id=2076"},"modified":"2025-10-01T14:47:30","modified_gmt":"2025-10-01T17:47:30","slug":"contratos-varios","status":"publish","type":"page","link":"https:\/\/uniremunicipios.com.ar\/manual\/?page_id=2076","title":{"rendered":"Contratos Varios"},"content":{"rendered":"<p>Los contratos no se pueden extender mas all\u00e1 del per\u00edodo fiscal. Es decir, no pueden tener m\u00e1s de 12 cuotas.<\/p>\n<p><img loading=\"lazy\" decoding=\"async\" class=\"wp-image-6154 alignnone size-medium\" src=\"http:\/\/uniremunicipios.com.ar\/manual\/wp-content\/uploads\/2025\/10\/image-2.png\" alt=\"\" width=\"208\" height=\"126\" \/><\/p>\n<p>Aqu\u00ed se pueden definir \u201cN\u201d tipo de contratos.<\/p>\n<p>Luego, para cargar un nuevo contrato:<\/p>\n<p><img loading=\"lazy\" decoding=\"async\" class=\"wp-image-6155 alignnone size-medium\" src=\"http:\/\/uniremunicipios.com.ar\/manual\/wp-content\/uploads\/2025\/10\/image-3.png\" alt=\"\" width=\"207\" height=\"127\" \/><\/p>\n<p>Presionar el bot\u00f3n <img loading=\"lazy\" decoding=\"async\" width=\"42\" height=\"37\" class=\"alignnone wp-image-2078 size-full\" src=\"http:\/\/uniremunicipios.com.ar\/manual\/wp-content\/uploads\/2020\/09\/Pasted-into-Contratos-Varios-1.png\" \/> y\u00a0completar los datos del destinatario. Cabe aclarar que en <img loading=\"lazy\" decoding=\"async\" width=\"150\" height=\"19\" class=\"alignnone wp-image-2079 size-full\" src=\"http:\/\/uniremunicipios.com.ar\/manual\/wp-content\/uploads\/2020\/09\/Pasted-into-Contratos-Varios-2.png\" \/> , se selecciona si se abona en forma manual, o si el pago sale en forma autom\u00e1tica y conjunta a la orden de pago.<\/p>\n<p>Si se selecciona la 2\u00ba forma presionar <img loading=\"lazy\" decoding=\"async\" width=\"35\" height=\"34\" class=\"alignnone wp-image-2080 size-full\" src=\"http:\/\/uniremunicipios.com.ar\/manual\/wp-content\/uploads\/2020\/09\/Pasted-into-Contratos-Varios-3.png\" \/> y registrar con qu\u00e9 medio se le va a pagar al destinatario.<\/p>\n<p>Luego se presiona <img loading=\"lazy\" decoding=\"async\" width=\"38\" height=\"35\" class=\"alignnone wp-image-2081 size-full\" src=\"http:\/\/uniremunicipios.com.ar\/manual\/wp-content\/uploads\/2020\/09\/Pasted-into-Contratos-Varios-4.png\" \/> , donde se registrar\u00e1 la etapa correspondiente (cabe aclarar que puede haber \u201cN\u201d cantidad de etapas).<\/p>\n<p>Presionando el bot\u00f3n\u00a0 <img loading=\"lazy\" decoding=\"async\" width=\"39\" height=\"33\" class=\"alignnone wp-image-2082 size-full\" src=\"http:\/\/uniremunicipios.com.ar\/manual\/wp-content\/uploads\/2020\/09\/Pasted-into-Contratos-Varios-5.png\" \/> \u00a0, se debe optar por <img loading=\"lazy\" decoding=\"async\" width=\"233\" height=\"25\" class=\"alignnone wp-image-2083 size-full\" src=\"http:\/\/uniremunicipios.com.ar\/manual\/wp-content\/uploads\/2020\/09\/Pasted-into-Contratos-Varios-6.png\" \/> . En este momento ha generado las cuotas seleccionadas, as\u00ed como tambi\u00e9n el requerimiento por el total.<\/p>\n<p>Presionando nuevamente <img loading=\"lazy\" decoding=\"async\" width=\"38\" height=\"35\" class=\"alignnone wp-image-2084 size-full\" src=\"http:\/\/uniremunicipios.com.ar\/manual\/wp-content\/uploads\/2020\/09\/Pasted-into-Contratos-Varios-7.png\" \/> , el sistema muestra las cuotas generadas.<\/p>\n<p>Cuando se necesite realizar el pago, debe registrar el n\u00famero de comprobante, el importe y\/o agregar una anotaci\u00f3n; luego, presionar el bot\u00f3n <img loading=\"lazy\" decoding=\"async\" width=\"39\" height=\"33\" class=\"alignnone wp-image-2085 size-full\" src=\"http:\/\/uniremunicipios.com.ar\/manual\/wp-content\/uploads\/2020\/09\/Pasted-into-Contratos-Varios-8.png\" \/>\u00a0 y seleccionar <img loading=\"lazy\" decoding=\"async\" width=\"255\" height=\"30\" class=\"alignnone wp-image-2086 size-full\" src=\"http:\/\/uniremunicipios.com.ar\/manual\/wp-content\/uploads\/2020\/09\/Pasted-into-Contratos-Varios-9.png\" \/> .<\/p>\n<p>Recordar que, si ha tildado PAGO AUTOMATICO, se va a realizar el pago con el medio frecuente seleccionado.<\/p>\n<p>Tambi\u00e9n puede dar de baja una cuota si no la va a abonar, solo cambiando el <img loading=\"lazy\" decoding=\"async\" width=\"39\" height=\"33\" class=\"alignnone wp-image-2087 size-full\" src=\"http:\/\/uniremunicipios.com.ar\/manual\/wp-content\/uploads\/2020\/09\/Pasted-into-Contratos-Varios-10.png\" \/> .<\/p>\n<p>El requerimiento se va ajustando seg\u00fan la composici\u00f3n de las cuotas mensuales.<\/p>\n<p>Recordar que ya se realiza el devengamiento del gasto, realizando la afectaci\u00f3n preventiva. La definitiva se ejecuta cuando se dispara la orden de pago.<\/p>\n","protected":false},"excerpt":{"rendered":"<p>Los contratos no se pueden extender mas all\u00e1 del per\u00edodo fiscal. Es decir, no pueden tener m\u00e1s de 12 cuotas. Aqu\u00ed se pueden definir \u201cN\u201d tipo de contratos. Luego, para cargar un nuevo contrato: Presionar el bot\u00f3n y\u00a0completar los datos del destinatario. Cabe aclarar que en , se selecciona si se abona en forma manual, [&hellip;]<\/p>\n","protected":false},"author":4,"featured_media":0,"parent":465,"menu_order":0,"comment_status":"closed","ping_status":"closed","template":"","meta":{"footnotes":""},"class_list":["post-2076","page","type-page","status-publish","hentry"],"_links":{"self":[{"href":"https:\/\/uniremunicipios.com.ar\/manual\/index.php?rest_route=\/wp\/v2\/pages\/2076","targetHints":{"allow":["GET"]}}],"collection":[{"href":"https:\/\/uniremunicipios.com.ar\/manual\/index.php?rest_route=\/wp\/v2\/pages"}],"about":[{"href":"https:\/\/uniremunicipios.com.ar\/manual\/index.php?rest_route=\/wp\/v2\/types\/page"}],"author":[{"embeddable":true,"href":"https:\/\/uniremunicipios.com.ar\/manual\/index.php?rest_route=\/wp\/v2\/users\/4"}],"replies":[{"embeddable":true,"href":"https:\/\/uniremunicipios.com.ar\/manual\/index.php?rest_route=%2Fwp%2Fv2%2Fcomments&post=2076"}],"version-history":[{"count":3,"href":"https:\/\/uniremunicipios.com.ar\/manual\/index.php?rest_route=\/wp\/v2\/pages\/2076\/revisions"}],"predecessor-version":[{"id":6156,"href":"https:\/\/uniremunicipios.com.ar\/manual\/index.php?rest_route=\/wp\/v2\/pages\/2076\/revisions\/6156"}],"up":[{"embeddable":true,"href":"https:\/\/uniremunicipios.com.ar\/manual\/index.php?rest_route=\/wp\/v2\/pages\/465"}],"wp:attachment":[{"href":"https:\/\/uniremunicipios.com.ar\/manual\/index.php?rest_route=%2Fwp%2Fv2%2Fmedia&parent=2076"}],"curies":[{"name":"wp","href":"https:\/\/api.w.org\/{rel}","templated":true}]}}