{"id":21,"date":"2019-05-15T11:41:38","date_gmt":"2019-05-15T14:41:38","guid":{"rendered":"http:\/\/uniremunicipios.com.ar\/manual\/?page_id=21"},"modified":"2025-08-13T14:35:43","modified_gmt":"2025-08-13T17:35:43","slug":"asientos-contables","status":"publish","type":"page","link":"https:\/\/uniremunicipios.com.ar\/manual\/?page_id=21","title":{"rendered":"Asientos contables"},"content":{"rendered":"<h3 class=\"rvps4\"><span class=\"rvts109\">GENERALIDADES<\/span><\/h3>\n<p class=\"rvps2\"><span class=\"rvts99\">Existen 2 tipos de asientos que conforman la contabilidad:<\/span><\/p>\n<ol>\n<li>\n<h4>ASIENTOS AUTOM\u00c1TICOS:<\/h4>\n<\/li>\n<\/ol>\n<ul>\n<li>Con gesti\u00f3n administrativa previa (proveedores, dep\u00f3sitos bancarios, caja)<\/li>\n<li><span class=\"rvts68\">Se generan a trav\u00e9s de procesos contables. Por ejemplo los asientos de Apertura y cierre del ejercicio, de regularizaci\u00f3n (cierra p\u00e9rdida y ganancias), etc.<\/span><\/li>\n<\/ul>\n<h4>\u00a0 \u00a0 \u00a0 \u00a02. ASIENTOS MANUALES:<\/h4>\n<ul>\n<li class=\"rvps30\"><span class=\"rvts68\">Son los que se hacen a mano, por la imposibilidad de realizarlos en forma autom\u00e1tica. Por ejemplo, el registro del cr\u00e9dito percibido, coparticipaci\u00f3n, etc.\u00a0<\/span><\/li>\n<\/ul>\n<h3 class=\"rvps12\"><span class=\"rvts97\">Seguridad en la modificaci\u00f3n de los asientos<\/span><\/h3>\n<p class=\"rvps12\"><span class=\"rvts68\">Los asientos autom\u00e1ticos, <\/span><span class=\"rvts69\">con gesti\u00f3n administrativa previa<\/span><span class=\"rvts68\">, se modifican a trav\u00e9s del comprobante que los gener\u00f3 o desde la contabilidad general, pudiendo realizarlo s\u00f3lo sobre los registros activos, y por consiguiente las imputaciones se cambian por configuraci\u00f3n del asiento.<\/span><\/p>\n<p class=\"rvps2\"><span class=\"rvts68\">Aquellos <\/span><span class=\"rvts69\">de apertura y cierre<\/span><span class=\"rvts68\">, no se pueden ajustar, s\u00f3lo regenerar a trav\u00e9s del proceso que les dio origen.<\/span><\/p>\n<p class=\"rvps2\"><span class=\"rvts68\">Los asientos manuales se pueden modificar desde la contabilidad.<\/span><\/p>\n<h3 class=\"rvps2\"><span class=\"rvts68\">\u00a0<\/span><span class=\"rvts97\">Asiento activos a terminados<\/span><\/h3>\n<p class=\"rvps2\"><span class=\"rvts68\">Se emiten los asientos procesados en un d\u00eda, si se aceptan como v\u00e1lidos,\u00a0 o una vez corregidos, se marcan como terminados. A partir de esta marca no se pueden modificar.<\/span><\/p>\n<h3 class=\"rvps2\"><span class=\"rvts97\">Conciliaci\u00f3n de imputaciones<\/span><\/h3>\n<p class=\"rvps2\"><span class=\"rvts68\">Los sectores del Municipio generan asientos contables autom\u00e1ticos. Es necesario que se controlen por inconvenientes que puedan surgir en la carga de los datos (ejemplo: desfasaje en una cuenta). Una vez verificado y corregido los errores (Contadur\u00eda puede cambiar la cuenta imputada, o ingresar asientos en forma manual), UNIRE controla la conciliaci\u00f3n de asientos para emitir un balance u otros reportes, brindado la seguridad de informaci\u00f3n exacta.<\/span><\/p>\n","protected":false},"excerpt":{"rendered":"<p>GENERALIDADES Existen 2 tipos de asientos que conforman la contabilidad: ASIENTOS AUTOM\u00c1TICOS: Con gesti\u00f3n administrativa previa (proveedores, dep\u00f3sitos bancarios, caja) Se generan a trav\u00e9s de procesos contables. Por ejemplo los asientos de Apertura y cierre del ejercicio, de regularizaci\u00f3n (cierra p\u00e9rdida y ganancias), etc. \u00a0 \u00a0 \u00a0 \u00a02. ASIENTOS MANUALES: Son los que se hacen [&hellip;]<\/p>\n","protected":false},"author":1,"featured_media":0,"parent":19,"menu_order":0,"comment_status":"closed","ping_status":"closed","template":"","meta":{"footnotes":""},"class_list":["post-21","page","type-page","status-publish","hentry"],"_links":{"self":[{"href":"https:\/\/uniremunicipios.com.ar\/manual\/index.php?rest_route=\/wp\/v2\/pages\/21","targetHints":{"allow":["GET"]}}],"collection":[{"href":"https:\/\/uniremunicipios.com.ar\/manual\/index.php?rest_route=\/wp\/v2\/pages"}],"about":[{"href":"https:\/\/uniremunicipios.com.ar\/manual\/index.php?rest_route=\/wp\/v2\/types\/page"}],"author":[{"embeddable":true,"href":"https:\/\/uniremunicipios.com.ar\/manual\/index.php?rest_route=\/wp\/v2\/users\/1"}],"replies":[{"embeddable":true,"href":"https:\/\/uniremunicipios.com.ar\/manual\/index.php?rest_route=%2Fwp%2Fv2%2Fcomments&post=21"}],"version-history":[{"count":5,"href":"https:\/\/uniremunicipios.com.ar\/manual\/index.php?rest_route=\/wp\/v2\/pages\/21\/revisions"}],"predecessor-version":[{"id":6119,"href":"https:\/\/uniremunicipios.com.ar\/manual\/index.php?rest_route=\/wp\/v2\/pages\/21\/revisions\/6119"}],"up":[{"embeddable":true,"href":"https:\/\/uniremunicipios.com.ar\/manual\/index.php?rest_route=\/wp\/v2\/pages\/19"}],"wp:attachment":[{"href":"https:\/\/uniremunicipios.com.ar\/manual\/index.php?rest_route=%2Fwp%2Fv2%2Fmedia&parent=21"}],"curies":[{"name":"wp","href":"https:\/\/api.w.org\/{rel}","templated":true}]}}