{"id":2131,"date":"2020-09-09T09:33:53","date_gmt":"2020-09-09T12:33:53","guid":{"rendered":"http:\/\/uniremunicipios.com.ar\/manual\/?page_id=2131"},"modified":"2023-05-16T10:09:33","modified_gmt":"2023-05-16T13:09:33","slug":"ayuda-web-rectificativa-impaga-mensual-comercio","status":"publish","type":"page","link":"https:\/\/uniremunicipios.com.ar\/manual\/?page_id=2131","title":{"rendered":"AYUDA WEB-RECTIFICATIVA IMPAGA MENSUAL-COMERCIO"},"content":{"rendered":"<p>Si no has abonado una liquidaci\u00f3n desde aqu\u00ed la puedes rectificar.<\/p>\n<p>Si \u00fanicamente quieres reimprimir el original presentado,NO NECESITAS RECTIFICAR, debes ir a reimpresi\u00f3n de recibos y hacerlo desde ah\u00ed.<\/p>\n<p>&nbsp;<\/p>\n","protected":false},"excerpt":{"rendered":"<p>Si no has abonado una liquidaci\u00f3n desde aqu\u00ed la puedes rectificar. Si \u00fanicamente quieres reimprimir el original presentado,NO NECESITAS RECTIFICAR, debes ir a reimpresi\u00f3n de recibos y hacerlo desde ah\u00ed. &nbsp;<\/p>\n","protected":false},"author":3,"featured_media":0,"parent":4085,"menu_order":0,"comment_status":"closed","ping_status":"closed","template":"","meta":{"footnotes":""},"class_list":["post-2131","page","type-page","status-publish","hentry"],"_links":{"self":[{"href":"https:\/\/uniremunicipios.com.ar\/manual\/index.php?rest_route=\/wp\/v2\/pages\/2131","targetHints":{"allow":["GET"]}}],"collection":[{"href":"https:\/\/uniremunicipios.com.ar\/manual\/index.php?rest_route=\/wp\/v2\/pages"}],"about":[{"href":"https:\/\/uniremunicipios.com.ar\/manual\/index.php?rest_route=\/wp\/v2\/types\/page"}],"author":[{"embeddable":true,"href":"https:\/\/uniremunicipios.com.ar\/manual\/index.php?rest_route=\/wp\/v2\/users\/3"}],"replies":[{"embeddable":true,"href":"https:\/\/uniremunicipios.com.ar\/manual\/index.php?rest_route=%2Fwp%2Fv2%2Fcomments&post=2131"}],"version-history":[{"count":3,"href":"https:\/\/uniremunicipios.com.ar\/manual\/index.php?rest_route=\/wp\/v2\/pages\/2131\/revisions"}],"predecessor-version":[{"id":2134,"href":"https:\/\/uniremunicipios.com.ar\/manual\/index.php?rest_route=\/wp\/v2\/pages\/2131\/revisions\/2134"}],"up":[{"embeddable":true,"href":"https:\/\/uniremunicipios.com.ar\/manual\/index.php?rest_route=\/wp\/v2\/pages\/4085"}],"wp:attachment":[{"href":"https:\/\/uniremunicipios.com.ar\/manual\/index.php?rest_route=%2Fwp%2Fv2%2Fmedia&parent=2131"}],"curies":[{"name":"wp","href":"https:\/\/api.w.org\/{rel}","templated":true}]}}