{"id":2135,"date":"2020-09-09T09:41:12","date_gmt":"2020-09-09T12:41:12","guid":{"rendered":"http:\/\/uniremunicipios.com.ar\/manual\/?page_id=2135"},"modified":"2023-05-16T09:58:33","modified_gmt":"2023-05-16T12:58:33","slug":"ayuda-web-declaracion-jurada-anual-comercio","status":"publish","type":"page","link":"https:\/\/uniremunicipios.com.ar\/manual\/?page_id=2135","title":{"rendered":"AYUDA WEB-DECLARACION JURADA ANUAL-COMERCIO"},"content":{"rendered":"<p>Desde aqu\u00ed genero un reporte completando las liquidaciones mensuales presentadas al Municipio, para que este realice el control correspondiente. El Municipio informar\u00e1 el vencimiento de la presentaci\u00f3n una vez cerrado el a\u00f1o.<\/p>\n<p><strong>DECLARACI\u00d3N JURADA ANUAL<\/strong><\/p>\n<p>Tener en cuenta al cargar los datos de <u>no se debe usar separador de miles<\/u>.<\/p>\n<p>Solamente digitar los importes con el siguiente formato:<\/p>\n<p><strong>12179,18<\/strong><\/p>\n<p>Sino dar\u00e1 error y no saldr\u00e1 la declaraci\u00f3n jurada.<\/p>\n","protected":false},"excerpt":{"rendered":"<p>Desde aqu\u00ed genero un reporte completando las liquidaciones mensuales presentadas al Municipio, para que este realice el control correspondiente. El Municipio informar\u00e1 el vencimiento de la presentaci\u00f3n una vez cerrado el a\u00f1o. DECLARACI\u00d3N JURADA ANUAL Tener en cuenta al cargar los datos de no se debe usar separador de miles. Solamente digitar los importes con [&hellip;]<\/p>\n","protected":false},"author":3,"featured_media":0,"parent":4085,"menu_order":0,"comment_status":"closed","ping_status":"closed","template":"","meta":{"footnotes":""},"class_list":["post-2135","page","type-page","status-publish","hentry"],"_links":{"self":[{"href":"https:\/\/uniremunicipios.com.ar\/manual\/index.php?rest_route=\/wp\/v2\/pages\/2135","targetHints":{"allow":["GET"]}}],"collection":[{"href":"https:\/\/uniremunicipios.com.ar\/manual\/index.php?rest_route=\/wp\/v2\/pages"}],"about":[{"href":"https:\/\/uniremunicipios.com.ar\/manual\/index.php?rest_route=\/wp\/v2\/types\/page"}],"author":[{"embeddable":true,"href":"https:\/\/uniremunicipios.com.ar\/manual\/index.php?rest_route=\/wp\/v2\/users\/3"}],"replies":[{"embeddable":true,"href":"https:\/\/uniremunicipios.com.ar\/manual\/index.php?rest_route=%2Fwp%2Fv2%2Fcomments&post=2135"}],"version-history":[{"count":3,"href":"https:\/\/uniremunicipios.com.ar\/manual\/index.php?rest_route=\/wp\/v2\/pages\/2135\/revisions"}],"predecessor-version":[{"id":3604,"href":"https:\/\/uniremunicipios.com.ar\/manual\/index.php?rest_route=\/wp\/v2\/pages\/2135\/revisions\/3604"}],"up":[{"embeddable":true,"href":"https:\/\/uniremunicipios.com.ar\/manual\/index.php?rest_route=\/wp\/v2\/pages\/4085"}],"wp:attachment":[{"href":"https:\/\/uniremunicipios.com.ar\/manual\/index.php?rest_route=%2Fwp%2Fv2%2Fmedia&parent=2135"}],"curies":[{"name":"wp","href":"https:\/\/api.w.org\/{rel}","templated":true}]}}