{"id":2169,"date":"2020-09-09T16:39:34","date_gmt":"2020-09-09T19:39:34","guid":{"rendered":"http:\/\/uniremunicipios.com.ar\/manual\/?page_id=2169"},"modified":"2023-05-16T10:03:19","modified_gmt":"2023-05-16T13:03:19","slug":"ayuda-web-inmueb-cementerio","status":"publish","type":"page","link":"https:\/\/uniremunicipios.com.ar\/manual\/?page_id=2169","title":{"rendered":"AYUDA WEB-INMUEB CEMENTERIO"},"content":{"rendered":"<p>Con el n\u00famero de padr\u00f3n(partida) o CUIM tendr\u00e9 acceso a las tasas de cementerio<\/p>\n","protected":false},"excerpt":{"rendered":"<p>Con el n\u00famero de padr\u00f3n(partida) o CUIM tendr\u00e9 acceso a las tasas de cementerio<\/p>\n","protected":false},"author":3,"featured_media":0,"parent":4085,"menu_order":0,"comment_status":"closed","ping_status":"closed","template":"","meta":{"footnotes":""},"class_list":["post-2169","page","type-page","status-publish","hentry"],"_links":{"self":[{"href":"https:\/\/uniremunicipios.com.ar\/manual\/index.php?rest_route=\/wp\/v2\/pages\/2169","targetHints":{"allow":["GET"]}}],"collection":[{"href":"https:\/\/uniremunicipios.com.ar\/manual\/index.php?rest_route=\/wp\/v2\/pages"}],"about":[{"href":"https:\/\/uniremunicipios.com.ar\/manual\/index.php?rest_route=\/wp\/v2\/types\/page"}],"author":[{"embeddable":true,"href":"https:\/\/uniremunicipios.com.ar\/manual\/index.php?rest_route=\/wp\/v2\/users\/3"}],"replies":[{"embeddable":true,"href":"https:\/\/uniremunicipios.com.ar\/manual\/index.php?rest_route=%2Fwp%2Fv2%2Fcomments&post=2169"}],"version-history":[{"count":1,"href":"https:\/\/uniremunicipios.com.ar\/manual\/index.php?rest_route=\/wp\/v2\/pages\/2169\/revisions"}],"predecessor-version":[{"id":2170,"href":"https:\/\/uniremunicipios.com.ar\/manual\/index.php?rest_route=\/wp\/v2\/pages\/2169\/revisions\/2170"}],"up":[{"embeddable":true,"href":"https:\/\/uniremunicipios.com.ar\/manual\/index.php?rest_route=\/wp\/v2\/pages\/4085"}],"wp:attachment":[{"href":"https:\/\/uniremunicipios.com.ar\/manual\/index.php?rest_route=%2Fwp%2Fv2%2Fmedia&parent=2169"}],"curies":[{"name":"wp","href":"https:\/\/api.w.org\/{rel}","templated":true}]}}