{"id":2293,"date":"2020-09-30T17:50:02","date_gmt":"2020-09-30T20:50:02","guid":{"rendered":"http:\/\/uniremunicipios.com.ar\/manual\/?page_id=2293"},"modified":"2024-10-29T14:23:41","modified_gmt":"2024-10-29T17:23:41","slug":"aumentos-de-recibos-por-porcentaje","status":"publish","type":"page","link":"https:\/\/uniremunicipios.com.ar\/manual\/?page_id=2293","title":{"rendered":"Aumentos de recibos por porcentaje"},"content":{"rendered":"<p><span style=\"color: #000000;\">La f\u00f3rmula para obtener el % es:<\/span><\/p>\n<ul>\n<li><span style=\"color: #800080;\">( (Valor Nuevo \/ Valor viejo) \u2013 1 ) * 100<\/span><\/li>\n<li><span style=\"color: #000000;\">Ejemplo: (( 60 \/ 55) -1 ) * 100 = \u00a09.09<\/span><\/li>\n<\/ul>\n<p><span style=\"color: #000000;\"><strong>M\u00f3dulo:<\/strong> <strong>Unire Impuesto General<\/strong><\/span><\/p>\n<p><span style=\"color: #000000;\"><strong>Men\u00fa:<\/strong> <strong>Otras Funciones\/Aumentos de recibos \/ Aumentos en procesos<\/strong><\/span><\/p>\n<ul>\n<li><span style=\"color: #000000;\">Click en Agregar<\/span><\/li>\n<li><span style=\"color: #000000;\">Elegimos por porcentaje<\/span><\/li>\n<li><span style=\"color: #000000;\">Elegimos el tributo: Tasa General Rural (para este ejemplo)<\/span><\/li>\n<\/ul>\n<p><img loading=\"lazy\" decoding=\"async\" width=\"566\" height=\"321\" class=\"alignnone wp-image-2294 size-full\" src=\"http:\/\/uniremunicipios.com.ar\/manual\/wp-content\/uploads\/2020\/09\/Pasted-into-Aumentos-recibos-por-porcentaje.png\" srcset=\"https:\/\/uniremunicipios.com.ar\/manual\/wp-content\/uploads\/2020\/09\/Pasted-into-Aumentos-recibos-por-porcentaje.png 566w, https:\/\/uniremunicipios.com.ar\/manual\/wp-content\/uploads\/2020\/09\/Pasted-into-Aumentos-recibos-por-porcentaje-300x170.png 300w\" sizes=\"auto, (max-width: 566px) 100vw, 566px\" \/><\/p>\n<ul>\n<li><span style=\"color: #000000;\">Completamos descripci\u00f3n y desde\/hasta qu\u00e9 fechas ser\u00e1n consideradas.<\/span><\/li>\n<li><span style=\"color: #000000;\">Vamos a la pesta\u00f1a cargos y con el bot\u00f3n ingresa elegimos por ejemplo: TASA X HECTAREA, que ser\u00eda el cargo que queremos aumentar.<\/span><\/li>\n<\/ul>\n<p><img loading=\"lazy\" decoding=\"async\" width=\"567\" height=\"321\" class=\"alignnone wp-image-2295 size-full\" src=\"http:\/\/uniremunicipios.com.ar\/manual\/wp-content\/uploads\/2020\/09\/Pasted-into-Aumentos-recibos-por-porcentaje-1.png\" srcset=\"https:\/\/uniremunicipios.com.ar\/manual\/wp-content\/uploads\/2020\/09\/Pasted-into-Aumentos-recibos-por-porcentaje-1.png 567w, https:\/\/uniremunicipios.com.ar\/manual\/wp-content\/uploads\/2020\/09\/Pasted-into-Aumentos-recibos-por-porcentaje-1-300x170.png 300w\" sizes=\"auto, (max-width: 567px) 100vw, 567px\" \/><\/p>\n<ul>\n<li><span style=\"color: #000000;\">Ingresamos el porcentaje de aumento. Click en OK<\/span><\/li>\n<li><span style=\"color: #000000;\">Y click en OK para finalizar.<\/span><\/li>\n<\/ul>\n<p><span style=\"color: #000000;\">Luego clic en el bot\u00f3n ESTADO.\u00a0 Esto nos muestra 2 opciones:<\/span><\/p>\n<ul>\n<li><span style=\"color: #000000;\"><em><strong>Genera aumento de recibos:<\/strong><\/em> Genera, pero todav\u00eda no estar\u00e1 vigente el aumento. Luego haciendo click en el bot\u00f3n de recibos, nos mostrar\u00e1 c\u00f3mo quedar\u00e1n los recibos despu\u00e9s del aumento. Si todo est\u00e1 correcto, podremos presionar nuevamente el bot\u00f3n ESTADO y elegir TERMINADO (hace efectivo el aumento) o, por el contrario hay algo que corregir, elegimos Activa el Lote con lo cual podremos modificar nuevamente el porcentaje y volver a calcular como lo hicimos anteriormente.<\/span><\/li>\n<li><em><span style=\"color: #000000;\"><strong>Anula-Borra lote de aumento<\/strong><\/span><\/em><\/li>\n<\/ul>\n<p>&nbsp;<\/p>\n<p>En caso de Obras, donde hay convenios, hay que pasar el id a los convenios.<\/p>\n<p><img loading=\"lazy\" decoding=\"async\" class=\"alignnone wp-image-4010 \" src=\"http:\/\/uniremunicipios.com.ar\/manual\/wp-content\/uploads\/2022\/11\/Pasted-into-Aumentos-de-recibos-por-porcentaje.png\" width=\"343\" height=\"236\" srcset=\"https:\/\/uniremunicipios.com.ar\/manual\/wp-content\/uploads\/2022\/11\/Pasted-into-Aumentos-de-recibos-por-porcentaje.png 433w, https:\/\/uniremunicipios.com.ar\/manual\/wp-content\/uploads\/2022\/11\/Pasted-into-Aumentos-de-recibos-por-porcentaje-300x206.png 300w\" sizes=\"auto, (max-width: 343px) 100vw, 343px\" \/><\/p>\n<p><img loading=\"lazy\" decoding=\"async\" class=\"alignnone wp-image-4011 \" src=\"http:\/\/uniremunicipios.com.ar\/manual\/wp-content\/uploads\/2022\/11\/Pasted-into-Aumentos-de-recibos-por-porcentaje-1.png\" width=\"338\" height=\"134\" srcset=\"https:\/\/uniremunicipios.com.ar\/manual\/wp-content\/uploads\/2022\/11\/Pasted-into-Aumentos-de-recibos-por-porcentaje-1.png 411w, https:\/\/uniremunicipios.com.ar\/manual\/wp-content\/uploads\/2022\/11\/Pasted-into-Aumentos-de-recibos-por-porcentaje-1-300x119.png 300w\" sizes=\"auto, (max-width: 338px) 100vw, 338px\" \/><\/p>\n<p><img loading=\"lazy\" decoding=\"async\" class=\"alignnone wp-image-4012 \" src=\"http:\/\/uniremunicipios.com.ar\/manual\/wp-content\/uploads\/2022\/11\/Pasted-into-Aumentos-de-recibos-por-porcentaje-2.png\" width=\"328\" height=\"313\" srcset=\"https:\/\/uniremunicipios.com.ar\/manual\/wp-content\/uploads\/2022\/11\/Pasted-into-Aumentos-de-recibos-por-porcentaje-2.png 471w, https:\/\/uniremunicipios.com.ar\/manual\/wp-content\/uploads\/2022\/11\/Pasted-into-Aumentos-de-recibos-por-porcentaje-2-300x287.png 300w\" sizes=\"auto, (max-width: 328px) 100vw, 328px\" \/><\/p>\n<p>De esa manera, las cuotas de los convenios van a sufrir el aumento de recibo por %<\/p>\n","protected":false},"excerpt":{"rendered":"<p>La f\u00f3rmula para obtener el % es: ( (Valor Nuevo \/ Valor viejo) \u2013 1 ) * 100 Ejemplo: (( 60 \/ 55) -1 ) * 100 = \u00a09.09 M\u00f3dulo: Unire Impuesto General Men\u00fa: Otras Funciones\/Aumentos de recibos \/ Aumentos en procesos Click en Agregar Elegimos por porcentaje Elegimos el tributo: Tasa General Rural (para [&hellip;]<\/p>\n","protected":false},"author":2,"featured_media":0,"parent":515,"menu_order":0,"comment_status":"closed","ping_status":"closed","template":"","meta":{"footnotes":""},"class_list":["post-2293","page","type-page","status-publish","hentry"],"_links":{"self":[{"href":"https:\/\/uniremunicipios.com.ar\/manual\/index.php?rest_route=\/wp\/v2\/pages\/2293","targetHints":{"allow":["GET"]}}],"collection":[{"href":"https:\/\/uniremunicipios.com.ar\/manual\/index.php?rest_route=\/wp\/v2\/pages"}],"about":[{"href":"https:\/\/uniremunicipios.com.ar\/manual\/index.php?rest_route=\/wp\/v2\/types\/page"}],"author":[{"embeddable":true,"href":"https:\/\/uniremunicipios.com.ar\/manual\/index.php?rest_route=\/wp\/v2\/users\/2"}],"replies":[{"embeddable":true,"href":"https:\/\/uniremunicipios.com.ar\/manual\/index.php?rest_route=%2Fwp%2Fv2%2Fcomments&post=2293"}],"version-history":[{"count":5,"href":"https:\/\/uniremunicipios.com.ar\/manual\/index.php?rest_route=\/wp\/v2\/pages\/2293\/revisions"}],"predecessor-version":[{"id":5188,"href":"https:\/\/uniremunicipios.com.ar\/manual\/index.php?rest_route=\/wp\/v2\/pages\/2293\/revisions\/5188"}],"up":[{"embeddable":true,"href":"https:\/\/uniremunicipios.com.ar\/manual\/index.php?rest_route=\/wp\/v2\/pages\/515"}],"wp:attachment":[{"href":"https:\/\/uniremunicipios.com.ar\/manual\/index.php?rest_route=%2Fwp%2Fv2%2Fmedia&parent=2293"}],"curies":[{"name":"wp","href":"https:\/\/api.w.org\/{rel}","templated":true}]}}