{"id":2297,"date":"2020-10-05T10:32:09","date_gmt":"2020-10-05T13:32:09","guid":{"rendered":"http:\/\/uniremunicipios.com.ar\/manual\/?page_id=2297"},"modified":"2024-10-29T13:57:48","modified_gmt":"2024-10-29T16:57:48","slug":"aumento-de-recibos-a-ultimo-valor-liquidado","status":"publish","type":"page","link":"https:\/\/uniremunicipios.com.ar\/manual\/?page_id=2297","title":{"rendered":"Aumento de recibos a ultimo valor liquidado"},"content":{"rendered":"<p>Modulo: <strong>UNIRE impuesto general<\/strong><\/p>\n<p>Men\u00fa: <strong>Otras funciones\/Aumentos de recibos\/Aumentos en proceso<\/strong><\/p>\n<p>&nbsp;<\/p>\n<p><img loading=\"lazy\" decoding=\"async\" class=\"wp-image-4633 alignnone \" src=\"http:\/\/uniremunicipios.com.ar\/manual\/wp-content\/uploads\/2024\/09\/image-54.png\" alt=\"\" width=\"528\" height=\"118\" srcset=\"https:\/\/uniremunicipios.com.ar\/manual\/wp-content\/uploads\/2024\/09\/image-54.png 690w, https:\/\/uniremunicipios.com.ar\/manual\/wp-content\/uploads\/2024\/09\/image-54-300x67.png 300w\" sizes=\"auto, (max-width: 528px) 100vw, 528px\" \/><\/p>\n<ul>\n<li>Click en Agregar<\/li>\n<li>Elegir: Por recibo per\u00edodo , ELEGIMOS EL TRIBUTO, (aqu\u00ed debemos elegir el \u00faltimo mes liquidado)<img loading=\"lazy\" decoding=\"async\" class=\"wp-image-4634 alignnone \" src=\"http:\/\/uniremunicipios.com.ar\/manual\/wp-content\/uploads\/2024\/09\/image-55.png\" alt=\"\" width=\"478\" height=\"197\" srcset=\"https:\/\/uniremunicipios.com.ar\/manual\/wp-content\/uploads\/2024\/09\/image-55.png 718w, https:\/\/uniremunicipios.com.ar\/manual\/wp-content\/uploads\/2024\/09\/image-55-300x123.png 300w\" sizes=\"auto, (max-width: 478px) 100vw, 478px\" \/><img loading=\"lazy\" decoding=\"async\" class=\"wp-image-4635 alignnone \" src=\"http:\/\/uniremunicipios.com.ar\/manual\/wp-content\/uploads\/2024\/09\/image-56.png\" alt=\"\" width=\"455\" height=\"135\" srcset=\"https:\/\/uniremunicipios.com.ar\/manual\/wp-content\/uploads\/2024\/09\/image-56.png 522w, https:\/\/uniremunicipios.com.ar\/manual\/wp-content\/uploads\/2024\/09\/image-56-300x89.png 300w\" sizes=\"auto, (max-width: 455px) 100vw, 455px\" \/>\u00a0 \u00a0<img loading=\"lazy\" decoding=\"async\" class=\"wp-image-4636 alignnone size-medium\" src=\"http:\/\/uniremunicipios.com.ar\/manual\/wp-content\/uploads\/2024\/09\/image-57.png\" alt=\"\" width=\"300\" height=\"146\" srcset=\"https:\/\/uniremunicipios.com.ar\/manual\/wp-content\/uploads\/2024\/09\/image-57.png 524w, https:\/\/uniremunicipios.com.ar\/manual\/wp-content\/uploads\/2024\/09\/image-57-300x146.png 300w\" sizes=\"auto, (max-width: 300px) 100vw, 300px\" \/><\/li>\n<\/ul>\n<p>&nbsp;<\/p>\n<ul>\n<li>En la siguiente pantalla escribir la descripci\u00f3n y desde\/hasta que fechas se tendr\u00e1n en cuenta los recibos a aumentar.<\/li>\n<\/ul>\n<p><img loading=\"lazy\" decoding=\"async\" class=\"wp-image-4638 alignnone \" src=\"http:\/\/uniremunicipios.com.ar\/manual\/wp-content\/uploads\/2024\/09\/image-59.png\" alt=\"\" width=\"412\" height=\"236\" srcset=\"https:\/\/uniremunicipios.com.ar\/manual\/wp-content\/uploads\/2024\/09\/image-59.png 651w, https:\/\/uniremunicipios.com.ar\/manual\/wp-content\/uploads\/2024\/09\/image-59-300x172.png 300w\" sizes=\"auto, (max-width: 412px) 100vw, 412px\" \/><\/p>\n<ul>\n<li>Luego click en ESTADO, y elegimos Genera aumento de recibos y OK. Este proceso solo realiza una demostraci\u00f3n de c\u00f3mo afectar\u00e1 el aumento en los recibos, y lo podremos visualizar con el bot\u00f3n RECIBOS.<img loading=\"lazy\" decoding=\"async\" class=\"wp-image-4639 alignnone \" src=\"http:\/\/uniremunicipios.com.ar\/manual\/wp-content\/uploads\/2024\/09\/image-60.png\" alt=\"\" width=\"609\" height=\"270\" srcset=\"https:\/\/uniremunicipios.com.ar\/manual\/wp-content\/uploads\/2024\/09\/image-60.png 849w, https:\/\/uniremunicipios.com.ar\/manual\/wp-content\/uploads\/2024\/09\/image-60-300x133.png 300w, https:\/\/uniremunicipios.com.ar\/manual\/wp-content\/uploads\/2024\/09\/image-60-768x339.png 768w\" sizes=\"auto, (max-width: 609px) 100vw, 609px\" \/><\/li>\n<li>Si estamos de acuerdo con los resultados podemos hacer efectivo el aumento haciendo click nuevamente en el bot\u00f3n ESTADO y eligiendo Terminado (hace efectivo el aumento)<\/li>\n<li>Si por el contrario,\u00a0 no queremos aplicar el aumento, elegimos Activa el lote.<\/li>\n<\/ul>\n<p>&nbsp;<\/p>\n","protected":false},"excerpt":{"rendered":"<p>Modulo: UNIRE impuesto general Men\u00fa: Otras funciones\/Aumentos de recibos\/Aumentos en proceso &nbsp; Click en Agregar Elegir: Por recibo per\u00edodo , ELEGIMOS EL TRIBUTO, (aqu\u00ed debemos elegir el \u00faltimo mes liquidado)\u00a0 \u00a0 &nbsp; En la siguiente pantalla escribir la descripci\u00f3n y desde\/hasta que fechas se tendr\u00e1n en cuenta los recibos a aumentar. Luego click en ESTADO, [&hellip;]<\/p>\n","protected":false},"author":2,"featured_media":0,"parent":515,"menu_order":0,"comment_status":"closed","ping_status":"closed","template":"","meta":{"footnotes":""},"class_list":["post-2297","page","type-page","status-publish","hentry"],"_links":{"self":[{"href":"https:\/\/uniremunicipios.com.ar\/manual\/index.php?rest_route=\/wp\/v2\/pages\/2297","targetHints":{"allow":["GET"]}}],"collection":[{"href":"https:\/\/uniremunicipios.com.ar\/manual\/index.php?rest_route=\/wp\/v2\/pages"}],"about":[{"href":"https:\/\/uniremunicipios.com.ar\/manual\/index.php?rest_route=\/wp\/v2\/types\/page"}],"author":[{"embeddable":true,"href":"https:\/\/uniremunicipios.com.ar\/manual\/index.php?rest_route=\/wp\/v2\/users\/2"}],"replies":[{"embeddable":true,"href":"https:\/\/uniremunicipios.com.ar\/manual\/index.php?rest_route=%2Fwp%2Fv2%2Fcomments&post=2297"}],"version-history":[{"count":6,"href":"https:\/\/uniremunicipios.com.ar\/manual\/index.php?rest_route=\/wp\/v2\/pages\/2297\/revisions"}],"predecessor-version":[{"id":5186,"href":"https:\/\/uniremunicipios.com.ar\/manual\/index.php?rest_route=\/wp\/v2\/pages\/2297\/revisions\/5186"}],"up":[{"embeddable":true,"href":"https:\/\/uniremunicipios.com.ar\/manual\/index.php?rest_route=\/wp\/v2\/pages\/515"}],"wp:attachment":[{"href":"https:\/\/uniremunicipios.com.ar\/manual\/index.php?rest_route=%2Fwp%2Fv2%2Fmedia&parent=2297"}],"curies":[{"name":"wp","href":"https:\/\/api.w.org\/{rel}","templated":true}]}}