{"id":2312,"date":"2020-10-22T14:05:20","date_gmt":"2020-10-22T17:05:20","guid":{"rendered":"http:\/\/uniremunicipios.com.ar\/manual\/?page_id=2312"},"modified":"2025-06-10T12:13:19","modified_gmt":"2025-06-10T15:13:19","slug":"alta-anticipos-masivos-de-sueldo-a-traves-de-un-archivo-csv","status":"publish","type":"page","link":"https:\/\/uniremunicipios.com.ar\/manual\/?page_id=2312","title":{"rendered":"Alta anticipos masivos de sueldo a trav\u00e9s de un archivo CSV"},"content":{"rendered":"<p>Recordamos\u00a0 que podemos cargar anticipos en forma individual, con un requerimiento a nombre del empleado en cuesti\u00f3n, tambi\u00e9n podemos cargar anticipos masivos de igual importe, previamente colocando un filtro del personal involucrado (permanente, contratado y otros configurados previamente) y<strong> ahora tambi\u00e9n podemos cargar anticipos a trav\u00e9s de un archivo CSV que nos da libertad de legajos e importes (CUALQUIER LEGAJO Y CUALQUIER IMPORTE)<\/strong><\/p>\n<p>Para cargar anticipos de sueldo masivos a trav\u00e9s de un archivo CSV, primero tenemos que crear el archivo csv; en Excel hay que ingresar 2 Columnas, en la primera el numero de legajo y en la segunda el importe (importarte aclarar que los decimales est\u00e1n delimitados por un<strong> \u201c.\u201d (PUNTO)<\/strong> )<\/p>\n<p>Guardar la Planilla en formato CSV (delimitado por comas).<\/p>\n<p>En unire Personal, entrar al listado de empleados , fx todos y Requerimientos de compras.<\/p>\n<p><img loading=\"lazy\" decoding=\"async\" width=\"434\" height=\"389\" class=\"wp-image-2314 size-full aligncenter\" src=\"http:\/\/uniremunicipios.com.ar\/manual\/wp-content\/uploads\/2020\/10\/Pasted-into-1-4.png\" srcset=\"https:\/\/uniremunicipios.com.ar\/manual\/wp-content\/uploads\/2020\/10\/Pasted-into-1-4.png 434w, https:\/\/uniremunicipios.com.ar\/manual\/wp-content\/uploads\/2020\/10\/Pasted-into-1-4-300x269.png 300w\" sizes=\"auto, (max-width: 434px) 100vw, 434px\" \/><\/p>\n<p>Dentro de los requerimientos , se debe ingresar a los informes procesos y Alta Anticipo Sueldo a Partir CSV. Elegimos el archivo donde se guard\u00f3 y el sistema nos ira consultando informaci\u00f3n.<\/p>\n<p><img loading=\"lazy\" decoding=\"async\" width=\"439\" height=\"139\" class=\"wp-image-2315 size-full aligncenter\" src=\"http:\/\/uniremunicipios.com.ar\/manual\/wp-content\/uploads\/2020\/10\/Pasted-into-1-5.png\" srcset=\"https:\/\/uniremunicipios.com.ar\/manual\/wp-content\/uploads\/2020\/10\/Pasted-into-1-5.png 439w, https:\/\/uniremunicipios.com.ar\/manual\/wp-content\/uploads\/2020\/10\/Pasted-into-1-5-300x95.png 300w\" sizes=\"auto, (max-width: 439px) 100vw, 439px\" \/><\/p>\n<p><img loading=\"lazy\" decoding=\"async\" class=\"wp-image-2316 aligncenter\" src=\"http:\/\/uniremunicipios.com.ar\/manual\/wp-content\/uploads\/2020\/10\/Pasted-into-1-6.png\" width=\"438\" height=\"152\" srcset=\"https:\/\/uniremunicipios.com.ar\/manual\/wp-content\/uploads\/2020\/10\/Pasted-into-1-6.png 567w, https:\/\/uniremunicipios.com.ar\/manual\/wp-content\/uploads\/2020\/10\/Pasted-into-1-6-300x104.png 300w\" sizes=\"auto, (max-width: 438px) 100vw, 438px\" \/><\/p>\n<p><img loading=\"lazy\" decoding=\"async\" class=\"wp-image-2317 aligncenter\" src=\"http:\/\/uniremunicipios.com.ar\/manual\/wp-content\/uploads\/2020\/10\/Pasted-into-1-7.png\" width=\"289\" height=\"141\" srcset=\"https:\/\/uniremunicipios.com.ar\/manual\/wp-content\/uploads\/2020\/10\/Pasted-into-1-7.png 371w, https:\/\/uniremunicipios.com.ar\/manual\/wp-content\/uploads\/2020\/10\/Pasted-into-1-7-300x146.png 300w\" sizes=\"auto, (max-width: 289px) 100vw, 289px\" \/><\/p>\n<p>Una vez que se ingres\u00f3 con \u00e9xito, en la columna Imagen, estar\u00e1 disponible el archivo origen que se utiliz\u00f3 para hacer la carga correspondiente.<\/p>\n<p><img loading=\"lazy\" decoding=\"async\" width=\"78\" height=\"68\" class=\"wp-image-2318 size-full aligncenter\" src=\"http:\/\/uniremunicipios.com.ar\/manual\/wp-content\/uploads\/2020\/10\/Pasted-into-1-8.png\" \/><\/p>\n<p><img loading=\"lazy\" decoding=\"async\" width=\"289\" height=\"114\" class=\"wp-image-2319 size-full aligncenter\" src=\"http:\/\/uniremunicipios.com.ar\/manual\/wp-content\/uploads\/2020\/10\/Pasted-into-1-9.png\" \/><\/p>\n<p>&nbsp;<\/p>\n<h2>VIDEO<\/h2>\n<p>&nbsp;<\/p>\n<p><iframe loading=\"lazy\" title=\"Carga de Anticipos Masivos mediante un archivo .CSV\" width=\"500\" height=\"281\" src=\"https:\/\/www.youtube.com\/embed\/0febARNSIgg?feature=oembed\" frameborder=\"0\" allow=\"accelerometer; autoplay; clipboard-write; encrypted-media; gyroscope; picture-in-picture; web-share\" referrerpolicy=\"strict-origin-when-cross-origin\" allowfullscreen><\/iframe><\/p>\n","protected":false},"excerpt":{"rendered":"<p>Recordamos\u00a0 que podemos cargar anticipos en forma individual, con un requerimiento a nombre del empleado en cuesti\u00f3n, tambi\u00e9n podemos cargar anticipos masivos de igual importe, previamente colocando un filtro del personal involucrado (permanente, contratado y otros configurados previamente) y ahora tambi\u00e9n podemos cargar anticipos a trav\u00e9s de un archivo CSV que nos da libertad de [&hellip;]<\/p>\n","protected":false},"author":4,"featured_media":0,"parent":28,"menu_order":0,"comment_status":"closed","ping_status":"closed","template":"","meta":{"footnotes":""},"class_list":["post-2312","page","type-page","status-publish","hentry"],"_links":{"self":[{"href":"https:\/\/uniremunicipios.com.ar\/manual\/index.php?rest_route=\/wp\/v2\/pages\/2312","targetHints":{"allow":["GET"]}}],"collection":[{"href":"https:\/\/uniremunicipios.com.ar\/manual\/index.php?rest_route=\/wp\/v2\/pages"}],"about":[{"href":"https:\/\/uniremunicipios.com.ar\/manual\/index.php?rest_route=\/wp\/v2\/types\/page"}],"author":[{"embeddable":true,"href":"https:\/\/uniremunicipios.com.ar\/manual\/index.php?rest_route=\/wp\/v2\/users\/4"}],"replies":[{"embeddable":true,"href":"https:\/\/uniremunicipios.com.ar\/manual\/index.php?rest_route=%2Fwp%2Fv2%2Fcomments&post=2312"}],"version-history":[{"count":7,"href":"https:\/\/uniremunicipios.com.ar\/manual\/index.php?rest_route=\/wp\/v2\/pages\/2312\/revisions"}],"predecessor-version":[{"id":6020,"href":"https:\/\/uniremunicipios.com.ar\/manual\/index.php?rest_route=\/wp\/v2\/pages\/2312\/revisions\/6020"}],"up":[{"embeddable":true,"href":"https:\/\/uniremunicipios.com.ar\/manual\/index.php?rest_route=\/wp\/v2\/pages\/28"}],"wp:attachment":[{"href":"https:\/\/uniremunicipios.com.ar\/manual\/index.php?rest_route=%2Fwp%2Fv2%2Fmedia&parent=2312"}],"curies":[{"name":"wp","href":"https:\/\/api.w.org\/{rel}","templated":true}]}}