{"id":2353,"date":"2020-10-29T08:54:08","date_gmt":"2020-10-29T11:54:08","guid":{"rendered":"http:\/\/uniremunicipios.com.ar\/manual\/?page_id=2353"},"modified":"2020-10-29T09:38:06","modified_gmt":"2020-10-29T12:38:06","slug":"impresion-de-varios-recibos-de-un-mismo-empleado","status":"publish","type":"page","link":"https:\/\/uniremunicipios.com.ar\/manual\/?page_id=2353","title":{"rendered":"impresion de varios recibos de un mismo empleado"},"content":{"rendered":"<p>ingresando desde empleados<\/p>\n<p><img loading=\"lazy\" decoding=\"async\" width=\"431\" height=\"256\" class=\"alignnone wp-image-2354 size-full\" src=\"http:\/\/uniremunicipios.com.ar\/manual\/wp-content\/uploads\/2020\/10\/Pasted-into-impresi\u00f3n-de-varios-recibos-de-un-mismo-empleado.png\" srcset=\"https:\/\/uniremunicipios.com.ar\/manual\/wp-content\/uploads\/2020\/10\/Pasted-into-impresi\u00f3n-de-varios-recibos-de-un-mismo-empleado.png 431w, https:\/\/uniremunicipios.com.ar\/manual\/wp-content\/uploads\/2020\/10\/Pasted-into-impresi\u00f3n-de-varios-recibos-de-un-mismo-empleado-300x178.png 300w\" sizes=\"auto, (max-width: 431px) 100vw, 431px\" \/><\/p>\n<p>presionando en los recibos <img loading=\"lazy\" decoding=\"async\" width=\"48\" height=\"50\" class=\"alignnone wp-image-2356 size-full\" src=\"http:\/\/uniremunicipios.com.ar\/manual\/wp-content\/uploads\/2020\/10\/Pasted-into-impresi\u00f3n-de-varios-recibos-de-un-mismo-empleado-2.png\" \/><\/p>\n<p>me muestra todos los recibos del empleado, elijo el m\u00e1s antiguo de los que quiero imprimir<\/p>\n<p><img loading=\"lazy\" decoding=\"async\" width=\"652\" height=\"113\" class=\"alignnone wp-image-2355 size-full\" src=\"http:\/\/uniremunicipios.com.ar\/manual\/wp-content\/uploads\/2020\/10\/Pasted-into-impresi\u00f3n-de-varios-recibos-de-un-mismo-empleado-1.png\" srcset=\"https:\/\/uniremunicipios.com.ar\/manual\/wp-content\/uploads\/2020\/10\/Pasted-into-impresi\u00f3n-de-varios-recibos-de-un-mismo-empleado-1.png 652w, https:\/\/uniremunicipios.com.ar\/manual\/wp-content\/uploads\/2020\/10\/Pasted-into-impresi\u00f3n-de-varios-recibos-de-un-mismo-empleado-1-300x52.png 300w\" sizes=\"auto, (max-width: 652px) 100vw, 652px\" \/><\/p>\n<p>voy a<\/p>\n<p><img loading=\"lazy\" decoding=\"async\" width=\"58\" height=\"55\" class=\"alignnone wp-image-2359 size-full\" src=\"http:\/\/uniremunicipios.com.ar\/manual\/wp-content\/uploads\/2020\/10\/Pasted-into-impresi\u00f3n-de-varios-recibos-de-un-mismo-empleado-5.png\" \/><\/p>\n<p><img loading=\"lazy\" decoding=\"async\" width=\"244\" height=\"31\" class=\"alignnone wp-image-2357 size-full\" src=\"http:\/\/uniremunicipios.com.ar\/manual\/wp-content\/uploads\/2020\/10\/Pasted-into-impresi\u00f3n-de-varios-recibos-de-un-mismo-empleado-3.png\" \/><\/p>\n<p>coloco la cantidad teniendo en cuenta que va desde el que est\u00e1 posicionado para abajo(recibos m\u00e1s actuales)<\/p>\n<p><img loading=\"lazy\" decoding=\"async\" width=\"448\" height=\"136\" class=\"alignnone wp-image-2358 size-full\" src=\"http:\/\/uniremunicipios.com.ar\/manual\/wp-content\/uploads\/2020\/10\/Pasted-into-impresi\u00f3n-de-varios-recibos-de-un-mismo-empleado-4.png\" srcset=\"https:\/\/uniremunicipios.com.ar\/manual\/wp-content\/uploads\/2020\/10\/Pasted-into-impresi\u00f3n-de-varios-recibos-de-un-mismo-empleado-4.png 448w, https:\/\/uniremunicipios.com.ar\/manual\/wp-content\/uploads\/2020\/10\/Pasted-into-impresi\u00f3n-de-varios-recibos-de-un-mismo-empleado-4-300x91.png 300w\" sizes=\"auto, (max-width: 448px) 100vw, 448px\" \/><\/p>\n<p>al darle ok imprime todos los recibos solicitados del empleado en cuesti\u00f3n<\/p>\n<p>&nbsp;<\/p>\n","protected":false},"excerpt":{"rendered":"<p>ingresando desde empleados presionando en los recibos me muestra todos los recibos del empleado, elijo el m\u00e1s antiguo de los que quiero imprimir voy a coloco la cantidad teniendo en cuenta que va desde el que est\u00e1 posicionado para abajo(recibos m\u00e1s actuales) al darle ok imprime todos los recibos solicitados del empleado en cuesti\u00f3n &nbsp;<\/p>\n","protected":false},"author":3,"featured_media":0,"parent":28,"menu_order":0,"comment_status":"closed","ping_status":"closed","template":"","meta":{"footnotes":""},"class_list":["post-2353","page","type-page","status-publish","hentry"],"_links":{"self":[{"href":"https:\/\/uniremunicipios.com.ar\/manual\/index.php?rest_route=\/wp\/v2\/pages\/2353","targetHints":{"allow":["GET"]}}],"collection":[{"href":"https:\/\/uniremunicipios.com.ar\/manual\/index.php?rest_route=\/wp\/v2\/pages"}],"about":[{"href":"https:\/\/uniremunicipios.com.ar\/manual\/index.php?rest_route=\/wp\/v2\/types\/page"}],"author":[{"embeddable":true,"href":"https:\/\/uniremunicipios.com.ar\/manual\/index.php?rest_route=\/wp\/v2\/users\/3"}],"replies":[{"embeddable":true,"href":"https:\/\/uniremunicipios.com.ar\/manual\/index.php?rest_route=%2Fwp%2Fv2%2Fcomments&post=2353"}],"version-history":[{"count":2,"href":"https:\/\/uniremunicipios.com.ar\/manual\/index.php?rest_route=\/wp\/v2\/pages\/2353\/revisions"}],"predecessor-version":[{"id":2361,"href":"https:\/\/uniremunicipios.com.ar\/manual\/index.php?rest_route=\/wp\/v2\/pages\/2353\/revisions\/2361"}],"up":[{"embeddable":true,"href":"https:\/\/uniremunicipios.com.ar\/manual\/index.php?rest_route=\/wp\/v2\/pages\/28"}],"wp:attachment":[{"href":"https:\/\/uniremunicipios.com.ar\/manual\/index.php?rest_route=%2Fwp%2Fv2%2Fmedia&parent=2353"}],"curies":[{"name":"wp","href":"https:\/\/api.w.org\/{rel}","templated":true}]}}