{"id":243,"date":"2019-06-04T08:58:38","date_gmt":"2019-06-04T11:58:38","guid":{"rendered":"http:\/\/uniremunicipios.com.ar\/manual\/?page_id=243"},"modified":"2020-10-23T15:18:44","modified_gmt":"2020-10-23T18:18:44","slug":"creditos-debitos","status":"publish","type":"page","link":"https:\/\/uniremunicipios.com.ar\/manual\/?page_id=243","title":{"rendered":"Creditos &#8211; Debitos"},"content":{"rendered":"<p>Estos registros act\u00faan de forma similar y bajo la t\u00e9cnica normal contable.<\/p>\n<p>De igual manera es la t\u00e9cnica de <strong>terminados-activos-anulados<\/strong>, como se detalla en el primer men\u00fa de dep\u00f3sitos.<\/p>\n<p><img loading=\"lazy\" decoding=\"async\" class=\"\" src=\"data:image\/png;base64,iVBORw0KGgoAAAANSUhEUgAAAo0AAAFpCAYAAAD5kBJEAAAgAElEQVR4Ae3dvZYcSXYY4IbOHDkiuST3GUQecUDOONKMue2tucY6egE6GkpLWev1wsOhIUES9AKyYcCEB5gDb0ANJP48AyVRpGyoo6pvdVQgs6qyKiMrM\/Krs92Z8Xcj4gsAfTeru+fJp\/vXjRcBAgQIECBAgACBAwJfpLaPH94f6KKJAAECBAgQIEBg7QKbpDEh\/Ktf\/rc9iydPUnHzaVO\/LT\/W7ZXvuz32TMOe9JcfOu567MoPsfPy4yTbeJu2bYfH27K8jZMNTQtKS9p7PckqHm8fYu36luUUarfybbzPypvZHue6D\/EQJW56ytvYaeCm\/+OnrLxtzZo2vR\/Xn9rvxxcV2+J2Fdv2zef0qXApnYryfYi93W\/Kj7HSQrez7G4eyo8Tbdu7yts4m\/bHTtvxu\/LD\/Hl5f8DDfh47PFIUe7mP\/NiW5k4Wj+O25c3n9GmzsW3rQ5\/7y2PvbWFXfojzWN4G6CzvKjv2thn22GFzl63x8Xbbp798ZG9pe9vgacbNxvZmvS\/0l1P\/7E\/FQ5xd\/4ebXY9deTsuTZde22G7UQ\/lXUt2Vts+j3vd9tkvpyVlsbbBU8fN67GpjHVf3v4vuu7vLdXeD96OSvfbbruaXXnTMWvfjtv2fqje9N0OeLwty9s4j+vtKqclbcdtWne3D7F6y\/e98708DN513051v8Ws5v52W9rd9JS3sR9C5Bve9t+FfIiel3f3afT+3rblzef0afPabn07KGO4b7uPvRerKN+39e4tRd60791s176pepgv3afXw0S76TY3HXvb9N2M2Hza9NgNijCPFfneNkN3TcVePttrirXrvJ1rU3you79s78ryZpZN40NLLCrb+7bPY3tW3lWmEPeFvfJ9v2xNm6a8vOu7vXlsKsspzK5zmvwh7GPdtvmhfH\/JWjaF\/vI22K59c\/NwjpuJ0qcU4qFHfsnWtB320Ljpv\/cpY9j2yYZuoz8O\/Wyv9x2u+vqTf\/pXN\/\/kqiswOQECBAgQIECAwCIEdk8aF7FaiyRAgAABAgQIrEDgX\/\/Ln5y9y9vb25s\/\/YvXm\/FjxUnBJI1nH4mBBAgQIECAAIF6Auf8zMmr128+W9BYcSSNn9GqIECAAAECBAjMU+Dp19\/uLezHH77fK9csfPY9jf\/vb\/\/rTfrIX\/\/4Ny\/zonsCBAgQIECAAIGJBSJhTIliJItRd+pSUv+uMX31edzPksZo\/Me\/2U8co96VAAECBAgQIEBgmQJdyWYkkdHWt7ODb0+nJ4y\/9Qff7cb+w19vnzj+9h\/+2abu\/\/7Vf9lcf+df\/NvN9e\/\/53\/e9U03v\/tH\/25T\/j8fX2yuv\/flrzbX\/\/3jtvz7T\/98U\/5f\/\/0\/bq7x6ad\/8u\/j1pUAAQIECBAgQOBeIE\/qTk30uuBSnPLJYh67a0yq63zS+M\/++b\/Z9T\/1relIGH9yn0D+JJLF\/\/GfdnH6biJh\/Okf\/\/nNT\/94myz+3V\/+h77u6gkQIECAAAECqxa4JGEMuDxJzO+jvevamTSmjr\/1B4+JY9fAvrqUPP59kSz+bjxhvH\/iWD5l7IujngABAgQIECBAoI5AJJ4pen5\/aLaDb0+nt6ZPfdIYk6QnjelXnme\/1DyaXAkQIECAAAECBC4UOPXJYN80kSRGnFROH1HuG9f7pDEG5N\/TGHXnXOP7GdPY33u6\/d7Gc+IYQ4AAAQIECBBYs0AkeecYlAljihHJYrT1xT34pLEc9Nt\/+N1N+mGYf\/jr7Q\/A5O3pCePmremeH4bJ++b3v3\/\/vYzp+xr\/LvthmPSDMJ5U5kruCRAgQIAAAQKXC0SCWEbqq8\/7fZY05j8EEx3T08b4j2rHT05HOf8vgG\/emk6Det6e3jxt7MgGU+K4rb7\/3NEe63AlQIAAAQIECKxd4JQEr4bRZ0ljjUnEJECAAAECBAgQGCbQ9Z8EHBZh23usOJLGc\/SNIUCAAAECBAhUFLi9vR0l+lhx0mIkjaMciSAECBAgQIAAgfEE\/vQvXo8SbKw4aTFHf3p6lBULQoAAAQIECBAgsGiBJ5\/uXx8\/vF\/0JiyeAAECBAgQIECgroAnjXV9RSdAgAABAgQINCEgaWziGG2CAAECBAgQIFBXQNJY11d0AgQIECBAgEATApLGJo7RJggQIECAAAECdQUkjXV9RSdAgAABAgQINCEgaWziGG2CAAECBAgQIFBXQNJY11d0AgQIECBAgEATApLGJo7RJggQIECAAAECdQUkjXV9RSdAgAABAgQINCEgaWziGG2CAAECBAgQIFBXQNJY11d0AgQIECBAgEATApLGJo7RJggQIECAAAECdQUkjXV9RSdAgAABAgQINCEgaWziGG2CAAECBAgQIFBXQNJY11d0AgQIECBAgEATApLGJo7RJggQIECAAAECdQUkjXV9RSdAgAABAgQINCEgaWziGG2CAAECBAgQIFBXQNJY11d0AgQIECBAgEATApLGJo7RJggQIECAAAECdQUkjXV9RSdAgAABAgQINCEgaWziGG2CAAECBAgQIFBX4Iuxw3\/51Tdjh5ws3scP7yeby0QECBAgQIAAgSUJjJo0poRxyYnXd7\/69c3LF8+XdH7WSoAAAQIECBCYRGC0t6eXnjAm7Z\/97Gc3S35SOsmfGJMQIECAAAECqxQYLWlsRe\/29raVrdgHAQIECBAgQGA0AUnjaJQCESBAgAABAgTaFZg0aXz69bftStoZAQIECBAgQKBhgUmTxoYdbY0AAQIECBAg0LSApLHp47U5AgQIECBAgMA4AqP+yp0hS0pvVf\/4w\/c38ZZ1uo9X1EW5q1\/ep2tsV12Kl9dHfFcCBAgQIECAAIHDAldLGtOyInHM7\/O6qE\/X9IqEr6tPasvr4z6u2wj7c0adKwECBAgQIECAwGGBqyaNkQQeXmJ3a0oGy1eeOF4Su4yrTIAAAQIECBBYu8BVk8ZL8PuSwjxxvCS+sQQIECBAgAABAo8CTfwgTDx1jGskjo\/bdEeAAAECBAgQIHCJwOyeNJ6S8JV9Ujm98vquuuiz6ewTAQIECBAgQIDAyQKTJo2RyKXV5fdlOW\/Lnx7mu8r7HKvv65uPc0+AAAECBAgQINAvMGnS2L+Mx5ZIEqNGwhcSrgQIECBAgACB6wnMLmmUJF7vD4OZCRAgQIAAAQJ9Ak38IEzf5tQTIECAAAECBAiMIyBpHMdRFAIECBAgQIBA0wKSxqaP1+YIECBAgAABAuMIzO57GsfZ1mVRvvzqm8sCGE2AAAECBAgQqCxwe3t78\/LF88qzPIaXND5a3PzyFz\/ffHz88D6rdUuAAAECBAgQmJfAq9dvJl+Qt6cnJzchAQIECBAgQGB5ApLG5Z2ZFRMgQIAAAQIEJheQNE5ObkICBAgQIECAwPIEJI3LOzMrJkCAAAECBAhMLiBpnJzchAQIECBAgACB5QlIGpd3ZlZMgAABAgQIEJhcQNI4ObkJCRAgQIAAAQLLE5A0Lu\/MrJgAAQIECBAgMLmApHFychMSIECAAAECBJYnIGlc3plZMQECBAgQIEBgcgFJ4+TkJiRAgAABAgQILE9A0ri8M7NiAgQIECBAgMDkApLGyclNSIAAAQIECBBYnoCkcXlnZsUECBAgQIAAgckFJI2Tk5uQAAECBAgQILA8AUnj8s7MigkQIECAAAECkwt8MfmMJpxU4NXrN5POt+bJ7u7ubj5+eL9mAnsnQIAAgYYFJI0NH25s7d27d3HrWkng5YvnlSILS4AAAQIE5iHQRNL49Otv9zR\/\/OH7vfKUhbSWa87ft9e3b9\/2NakfQcATxhEQhSBAgACBWQssPmnsStK66mZ9Ch2Lq7WHJ0+e3Hz69KljRlUECBAgQIAAgX6BJn8QZo5P+vqPQAsBAgQIECBAYP4Ci3\/SeIw4PbGLVySTZV2Uu9rT2LK+LOd90n3EO6U+9U3xYkzEjjhRjvYyZiqnV8TZlk773PXUMdXFq+uJZDmmLMfYvvrUXraV5egTsbrWEW1jXL21PIaiGAQIECDQukDTSWOZSOXlPBnruo+69Afg2Li+PqfW5\/Hz+1hDXlfGTOX0ir7b0uHPKUnrepXJW1nOxxyKkfc7dH8oRp4oHlrHofhD2r786puD3WOt+bryARLPXMM9AQIECLQo0HTSOLcDS8lf1+uUhK9vbFe8Y3WR+EQiFP2jPsqHrtG3L0ZZ3xWrL0ZX32vX\/eY3v7lJH14ECBAgQGCtApLGiU6+62nhkKlPSSyHxDunb0oEI9E7Z3waM0aMc+ceNC6exvb90FC0p6B9fQZNqDMBAgQIEJi3QJM\/CDPmU7k5Ht8U+7tmcpcS0zR\/fEx+BnlC2DV52V6Wu8aoI0CAAAECCxdY\/JPG9ASuTKLiqVzZFvWnnFkes2vcodhdY8v+x9YQ\/dM17mNMKpevNGdXfdnvlHJXwthVd0qsvM+QGPkTzTTumq9Y9y9\/8fPtk9JYTHrCeOW1xVJcCRAgQIBAbYHFJ40J6FCy1NWW151yH4eQ9+2bt+wTY0\/tn4\/vu89jxn3eN+rOuUaCdM7YZsZ0JIN7iau3o5s5ahshQIAAgdMFmnx7+vTt65kL9CWMffX52GP3Q2LsJWjHAk\/Qnp56xg\/B7J6ApieM8ZRREjnBKZiCAAECBK4t0MSTxrERx3pqN\/a6pohXJmy7JGmKyR\/mSHPm67jGGg5uN5LF1EnCeJBKIwECBAi0I+BJYztnOXgnZTKWyuVHClr2yyfqayvry\/KxGKl\/fOR9J7nPk8JjE+ZPHI\/11U6AAAECBBYsIGlc8OFZOgECBAgQIEBgKgFJ41TSM5nn0BO\/mSzxqstIb4unn9XefXQ8ddy1Zf2uumiTEyBAgACBCQQkjRMgm2I5AvGWeH4tV5+3xX3ZR5kAAQIECLQmIGls7UTthwABAgQIECBQQcBPT1dAFXJ5As+ePTtp0X390i\/+9iJAgAABAi0LeNLY8una28kC8XsYDw1IfU7pdyiGNgIECBAgsFQBTxqXenLWPbrAqQlhVz9PGkc\/DgEJECBAYGYCksaZHUiN5bx88fzm44f3NUI3E3PNv9C9mUO0EQIECBCoKiBprMp7\/eB3d3fXX4QVECBAgAABAosXkDQu\/ggPb8ATxsM+WgkQIECAAIHTBPwgzGlOehEgQIAAAQIEVi0gaVz18ds8AQIECBAgQOA0AUnjaU56ESBAgAABAgRWLSBpXPXx2zwBAgQIECBA4DQBSeNpTnoRIECAAAECBFYtIGlc9fHbPAECBAgQIEDgNAFJ42lOehEgQIAAAQIEVi0gaVz18ds8AQIECBAgQOA0AUnjaU56ESBAgAABAgRWLSBpXPXx2zwBAgQIECBA4DQBSeNpTnoRIECAAAECBFYt4L893fjxv3r9pvEd2h4BAgQIELiuwN3d3c3HD++vu4gJZpc0ToB87SnevXt37SWYnwABAgQINCnw8sXzJvfVtSlJY5dKg3Vv375tcFe2RIAAAQIEriuwhieMIex7GkPClQABAgQIECBAoFdA0thLo4EAAQIECBAgQCAEJI0h4UqAAAECBAgQINAr0FzS+PTrb2\/yj3znqX6Or651ddXNce3WRIAAAQIECKxDoKkfhEmJ1o8\/fL93cl11ex1mUFjimmfAZgkECBAgQIDAhALNPWmc0K7aVGUSWW0igQkQIECAAAECJwqsLmlMTx7jIzc6VJfa4pX3y+tTe16Ofnld9Im2PGZ+39de1seYiJuX3RMgQIAAAQIExhRo6u3pU2Dyp3gpCUvluKbxcR\/XiJmX8xjRXl7zPjE2rtF3SDnvm99HrHy+qHMlQIAAAQIECIwlsLqksQsuTxzz5CslZ4de+bgykTs2NsXN5zo0z9C+x2JpJ0CAAAECBAgMFZA0PojlCWAgDknqYky6npNA5uPdEyBAgAABAgTmJrC672nsOoB4KhiJ46E+ZVuMOSfBjHnLmMoECBAgQIAAgbkJNPWkMRK4HLlM5vJELdrycV11KV7U57H77vN4eZ+yvox5rD2PVd6XTzfLdmUCBAgQIECAwCUCTSWNCaJMxHKcoW1d\/S+p61tfHjO\/j7WXdWW5L26MdyVAgAABAgQIXCrg7elLBY0nQIAAAQIECKxAQNK4gkO2RQIECBAgQIDApQKSxksFjSdAgAABAgQIrEBA0riCQ7ZFAgQIECBAgMClApLGSwWNJ0CAAAECBAisQEDSuIJDtkUCBAgQIECAwKUCzf3KnUtBWhz\/8sXzm48f3re4NXsiQIAAAQIEJhKQNE4Efa1p7u7urjW1eQkQIECAAIGGBCSNDR1m11Y8YexSUUeAAAECBAgMFfA9jUPF9CdAgAABAgQIrFBA0rjCQ7dlAgQIECBAgMBQAUnjUDH9CRAgQIAAAQIrFJA0rvDQbZkAAQIECBAgMFRA0jhUTH8CBAgQIECAwAoFJI0rPHRbJkCAAAECBAgMFZA0DhXTnwABAgQIECCwQgFJ4woP3ZYJECBAgAABAkMFJI1DxfQnQIAAAQIECKxQQNK4wkO3ZQIECBAgQIDAUAFJ41Ax\/QkQIECAAAECKxSQNK7w0G2ZAAECBAgQIDBUQNI4VEx\/AgQIECBAgMAKBSSNKzx0WyZAgAABAgQIDBWQNA4V058AAQIECBAgsEKBL1a451Vt+dXrN6var80SIECAwHoE7u7ubj5+eL+eDV95p5LGKx\/AFNO\/e\/duimnMQYAAAQIEJhN4+eL5ZHOZaCsgaVzJn4S3b9+uZKe2SYAAAQJLELjkCeF3v\/r1ErbY3Boljc0dqQ0RIECAAIFlCHz51TeDF\/rs2bPBYwwYR2BRSePTr7\/d2\/WPP3y\/V566MLf1TL1\/8xEgQIAAgUsFLnnieOncxg8TWEzSmBK0Mknsqhu2\/f3e58TL13TO+P0VKBEgQIAAAQIE5imwmKSxiy9P2Lra1R0XePLkyV6nT58+7ZVTIfUp60+pOxT7UFu5gLxvuY5z15fHjPnK2KlPWRd9Y968nO5T\/1Nix7i8bz7X0Po8Xh6nq\/7c2BHLlQABAgTWKdDE72lMT\/jyV15O9\/ERfaK9rE\/t0Rb3XX0izrFrjC1j5rHzGF398755nHJcXh56n5KM+MgTimNxDvVNbREzrtH\/UFs5Z9k3YpT9usqH+saa0rj8vivOoboYG9foG+W4Rn1+7dvb0PqIeWi\/eZ9YU7rGmL45Y5wrAQIECBBY9JPGY8eXkqz8aWRe7rvP++f3ef983lQfr7x\/qsvL+fiu+7wujY1yXFNdepXlVJfPk8pjviKZiOslsVOScumrjBHriuul8WN8xItr1I95LffSFzv6xbWv35j1U8415rrFIkBguQLp61vfq+bXub451X8u0HTSmLbb94fwlD+AfWNzxjxOmdD1jc\/H5LHy+1P65P2vcZ8Si5pJ1aV7mvv6Lt1fPj7OIV3LV7SV9coECBCYk0D6utf1dXMJXw\/n5FhzLc0njef+YTs1Aew7nEvH98WtUZ8nGvkTpjzZuFYCFvPGvqdY35B9H7LrWnPU5deIUe4t+uT1UZevMeouvcY6UpyuOS+NbzwBAgSOCZSJ47lfw4\/No\/08gUV\/T2PX\/yPpqguaQ23RZy7XKdeaEoT4yBOHUyzSuKFjTomb94m1nTPXOWPyuY\/d52vL+\/bV533iPvrmjlGXrnl9GpPKqT5eZTnq0\/VQW94v3R+as+yrTIAAgVoCkSjGtdY84g4XWMyTxvL\/faStxh+ovK3vPu\/fxxRj0zXu+\/pGfZ7cpTHxOnV8X\/+IVcaJ+hiXrmkNXfV5n3Pvy4SlK05XYtPVr0ZdrfWdErfGfo7F7EsC8\/X29TkWWzsBAgTmIlDra9pc9rfUdSwmaUzAh\/4Q5W1993FIeXsZN2\/L72Nsfj2nvRyTl\/P7S+fJx59z35d49NWfMsc5Y\/vGDK0\/ZX2pT624XfP3zdXV99Da+p46Do3fN696AgQIECCQBBaVNDqyOgIpuYhXnoBE3SnX8mljWU4xIvahtnKusm\/EKPsdK5dxjvW\/tD03TbG61l2uKfr01ac4p8RN\/fpefbH76vviqCdAgACB9QlIGtd35ns7jkRlr\/K+cKy+q72sK8v5HIfa8n7pvqtvV13et6v9lLquPnncdB+vIX1jTHkdEqOvbx4z75Pf9\/U5pT7v454AAQIE1iuw6B+EWe+x2TkBAgQIECBAYFoBTxqn9TYbAQIECBAg8CDw7NkzFgsSkDQu6LAslQABAgQItCLw3a9+3cpWVrMPSeMKjvrli+c3Hz+8X8FObZEAAQIEliKQvjZ5LUtA0ris8xq82ru7u8FjDCBAgAABAgQIlAKSxlKksbInjI0dqO0QIECAAIErCfjp6SvBm5YAAQIECBAgsCQBSeOSTstaCRAgQIAAAQJXEpA0XgnetAQIECBAgACBJQlIGpd0WtZKgAABAgQIELiSgKTxSvCmJUCAAAECBAgsSUDSuKTTslYCBAgQIECAwJUEJI1XgjctAQIECBAgQGBJApLGJZ2WtRIgQIAAAQIEriQgabwSvGkJECBAgAABAksSkDQu6bSslQABAgQIECBwJQFJ45XgTUuAAAECBAgQWJKApHFJp2WtBAgQIECAAIErCUgarwRvWgIECBAgQIDAkgQkjUs6LWslQIAAAQIECFxJQNJ4JXjTEiBAgAABAgSWJCBpXNJpWSsBAgQIECBA4EoCX1xpXtNOJPDq9ZuJZjLN3d3dzccP70EQIECAAIEmBSSNTR7r\/qbevXu3X6E0usDLF89HjykgAQIECBCYk4CkcU6nUXEtb9++rRhdaE8Y\/RkgQIAAgdYFfE9j6ydsfwQIECBAgACBEQQkjSMgCkGAAAECBAgQaF3A29Otn\/DM9vfkyZPdij59+rS7z2\/6+vTV52PdEyBAgAABAnUEPGnscX369bc9LarPFUhJX0oU4yNPAiNmX5+++hjnSoAAAQIECNQVkDTW9T0aXXJ6lEgHAgQIECBAYAYCksYZHIIlECBAgAABAgTmLuB7Gk84ofxp4I8\/fH8T5XSfXlGOUFFftkV99M\/L+X1XnKhLY6Nv1LkSIECAAAECBGoLSBpPFI5ELU\/a8vtoT+GiPq4xRV7O+8d93p7HifHpGn3zOvcECBAgQIAAgdoCksbawgPjp8TRiwABAgQIECAwNwFJ48xOxJPEmR2I5RAgQIAAAQIbAT8IM+M\/CK09dUy\/aif96pz4iN\/TmMrx6uvTVx\/jXAkQIECAAIG6Ap40juSbJ3jxtDBdu+rzKaNPusZ9tKdy+UrxuurLfnMtR6KYr6+sK8vRt68+2l0JECBAgACBegKSxh7bPDEbep+HzMdGfVmXl\/P76J9fj7Xnfd0TIECAAAECBMYS8Pb0WJLiECBAgAABAgQaFpA0jnC4nv6NgCgEAQIECBAgMGsBSeOsj8fiCBAgQIAAAQLzEJA0zuMcrIIAAQIECBAgMGsBSeOsj8fiCBAgQIAAAQLzEJA0zuMcrIIAAQIECBAgMGsBv3Jn1sczzuJevnh+8\/HD+3GCiUKAAAECBAisUkDS2Pix393dNb5D2yNAgAABAgSmEJA0TqF8xTk8YbwivqkJECBAgEBDAr6nsaHDtBUCBAgQIECAQC0BSWMtWXEJECBAgAABAg0JSBobOkxbIUCAAAECBAjUEpA01pIVlwABAgQIECDQkICksaHDtBUCBAgQIECAQC0BSWMtWXEJECBAgAABAg0JSBobOkxbIUCAAAECBAjUEpA01pIVlwABAgQIECDQkICksaHDtBUCBAgQIECAQC0BSWMtWXEJECBAgAABAg0JSBobOkxbIUCAAAECBAjUEvDfnq4lO5O4r16\/mclKplvG3d3dTd9\/c\/vLr76ZbiFmIkCAAIGqAre3tzcvXzzvnGPKf++fPXt288tf\/LxzHS1VShpbOs2evbx7966npb3qvn888p32JZR5H\/cECBAgMG+BUx6K+Pd+3DOUNI7rOdtob9++ne3axlyYfyDG1BSLAAECbQtE4lk+Jeyrb1vj+O4kjceN9CBAgAABAgQaE4jEMH1LU7zS28z5K\/UpE8q8fW33ksYBJ\/7062\/3ev\/4w\/d7ZQUCBAgQIEBgmQJlwhi7SN8b6V2srYakMf5UHLmmhLFMErvqjoQ52Dx2vIOTaSRAgAABAisXiKeMfQnjynk+275fufMZyekVZRJ5+kg9CRAgQIAAgWsIpLec87edjz1FlFA+npKk8dHi7Lvybeu8nO7jIyaI9rI+tUdb3Hf1KeNE2ZUAAQIECBA4TSB+JU98b+OhUdH3UJ81tEkaK55ySvjS08j4KBPCrvr86WW0p2s+Npac9406VwIE5i0Q\/0ew\/Dtdlk\/ZxaljTu13ypz6EGhJwFPEYafpexqHeQ3u3feP9SkJX9\/YwYswgACBWQikv9P53\/28nNePvdiascdeq3gECMxXQNJY+WzO\/cc6\/2KSliiBrHxQwhO4gsC5\/z6kpca\/EXG9wvJNSYDAygS8PX3BgXclcl11McWhtujjSoDAOgXi34f8GvdDRdK4fGx5H+1Rn1\/jPuYs+6b6qIs+rgSWJJB+72L6qen01vSh38EYP1kd1yXtsdZaPWk8UTY9ESj\/MY2nBHlb332aJvr3TRlj0zXu+\/qm+rSeYzEPjddGgMC0AuXf676\/v\/nf7fw+VpvXRcyIlbfl92lsV7krZt4v4pbj8\/qI4UpgKQLxE9PxU9TlD8NEUhn7if5RXutV0jjg5A\/9I5m39d3HVHl7qsvLffcxNr\/mffN69wQIzFcg\/3ubJ2f5ivM+ef0p92lsxB0Sp69viuVFoEWB9JQxJYtl4lgmjMeeSLZo07cnb0\/3yagnQIDAjAVSMhcf5TIjcSzrh5bz5LMvqRwaU38CcxQ49it1jrXPcU811iRprKEqJgECBDoExnhqVyZyKZnLk8SYI6\/rWIoqAgTuBfLvbwyQ+DU8+fcyRl30WevV29NrPXn7JkBgcoEykUvlsZJQLDIAAAmWSURBVF\/5HGX8vO2UeU\/pH0nsKfH0ITBHgfT9iil5LJ8mxtvS8f2O8Tb2HPcw1ZokjVNJm4cAAQL3AmUiFyhRH9eyvq\/cVX8oRt6WP5WMOOma98nvo09el99HuyuBJQqUP+wS3\/MY17SntSeOksYl\/sm2ZgIECJwhEEliDJXwhYQrgW6BSBjjmnqlJ5Jlgtk9ur1aSWN7Z2pHBAgQ6BSQJHayqCRwVCAlivE29dHODXfwgzANH66tESBAgAABApcJpKeM8f2Nl0Va\/mhJ4\/LP0A4IECBAgACBygLlD8pUnm6W4b09PctjGXdRL188X+33X4wrKRoBAgQIrFEgPW1Mr7iu0SDtWdLY+Mnnv2eq8a3aHgECBAgQ2AmM\/bsV43sa47qbaEU3ksbGD3utP+F16FjX\/Bf+kIs2AgQItCSw9qeCNc5S0lhDVczZCtze3s52bRZGgAABAgTmLCBpnPPpWNvoAun7O70IECBAgACB4QJ+enq4mREECBAgQIAAgdUJSBpXd+Q2TIAAAQIECBAYLiBpHG5mBAECBAgQIEBgdQKSxtUduQ0TIECAAAECBIYLSBqHmxlBgAABAgQIEFidgKRxdUduwwQIECBAgACB4QKSxuFmRhAgQIAAAQIEVicgaVzdkdswAQIECBAgQGC4gKRxuJkRBAgQIECAAIHVCUgaV3fkNkyAAAECBAgQGC4gaRxuZgQBAgQIECBAYHUCksbVHbkNEyBAgAABAgSGC0gah5sZQYAAAQIECBBYnYCkcXVHbsMECBAgQIAAgeECksbhZkYQIECAAAECBFYnIGlc3ZHbMAECBAgQIEBguICkcbiZEQQIECBAgACB1QlIGld35DZMgAABAgQIEBguIGkcbmYEAQIECBAgQGB1ApLG1R25DRMgQIAAAQIEhgtIGoebGUGAAAECBAgQWJ2ApHF1R27DBAgQIECAAIHhApLG4WZGECBAgAABAgRWJyBpXN2R2zABAgQIECBAYLiApHG4mREECBAgQIAAgdUJSBpXd+Q2TIAAAQIECBAYLiBpHG5mBAECBAgQIEBgdQKSxtUduQ0TIECAAAECBIYLSBqHmxlBgAABAgQIEFidgKRxdUduwwQIECBAgACB4QKSxuFmRhAgQIAAAQIEVicgaVzdkdswAQIECBAgQGC4gKRxuJkRBAgQIECAAIHVCUgaV3fkNkyAAAECBAgQGC4gaRxuZgQBAgQIECBAYHUCX4y541ev34wZTiwCBAgQIECAAIGZCIyWNN7e3s5kS5ZBgAABAgQIECAwtsCTT\/evjx\/ejx1XPAIECBAgQIAAgYYEfE9jQ4dpKwQIECBAgACBWgKSxlqy4hIgQIAAAQIEGhKQNDZ0mLZCgAABAgQIEKglIGmsJSsuAQIECBAgQKAhAUljQ4dpKwQIECBAgACBWgKSxlqy4hIgQIAAAQIEGhKQNDZ0mLZCgAABAgQIEKglIGmsJSsuAQIECBAgQKAhAUljQ4dpKwQIECBAgACBWgKSxlqy4hIgQIAAAQIEGhKQNDZ0mLZCgAABAgQIEKglIGmsJSsuAQIECBAgQKAhAUljQ4dpKwQIECBAgACBWgKSxlqy4hIgQIAAAQIEGhKQNDZ0mLZCgAABAgQIEKglIGmsJSsuAQIECBAgQKAhAUljQ4dpKwQIECBAgACBWgKSxlqy4hIgQIAAAQIEGhKQNDZ0mLZCgAABAgQIEKglIGmsJSsuAQIECBAgQKAhAUljQ4dpKwQIECBAgACBWgJfXBr4y6++uTTEYsff3t7evHzxfLHrt3ACBAgQmF7A1826Xzf51vO9OGlMf90+fng\/\/d+6K8\/46vWbK6\/A9AQIECCwVAFfN+ueHN86vt6eruMqKgECBAgQIECgKQFJY1PHaTMECBAgQIAAgToCksY6rqISIECAAAECBJoSkDQ2dZw2Q4AAAQIECBCoIyBprOMqKgECBAgQIECgKQFJY1PHaTMECBAgQIAAgToCksY6rqISIECAAAECBJoSuGrS+PTrb0fFHDveqIsTjAABAgQITCyQvi7mH\/n0vmbmGjd7TlPaTDnX\/o6Hl0b55d7Dp60z4scfvq8TWFQCBAgQILAwgZSMlF8Xu+oWtq0qy+1y6aqrMvmCgl71SeOCnCyVAAECBAgQWJFAmXCvaOu9W53Nk8aU0ccrHVSU49CinPdJ91EfY+Ka98v7RH3UpXLMEW2uBAgQIEBgTQLpa6Kvhf0n3pUzhFm05X5RlyKeUh8z942L9mtfZ5M0JoiAjYNIdfl9tB+qT23pFX3z8XEf123P\/TmizpUAAQIECKxBoPyauIY9D91j5BRpXO7VdZ\/X5f376vO19M2T97nm\/aySxikh0uF5ESBAgACBNQuUicyaLQ7tvS9nyJO8vvF5n744MfZYe\/S71nW1SWN+iNfCNy8BAgQIELimQPpaKHE8fAKlzyWJ3aHcY8x5Du\/o\/FY\/CHNvd8kfgPPpjSRAgAABAtcXiMTx+iuZ1wrGyg364vTVz0thfzWLetKYAx\/K1ve3+Hmp\/AtySazPo6shQIAAAQLXFyi\/1qUV9X29i7597dffTd0VxP7zWcKiqy3vV96X\/fviRH2ML8dF\/ZyuV00ac7Ch94HYNa6rLvXvq49YrgQIECBAoCWB\/Oteua+yrSyX\/VsvH9p\/V1tZl5fz+9ytqz6vy+\/zcXO59\/b0XE7COggQIECAAAECMxZYTNI49+x7xmdsaQQIECBAgACBiwUWkzRevFMBCBAgQIAAAQIEzhaQNJ5NZyABAgQIECBAYD0Cksb1nLWdEiBAgAABAgTOFpA0nk1nIAECBAgQIEBgPQKSxvWctZ0SIECAAAECBM4WGOX3NL56\/ebsBRhIgAABAgTWJuDrZt0T51vH9+Kk8fb2ts7KRCVAgAABAg0K+LpZ91D51vN98un+9fHD+3oziEyAAAECBAgQILB4Ad\/TuPgjtAECBAgQIECAQH0BSWN9YzMQIECAAAECBBYvIGlc\/BHaAAECBAgQIECgvoCksb6xGQgQIECAAAECixeQNC7+CG2AAAECBAgQIFBfQNJY39gMBAgQIECAAIHFC0gaF3+ENkCAAAECBAgQqC8gaaxvbAYCBAgQIECAwOIFJI2LP0IbIECAAAECBAjUF5A01jc2AwECBAgQIEBg8QKSxsUfoQ0QIECAAAECBOoLSBrrG5uBAAECBAgQILB4AUnj4o\/QBggQIECAAAEC9QUkjfWNzUCAAAECBAgQWLyApHHxR2gDBAgQIECAAIH6Av8fwSnIwJ7mwbYAAAAASUVORK5CYII=\" width=\"496\" height=\"274\" \/><\/p>\n<p>Para registrar un cr\u00e9dito o d\u00e9bito se completan los datos solicitados. Tener en cuenta que el cr\u00e9dito se produce sobre la cuenta bancaria y la cuenta que solicita m\u00e1s abajo se trata de una cuenta contable, puede ser por devoluci\u00f3n de comisiones, etc.<\/p>\n<p>Tambi\u00e9n se puede utilizar para realizar transferencias entre cuentas bancarias. En la primera ser\u00e1 el destino y la segunda el origen de la transferencia.<\/p>\n<p>Una vez realizada la operatoria se imprime y cambia de ESTADO o s\u00f3lo se cambia de ESTADO. Cuando se encuentra en ESTADO TERMINADO con el bot\u00f3n derecho del mouse se puede observar el asiento contable correspondiente.<\/p>\n<p>De igual manera son los d\u00e9bitos bancarios.<\/p>\n","protected":false},"excerpt":{"rendered":"<p>Estos registros act\u00faan de forma similar y bajo la t\u00e9cnica normal contable. De igual manera es la t\u00e9cnica de terminados-activos-anulados, como se detalla en el primer men\u00fa de dep\u00f3sitos. Para registrar un cr\u00e9dito o d\u00e9bito se completan los datos solicitados. Tener en cuenta que el cr\u00e9dito se produce sobre la cuenta bancaria y la cuenta [&hellip;]<\/p>\n","protected":false},"author":4,"featured_media":0,"parent":194,"menu_order":0,"comment_status":"closed","ping_status":"closed","template":"","meta":{"footnotes":""},"class_list":["post-243","page","type-page","status-publish","hentry"],"_links":{"self":[{"href":"https:\/\/uniremunicipios.com.ar\/manual\/index.php?rest_route=\/wp\/v2\/pages\/243","targetHints":{"allow":["GET"]}}],"collection":[{"href":"https:\/\/uniremunicipios.com.ar\/manual\/index.php?rest_route=\/wp\/v2\/pages"}],"about":[{"href":"https:\/\/uniremunicipios.com.ar\/manual\/index.php?rest_route=\/wp\/v2\/types\/page"}],"author":[{"embeddable":true,"href":"https:\/\/uniremunicipios.com.ar\/manual\/index.php?rest_route=\/wp\/v2\/users\/4"}],"replies":[{"embeddable":true,"href":"https:\/\/uniremunicipios.com.ar\/manual\/index.php?rest_route=%2Fwp%2Fv2%2Fcomments&post=243"}],"version-history":[{"count":6,"href":"https:\/\/uniremunicipios.com.ar\/manual\/index.php?rest_route=\/wp\/v2\/pages\/243\/revisions"}],"predecessor-version":[{"id":2331,"href":"https:\/\/uniremunicipios.com.ar\/manual\/index.php?rest_route=\/wp\/v2\/pages\/243\/revisions\/2331"}],"up":[{"embeddable":true,"href":"https:\/\/uniremunicipios.com.ar\/manual\/index.php?rest_route=\/wp\/v2\/pages\/194"}],"wp:attachment":[{"href":"https:\/\/uniremunicipios.com.ar\/manual\/index.php?rest_route=%2Fwp%2Fv2%2Fmedia&parent=243"}],"curies":[{"name":"wp","href":"https:\/\/api.w.org\/{rel}","templated":true}]}}