{"id":2490,"date":"2021-06-15T08:39:30","date_gmt":"2021-06-15T11:39:30","guid":{"rendered":"http:\/\/uniremunicipios.com.ar\/manual\/?page_id=2490"},"modified":"2021-06-15T14:36:13","modified_gmt":"2021-06-15T17:36:13","slug":"activar-o-desactivar-opciones-menu-web","status":"publish","type":"page","link":"https:\/\/uniremunicipios.com.ar\/manual\/?page_id=2490","title":{"rendered":"Activar o Desactivar opciones menu web"},"content":{"rendered":"<p>M\u00f3dulo: UNIRE CONFIG<\/p>\n<p>Men\u00fa: Internet\/Operador Web<\/p>\n<p>Doble clic sobre Usuario Web abrir\u00e1 una ventana similar a la de los operadores.<\/p>\n<p>En la pesta\u00f1a Procesos ABM al final de la lista aparecen todos los procesos WEBs.<\/p>\n<p><img loading=\"lazy\" decoding=\"async\" width=\"707\" height=\"532\" class=\"alignnone wp-image-2491 size-full\" src=\"http:\/\/uniremunicipios.com.ar\/manual\/wp-content\/uploads\/2021\/06\/Pasted-into-Activar-o-Desactivar-opciones-menu-web.png\" srcset=\"https:\/\/uniremunicipios.com.ar\/manual\/wp-content\/uploads\/2021\/06\/Pasted-into-Activar-o-Desactivar-opciones-menu-web.png 707w, https:\/\/uniremunicipios.com.ar\/manual\/wp-content\/uploads\/2021\/06\/Pasted-into-Activar-o-Desactivar-opciones-menu-web-300x226.png 300w\" sizes=\"auto, (max-width: 707px) 100vw, 707px\" \/><\/p>\n<p>En la imagen anterior se muestra activo WEB-COMERCIO &#8211; Tr\u00e1mites Con COMERCIOS. Esto es lo que activa el bot\u00f3n en el men\u00fa de la web y luego se activan las diferentes opciones que necesitamos tener activas de ese mismo tema.<\/p>\n<p>&nbsp;<\/p>\n<p>&nbsp;<\/p>\n","protected":false},"excerpt":{"rendered":"<p>M\u00f3dulo: UNIRE CONFIG Men\u00fa: Internet\/Operador Web Doble clic sobre Usuario Web abrir\u00e1 una ventana similar a la de los operadores. En la pesta\u00f1a Procesos ABM al final de la lista aparecen todos los procesos WEBs. En la imagen anterior se muestra activo WEB-COMERCIO &#8211; Tr\u00e1mites Con COMERCIOS. Esto es lo que activa el bot\u00f3n en [&hellip;]<\/p>\n","protected":false},"author":2,"featured_media":0,"parent":1703,"menu_order":0,"comment_status":"closed","ping_status":"closed","template":"","meta":{"footnotes":""},"class_list":["post-2490","page","type-page","status-publish","hentry"],"_links":{"self":[{"href":"https:\/\/uniremunicipios.com.ar\/manual\/index.php?rest_route=\/wp\/v2\/pages\/2490","targetHints":{"allow":["GET"]}}],"collection":[{"href":"https:\/\/uniremunicipios.com.ar\/manual\/index.php?rest_route=\/wp\/v2\/pages"}],"about":[{"href":"https:\/\/uniremunicipios.com.ar\/manual\/index.php?rest_route=\/wp\/v2\/types\/page"}],"author":[{"embeddable":true,"href":"https:\/\/uniremunicipios.com.ar\/manual\/index.php?rest_route=\/wp\/v2\/users\/2"}],"replies":[{"embeddable":true,"href":"https:\/\/uniremunicipios.com.ar\/manual\/index.php?rest_route=%2Fwp%2Fv2%2Fcomments&post=2490"}],"version-history":[{"count":2,"href":"https:\/\/uniremunicipios.com.ar\/manual\/index.php?rest_route=\/wp\/v2\/pages\/2490\/revisions"}],"predecessor-version":[{"id":2493,"href":"https:\/\/uniremunicipios.com.ar\/manual\/index.php?rest_route=\/wp\/v2\/pages\/2490\/revisions\/2493"}],"up":[{"embeddable":true,"href":"https:\/\/uniremunicipios.com.ar\/manual\/index.php?rest_route=\/wp\/v2\/pages\/1703"}],"wp:attachment":[{"href":"https:\/\/uniremunicipios.com.ar\/manual\/index.php?rest_route=%2Fwp%2Fv2%2Fmedia&parent=2490"}],"curies":[{"name":"wp","href":"https:\/\/api.w.org\/{rel}","templated":true}]}}