{"id":2495,"date":"2021-06-18T09:07:22","date_gmt":"2021-06-18T12:07:22","guid":{"rendered":"http:\/\/uniremunicipios.com.ar\/manual\/?page_id=2495"},"modified":"2025-10-07T13:55:48","modified_gmt":"2025-10-07T16:55:48","slug":"funcionamiento-de-backups","status":"publish","type":"page","link":"https:\/\/uniremunicipios.com.ar\/manual\/?page_id=2495","title":{"rendered":"Funcionamiento de Backups"},"content":{"rendered":"<p><img loading=\"lazy\" decoding=\"async\" class=\"wp-image-6160 alignnone \" src=\"http:\/\/uniremunicipios.com.ar\/manual\/wp-content\/uploads\/2025\/10\/image-4.png\" alt=\"\" width=\"574\" height=\"467\" srcset=\"https:\/\/uniremunicipios.com.ar\/manual\/wp-content\/uploads\/2025\/10\/image-4.png 643w, https:\/\/uniremunicipios.com.ar\/manual\/wp-content\/uploads\/2025\/10\/image-4-300x244.png 300w\" sizes=\"auto, (max-width: 574px) 100vw, 574px\" \/><\/p>\n<p>Si UNIRE Robot est\u00e1 funcionando correctamente se realizar\u00e1 el backup autom\u00e1tico de la siguiente forma.<\/p>\n<p>A las 0:00 hs. Unire hace un STOP de la base de datos y realiza una copia de los datos de<\/p>\n<p>N:\\PS-DATOS\\ARC hacia N:\\PS-BACKUP\\ARC<\/p>\n<p>Finalizado Unire hace un START de la base de datos.<\/p>\n<p>A las 4:30 hs. Se crea un archivo comprimido .RAR de la carpeta N:\\PS-BACKUP\\ARC dentro de la carpeta N:\\PS-BACKUP<\/p>\n<p>Luego a las 6:00 hs lo copia a la carpeta DROPBOX\/MEGA<\/p>\n<p><strong>Para hacer un BACKUP EXTERNO <\/strong><\/p>\n<p>Deber\u00eda copiarse cada d\u00eda al iniciar el d\u00eda, el archivo .RAR que se cre\u00f3 ese d\u00eda en la carpeta N:\\PS-BACKUP en un medio de almacenamiento que solo se utilice para este fin y que no quede conectado al servidor.<\/p>\n","protected":false},"excerpt":{"rendered":"<p>Si UNIRE Robot est\u00e1 funcionando correctamente se realizar\u00e1 el backup autom\u00e1tico de la siguiente forma. A las 0:00 hs. Unire hace un STOP de la base de datos y realiza una copia de los datos de N:\\PS-DATOS\\ARC hacia N:\\PS-BACKUP\\ARC Finalizado Unire hace un START de la base de datos. A las 4:30 hs. Se crea [&hellip;]<\/p>\n","protected":false},"author":2,"featured_media":0,"parent":1703,"menu_order":0,"comment_status":"closed","ping_status":"closed","template":"","meta":{"footnotes":""},"class_list":["post-2495","page","type-page","status-publish","hentry"],"_links":{"self":[{"href":"https:\/\/uniremunicipios.com.ar\/manual\/index.php?rest_route=\/wp\/v2\/pages\/2495","targetHints":{"allow":["GET"]}}],"collection":[{"href":"https:\/\/uniremunicipios.com.ar\/manual\/index.php?rest_route=\/wp\/v2\/pages"}],"about":[{"href":"https:\/\/uniremunicipios.com.ar\/manual\/index.php?rest_route=\/wp\/v2\/types\/page"}],"author":[{"embeddable":true,"href":"https:\/\/uniremunicipios.com.ar\/manual\/index.php?rest_route=\/wp\/v2\/users\/2"}],"replies":[{"embeddable":true,"href":"https:\/\/uniremunicipios.com.ar\/manual\/index.php?rest_route=%2Fwp%2Fv2%2Fcomments&post=2495"}],"version-history":[{"count":3,"href":"https:\/\/uniremunicipios.com.ar\/manual\/index.php?rest_route=\/wp\/v2\/pages\/2495\/revisions"}],"predecessor-version":[{"id":6162,"href":"https:\/\/uniremunicipios.com.ar\/manual\/index.php?rest_route=\/wp\/v2\/pages\/2495\/revisions\/6162"}],"up":[{"embeddable":true,"href":"https:\/\/uniremunicipios.com.ar\/manual\/index.php?rest_route=\/wp\/v2\/pages\/1703"}],"wp:attachment":[{"href":"https:\/\/uniremunicipios.com.ar\/manual\/index.php?rest_route=%2Fwp%2Fv2%2Fmedia&parent=2495"}],"curies":[{"name":"wp","href":"https:\/\/api.w.org\/{rel}","templated":true}]}}