{"id":2524,"date":"2021-07-08T14:11:53","date_gmt":"2021-07-08T17:11:53","guid":{"rendered":"http:\/\/uniremunicipios.com.ar\/manual\/?page_id=2524"},"modified":"2021-07-08T14:36:50","modified_gmt":"2021-07-08T17:36:50","slug":"configurar-cuentas-de-correo-electronico","status":"publish","type":"page","link":"https:\/\/uniremunicipios.com.ar\/manual\/?page_id=2524","title":{"rendered":"Configurar cuentas de correo electr\u00f3nico"},"content":{"rendered":"<p>M\u00f3dulo: UNIRE CONFIG<\/p>\n<p>Men\u00fa: Sistema\/Correos electr\u00f3nicos\/Cuentas de env\u00edo<\/p>\n<p>Unire permite configurar las siguientes cuentas para enviar e-mails autom\u00e1ticos.<\/p>\n<p><img loading=\"lazy\" decoding=\"async\" width=\"567\" height=\"250\" class=\"alignnone wp-image-2525 size-full\" src=\"http:\/\/uniremunicipios.com.ar\/manual\/wp-content\/uploads\/2021\/07\/Pasted-into-Configurar-cuentas-de-correo-electronico.png\" srcset=\"https:\/\/uniremunicipios.com.ar\/manual\/wp-content\/uploads\/2021\/07\/Pasted-into-Configurar-cuentas-de-correo-electronico.png 567w, https:\/\/uniremunicipios.com.ar\/manual\/wp-content\/uploads\/2021\/07\/Pasted-into-Configurar-cuentas-de-correo-electronico-300x132.png 300w\" sizes=\"auto, (max-width: 567px) 100vw, 567px\" \/><\/p>\n<p>Clic en modifica nos permite ingresar la informaci\u00f3n necesaria para realizar la conexi\u00f3n<\/p>\n<p><img loading=\"lazy\" decoding=\"async\" width=\"469\" height=\"347\" class=\"alignnone wp-image-2526 size-full\" src=\"http:\/\/uniremunicipios.com.ar\/manual\/wp-content\/uploads\/2021\/07\/Pasted-into-Configurar-cuentas-de-correo-electronico-1.png\" srcset=\"https:\/\/uniremunicipios.com.ar\/manual\/wp-content\/uploads\/2021\/07\/Pasted-into-Configurar-cuentas-de-correo-electronico-1.png 469w, https:\/\/uniremunicipios.com.ar\/manual\/wp-content\/uploads\/2021\/07\/Pasted-into-Configurar-cuentas-de-correo-electronico-1-300x222.png 300w\" sizes=\"auto, (max-width: 469px) 100vw, 469px\" \/><\/p>\n<p>Al configurar cada \u00e1rea con su propio e-mail dar\u00e1 la posibilidad de chequear sus propias casillas de correo y verificar si se enviaron los e-mails o si recibieron respuestas.<\/p>\n<p>Vea tambi\u00e9n: <a href=\"http:\/\/uniremunicipios.com.ar\/manual\/?page_id=2530\">Verificar env\u00edo de e-mails<\/a><\/p>\n","protected":false},"excerpt":{"rendered":"<p>M\u00f3dulo: UNIRE CONFIG Men\u00fa: Sistema\/Correos electr\u00f3nicos\/Cuentas de env\u00edo Unire permite configurar las siguientes cuentas para enviar e-mails autom\u00e1ticos. Clic en modifica nos permite ingresar la informaci\u00f3n necesaria para realizar la conexi\u00f3n Al configurar cada \u00e1rea con su propio e-mail dar\u00e1 la posibilidad de chequear sus propias casillas de correo y verificar si se enviaron los [&hellip;]<\/p>\n","protected":false},"author":2,"featured_media":0,"parent":1703,"menu_order":0,"comment_status":"closed","ping_status":"closed","template":"","meta":{"footnotes":""},"class_list":["post-2524","page","type-page","status-publish","hentry"],"_links":{"self":[{"href":"https:\/\/uniremunicipios.com.ar\/manual\/index.php?rest_route=\/wp\/v2\/pages\/2524","targetHints":{"allow":["GET"]}}],"collection":[{"href":"https:\/\/uniremunicipios.com.ar\/manual\/index.php?rest_route=\/wp\/v2\/pages"}],"about":[{"href":"https:\/\/uniremunicipios.com.ar\/manual\/index.php?rest_route=\/wp\/v2\/types\/page"}],"author":[{"embeddable":true,"href":"https:\/\/uniremunicipios.com.ar\/manual\/index.php?rest_route=\/wp\/v2\/users\/2"}],"replies":[{"embeddable":true,"href":"https:\/\/uniremunicipios.com.ar\/manual\/index.php?rest_route=%2Fwp%2Fv2%2Fcomments&post=2524"}],"version-history":[{"count":4,"href":"https:\/\/uniremunicipios.com.ar\/manual\/index.php?rest_route=\/wp\/v2\/pages\/2524\/revisions"}],"predecessor-version":[{"id":2536,"href":"https:\/\/uniremunicipios.com.ar\/manual\/index.php?rest_route=\/wp\/v2\/pages\/2524\/revisions\/2536"}],"up":[{"embeddable":true,"href":"https:\/\/uniremunicipios.com.ar\/manual\/index.php?rest_route=\/wp\/v2\/pages\/1703"}],"wp:attachment":[{"href":"https:\/\/uniremunicipios.com.ar\/manual\/index.php?rest_route=%2Fwp%2Fv2%2Fmedia&parent=2524"}],"curies":[{"name":"wp","href":"https:\/\/api.w.org\/{rel}","templated":true}]}}