{"id":2543,"date":"2021-07-08T16:00:21","date_gmt":"2021-07-08T19:00:21","guid":{"rendered":"http:\/\/uniremunicipios.com.ar\/manual\/?page_id=2543"},"modified":"2021-11-12T10:49:13","modified_gmt":"2021-11-12T13:49:13","slug":"barra-de-botones","status":"publish","type":"page","link":"https:\/\/uniremunicipios.com.ar\/manual\/?page_id=2543","title":{"rendered":"Iconos primer pantalla. \u00a1Conocer d\u00f3nde nos llevan es fundamental para usar el sistema!(TD)"},"content":{"rendered":"<p>Es la misma en todos los m\u00f3dulos del sistema.<img loading=\"lazy\" decoding=\"async\" width=\"1020\" height=\"52\" class=\"alignnone wp-image-3375 size-full\" src=\"http:\/\/uniremunicipios.com.ar\/manual\/wp-content\/uploads\/2021\/11\/Pasted-into-Barra-de-botones.png\" srcset=\"https:\/\/uniremunicipios.com.ar\/manual\/wp-content\/uploads\/2021\/11\/Pasted-into-Barra-de-botones.png 1020w, https:\/\/uniremunicipios.com.ar\/manual\/wp-content\/uploads\/2021\/11\/Pasted-into-Barra-de-botones-300x15.png 300w, https:\/\/uniremunicipios.com.ar\/manual\/wp-content\/uploads\/2021\/11\/Pasted-into-Barra-de-botones-768x39.png 768w\" sizes=\"auto, (max-width: 1020px) 100vw, 1020px\" \/><\/p>\n<p>El bot\u00f3n Reportes nos lleva a un men\u00fa donde se despliega un men\u00fa de reportes general del sistema, que podr\u00e1 emitir si cuenta con el correspondiente permiso.<\/p>\n<p><img loading=\"lazy\" decoding=\"async\" width=\"606\" height=\"530\" class=\"alignnone wp-image-2546 size-full\" src=\"http:\/\/uniremunicipios.com.ar\/manual\/wp-content\/uploads\/2021\/07\/Pasted-into-Barra-de-botones-2.png\" srcset=\"https:\/\/uniremunicipios.com.ar\/manual\/wp-content\/uploads\/2021\/07\/Pasted-into-Barra-de-botones-2.png 606w, https:\/\/uniremunicipios.com.ar\/manual\/wp-content\/uploads\/2021\/07\/Pasted-into-Barra-de-botones-2-300x262.png 300w\" sizes=\"auto, (max-width: 606px) 100vw, 606px\" \/><\/p>\n<p>El b\u00f3t\u00f3n Tr\u00e1mites nos permite trabajar con EXPEDIENTES.<\/p>\n<p><img loading=\"lazy\" decoding=\"async\" width=\"266\" height=\"177\" class=\"alignnone wp-image-2545 size-full\" src=\"http:\/\/uniremunicipios.com.ar\/manual\/wp-content\/uploads\/2021\/07\/Pasted-into-Barra-de-botones-1.png\" \/><\/p>\n<p class=\"rvps5\"><span class=\"rvts12\">Inicio de expedientes: s\u00f3lo pueden iniciar quien tenga la autorizaci\u00f3n correspondiente.<\/span><\/p>\n<p class=\"rvps5\"><span class=\"rvts12\">Expedientes PENDIENTES por \u00c1rea: permite visualizar los expedientes pendientes.<\/span><\/p>\n<p class=\"rvps5\"><span class=\"rvts12\">Expedientes PROCESADOS por \u00c1rea: lista los expedientes ya procesados por el \u00e1rea.<\/span><\/p>\n<p class=\"rvps5\"><span class=\"rvts12\">Expedientes TODOS: muestra todos los expedientes activos y\/o terminados de todas las \u00e1reas, siendo \u00e9ste un resumen de todo el movimiento que existe en esta aplicaci\u00f3n \u201cexpedientes\u201d.<\/span><\/p>\n<p class=\"rvps5\"><span class=\"rvts12\">Cambio \u00c1rea: permite definir un \u00c1rea para consultar los Expedientes de las opciones anteriores. Esta opci\u00f3n normalmente est\u00e1 desactivada para los usuarios comunes.<\/span><\/p>\n<p>El bot\u00f3n Compras despliega el men\u00fa de\u00a0Requerimientos de Compras:<\/p>\n<p><img loading=\"lazy\" decoding=\"async\" width=\"462\" height=\"202\" class=\"alignnone wp-image-2547 size-full\" src=\"http:\/\/uniremunicipios.com.ar\/manual\/wp-content\/uploads\/2021\/07\/Pasted-into-Barra-de-botones-3.png\" srcset=\"https:\/\/uniremunicipios.com.ar\/manual\/wp-content\/uploads\/2021\/07\/Pasted-into-Barra-de-botones-3.png 462w, https:\/\/uniremunicipios.com.ar\/manual\/wp-content\/uploads\/2021\/07\/Pasted-into-Barra-de-botones-3-300x131.png 300w\" sizes=\"auto, (max-width: 462px) 100vw, 462px\" \/><\/p>\n<p>Ingreso de Vales por grupo de compras-Secretar\u00eda: es para emitir vales.<\/p>\n<p>Ingreso de requerimientos por grupo de compra-Secretar\u00eda: Este bot\u00f3n es muy utilizado por todo el municipio. Se lo encuentra en cualquier m\u00f3dulo para emitir el requerimiento de compra, o solicitud de compra.<\/p>\n<p>Balance de Presupuesto por grupo de compra-Secretar\u00eda: muestra el balance presupuestario, con la salvedad que lo podr\u00e1n hacer s\u00f3lo de su \u00e1rea, a excepci\u00f3n de aquellos que poseen los permisos necesarios para tener una vista completa.<\/p>\n<p>Con los siguientes botones ingresamos a los Bienes Imponibles del sistema<\/p>\n<p><img loading=\"lazy\" decoding=\"async\" width=\"324\" height=\"133\" class=\"alignnone wp-image-2549 size-full\" src=\"http:\/\/uniremunicipios.com.ar\/manual\/wp-content\/uploads\/2021\/07\/Pasted-into-Barra-de-botones-5.png\" srcset=\"https:\/\/uniremunicipios.com.ar\/manual\/wp-content\/uploads\/2021\/07\/Pasted-into-Barra-de-botones-5.png 324w, https:\/\/uniremunicipios.com.ar\/manual\/wp-content\/uploads\/2021\/07\/Pasted-into-Barra-de-botones-5-300x123.png 300w\" sizes=\"auto, (max-width: 324px) 100vw, 324px\" \/><\/p>\n<p>El bot\u00f3n Inmuebles:\u00a0Permite navegar r\u00e1pidamente por los inmuebles Urbanos, Rurales o del Cementerio del municipio.<\/p>\n<p>Los botones Comercios, Empresas, Veh\u00edculos y Personas f\u00edsicas nos mostrar\u00e1 una ventana con los comercios, empresas, veh\u00edculos y personas registradas en el municipio.<\/p>\n<p><img loading=\"lazy\" decoding=\"async\" width=\"67\" height=\"51\" class=\"alignnone wp-image-2550 size-full\" src=\"http:\/\/uniremunicipios.com.ar\/manual\/wp-content\/uploads\/2021\/07\/Pasted-into-Barra-de-botones-6.png\" \/><\/p>\n<p>El bot\u00f3n Personas f\u00edsicas\/jur\u00eddicas (imagen anterior) nos permite consultar y\/o modificar cualquier tipo de persona registrado en el sistema<\/p>\n<p><img loading=\"lazy\" decoding=\"async\" width=\"55\" height=\"47\" class=\"alignnone wp-image-3377 size-full\" src=\"http:\/\/uniremunicipios.com.ar\/manual\/wp-content\/uploads\/2021\/11\/Pasted-into-Barra-de-botones-1.png\" \/><\/p>\n<p>El bot\u00f3n Eventuales permite al operador habilitado emitir un recibo de tipo eventual. Este bot\u00f3n no siempre est\u00e1 habilitado pues s\u00f3lo tienen acceso a su operatoria los responsables de sectores espec\u00edficos.<\/p>\n<p><img loading=\"lazy\" decoding=\"async\" width=\"401\" height=\"143\" class=\"alignnone wp-image-3378 size-full\" src=\"http:\/\/uniremunicipios.com.ar\/manual\/wp-content\/uploads\/2021\/11\/Pasted-into-Barra-de-botones-2.png\" srcset=\"https:\/\/uniremunicipios.com.ar\/manual\/wp-content\/uploads\/2021\/11\/Pasted-into-Barra-de-botones-2.png 401w, https:\/\/uniremunicipios.com.ar\/manual\/wp-content\/uploads\/2021\/11\/Pasted-into-Barra-de-botones-2-300x107.png 300w\" sizes=\"auto, (max-width: 401px) 100vw, 401px\" \/><\/p>\n<p>Carga Parte Diario, permisos de salidas, solicitudes y consultas horas extras<\/p>\n<p>&nbsp;<\/p>\n<p><img loading=\"lazy\" decoding=\"async\" width=\"215\" height=\"159\" class=\"alignnone wp-image-3379 size-full\" src=\"http:\/\/uniremunicipios.com.ar\/manual\/wp-content\/uploads\/2021\/11\/Pasted-into-Barra-de-botones-3.png\" \/><\/p>\n<p>Ingresos desde cualquier m\u00f3dulo de infracciones, denuncias, inspecciones y otros, para quienes lo tengan autorizado<\/p>\n<p><img loading=\"lazy\" decoding=\"async\" width=\"66\" height=\"48\" class=\"alignnone wp-image-2553 size-full\" src=\"http:\/\/uniremunicipios.com.ar\/manual\/wp-content\/uploads\/2021\/07\/Pasted-into-Barra-de-botones-8.png\" \/><\/p>\n<p>El bot\u00f3n Digesto sirve para buscar en el Digesto Municipal o Comunal\u00a0 ya sean ordenanzas, decretos, etc.; obviamente que para ello deben estar cargadas al sistema y con el ordenamiento necesario para realizar el rastreo que se pueda solicitar.<\/p>\n<p>El bot\u00f3n FX Generales nos da las siguientes opciones<\/p>\n<p><img loading=\"lazy\" decoding=\"async\" width=\"342\" height=\"268\" class=\"alignnone wp-image-2555 size-full\" src=\"http:\/\/uniremunicipios.com.ar\/manual\/wp-content\/uploads\/2021\/07\/Pasted-into-Barra-de-botones-10.png\" srcset=\"https:\/\/uniremunicipios.com.ar\/manual\/wp-content\/uploads\/2021\/07\/Pasted-into-Barra-de-botones-10.png 342w, https:\/\/uniremunicipios.com.ar\/manual\/wp-content\/uploads\/2021\/07\/Pasted-into-Barra-de-botones-10-300x235.png 300w\" sizes=\"auto, (max-width: 342px) 100vw, 342px\" \/><\/p>\n<p>Swich-ingreso a la configuraci\u00f3n de permisos de men\u00fa: lo utilizan s\u00f3lo los supervisores u operadores con los permisos respectivos. Esto se debe a que ellos necesitan tener acceso a distintas \u00e1reas para dar respuesta y\/o soluciones inmediatas.<\/p>\n<p>Cambio de palabra clave: Permite cambiar de contrase\u00f1a del operador.<\/p>\n<p><img loading=\"lazy\" decoding=\"async\" width=\"192\" height=\"28\" class=\"alignnone wp-image-2556 size-full\" src=\"http:\/\/uniremunicipios.com.ar\/manual\/wp-content\/uploads\/2021\/07\/Pasted-into-Barra-de-botones-11.png\" \/>Esta opci\u00f3n abrir\u00e1 el programa AnyDesk para que alg\u00fan t\u00e9cnico de Unire pueda conectarse a su computadora y poder verificar lo que est\u00e1 haciendo y ayudar a resolver problemas y\/o capacitar en el uso del sistema.<\/p>\n<p>&nbsp;<\/p>\n","protected":false},"excerpt":{"rendered":"<p>Es la misma en todos los m\u00f3dulos del sistema. El bot\u00f3n Reportes nos lleva a un men\u00fa donde se despliega un men\u00fa de reportes general del sistema, que podr\u00e1 emitir si cuenta con el correspondiente permiso. El b\u00f3t\u00f3n Tr\u00e1mites nos permite trabajar con EXPEDIENTES. Inicio de expedientes: s\u00f3lo pueden iniciar quien tenga la autorizaci\u00f3n correspondiente. [&hellip;]<\/p>\n","protected":false},"author":2,"featured_media":0,"parent":2537,"menu_order":0,"comment_status":"closed","ping_status":"closed","template":"","meta":{"footnotes":""},"class_list":["post-2543","page","type-page","status-publish","hentry"],"_links":{"self":[{"href":"https:\/\/uniremunicipios.com.ar\/manual\/index.php?rest_route=\/wp\/v2\/pages\/2543","targetHints":{"allow":["GET"]}}],"collection":[{"href":"https:\/\/uniremunicipios.com.ar\/manual\/index.php?rest_route=\/wp\/v2\/pages"}],"about":[{"href":"https:\/\/uniremunicipios.com.ar\/manual\/index.php?rest_route=\/wp\/v2\/types\/page"}],"author":[{"embeddable":true,"href":"https:\/\/uniremunicipios.com.ar\/manual\/index.php?rest_route=\/wp\/v2\/users\/2"}],"replies":[{"embeddable":true,"href":"https:\/\/uniremunicipios.com.ar\/manual\/index.php?rest_route=%2Fwp%2Fv2%2Fcomments&post=2543"}],"version-history":[{"count":10,"href":"https:\/\/uniremunicipios.com.ar\/manual\/index.php?rest_route=\/wp\/v2\/pages\/2543\/revisions"}],"predecessor-version":[{"id":3427,"href":"https:\/\/uniremunicipios.com.ar\/manual\/index.php?rest_route=\/wp\/v2\/pages\/2543\/revisions\/3427"}],"up":[{"embeddable":true,"href":"https:\/\/uniremunicipios.com.ar\/manual\/index.php?rest_route=\/wp\/v2\/pages\/2537"}],"wp:attachment":[{"href":"https:\/\/uniremunicipios.com.ar\/manual\/index.php?rest_route=%2Fwp%2Fv2%2Fmedia&parent=2543"}],"curies":[{"name":"wp","href":"https:\/\/api.w.org\/{rel}","templated":true}]}}