{"id":2582,"date":"2021-08-02T09:40:46","date_gmt":"2021-08-02T12:40:46","guid":{"rendered":"http:\/\/uniremunicipios.com.ar\/manual\/?page_id=2582"},"modified":"2021-08-18T10:25:32","modified_gmt":"2021-08-18T13:25:32","slug":"pago-a-proveedores-por-transferencia-electronica-rtransfe","status":"publish","type":"page","link":"https:\/\/uniremunicipios.com.ar\/manual\/?page_id=2582","title":{"rendered":"Pago a proveedores por Transferencia electronica RTRANSFE"},"content":{"rendered":"<p><iframe loading=\"lazy\" title=\"Proveedores - Transferencia electr\u00f3nica\" width=\"500\" height=\"281\" src=\"https:\/\/www.youtube.com\/embed\/BaXhLrfIPvI?feature=oembed\" frameborder=\"0\" allow=\"accelerometer; autoplay; clipboard-write; encrypted-media; gyroscope; picture-in-picture; web-share\" referrerpolicy=\"strict-origin-when-cross-origin\" allowfullscreen><\/iframe><\/p>\n<p>Si est\u00e1 instalado lo encontrar\u00e1 en el bot\u00f3n Impresora en el tema: TESORERIA (Si no lo encuentra solicite a Unire lo agregue)<\/p>\n<p>Los proveedores deben tener cargado:<\/p>\n<ul>\n<li>E-MAIL<\/li>\n<li>CBU<\/li>\n<\/ul>\n<p>Al ejecutarlo se solicita FECHA A PROCESAR. Es la fecha de los pagos que queremos enviar al banco.<\/p>\n<p>Luego, fecha de procesamiento por el banco. Debe ser el d\u00eda siguiente o siguiente d\u00eda h\u00e1bil.\u00a0 Los pagos no son inmediatos, salen reci\u00e9n el d\u00eda h\u00e1bil siguiente.<\/p>\n<p>Si se encuentran errores si genera un archivo donde se informa los errores que se guardar\u00e1 en C:\\PSPUESTO\\ARCHIVOS.<\/p>\n<p>Luego se pedir\u00e1 si genera el archivo aunque est\u00e9n los errores, con lo cual los pagos que tienen errores no se incluir\u00e1n en el archivo.<\/p>\n<p>o puede elegir no generar el archivo, corregir los errores y luego ejecutar nuevamente.<\/p>\n<p><strong>Se puede enviar un solo archivo por d\u00eda.<\/strong><\/p>\n<p><strong>Los pagos procesados son marcados como ENTREGADOS.<\/strong><\/p>\n<p><img loading=\"lazy\" decoding=\"async\" width=\"794\" height=\"232\" class=\"alignnone wp-image-2586 size-full\" src=\"http:\/\/uniremunicipios.com.ar\/manual\/wp-content\/uploads\/2021\/08\/Pasted-into-Pago-a-proveedores-por-Transferencia-electronica-RTRANSFE.png\" srcset=\"https:\/\/uniremunicipios.com.ar\/manual\/wp-content\/uploads\/2021\/08\/Pasted-into-Pago-a-proveedores-por-Transferencia-electronica-RTRANSFE.png 794w, https:\/\/uniremunicipios.com.ar\/manual\/wp-content\/uploads\/2021\/08\/Pasted-into-Pago-a-proveedores-por-Transferencia-electronica-RTRANSFE-300x88.png 300w, https:\/\/uniremunicipios.com.ar\/manual\/wp-content\/uploads\/2021\/08\/Pasted-into-Pago-a-proveedores-por-Transferencia-electronica-RTRANSFE-768x224.png 768w\" sizes=\"auto, (max-width: 794px) 100vw, 794px\" \/><\/p>\n","protected":false},"excerpt":{"rendered":"<p>Si est\u00e1 instalado lo encontrar\u00e1 en el bot\u00f3n Impresora en el tema: TESORERIA (Si no lo encuentra solicite a Unire lo agregue) Los proveedores deben tener cargado: E-MAIL CBU Al ejecutarlo se solicita FECHA A PROCESAR. Es la fecha de los pagos que queremos enviar al banco. Luego, fecha de procesamiento por el banco. Debe [&hellip;]<\/p>\n","protected":false},"author":2,"featured_media":0,"parent":194,"menu_order":0,"comment_status":"closed","ping_status":"closed","template":"","meta":{"footnotes":""},"class_list":["post-2582","page","type-page","status-publish","hentry"],"_links":{"self":[{"href":"https:\/\/uniremunicipios.com.ar\/manual\/index.php?rest_route=\/wp\/v2\/pages\/2582","targetHints":{"allow":["GET"]}}],"collection":[{"href":"https:\/\/uniremunicipios.com.ar\/manual\/index.php?rest_route=\/wp\/v2\/pages"}],"about":[{"href":"https:\/\/uniremunicipios.com.ar\/manual\/index.php?rest_route=\/wp\/v2\/types\/page"}],"author":[{"embeddable":true,"href":"https:\/\/uniremunicipios.com.ar\/manual\/index.php?rest_route=\/wp\/v2\/users\/2"}],"replies":[{"embeddable":true,"href":"https:\/\/uniremunicipios.com.ar\/manual\/index.php?rest_route=%2Fwp%2Fv2%2Fcomments&post=2582"}],"version-history":[{"count":2,"href":"https:\/\/uniremunicipios.com.ar\/manual\/index.php?rest_route=\/wp\/v2\/pages\/2582\/revisions"}],"predecessor-version":[{"id":2915,"href":"https:\/\/uniremunicipios.com.ar\/manual\/index.php?rest_route=\/wp\/v2\/pages\/2582\/revisions\/2915"}],"up":[{"embeddable":true,"href":"https:\/\/uniremunicipios.com.ar\/manual\/index.php?rest_route=\/wp\/v2\/pages\/194"}],"wp:attachment":[{"href":"https:\/\/uniremunicipios.com.ar\/manual\/index.php?rest_route=%2Fwp%2Fv2%2Fmedia&parent=2582"}],"curies":[{"name":"wp","href":"https:\/\/api.w.org\/{rel}","templated":true}]}}