{"id":260,"date":"2019-06-04T09:22:05","date_gmt":"2019-06-04T12:22:05","guid":{"rendered":"http:\/\/uniremunicipios.com.ar\/manual\/?page_id=260"},"modified":"2021-08-03T16:16:20","modified_gmt":"2021-08-03T19:16:20","slug":"tablas-banco","status":"publish","type":"page","link":"https:\/\/uniremunicipios.com.ar\/manual\/?page_id=260","title":{"rendered":"Tablas Banco"},"content":{"rendered":"<p>En <strong>TABLAS<\/strong> se encuentra el siguiente men\u00fa:<\/p>\n<p><img decoding=\"async\" src=\"data:image\/png;base64,iVBORw0KGgoAAAANSUhEUgAAAPAAAABwCAYAAAAg5f1KAAAKnklEQVR4Ae1cS7IUNxAEB7eBCLOzj8Cx4FYsWZqdiTDnwVM853NSr6qlUfd0l7pTEQ+1sr7KUk0P83v94za+f\/v6SkMMiIH5GPhtvpSVsRgQA2BADQwmNIuBCRlQA09YNKUsBsDAG1xUmN+9\/\/OXNP75+69f1msW5nsLf4\/MsXd\/W+2lN5706jJQpoFnOpT8QHBE3hy\/7tFSZnswUKKBl5rAy3ht1xg41IyZDLhdQwYM60zP47ZeGpE\/xswWse2aZcAzzOQm4znzsYSbTOM8DJRo4BE6cZhhy2s0g8ky3GSRHuubTjRMB4N98DX7iXCWw5fNka7h9+hnuuZH41wMTNvAVgY7qGtGZt9qgKUmW5OP2WY5cUyOkem39sA+dD0vA1M3cHaoe8rhDzgaAT79uuUz89eyY\/m9PjL90T1wLrqeg4ESbyPZgUPDjNK21t7HRRN4fKb1GfYwE99H5FrmDhw1sWERbkR53NZLg\/Xtmtdsxw8Emc9IJ\/PHvvna69vaY6wfXWf6UX6RvbD5GXitz0LPX0Tt4LoMlLgD8x3Dl8LuMhpiQAzEDJRoYDVpXByhYqDFQIkXsVpJSi4GxEDMgBo45kWoGJiCATXwFGVSkmIgZkANHPMiVAxMwYAaeIoyKUkxEDOgBo55ESoGpmBADTxFmZSkGIgZUAPHvAgVA1MwoAaeokxKUgzEDKiBY16EioEpGCjxUUr\/WWh9tHKKs6MkCzBQooGNB25aa2heF+BJKYiBkgyUaeCMHb47o6kZMzvgds0y4BGW6RquIQZmYaBMA2dNhiY0Qk0Ha8yMsxwF8BjWmKGnWQzMyECZBo4a0gi1RnvUUBM\/iln53YuBMg0cbdg32JbNjAcM+MQ6ykOYGKjKwOXfRlLjVj2ayquHgTJ3YNwJLWk0lc2Mtzbk9W0dYeaH\/ZqOhhiYkQH9qN2MVVPOYuA\/BkrcgfluyJXRnZHZ0LUYeMlAiQZWo74sjBAx0MPA5V\/E6iFJOmKgKgNq4KqVUV5ioIMBNXAHSVIRA1UZUANXrYzyEgMdDKiBO0iSihioyoAauGpllJcY6GBADdxBklTEQFUG1MBVK6O8xEAHA2rgDpKkIgaqMnDqBs4+opkV4179zE8PvnWsrf317MF09o67d7xeHo7SK9HAVhT\/t0SIL6JfL9lKNicDqnFctxKfhbbU1nweeo1tTIvQagyoxnFFyjRwlJ5\/1OUiQmaYXUMG3PtjHLqmwzjbMJ7pMw7byC7CfGz4Ml27xpzpeRzxPb7WL+wz\/xme2Y3sbdQGuWX8Qz7zXKaBM5L5IPChZhwFYLlhmU\/oYWZ72LF\/6GGGvp8jucd4HcWI4kd67Ac2mCP9SBbpeb9mx8PLbW0jwtk\/fLAeX7MPj8MWM\/uFLmboYI0Z+NnmMg3MRXkEyVbIe0amv8eB8FxkudyzH9Pt9Tu6x548e3O4d29L+qP7WfJZRVamgR9JiC\/gyEGz\/HD4YI91tdx78sk4wZ5G9gjbnvjQGbGBbc8M\/yP76fF\/tE6JV6GPJqEVH8WHHg4F1mec1+7Rc9bD0YhNj1\/TWbuf3jh765W5A\/viLRFuMuizHuNM5FocMRDTfANbimM6PjbbtfwhDushnveb4RwPOkt+OVZkuzbuUg6I52MAh22UY2YT6cLPGWb9qN0Zqqg9XJaBEndgfpTkSvhHXpbpWgyIgVevSjSwGlVHUQyMMaAXscZ4k5UYKMGAGrhEGZSEGBhjQA08xpusxEAJBtTAJcqgJMTAGANq4DHeZCUGSjCgBi5RBiUhBsYYeH4b6e3vf4x5kJUYEAOHMfDcwN+\/fT0sCQUWA2JgjAE9hR7jTVZioAQDauASZVASYmCMATXwGG+yEgMlGFADlyiDkhADYwxcroGzbz6N0ddndURMZHZkbOSg+XEMPL8K\/bgQbc\/RIcMXtI\/8phLy4hwirL3DJw2zZV+9dl4POQDfwid8teYjY7dyu6K8RAPjAPoDDvwshdliP56jI7jhfVTI5wgOqsQs0cAZGTgcNvPwBwgyxoHZ7O0hYzyzNZzzwLrlg32zLuKwHJjpZThkrAu\/mDPbCDcMe4HPSA++e+bMnnHzs1W8npzOrlO6gZl8FN2w6PAxznbQBYbDFOEcA\/pLc+YjwtlPJLfYHmeb1rW35TXvi\/Hs2mKxrBUb8iiO92NrGxHO9vCpeZmBaRp4eRtjUhymlvVSc\/X6aMWA3B9s4I+YexqG9wf9CLP8GH9EvvL5koFLNzAO5Eta+pEtfCAafKERsIb8iDnKIcIsZ8axhyNyvlLMy72NlBW3deD4cI76yOw8nsUyvJWn96X1uRmY5g7MBxcH3B9o4FwyrwOZxyNb6GZz5sPj3t7LETvaY8vW5Gaf+TT5iF\/kZPY9w8eHTS9+bzz4v\/o8xe9C2wFUgc9xVFXLbetY4g7MdwjenpqW2Zj3muurmm5bxynuwNtuWd7EwHkY0ItY56mldnJBBtTAFyy6tnweBtTA56mldnJBBtTAFyy6tnweBtTA56mldnJBBtTAFyy6tnweBp7fB9bvQp+nqNrJdRh4bmD9LvR1iq6dnocBPYU+Ty21kwsyoAa+YNG15fMwoAY+Ty21kwsyoAa+YNG15fMwMNzAb29f8eO\/SpTYt1\/4GzAVclubz1r7Chz4HM64J7\/HR6+fX4XOAvWQ\/ONmbM38\/fbF8jXDxxr56pn5YDu\/XpNfr62P6de9fvbQG81t1G50TxaPB9fYcMgZz7BIB74zGePQrTA3G9iSzJJ\/9\/7zTfrRVH6ONU38qAOR5Y6cHzH7mH79iJijPivn5vfEuW5xXpZ8eJlf+9yOWnc1sCWHDdj8ND7eGvvDDf\/4885rzTs64Duz\/z\/m\/w8mjJmdLy4w9h3ZsNxssPYzZDbbiOIBh62t7RoDNoyZDDj0MHu9CO+xZR32abitIfcyi8eYraHLMmCsC8z0eLBOhme2rM\/X5hM2fG06hnvM8Agz3EYky\/w8WRz3b3cDg6CnjXy+EfPhl6zt6TP+T7z2qTQ79mTyGjmZfobDF8uhD1k2e5sontdhX17G68hXy9bk7CNaw0fk39tCN\/LDupEvs8nwyF+EWYwMZ98\/lW7\/QN\/WkRx6V5q7GxgFxdNmu\/OenUS\/Pz5ARx6SnjwyHdQxyj+ziXS3xnpicz2W9uFzM7t79L195XV3A4O8pzvvr3ffyhvcKjd\/AHoO3FaxvR\/UwuNYZ7nCDrljDTu\/Br7HPBobe8Fsufr975H\/UTG630YCQTbjj5PG\/4FHnj5b8eCffeq6zcAIbz3NMuK3nW2fxr2xbT\/8F0XxZ8yv2SaSWU6GVxsDd+CXm0DzrtlcRJphHh8l0ftBrhkOOeZMz+O2xliSQSebvS30PM7xMh3g3Bjerscv\/NjM+nbNa8hZHxjnAHmPremyrdmsHT6u+YNfLwO+NubW9s1fpWTSsuD2PrCNkbvvk+X+\/9q+qhZlfzYUcVYGmnfg7JD7u+6jmjd7AMnyWioE+xqxX\/ItmRg4goHmHfiIpBRTDIiBPga6X8TqcyctMSAG9mRADbwn24olBjZmQA28MaFyJwb2ZEANvCfbiiUGNmZADbwxoXInBvZk4M2nT5\/2jKdYYkAMbMjAmy9fvmzoTq7EgBjYk4F\/AaJKDJzezACZAAAAAElFTkSuQmCC\" \/><\/p>\n<p><img loading=\"lazy\" decoding=\"async\" width=\"690\" height=\"520\" class=\"alignnone wp-image-2599 size-full\" src=\"http:\/\/uniremunicipios.com.ar\/manual\/wp-content\/uploads\/2021\/08\/Pasted-into-Tablas-Banco.png\" srcset=\"https:\/\/uniremunicipios.com.ar\/manual\/wp-content\/uploads\/2021\/08\/Pasted-into-Tablas-Banco.png 690w, https:\/\/uniremunicipios.com.ar\/manual\/wp-content\/uploads\/2021\/08\/Pasted-into-Tablas-Banco-300x226.png 300w\" sizes=\"auto, (max-width: 690px) 100vw, 690px\" \/><\/p>\n<p>En el primer \u00edtem se detallan las cuentas bancarias y tal como muestra el ejemplo se deben completar los campos que se solicitan. Hay que tener en cuenta que en la parte superior se encuentran dos pesta\u00f1as, la primera, en la cual es muy importante completar la imputaci\u00f3n contable que se utiliza tanto para la cuenta como comisi\u00f3n e IVA. Tambi\u00e9n se encuentra la ubicaci\u00f3n donde va el archivo bancario que se utilizar\u00e1 para la conciliaci\u00f3n bancaria. El grupo de numeraci\u00f3n y formato est\u00e1 atado al banco, ya que cada entidad maneja sus propios formatos.<\/p>\n<p>En el espacio de Cheque diferido debemos cargar una imputaci\u00f3n especial para los cheques diferidos o bien la misma imputaci\u00f3n del Banco, tener en cuenta que si se paga un cheque con fecha de un d\u00eda m\u00e1s que el d\u00eda en que se est\u00e1 emitiendo el cheque, (emito el cheque el d\u00eda 03 de agosto y sin querer o a prop\u00f3sito le pongo fecha 04 de agosto en adelante) el sistema lo toma como diferido, y en caso de encontrarse vac\u00eda la imputaci\u00f3n en esta pesta\u00f1a generar\u00e1 el asiento sin ninguna imputaci\u00f3n, por lo cual es muy importante tener una imputaci\u00f3n en dicho espacio, la del banco o una especial que se cree para dicho banco-pagos diferidos.<\/p>\n<p>En la segunda pesta\u00f1a: impresi\u00f3n cheques, por defecto el sistema trae la configuraci\u00f3n que posee el Nuevo Banco de Santa Fe, para sus cheques continuos. S\u00f3lo hay que presionar el bot\u00f3n <img decoding=\"async\" src=\"data:image\/png;base64,iVBORw0KGgoAAAANSUhEUgAAAJsAAAAcCAYAAAB21M3sAAACTUlEQVR4Ae2ay07DMBBFKernsGDJR7NgybJL2IEE3wMdpCNdWZ68GsaJM5aisec915dUBU5fH28\/d7kSgQAE7gNqZIlE4A+BJFsSIQyB0891hVXLQodG4Pz9+X5oAHL4OATyYzQO68NXSrIdngJxACTZ4rA+fKUk2+EpEAdAki0O68NXakq2h8enSRcw1W9SshudonqxOjw3tuyGR81CA03JRhNj8vontTGXruxGApuZR0mh+8ih16jbjGwAusYQkaC3qNXLD9u5BXhjNSEgIENMi8NGDvPBjo240l\/1xBNbO5PPbF4scdiJKc9ljtKPPFOk9kwezY8dG72YD7qyjurxR6dn9mX8lHMTstkQNG1Sz97ehlEbZ4ZUm+6pg7+eifWk+mrOWi61E6c6jVG97unD4k3PIl\/trDbNVdurznJ5NdRP8+ueXubIJmQbatAGYtg5w3m+CmitrtajLn5jsfgNyVoOren1rfqyL61Xy292jVd\/b+\/l8fyX6JuRbWg4vYwlQxFTXtJQTWKQt8SSw6R36WvMuFaPa+XRuWv78C8IDGZg62N6W0guo9b02jpqmfzPxWxI6pY1sZf6vZ+bvdk84PQCystXmxev+rn+c2LL3GWvlsvzUf2cOM1pcZpHe\/f2nr+n1zz4mFy6Ttfg3f4\/m70Bbhl+KWgZtwyBzb3ZhsYoP16SaENobc+2K7IlubZHoDkdhX9BmNNc+vaFQJKtr\/vc9DRJtk1fT1\/NnZ9fXvuaKKfZLALny+Wy2eaysb4Q2PXv2fq6iv6n+QXvMV0kx+eb4AAAAABJRU5ErkJggg==\" \/>\u00a0. A partir de estos registros se puede modificar los valores.<\/p>\n<p>Tambi\u00e9n es para tener en cuenta, dependiendo del tipo de cheques a emitir, el tilde a utilizar en <img decoding=\"async\" src=\"data:image\/png;base64,iVBORw0KGgoAAAANSUhEUgAAATQAAAAbCAYAAADyDHPIAAADvUlEQVR4Ae1cMY4UQQy8Q\/wGJMjgCYQE\/GdTQgKeQUBIthtCBhK8B85IJZV87Rl7unv3drZGQu22y2V39Zy1cFruf\/\/8\/vdOjxSQAlJgBwo828EZdAQpIAWkwH8FNND0IkgBKbAbBTTQdnOVOogUkAIaaHoHpIAU2I0CGmi7uUodRApIAQ00vQNSQArsRgENtN1cpQ4iBaTA8x4Jvnz9Vko\/HA53f379KOUILAWkgBTIKtA10KzI6XRK1fr86WMKJ5AUkAJSYKsC3QPNCh+Px9X6lU9mL1+\/vXv4BsMqZxYwmq9Vt1Kjgm3Veqq+vZ7L9K6crYJdu8uRXGu1qufM8G3B2JnxVOfATfwbWlUUiKl1PwrwD8nsU41830ZyzT73CH4McDu3\/ane200MtBFCi0MKSIH5CvQO8CF\/5Zx5TJ7QPLFxcI5bH96PHKzolffIsRjzsR95WQzwS3yIcR34LD\/yI2ZYj8E+4kFftrYw4EQMfJwX5XpMC9fihc\/wqOd92CPe4obPMBEe+YhzTbP5YUzkB5+Pcw8W4z1yPL\/3IwcravAeORZjPvjhwx4cEZ7jsMGBPXNxLPJbHmIRHty965MfaF4MFgY2VsOaYNhjZZHgYxxsrMD7vedv7ZHbijFfy2Yf57f8XMfbLTzODewShmNsZ3KB4RW1mQs2VuB5vzWPOdhu8VldxrT6AAYreFp75GMFlmuwjbjnYn+GizkzXEt41OOV++Hclp\/j6AVrC8912PY8HIvsqxhoUfMz\/Cbi2pPBtDj4Mtlm7FZu5jA7wxNhot64RpTLmNl21EOm\/57eoro9nCNyq31V8a0eR3BEvFvuUQPNqZkRMYNxtOntKO4MTwYTNd6TG3FW\/Zfq4VJ11\/Sp9lXF+\/o2zJhj1nDzdZf2+qXAgjqZC8pgUKKCtZwKfgm7FNvaG\/KqfXLeSDtzxpH1wHWpuqgfrdW+qvio7ig\/D8oK5y4+ofFlbBXCRLPcNa4MBhdQwS7V9zwtfsawDV7kYM1ggPVrT+4ormoPwNsKG73Y3j8eg7j3t3KBzaxr71uGwzDVvqr4Vp+eA71m\/YaLHqu3FI\/y7h+SNv8X3PbVpw\/v30Xcj\/wvXr0Z\/tWnrQd\/1NwVOW7xzFd0PelWr+Uee\/vszU8L+gDs+oRm383UIwWkgBRgBWyA8bPlkxbnV+yuT2iVQsJKASkgBWYroF8KzFZY\/FJACpxNAQ20s0mtQlJACsxWQANttsLilwJS4GwKaKCdTWoVkgJSYLYCGmizFRa\/FJACZ1PgH3g8Wyp4Htl4AAAAAElFTkSuQmCC\" \/>\u00a0, ya que si son continuos a utilizar en una impresora matricial no causa ning\u00fan inconveniente, mientras que las l\u00e1ser o chorro a tinta la ubicaci\u00f3n del papel se complica seg\u00fan el tama\u00f1o (por ejemplo imprimir un solo cheque es posible que salga incorrecto).<\/p>\n<p>Tambi\u00e9n hay que saber que posicionado en la cuenta bancaria presionando el bot\u00f3n <img decoding=\"async\" src=\"data:image\/png;base64,iVBORw0KGgoAAAANSUhEUgAAAB4AAAAkCAYAAACe0YppAAABAUlEQVRYCe2WMQ6DMAxFQ9XjMHTsMTr0QByIocdgZOA+Laa1ZFnE5NtqMzSREDbEft+GBLplnp6pwjhVYG7IBv5Z51urW6u\/1gHXyzVeromOyDgjwf3jDRs+QewvtwlJs82FK5YQaaNkGKwBXjgM5vaSALKlr0VZPgSm6mSF0rYge\/cgsLe6MJgSSLi095Jb1zrPHwiv4fuMLyMW4wJzcORsbiBcGQoo6YQJJqCVpFfb5vrYirfSQ7BVLYG8wwXWlTIcEeICIwAWpc9F4FyFOhkiqAiMJNRicn4ROBesO4EIPASPaslIEYN0Vtuaq6amajsX9HXSqiN+A0e6B8X+X6tfJIhFrSgBSQAAAAAASUVORK5CYII=\" \/>\u00a0, se pueden ver los cheques emitidos por esa cuenta, imprimirlos o reimprimirlos, realizar reportes, etc.<\/p>\n<p>&nbsp;<\/p>\n<p>&nbsp;<\/p>\n<p>En <strong>Bancos<\/strong> se hallan los nombres tabulados de estos.<\/p>\n<p>&nbsp;<\/p>\n<p>Las <strong>entidades cobradoras<\/strong> son el detalle a trav\u00e9s del cual los cajeros\/tesoreros pueden registrar el cobro de los recibos emitidos por UNIRE.<\/p>\n<p>Cuando se ingresa una entidad de cobro el sistema solicita datos esenciales para la operatividad del sistema.<\/p>\n<p><img loading=\"lazy\" decoding=\"async\" width=\"586\" height=\"101\" class=\"alignnone wp-image-2600 size-full\" src=\"http:\/\/uniremunicipios.com.ar\/manual\/wp-content\/uploads\/2021\/08\/Pasted-into-Tablas-Banco-1.png\" srcset=\"https:\/\/uniremunicipios.com.ar\/manual\/wp-content\/uploads\/2021\/08\/Pasted-into-Tablas-Banco-1.png 586w, https:\/\/uniremunicipios.com.ar\/manual\/wp-content\/uploads\/2021\/08\/Pasted-into-Tablas-Banco-1-300x52.png 300w\" sizes=\"auto, (max-width: 586px) 100vw, 586px\" \/><\/p>\n<p>Como muestra esta presentaci\u00f3n se coloca el nombre de la entidad recaudadora, si tienen un porcentaje ya definido y fijo en la cobranza de recibos, la ubicaci\u00f3n donde el operador guardar\u00e1 los archivos bancarios que luego procesar\u00e1.<\/p>\n<p><img loading=\"lazy\" decoding=\"async\" width=\"582\" height=\"358\" class=\"alignnone wp-image-2601 size-full\" src=\"http:\/\/uniremunicipios.com.ar\/manual\/wp-content\/uploads\/2021\/08\/Pasted-into-Tablas-Banco-2.png\" srcset=\"https:\/\/uniremunicipios.com.ar\/manual\/wp-content\/uploads\/2021\/08\/Pasted-into-Tablas-Banco-2.png 582w, https:\/\/uniremunicipios.com.ar\/manual\/wp-content\/uploads\/2021\/08\/Pasted-into-Tablas-Banco-2-300x185.png 300w\" sizes=\"auto, (max-width: 582px) 100vw, 582px\" \/><\/p>\n<p>La posici\u00f3n del ID que hace referencia, es donde se encuentra en el archivo bancario el ID que identifica el recibo de UNIRE de cada contribuyente de la municipalidad (se debe tomar dos d\u00edgitos m\u00e1s hacia la izquierda). Luego se debe ubicar la fecha de cobro y su formato.<\/p>\n<p>En identificaci\u00f3n de datos, el car\u00e1cter que inicia cada registro y siempre deber\u00eda ser en la posici\u00f3n 1, ya que UNIRE comienza a leer los renglones donde est\u00e1 este dato. Luego de igual manera completar donde se encuentran los importes.<\/p>\n<p><img loading=\"lazy\" decoding=\"async\" width=\"625\" height=\"195\" class=\"alignnone wp-image-2602 size-full\" src=\"http:\/\/uniremunicipios.com.ar\/manual\/wp-content\/uploads\/2021\/08\/Pasted-into-Tablas-Banco-3.png\" srcset=\"https:\/\/uniremunicipios.com.ar\/manual\/wp-content\/uploads\/2021\/08\/Pasted-into-Tablas-Banco-3.png 625w, https:\/\/uniremunicipios.com.ar\/manual\/wp-content\/uploads\/2021\/08\/Pasted-into-Tablas-Banco-3-300x94.png 300w\" sizes=\"auto, (max-width: 625px) 100vw, 625px\" \/><\/p>\n<p>Por \u00faltimo, se registran los impuestos o tributos que se cobrar\u00e1n por esta entidad cobradora y a la cuenta que ir\u00e1 depositado.<\/p>\n<p>Este tema es sumamente importante ya que se puede hacer el proceso muy bien pero si no est\u00e1 definido que se cobre el impuesto el sistema no migrar\u00e1 lo cobrado desde el archivo de banco.<\/p>\n<p>Tambi\u00e9n permite clasificar lo cobrado para enviarlo a distintas cuentas bancarias.<\/p>\n<p>&nbsp;<\/p>\n<hr \/>\n<p>Tener en cuenta que esta configuraci\u00f3n es por <span style=\"color: #ff0000;\">REGISTRO<\/span> del archivo que el banco nos env\u00eda con la cobranza y que justifica el\/los dep\u00f3sito\/s que realizan.<\/p>\n<hr \/>\n<p>&nbsp;<\/p>\n<p>Posicionados sobre la entidad recaudadora con el bot\u00f3n derecho del mouse se pueden observar todos los dep\u00f3sitos y a partir de all\u00ed aplicar distintos filtros.<\/p>\n<p>&nbsp;<\/p>\n<p>El <strong>tipo de medios y cobros<\/strong>, se define lo que se utilizar\u00e1 en todos los movimientos de ingreso y egreso bancario. Tambi\u00e9n ser\u00e1 la forma que est\u00e1 escrita, como se mostrar\u00e1 para todos los operadores.<\/p>\n<p>&nbsp;<\/p>\n<p>La <strong>configuraci\u00f3n del asiento de BANCO<\/strong> es similar al de CAJA y es para que en forma autom\u00e1tica cuando se realiza un cobro a trav\u00e9s de BANCO se realice la contabilidad en forma inmediata. (Ver configuraci\u00f3n de caja)<\/p>\n","protected":false},"excerpt":{"rendered":"<p>En TABLAS se encuentra el siguiente men\u00fa: En el primer \u00edtem se detallan las cuentas bancarias y tal como muestra el ejemplo se deben completar los campos que se solicitan. Hay que tener en cuenta que en la parte superior se encuentran dos pesta\u00f1as, la primera, en la cual es muy importante completar la imputaci\u00f3n [&hellip;]<\/p>\n","protected":false},"author":4,"featured_media":0,"parent":194,"menu_order":2,"comment_status":"closed","ping_status":"closed","template":"","meta":{"footnotes":""},"class_list":["post-260","page","type-page","status-publish","hentry"],"_links":{"self":[{"href":"https:\/\/uniremunicipios.com.ar\/manual\/index.php?rest_route=\/wp\/v2\/pages\/260","targetHints":{"allow":["GET"]}}],"collection":[{"href":"https:\/\/uniremunicipios.com.ar\/manual\/index.php?rest_route=\/wp\/v2\/pages"}],"about":[{"href":"https:\/\/uniremunicipios.com.ar\/manual\/index.php?rest_route=\/wp\/v2\/types\/page"}],"author":[{"embeddable":true,"href":"https:\/\/uniremunicipios.com.ar\/manual\/index.php?rest_route=\/wp\/v2\/users\/4"}],"replies":[{"embeddable":true,"href":"https:\/\/uniremunicipios.com.ar\/manual\/index.php?rest_route=%2Fwp%2Fv2%2Fcomments&post=260"}],"version-history":[{"count":4,"href":"https:\/\/uniremunicipios.com.ar\/manual\/index.php?rest_route=\/wp\/v2\/pages\/260\/revisions"}],"predecessor-version":[{"id":2603,"href":"https:\/\/uniremunicipios.com.ar\/manual\/index.php?rest_route=\/wp\/v2\/pages\/260\/revisions\/2603"}],"up":[{"embeddable":true,"href":"https:\/\/uniremunicipios.com.ar\/manual\/index.php?rest_route=\/wp\/v2\/pages\/194"}],"wp:attachment":[{"href":"https:\/\/uniremunicipios.com.ar\/manual\/index.php?rest_route=%2Fwp%2Fv2%2Fmedia&parent=260"}],"curies":[{"name":"wp","href":"https:\/\/api.w.org\/{rel}","templated":true}]}}