{"id":270,"date":"2019-06-04T09:58:54","date_gmt":"2019-06-04T12:58:54","guid":{"rendered":"http:\/\/uniremunicipios.com.ar\/manual\/?page_id=270"},"modified":"2021-08-13T12:13:31","modified_gmt":"2021-08-13T15:13:31","slug":"transferencias-entre-cuentas","status":"publish","type":"page","link":"https:\/\/uniremunicipios.com.ar\/manual\/?page_id=270","title":{"rendered":"Transferencias entre cuentas"},"content":{"rendered":"<p><iframe loading=\"lazy\" title=\"Bancos - Transferencias\" width=\"500\" height=\"281\" src=\"https:\/\/www.youtube.com\/embed\/5c9DSxTMBD4?feature=oembed\" frameborder=\"0\" allow=\"accelerometer; autoplay; clipboard-write; encrypted-media; gyroscope; picture-in-picture; web-share\" referrerpolicy=\"strict-origin-when-cross-origin\" allowfullscreen><\/iframe><\/p>\n<p>&nbsp;<\/p>\n<p>&nbsp;<\/p>\n<p>Proceso necesario para toda entidad. <img loading=\"lazy\" decoding=\"async\" width=\"170\" height=\"45\" class=\"alignnone wp-image-271 size-full\" src=\"http:\/\/uniremunicipios.com.ar\/manual\/wp-content\/uploads\/2019\/06\/Pasted-into-Transferencias-entre-cuentas.png\" \/>\u00a0 En ingreso de Transferencias Bancarias se ingresan los datos teniendo en cuenta que la cuenta primera es de donde va a egresar el importe y las cuentas destinos de esos importes. Recordar que pueden ser \u201cn\u201d cuentas.<\/p>\n<p>Para tener en cuenta, si en el mismo movimiento se registran varias veces la misma cuenta bancaria, el sistema totalizar\u00e1 y lo completar\u00e1 como si fuese un \u00fanico movimiento.<\/p>\n<p>Cuando se pasa el moviemto a TERMINADO el sistema ejecutar\u00e1 directamente el asiento.<\/p>\n<p>Para el caso que haya alg\u00fan error, la transferencia se encuentra TERMINADA y se debe cambiar de ESTADO y volverla ACTIVA donde se modificar\u00e1n los datos y volver\u00e1 a pasarse a TERMINADA.<\/p>\n","protected":false},"excerpt":{"rendered":"<p>&nbsp; &nbsp; Proceso necesario para toda entidad. \u00a0 En ingreso de Transferencias Bancarias se ingresan los datos teniendo en cuenta que la cuenta primera es de donde va a egresar el importe y las cuentas destinos de esos importes. Recordar que pueden ser \u201cn\u201d cuentas. Para tener en cuenta, si en el mismo movimiento se [&hellip;]<\/p>\n","protected":false},"author":4,"featured_media":0,"parent":194,"menu_order":2,"comment_status":"closed","ping_status":"closed","template":"","meta":{"footnotes":""},"class_list":["post-270","page","type-page","status-publish","hentry"],"_links":{"self":[{"href":"https:\/\/uniremunicipios.com.ar\/manual\/index.php?rest_route=\/wp\/v2\/pages\/270","targetHints":{"allow":["GET"]}}],"collection":[{"href":"https:\/\/uniremunicipios.com.ar\/manual\/index.php?rest_route=\/wp\/v2\/pages"}],"about":[{"href":"https:\/\/uniremunicipios.com.ar\/manual\/index.php?rest_route=\/wp\/v2\/types\/page"}],"author":[{"embeddable":true,"href":"https:\/\/uniremunicipios.com.ar\/manual\/index.php?rest_route=\/wp\/v2\/users\/4"}],"replies":[{"embeddable":true,"href":"https:\/\/uniremunicipios.com.ar\/manual\/index.php?rest_route=%2Fwp%2Fv2%2Fcomments&post=270"}],"version-history":[{"count":2,"href":"https:\/\/uniremunicipios.com.ar\/manual\/index.php?rest_route=\/wp\/v2\/pages\/270\/revisions"}],"predecessor-version":[{"id":2862,"href":"https:\/\/uniremunicipios.com.ar\/manual\/index.php?rest_route=\/wp\/v2\/pages\/270\/revisions\/2862"}],"up":[{"embeddable":true,"href":"https:\/\/uniremunicipios.com.ar\/manual\/index.php?rest_route=\/wp\/v2\/pages\/194"}],"wp:attachment":[{"href":"https:\/\/uniremunicipios.com.ar\/manual\/index.php?rest_route=%2Fwp%2Fv2%2Fmedia&parent=270"}],"curies":[{"name":"wp","href":"https:\/\/api.w.org\/{rel}","templated":true}]}}