{"id":279,"date":"2019-06-04T17:16:45","date_gmt":"2019-06-04T20:16:45","guid":{"rendered":"http:\/\/uniremunicipios.com.ar\/manual\/?page_id=279"},"modified":"2021-08-10T14:19:55","modified_gmt":"2021-08-10T17:19:55","slug":"ayuda-escolar","status":"publish","type":"page","link":"https:\/\/uniremunicipios.com.ar\/manual\/?page_id=279","title":{"rendered":"Ayuda escolar"},"content":{"rendered":"<p class=\"rvps5\"><span class=\"rvts58\">Ingresando por grupo familiar, en certificado de escolaridad, pongo el tilde en ayuda escolar<\/span><\/p>\n<p class=\"rvps5\"><img loading=\"lazy\" decoding=\"async\" width=\"615\" height=\"459\" class=\"alignnone wp-image-2732 size-full\" src=\"http:\/\/uniremunicipios.com.ar\/manual\/wp-content\/uploads\/2021\/08\/Pasted-into-Ayuda-escolar.png\" srcset=\"https:\/\/uniremunicipios.com.ar\/manual\/wp-content\/uploads\/2021\/08\/Pasted-into-Ayuda-escolar.png 615w, https:\/\/uniremunicipios.com.ar\/manual\/wp-content\/uploads\/2021\/08\/Pasted-into-Ayuda-escolar-300x224.png 300w\" sizes=\"auto, (max-width: 615px) 100vw, 615px\" \/><\/p>\n<p class=\"rvps5\"><span class=\"rvts58\">\u00a0<\/span><\/p>\n<p class=\"rvps5\"><span class=\"rvts58\">Debemos tener en cuenta que en la liquidaci\u00f3n que se pague, debe figurar correctamente el per\u00edodo de c\u00e1lculo, caso contrario no lo calcular\u00e1.<\/span><\/p>\n<p class=\"rvps5\"><span class=\"rvts138\">Ejemplo correcto<\/span><\/p>\n<p class=\"rvps5\"><img loading=\"lazy\" decoding=\"async\" width=\"522\" height=\"352\" class=\"alignnone wp-image-2734 size-full\" src=\"http:\/\/uniremunicipios.com.ar\/manual\/wp-content\/uploads\/2021\/08\/Pasted-into-Ayuda-escolar-1.png\" srcset=\"https:\/\/uniremunicipios.com.ar\/manual\/wp-content\/uploads\/2021\/08\/Pasted-into-Ayuda-escolar-1.png 522w, https:\/\/uniremunicipios.com.ar\/manual\/wp-content\/uploads\/2021\/08\/Pasted-into-Ayuda-escolar-1-300x202.png 300w\" sizes=\"auto, (max-width: 522px) 100vw, 522px\" \/><\/p>\n<p class=\"rvps5\"><span class=\"rvts58\">\u00a0<\/span><\/p>\n<p class=\"rvps5\"><span class=\"rvts138\">Ejemplo incorrecto<\/span><\/p>\n<p class=\"rvps5\"><img loading=\"lazy\" decoding=\"async\" width=\"515\" height=\"350\" class=\"alignnone wp-image-2735 size-full\" src=\"http:\/\/uniremunicipios.com.ar\/manual\/wp-content\/uploads\/2021\/08\/Pasted-into-Ayuda-escolar-2.png\" srcset=\"https:\/\/uniremunicipios.com.ar\/manual\/wp-content\/uploads\/2021\/08\/Pasted-into-Ayuda-escolar-2.png 515w, https:\/\/uniremunicipios.com.ar\/manual\/wp-content\/uploads\/2021\/08\/Pasted-into-Ayuda-escolar-2-300x204.png 300w\" sizes=\"auto, (max-width: 515px) 100vw, 515px\" \/><\/p>\n<p class=\"rvps5\"><span class=\"rvts58\">Si en el ejemplo, le ponemos el tilde a la ayuda posterior al 31 de marzo, el sistema no lo liquidar\u00e1.<\/span><\/p>\n<p class=\"rvps5\"><span class=\"rvts58\">Puede crearse una liquidaci\u00f3n especial de AYUDA ESCOLAR, para pagarla en forma separada,<\/span><\/p>\n<p class=\"rvps5\"><span class=\"rvts58\">deber\u00e1 tenerse en cuenta lo que expresamos anteriormente.<\/span><\/p>\n<p class=\"rvps5\"><span class=\"rvts58\">Cualquiera sea el tipo de liquidaci\u00f3n en que se incluya el concepto AYUDA ESCOLAR<\/span><\/p>\n<p class=\"rvps5\"><span class=\"rvts58\">debemos cargar el concepto de la siguiente manera para que lo tome autom\u00e1ticamente<\/span><\/p>\n<p class=\"rvps5\"><img loading=\"lazy\" decoding=\"async\" width=\"425\" height=\"474\" class=\"alignnone wp-image-2736 size-full\" src=\"http:\/\/uniremunicipios.com.ar\/manual\/wp-content\/uploads\/2021\/08\/Pasted-into-Ayuda-escolar-3.png\" srcset=\"https:\/\/uniremunicipios.com.ar\/manual\/wp-content\/uploads\/2021\/08\/Pasted-into-Ayuda-escolar-3.png 425w, https:\/\/uniremunicipios.com.ar\/manual\/wp-content\/uploads\/2021\/08\/Pasted-into-Ayuda-escolar-3-269x300.png 269w\" sizes=\"auto, (max-width: 425px) 100vw, 425px\" \/><\/p>\n<p class=\"rvps5\"><span class=\"rvts58\">Lo \u00fanico que se modificar\u00e1 a\u00f1o a a\u00f1o es el\u00a0<\/span><span class=\"rvts65\">Precio<\/span><span class=\"rvts58\">, debiendo cambiarlo cuando corresponda.<\/span><\/p>\n","protected":false},"excerpt":{"rendered":"<p>Ingresando por grupo familiar, en certificado de escolaridad, pongo el tilde en ayuda escolar \u00a0 Debemos tener en cuenta que en la liquidaci\u00f3n que se pague, debe figurar correctamente el per\u00edodo de c\u00e1lculo, caso contrario no lo calcular\u00e1. Ejemplo correcto \u00a0 Ejemplo incorrecto Si en el ejemplo, le ponemos el tilde a la ayuda posterior [&hellip;]<\/p>\n","protected":false},"author":4,"featured_media":0,"parent":28,"menu_order":198,"comment_status":"closed","ping_status":"closed","template":"","meta":{"footnotes":""},"class_list":["post-279","page","type-page","status-publish","hentry"],"_links":{"self":[{"href":"https:\/\/uniremunicipios.com.ar\/manual\/index.php?rest_route=\/wp\/v2\/pages\/279","targetHints":{"allow":["GET"]}}],"collection":[{"href":"https:\/\/uniremunicipios.com.ar\/manual\/index.php?rest_route=\/wp\/v2\/pages"}],"about":[{"href":"https:\/\/uniremunicipios.com.ar\/manual\/index.php?rest_route=\/wp\/v2\/types\/page"}],"author":[{"embeddable":true,"href":"https:\/\/uniremunicipios.com.ar\/manual\/index.php?rest_route=\/wp\/v2\/users\/4"}],"replies":[{"embeddable":true,"href":"https:\/\/uniremunicipios.com.ar\/manual\/index.php?rest_route=%2Fwp%2Fv2%2Fcomments&post=279"}],"version-history":[{"count":3,"href":"https:\/\/uniremunicipios.com.ar\/manual\/index.php?rest_route=\/wp\/v2\/pages\/279\/revisions"}],"predecessor-version":[{"id":2737,"href":"https:\/\/uniremunicipios.com.ar\/manual\/index.php?rest_route=\/wp\/v2\/pages\/279\/revisions\/2737"}],"up":[{"embeddable":true,"href":"https:\/\/uniremunicipios.com.ar\/manual\/index.php?rest_route=\/wp\/v2\/pages\/28"}],"wp:attachment":[{"href":"https:\/\/uniremunicipios.com.ar\/manual\/index.php?rest_route=%2Fwp%2Fv2%2Fmedia&parent=279"}],"curies":[{"name":"wp","href":"https:\/\/api.w.org\/{rel}","templated":true}]}}