{"id":283,"date":"2019-06-04T17:26:25","date_gmt":"2019-06-04T20:26:25","guid":{"rendered":"http:\/\/uniremunicipios.com.ar\/manual\/?page_id=283"},"modified":"2021-08-10T14:58:00","modified_gmt":"2021-08-10T17:58:00","slug":"calculo-sueldo-anual-complementario","status":"publish","type":"page","link":"https:\/\/uniremunicipios.com.ar\/manual\/?page_id=283","title":{"rendered":"C\u00e1lculo Sueldo Anual Complementario"},"content":{"rendered":"<p>Configurar cuando se carga un tipo de liquidaci\u00f3n que montos intervienen el el SAC, casi siempre se trata de los remunerativos, pero hay municipios que consideran algunos importes no remunerativos, tambi\u00e9n algunos descuentan algunos conceptos de ajustes de meses anteriores ( en el ejemplo el concepto 77)<\/p>\n<p class=\"rvps5\"><img loading=\"lazy\" decoding=\"async\" width=\"423\" height=\"414\" class=\"alignnone wp-image-2749 size-full\" src=\"http:\/\/uniremunicipios.com.ar\/manual\/wp-content\/uploads\/2021\/08\/Pasted-into-Calculo-Sueldo-Anual-Complementario-1.png\" srcset=\"https:\/\/uniremunicipios.com.ar\/manual\/wp-content\/uploads\/2021\/08\/Pasted-into-Calculo-Sueldo-Anual-Complementario-1.png 423w, https:\/\/uniremunicipios.com.ar\/manual\/wp-content\/uploads\/2021\/08\/Pasted-into-Calculo-Sueldo-Anual-Complementario-1-300x294.png 300w\" sizes=\"auto, (max-width: 423px) 100vw, 423px\" \/><\/p>\n<p class=\"rvps5\"><span class=\"rvts256\">Cua<\/span><span class=\"rvts256\">ndo llega el momento de liquidar el SAC, una vez cargado en el per\u00edodo junio o diciembre el tipo de liquidaci\u00f3n Sueldo Anual Complementario, el sistema nos presenta el mejor total remunerativo del semestre (aquel municipio que paga alg\u00fan concepto no remunerativo puede sumarlo o bien incluir los conceptos en el tipo de liquidaci\u00f3n propiamente dicho). Tener en cuenta que debe estar liquidado el tipo de liquidaci\u00f3n mensual y todos los tipos de liquidaciones que intervienen en el SAC, (por lo menos provisoriamente y calculados lo m\u00e1s pr\u00f3ximos a la realidad, es decir con todos los conceptos que al momento de liquidar el SAC puedan ya cargarse).<\/span><\/p>\n<p class=\"rvps5\"><span class=\"rvts256\">\u00a0Si a mensual(permanente, contratado, concejo, etc) le ponemos fecha de liquidaci\u00f3n 31\/12 a la del sueldo anual complementario debemos ponerle 31\/12, para que involucre todos los tipos de liquidaci\u00f3n y arroje el mayor valor del semestre, independientemente de la fecha de pago que puede ser anterior.<\/span><\/p>\n<p class=\"rvps5\"><span class=\"rvts256\">Pueden surgir diferencias a arreglar en enero o julio\u00a0 para el caso de calcular el SAC con fecha 15 o 20 (porque se paga anticipadamente) y alg\u00fan empleado\u00a0 tenga un concepto especial que se determine con fecha posterior y al activar el tipo de liquidaci\u00f3n correspondiente (se hab\u00eda cerrado provisoriamente para calcular el SAC) y agregar este nuevo concepto, el monto pase a ser el mayor del semestre, deberemos tomarlo y hacer los ajustes correspondientes pero ya para el mes de enero o julio,\u00a0 o bien el mismo per\u00edodo como ajuste SAC, de acuerdo a la manera que habitualmente usa el municipio.<\/span><\/p>\n<p>Si por alguna raz\u00f3n debo corregir el monto de un acumulado (me olvid\u00e9 de a\u00f1adirle un concepto no remunerativo, le rest\u00e9 un ajuste que deb\u00eda ir sumado, u otro caso que se presente), podemos ir al mes en cuesti\u00f3n, a los recibos y seleccionar el empleado , ah\u00ed como muestra la imagen que sigue, podemos ingresar<\/p>\n<p><img loading=\"lazy\" decoding=\"async\" width=\"623\" height=\"277\" class=\"alignnone wp-image-2750 size-full\" src=\"http:\/\/uniremunicipios.com.ar\/manual\/wp-content\/uploads\/2021\/08\/Pasted-into-Calculo-Sueldo-Anual-Complementario-2.png\" srcset=\"https:\/\/uniremunicipios.com.ar\/manual\/wp-content\/uploads\/2021\/08\/Pasted-into-Calculo-Sueldo-Anual-Complementario-2.png 623w, https:\/\/uniremunicipios.com.ar\/manual\/wp-content\/uploads\/2021\/08\/Pasted-into-Calculo-Sueldo-Anual-Complementario-2-300x133.png 300w\" sizes=\"auto, (max-width: 623px) 100vw, 623px\" \/><\/p>\n<p>Nos muestra el monto acumulado autom\u00e1ticamente, pudiendo modificarlo y darle OK para que quede almacenado<\/p>\n<p><img loading=\"lazy\" decoding=\"async\" width=\"453\" height=\"136\" class=\"alignnone wp-image-2751 size-full\" src=\"http:\/\/uniremunicipios.com.ar\/manual\/wp-content\/uploads\/2021\/08\/Pasted-into-Calculo-Sueldo-Anual-Complementario-3.png\" srcset=\"https:\/\/uniremunicipios.com.ar\/manual\/wp-content\/uploads\/2021\/08\/Pasted-into-Calculo-Sueldo-Anual-Complementario-3.png 453w, https:\/\/uniremunicipios.com.ar\/manual\/wp-content\/uploads\/2021\/08\/Pasted-into-Calculo-Sueldo-Anual-Complementario-3-300x90.png 300w\" sizes=\"auto, (max-width: 453px) 100vw, 453px\" \/><\/p>\n<p>&nbsp;<\/p>\n<p>Tengan en cuenta que cuando liquida proporcional porque el empleado ingres\u00f3 una vez comenzado el semestre, y por ende no le va a corresponder el total del SAC, el sistema toma para el c\u00e1lculo la cantidad de d\u00edas del semestre, y los d\u00edas trabajados ( del ingreso a cierre del semestre)<\/p>\n","protected":false},"excerpt":{"rendered":"<p>Configurar cuando se carga un tipo de liquidaci\u00f3n que montos intervienen el el SAC, casi siempre se trata de los remunerativos, pero hay municipios que consideran algunos importes no remunerativos, tambi\u00e9n algunos descuentan algunos conceptos de ajustes de meses anteriores ( en el ejemplo el concepto 77) Cuando llega el momento de liquidar el SAC, [&hellip;]<\/p>\n","protected":false},"author":4,"featured_media":0,"parent":28,"menu_order":269,"comment_status":"closed","ping_status":"closed","template":"","meta":{"footnotes":""},"class_list":["post-283","page","type-page","status-publish","hentry"],"_links":{"self":[{"href":"https:\/\/uniremunicipios.com.ar\/manual\/index.php?rest_route=\/wp\/v2\/pages\/283","targetHints":{"allow":["GET"]}}],"collection":[{"href":"https:\/\/uniremunicipios.com.ar\/manual\/index.php?rest_route=\/wp\/v2\/pages"}],"about":[{"href":"https:\/\/uniremunicipios.com.ar\/manual\/index.php?rest_route=\/wp\/v2\/types\/page"}],"author":[{"embeddable":true,"href":"https:\/\/uniremunicipios.com.ar\/manual\/index.php?rest_route=\/wp\/v2\/users\/4"}],"replies":[{"embeddable":true,"href":"https:\/\/uniremunicipios.com.ar\/manual\/index.php?rest_route=%2Fwp%2Fv2%2Fcomments&post=283"}],"version-history":[{"count":6,"href":"https:\/\/uniremunicipios.com.ar\/manual\/index.php?rest_route=\/wp\/v2\/pages\/283\/revisions"}],"predecessor-version":[{"id":568,"href":"https:\/\/uniremunicipios.com.ar\/manual\/index.php?rest_route=\/wp\/v2\/pages\/283\/revisions\/568"}],"up":[{"embeddable":true,"href":"https:\/\/uniremunicipios.com.ar\/manual\/index.php?rest_route=\/wp\/v2\/pages\/28"}],"wp:attachment":[{"href":"https:\/\/uniremunicipios.com.ar\/manual\/index.php?rest_route=%2Fwp%2Fv2%2Fmedia&parent=283"}],"curies":[{"name":"wp","href":"https:\/\/api.w.org\/{rel}","templated":true}]}}