{"id":292,"date":"2019-06-04T17:43:59","date_gmt":"2019-06-04T20:43:59","guid":{"rendered":"http:\/\/uniremunicipios.com.ar\/manual\/?page_id=292"},"modified":"2025-05-28T14:17:33","modified_gmt":"2025-05-28T17:17:33","slug":"descuento-tasas-en-generacion-de-recibos-de-sueldo","status":"publish","type":"page","link":"https:\/\/uniremunicipios.com.ar\/manual\/?page_id=292","title":{"rendered":"Descuento tasas en generacion de recibos de sueldo"},"content":{"rendered":"<p class=\"rvps2\"><span class=\"rvts6\">Si queremos que el sistema de sueldos descuente tasas, obras, convenios en el recibo de sueldos de los empleados,\u00a0 los mismos deben comunicar las partidas o cuentas que quieren descontar (la mayor\u00eda de los municipios viene haciendo descuentos, o sea que saben a qui\u00e9n y qu\u00e9 descontarle, si lo tienen hecho de palabra y no por escrito, tal vez es una buena oportunidad de regularizarlo).<\/span><\/p>\n<p class=\"rvps2\"><span class=\"rvts6\">Ingresando desde impuestos<\/span><\/p>\n<p><span class=\"rvts6\">Eligiendo primero la tasa, u obra a descontar y presionando luego<\/span><\/p>\n<p class=\"rvps2\"><img loading=\"lazy\" decoding=\"async\" width=\"830\" height=\"153\" class=\"alignnone wp-image-2924 size-full\" src=\"http:\/\/uniremunicipios.com.ar\/manual\/wp-content\/uploads\/2021\/08\/Pasted-into-Descuento-tasas-en-generacion-de-recibos-de-sueldo.png\" srcset=\"https:\/\/uniremunicipios.com.ar\/manual\/wp-content\/uploads\/2021\/08\/Pasted-into-Descuento-tasas-en-generacion-de-recibos-de-sueldo.png 830w, https:\/\/uniremunicipios.com.ar\/manual\/wp-content\/uploads\/2021\/08\/Pasted-into-Descuento-tasas-en-generacion-de-recibos-de-sueldo-300x55.png 300w, https:\/\/uniremunicipios.com.ar\/manual\/wp-content\/uploads\/2021\/08\/Pasted-into-Descuento-tasas-en-generacion-de-recibos-de-sueldo-768x142.png 768w\" sizes=\"auto, (max-width: 830px) 100vw, 830px\" \/><\/p>\n<p>selecciono la cuenta, o bien imponible que quiero asocial al descuento de tasa<\/p>\n<p><img loading=\"lazy\" decoding=\"async\" class=\"wp-image-4670 alignnone \" src=\"http:\/\/uniremunicipios.com.ar\/manual\/wp-content\/uploads\/2024\/09\/image-73.png\" alt=\"\" width=\"565\" height=\"128\" srcset=\"https:\/\/uniremunicipios.com.ar\/manual\/wp-content\/uploads\/2024\/09\/image-73.png 754w, https:\/\/uniremunicipios.com.ar\/manual\/wp-content\/uploads\/2024\/09\/image-73-300x68.png 300w\" sizes=\"auto, (max-width: 565px) 100vw, 565px\" \/><\/p>\n<p>luego voy a asociarlo<\/p>\n<p><img loading=\"lazy\" decoding=\"async\" class=\"wp-image-4684 alignnone \" src=\"http:\/\/uniremunicipios.com.ar\/manual\/wp-content\/uploads\/2024\/09\/image-86.png\" alt=\"\" width=\"316\" height=\"421\" srcset=\"https:\/\/uniremunicipios.com.ar\/manual\/wp-content\/uploads\/2024\/09\/image-86.png 326w, https:\/\/uniremunicipios.com.ar\/manual\/wp-content\/uploads\/2024\/09\/image-86-225x300.png 225w\" sizes=\"auto, (max-width: 316px) 100vw, 316px\" \/><\/p>\n<p class=\"rvps2\"><span class=\"rvts6\">con agregar, nos permite elegir y asociar el empleado correspondiente<\/span><\/p>\n<p><img loading=\"lazy\" decoding=\"async\" class=\"wp-image-4685 alignnone \" src=\"http:\/\/uniremunicipios.com.ar\/manual\/wp-content\/uploads\/2024\/09\/image-87.png\" alt=\"\" width=\"340\" height=\"161\" srcset=\"https:\/\/uniremunicipios.com.ar\/manual\/wp-content\/uploads\/2024\/09\/image-87.png 361w, https:\/\/uniremunicipios.com.ar\/manual\/wp-content\/uploads\/2024\/09\/image-87-300x142.png 300w\" sizes=\"auto, (max-width: 340px) 100vw, 340px\" \/><\/p>\n<p><img loading=\"lazy\" decoding=\"async\" class=\"wp-image-4671 alignnone \" src=\"http:\/\/uniremunicipios.com.ar\/manual\/wp-content\/uploads\/2024\/09\/image-74.png\" alt=\"\" width=\"415\" height=\"162\" srcset=\"https:\/\/uniremunicipios.com.ar\/manual\/wp-content\/uploads\/2024\/09\/image-74.png 529w, https:\/\/uniremunicipios.com.ar\/manual\/wp-content\/uploads\/2024\/09\/image-74-300x117.png 300w\" sizes=\"auto, (max-width: 415px) 100vw, 415px\" \/><\/p>\n<p>&nbsp;<\/p>\n<p class=\"rvps2\"><em><strong><span class=\"rvts6\">Se puede cargar desde personal en caso que as\u00ed se decida :<\/span><\/strong><\/em><\/p>\n<p class=\"rvps2\"><span class=\"rvts6\">selecciono el empleado<\/span><\/p>\n<p class=\"rvps2\"><span class=\"rvts6\">En el guion rojo de descuentos, selecciono -Descuento por recibo de sueldo Tributo-Empleado<\/span><\/p>\n<p>&nbsp;<\/p>\n<p class=\"rvps2\"><img decoding=\"async\" src=\"http:\/\/www.uniremunicipios.com.ar\/lib\/NewItem773.png\" alt=\"\" \/><img loading=\"lazy\" decoding=\"async\" width=\"473\" height=\"218\" class=\"alignnone wp-image-2927 size-full\" src=\"http:\/\/uniremunicipios.com.ar\/manual\/wp-content\/uploads\/2021\/08\/Pasted-into-Descuento-tasas-en-generacion-de-recibos-de-sueldo-3.png\" srcset=\"https:\/\/uniremunicipios.com.ar\/manual\/wp-content\/uploads\/2021\/08\/Pasted-into-Descuento-tasas-en-generacion-de-recibos-de-sueldo-3.png 473w, https:\/\/uniremunicipios.com.ar\/manual\/wp-content\/uploads\/2021\/08\/Pasted-into-Descuento-tasas-en-generacion-de-recibos-de-sueldo-3-300x138.png 300w\" sizes=\"auto, (max-width: 473px) 100vw, 473px\" \/><\/p>\n<p><img loading=\"lazy\" decoding=\"async\" class=\"wp-image-4672 alignnone \" src=\"http:\/\/uniremunicipios.com.ar\/manual\/wp-content\/uploads\/2024\/09\/image-75.png\" alt=\"\" width=\"490\" height=\"129\" srcset=\"https:\/\/uniremunicipios.com.ar\/manual\/wp-content\/uploads\/2024\/09\/image-75.png 732w, https:\/\/uniremunicipios.com.ar\/manual\/wp-content\/uploads\/2024\/09\/image-75-300x79.png 300w\" sizes=\"auto, (max-width: 490px) 100vw, 490px\" \/><\/p>\n<p>busco por partida, nro. cuenta, bien imponible, titular (la que me pase la gente de rentas , casi siempre es numero de partida o cuenta, y la asocio<\/p>\n<p><img loading=\"lazy\" decoding=\"async\" class=\"wp-image-4675 alignnone \" src=\"http:\/\/uniremunicipios.com.ar\/manual\/wp-content\/uploads\/2024\/09\/image-78.png\" alt=\"\" width=\"675\" height=\"180\" srcset=\"https:\/\/uniremunicipios.com.ar\/manual\/wp-content\/uploads\/2024\/09\/image-78.png 714w, https:\/\/uniremunicipios.com.ar\/manual\/wp-content\/uploads\/2024\/09\/image-78-300x80.png 300w\" sizes=\"auto, (max-width: 675px) 100vw, 675px\" \/><\/p>\n<p>aparece a continuaci\u00f3n este cartel,<\/p>\n<p>&nbsp;<\/p>\n<p><img loading=\"lazy\" decoding=\"async\" class=\"wp-image-4676 alignnone \" src=\"http:\/\/uniremunicipios.com.ar\/manual\/wp-content\/uploads\/2024\/09\/image-79.png\" alt=\"\" width=\"541\" height=\"194\" srcset=\"https:\/\/uniremunicipios.com.ar\/manual\/wp-content\/uploads\/2024\/09\/image-79.png 696w, https:\/\/uniremunicipios.com.ar\/manual\/wp-content\/uploads\/2024\/09\/image-79-300x108.png 300w\" sizes=\"auto, (max-width: 541px) 100vw, 541px\" \/><\/p>\n<p>se abre esta pantalla, salvo que tengan algo hablado previamente con rentas, colocar cancela.<\/p>\n<p>caso contrario se puede aprovechar y<\/p>\n<p>-tildar el NO imprime el recibo(Reparto) -LO DE JA DE IMPRIMIR CON TODOS LOS RECIBOS<\/p>\n<p>-Env\u00eda el recibo por correo electr\u00f3nico<\/p>\n<p>-Env\u00eda el recibo por SMS ( Si la Municipalidad puso en marcha esta opci\u00f3n)<\/p>\n<p><img loading=\"lazy\" decoding=\"async\" class=\"wp-image-4677 alignnone \" src=\"http:\/\/uniremunicipios.com.ar\/manual\/wp-content\/uploads\/2024\/09\/image-80.png\" alt=\"\" width=\"526\" height=\"254\" srcset=\"https:\/\/uniremunicipios.com.ar\/manual\/wp-content\/uploads\/2024\/09\/image-80.png 815w, https:\/\/uniremunicipios.com.ar\/manual\/wp-content\/uploads\/2024\/09\/image-80-300x145.png 300w, https:\/\/uniremunicipios.com.ar\/manual\/wp-content\/uploads\/2024\/09\/image-80-768x370.png 768w\" sizes=\"auto, (max-width: 526px) 100vw, 526px\" \/><\/p>\n<p>nos muestra esta pantalla, donde podemos en los tres puntitos (&#8230;)<\/p>\n<p>podemos colocar que descuente Originales solos, convenios solos, o ambos<\/p>\n<p>para que quede activado tiene que quedar con el tilde<\/p>\n<p><img loading=\"lazy\" decoding=\"async\" class=\"wp-image-4679 alignnone \" src=\"http:\/\/uniremunicipios.com.ar\/manual\/wp-content\/uploads\/2024\/09\/image-82.png\" alt=\"\" width=\"570\" height=\"154\" srcset=\"https:\/\/uniremunicipios.com.ar\/manual\/wp-content\/uploads\/2024\/09\/image-82.png 656w, https:\/\/uniremunicipios.com.ar\/manual\/wp-content\/uploads\/2024\/09\/image-82-300x81.png 300w\" sizes=\"auto, (max-width: 570px) 100vw, 570px\" \/><\/p>\n<p><img loading=\"lazy\" decoding=\"async\" class=\"wp-image-4680 alignnone \" src=\"http:\/\/uniremunicipios.com.ar\/manual\/wp-content\/uploads\/2024\/09\/image-83.png\" alt=\"\" width=\"566\" height=\"164\" srcset=\"https:\/\/uniremunicipios.com.ar\/manual\/wp-content\/uploads\/2024\/09\/image-83.png 592w, https:\/\/uniremunicipios.com.ar\/manual\/wp-content\/uploads\/2024\/09\/image-83-300x87.png 300w\" sizes=\"auto, (max-width: 566px) 100vw, 566px\" \/><\/p>\n<p><img loading=\"lazy\" decoding=\"async\" class=\"wp-image-4681 alignnone \" src=\"http:\/\/uniremunicipios.com.ar\/manual\/wp-content\/uploads\/2024\/09\/image-84.png\" alt=\"\" width=\"562\" height=\"163\" srcset=\"https:\/\/uniremunicipios.com.ar\/manual\/wp-content\/uploads\/2024\/09\/image-84.png 606w, https:\/\/uniremunicipios.com.ar\/manual\/wp-content\/uploads\/2024\/09\/image-84-300x87.png 300w\" sizes=\"auto, (max-width: 562px) 100vw, 562px\" \/><\/p>\n<p>&nbsp;<\/p>\n<p class=\"rvps2\"><span class=\"rvts6\">Al momento de cerrar el tipo de liquidaci\u00f3n mensual (permanente, contratado)<\/span><\/p>\n<p><img loading=\"lazy\" decoding=\"async\" class=\"wp-image-4687 alignnone \" src=\"http:\/\/uniremunicipios.com.ar\/manual\/wp-content\/uploads\/2024\/09\/Screenshot_1.jpg\" alt=\"\" width=\"389\" height=\"179\" srcset=\"https:\/\/uniremunicipios.com.ar\/manual\/wp-content\/uploads\/2024\/09\/Screenshot_1.jpg 364w, https:\/\/uniremunicipios.com.ar\/manual\/wp-content\/uploads\/2024\/09\/Screenshot_1-300x138.jpg 300w\" sizes=\"auto, (max-width: 389px) 100vw, 389px\" \/><\/p>\n<p class=\"rvps2\"><span class=\"rvts6\">el sistema me ofrece para imprimir una liquidaci\u00f3n de pago que incluye todos los impuestos, obras y convenios descontados en ese per\u00edodo,<\/span><\/p>\n<p class=\"rvps2\"><span class=\"rvts6\">la imprimo y <strong>la cancelo por caja<\/strong> para que queden pagados dichos tributos<\/span><\/p>\n<p><img decoding=\"async\" src=\"http:\/\/www.uniremunicipios.com.ar\/lib\/NewItem762.png\" alt=\"\" \/><span class=\"rvts6\">Tambi\u00e9n puedo consultar e imprimir todos los recibos ordenados por empleado, es decir que si un empleado tiene cinco recibos por descontar primeros salen los cinco que le corresponden para luego seguir con el empleado que continua.<\/span><\/p>\n<p class=\"rvps2\"><img decoding=\"async\" src=\"http:\/\/www.uniremunicipios.com.ar\/lib\/NewItem761.png\" alt=\"\" \/><\/p>\n<p class=\"rvps2\"><span class=\"rvts6\">En todo momento se debe tener en cuenta que impuesto debe descontarse, si el que vence en el mismo mes, o sea un ejemplo, el per\u00edodo de junio con vencimiento en junio, o bien el per\u00edodo anterior es decir mayo que vence en junio, ya que de esto depende la f\u00f3rmula que debe colocarse en sueldos para que liquide correctamente<\/span><\/p>\n<p class=\"rvps2\"><img decoding=\"async\" src=\"http:\/\/www.uniremunicipios.com.ar\/lib\/NewItem774.png\" alt=\"\" \/><\/p>\n<p class=\"rvps2\"><span class=\"rvts6\">En caso de tratarse de recibos que vencen en el mismo mes, debemos ponerse un cero dentro del par\u00e9ntesis.<\/span><\/p>\n<p class=\"rvps2\"><span class=\"rvts6\">Si el recibo vence el mes siguiente, debemos ponerle\u00a0 un ( 1 ) dentro del par\u00e9ntesis del concepto.<\/span><\/p>\n<p>Ej:<\/p>\n<p>Liquidamos\u00a0 Octubre &#8211;&gt; Tasa Vence en Octubre &#8220;DstoRecibos(0)&#8221;<\/p>\n<p>Liquidamos Octubre &#8211;&gt; Tasa Vence en Noviembre &#8220;DstoRecibos(1)&#8221;<\/p>\n<p>&nbsp;<\/p>\n<p>Cuando intento desactivar una tasa (cambiar el Estado), a pedido del empleado, si el mismo tiene una liquidaci\u00f3n en curso, no me lo permitir\u00e1<\/p>\n<p><img loading=\"lazy\" decoding=\"async\" class=\"wp-image-4666 alignnone size-medium\" src=\"http:\/\/uniremunicipios.com.ar\/manual\/wp-content\/uploads\/2024\/09\/Pasted-14.png\" alt=\"\" width=\"300\" height=\"174\" srcset=\"https:\/\/uniremunicipios.com.ar\/manual\/wp-content\/uploads\/2024\/09\/Pasted-14.png 510w, https:\/\/uniremunicipios.com.ar\/manual\/wp-content\/uploads\/2024\/09\/Pasted-14-300x174.png 300w\" sizes=\"auto, (max-width: 300px) 100vw, 300px\" \/><\/p>\n<p>Rentas o quien quiera desactivar el descuento en sueldo deber\u00e1 comunicarse con liquidaciones de sueldo, para que borren el recibo del empleado<\/p>\n<p><img loading=\"lazy\" decoding=\"async\" class=\"wp-image-4667 alignnone size-medium\" src=\"http:\/\/uniremunicipios.com.ar\/manual\/wp-content\/uploads\/2024\/09\/Pasted-15.png\" alt=\"\" width=\"53\" height=\"47\" \/><\/p>\n<p>Una vez borrado podemos cambiar el Estado sin problemas<\/p>\n<p><img loading=\"lazy\" decoding=\"async\" class=\"wp-image-4668 alignnone size-medium\" src=\"http:\/\/uniremunicipios.com.ar\/manual\/wp-content\/uploads\/2024\/09\/Pasted-16.png\" alt=\"\" width=\"300\" height=\"130\" srcset=\"https:\/\/uniremunicipios.com.ar\/manual\/wp-content\/uploads\/2024\/09\/Pasted-16.png 675w, https:\/\/uniremunicipios.com.ar\/manual\/wp-content\/uploads\/2024\/09\/Pasted-16-300x130.png 300w\" sizes=\"auto, (max-width: 300px) 100vw, 300px\" \/><\/p>\n<p><img loading=\"lazy\" decoding=\"async\" class=\"wp-image-4669 alignnone size-medium\" src=\"http:\/\/uniremunicipios.com.ar\/manual\/wp-content\/uploads\/2024\/09\/Pasted-17.png\" alt=\"\" width=\"300\" height=\"213\" srcset=\"https:\/\/uniremunicipios.com.ar\/manual\/wp-content\/uploads\/2024\/09\/Pasted-17.png 324w, https:\/\/uniremunicipios.com.ar\/manual\/wp-content\/uploads\/2024\/09\/Pasted-17-300x213.png 300w\" sizes=\"auto, (max-width: 300px) 100vw, 300px\" \/> queda desactivado.<\/p>\n<p>&nbsp;<\/p>\n<h2>VIDEO<\/h2>\n<p>&nbsp;<\/p>\n<p><iframe loading=\"lazy\" title=\"Descuento de Tasas en Recibos de Sueldo y Creditos Personales\" width=\"500\" height=\"375\" src=\"https:\/\/www.youtube.com\/embed\/dql9E9gFWgo?feature=oembed\" frameborder=\"0\" allow=\"accelerometer; autoplay; clipboard-write; encrypted-media; gyroscope; picture-in-picture; web-share\" referrerpolicy=\"strict-origin-when-cross-origin\" allowfullscreen><\/iframe><\/p>\n","protected":false},"excerpt":{"rendered":"<p>Si queremos que el sistema de sueldos descuente tasas, obras, convenios en el recibo de sueldos de los empleados,\u00a0 los mismos deben comunicar las partidas o cuentas que quieren descontar (la mayor\u00eda de los municipios viene haciendo descuentos, o sea que saben a qui\u00e9n y qu\u00e9 descontarle, si lo tienen hecho de palabra y no [&hellip;]<\/p>\n","protected":false},"author":4,"featured_media":0,"parent":28,"menu_order":425,"comment_status":"closed","ping_status":"closed","template":"","meta":{"footnotes":""},"class_list":["post-292","page","type-page","status-publish","hentry"],"_links":{"self":[{"href":"https:\/\/uniremunicipios.com.ar\/manual\/index.php?rest_route=\/wp\/v2\/pages\/292","targetHints":{"allow":["GET"]}}],"collection":[{"href":"https:\/\/uniremunicipios.com.ar\/manual\/index.php?rest_route=\/wp\/v2\/pages"}],"about":[{"href":"https:\/\/uniremunicipios.com.ar\/manual\/index.php?rest_route=\/wp\/v2\/types\/page"}],"author":[{"embeddable":true,"href":"https:\/\/uniremunicipios.com.ar\/manual\/index.php?rest_route=\/wp\/v2\/users\/4"}],"replies":[{"embeddable":true,"href":"https:\/\/uniremunicipios.com.ar\/manual\/index.php?rest_route=%2Fwp%2Fv2%2Fcomments&post=292"}],"version-history":[{"count":13,"href":"https:\/\/uniremunicipios.com.ar\/manual\/index.php?rest_route=\/wp\/v2\/pages\/292\/revisions"}],"predecessor-version":[{"id":5951,"href":"https:\/\/uniremunicipios.com.ar\/manual\/index.php?rest_route=\/wp\/v2\/pages\/292\/revisions\/5951"}],"up":[{"embeddable":true,"href":"https:\/\/uniremunicipios.com.ar\/manual\/index.php?rest_route=\/wp\/v2\/pages\/28"}],"wp:attachment":[{"href":"https:\/\/uniremunicipios.com.ar\/manual\/index.php?rest_route=%2Fwp%2Fv2%2Fmedia&parent=292"}],"curies":[{"name":"wp","href":"https:\/\/api.w.org\/{rel}","templated":true}]}}