{"id":30,"date":"2019-05-16T08:14:57","date_gmt":"2019-05-16T11:14:57","guid":{"rendered":"http:\/\/uniremunicipios.com.ar\/manual\/?page_id=30"},"modified":"2020-07-24T10:38:01","modified_gmt":"2020-07-24T13:38:01","slug":"carga-masiva-novedades","status":"publish","type":"page","link":"https:\/\/uniremunicipios.com.ar\/manual\/?page_id=30","title":{"rendered":"Carga masiva de novedades"},"content":{"rendered":"\r\n<p>En el m\u00f3dulo de personal, podemos encontrarnos ante situaciones como tener que cargar un gran n\u00famero de novedades.<\/p>\r\n<p>Nos demorar\u00edamos mucho en realizarlo, con el riesgo del tipeo. Para esto existe una herramienta con la que podemos realizar una carga masiva.<\/p>\r\n\r\n\r\n\r\n<p>Esto mismo puede indicarse a alguna instituci\u00f3n de la que el municipio es recaudador, por retiros, deuda o cualquier otro convenio que la municipalidad o comuna haya celebrado. ( Ej: proveedur\u00eda, farmacia, cr\u00e9ditos bancos y mutuales, etc)<\/p>\r\n\r\n\r\n\r\n<p>Para ello tenemos que reunir en un archivo .txt los siguientes datos: (ver despu\u00e9s de donde obtengo la lista)<\/p>\r\n\r\n\r\n\r\n<ul class=\"wp-block-list\">\r\n<li>Numero de Legajo<\/li>\r\n<li>Numero de Concepto<\/li>\r\n<li>Monto\u00a0<\/li>\r\n<\/ul>\r\n\r\n\r\n\r\n<p>Estos datos deben estar separados mediante punto y coma &#8221; ; &#8220;, y en el monto los decimales deben utilizar el punto &#8221; . &#8221; como separador decimal.<\/p>\r\n\r\n\r\n\r\n<p>Una vez terminado el archivo nos dirigimos al icono de la impresora,<\/p>\r\n\r\n\r\n\r\n<div class=\"wp-block-image\">\r\n<figure class=\"aligncenter\"><img loading=\"lazy\" decoding=\"async\" width=\"36\" height=\"42\" class=\"wp-image-36\" src=\"http:\/\/uniremunicipios.com.ar\/manual\/wp-content\/uploads\/2019\/05\/impresora-2.jpg\" alt=\"\" \/><\/figure>\r\n<\/div>\r\n\r\n\r\n\r\n<p>y seleccionamos Personal Sueldos. Nuevamente buscaremos la opci\u00f3n &#8220;Importa Novedades (RNOVEDAD)&#8221;, nos salta un mensaje donde nos recuerda el formato exacto en que debe estar el archivo .txt, buscamos el archivo .txt y damos aceptar. Nos aparecer\u00e1 un mensaje donde nos indica el total, si se carg\u00f3 con \u00e9xito, o nos muestra legajos que no existen en el programa.<\/p>\r\n\r\n\r\n\r\n<div class=\"wp-block-image\">\r\n<figure class=\"aligncenter\"><img loading=\"lazy\" decoding=\"async\" width=\"353\" height=\"198\" class=\"wp-image-33\" src=\"http:\/\/uniremunicipios.com.ar\/manual\/wp-content\/uploads\/2019\/05\/formato-archivo-txr-1.jpg\" alt=\"\" srcset=\"https:\/\/uniremunicipios.com.ar\/manual\/wp-content\/uploads\/2019\/05\/formato-archivo-txr-1.jpg 353w, https:\/\/uniremunicipios.com.ar\/manual\/wp-content\/uploads\/2019\/05\/formato-archivo-txr-1-300x168.jpg 300w\" sizes=\"auto, (max-width: 353px) 100vw, 353px\" \/><\/figure>\r\n<\/div>\r\n\r\n\r\n\r\n<p>Como control extra, podemos:<\/p>\r\n\r\n\r\n\r\n<p>Ir al men\u00fa Sueldos &#8211;&gt; Ingreso de Variables y datos fijos, y elegimos entre novedad o dato fijo,<\/p>\r\n\r\n\r\n\r\n<div class=\"wp-block-image\">\r\n<figure class=\"aligncenter\"><img loading=\"lazy\" decoding=\"async\" width=\"254\" height=\"55\" class=\"wp-image-34\" src=\"http:\/\/uniremunicipios.com.ar\/manual\/wp-content\/uploads\/2019\/05\/novedades-y-datos-fijos.jpg\" alt=\"\" \/><\/figure>\r\n<\/div>\r\n\r\n\r\n\r\n<p>buscamos el dato masivo que reci\u00e9n cargamos (por ej. reajuste mayo 2018, farmacia, proveedur\u00eda cuota banco, cuota mutual, etc.)<\/p>\r\n\r\n\r\n\r\n<p>Nos vamos a Fx Todos &#8212;&gt; Coloca Filtro Preestablecido &#8211;&gt; Novedades-Datos Fijos Activos<\/p>\r\n\r\n\r\n\r\n<p>De esa manera filtraremos solo los activos y ejecutando el cuenta y suma,\u00a0 podremos visualizar para controlar de que la carga masiva se ejecut\u00f3 correctamente de manera definitiva.<\/p>\r\n\r\n\r\n\r\n<p>Para el caso que hablamos de otras instituciones o personas que puedan remitirnos informaci\u00f3n para descontarle al personal, que se le debe pedir en el formato indicado, controlar al recibirlo e incorporarlo al sistema; si env\u00edan un Excel, nosotros podemos convertirlo en TXT.<\/p>\r\n<p>&nbsp;<\/p>\r\n<h2>Importa Novedades por Precio y Cantidad<\/h2>\r\n<p><iframe loading=\"lazy\" title=\"Importa Novedades por Precio y Cantidad - Resubido\" width=\"500\" height=\"281\" src=\"https:\/\/www.youtube.com\/embed\/S9cS_TPo4S8?feature=oembed\" frameborder=\"0\" allow=\"accelerometer; autoplay; clipboard-write; encrypted-media; gyroscope; picture-in-picture; web-share\" referrerpolicy=\"strict-origin-when-cross-origin\" allowfullscreen><\/iframe><\/p>\r\n","protected":false},"excerpt":{"rendered":"<p>En el m\u00f3dulo de personal, podemos encontrarnos ante situaciones como tener que cargar un gran n\u00famero de novedades. Nos demorar\u00edamos mucho en realizarlo, con el riesgo del tipeo. Para esto existe una herramienta con la que podemos realizar una carga masiva. Esto mismo puede indicarse a alguna instituci\u00f3n de la que el municipio es recaudador, [&hellip;]<\/p>\n","protected":false},"author":4,"featured_media":0,"parent":28,"menu_order":308,"comment_status":"closed","ping_status":"closed","template":"","meta":{"footnotes":""},"class_list":["post-30","page","type-page","status-publish","hentry"],"_links":{"self":[{"href":"https:\/\/uniremunicipios.com.ar\/manual\/index.php?rest_route=\/wp\/v2\/pages\/30","targetHints":{"allow":["GET"]}}],"collection":[{"href":"https:\/\/uniremunicipios.com.ar\/manual\/index.php?rest_route=\/wp\/v2\/pages"}],"about":[{"href":"https:\/\/uniremunicipios.com.ar\/manual\/index.php?rest_route=\/wp\/v2\/types\/page"}],"author":[{"embeddable":true,"href":"https:\/\/uniremunicipios.com.ar\/manual\/index.php?rest_route=\/wp\/v2\/users\/4"}],"replies":[{"embeddable":true,"href":"https:\/\/uniremunicipios.com.ar\/manual\/index.php?rest_route=%2Fwp%2Fv2%2Fcomments&post=30"}],"version-history":[{"count":7,"href":"https:\/\/uniremunicipios.com.ar\/manual\/index.php?rest_route=\/wp\/v2\/pages\/30\/revisions"}],"predecessor-version":[{"id":1903,"href":"https:\/\/uniremunicipios.com.ar\/manual\/index.php?rest_route=\/wp\/v2\/pages\/30\/revisions\/1903"}],"up":[{"embeddable":true,"href":"https:\/\/uniremunicipios.com.ar\/manual\/index.php?rest_route=\/wp\/v2\/pages\/28"}],"wp:attachment":[{"href":"https:\/\/uniremunicipios.com.ar\/manual\/index.php?rest_route=%2Fwp%2Fv2%2Fmedia&parent=30"}],"curies":[{"name":"wp","href":"https:\/\/api.w.org\/{rel}","templated":true}]}}