{"id":3041,"date":"2021-08-26T15:02:52","date_gmt":"2021-08-26T18:02:52","guid":{"rendered":"http:\/\/uniremunicipios.com.ar\/manual\/?page_id=3041"},"modified":"2023-06-02T12:27:32","modified_gmt":"2023-06-02T15:27:32","slug":"conceptos-inclusion-en-formulas-de-puntos-y-comas","status":"publish","type":"page","link":"https:\/\/uniremunicipios.com.ar\/manual\/?page_id=3041","title":{"rendered":"conceptos, inclusi\u00f3n en f\u00f3rmulas de puntos y comas (TD)"},"content":{"rendered":"<p><img loading=\"lazy\" decoding=\"async\" width=\"513\" height=\"500\" class=\"alignnone wp-image-3042 size-full\" src=\"http:\/\/uniremunicipios.com.ar\/manual\/wp-content\/uploads\/2021\/08\/Pasted-into-conceptos-inclusion-en-formulas-de-puntos-y-coma.png\" srcset=\"https:\/\/uniremunicipios.com.ar\/manual\/wp-content\/uploads\/2021\/08\/Pasted-into-conceptos-inclusion-en-formulas-de-puntos-y-coma.png 513w, https:\/\/uniremunicipios.com.ar\/manual\/wp-content\/uploads\/2021\/08\/Pasted-into-conceptos-inclusion-en-formulas-de-puntos-y-coma-300x292.png 300w\" sizes=\"auto, (max-width: 513px) 100vw, 513px\" \/><\/p>\n<p><strong>Si la f\u00f3rmula tiene condicionantes como\u00a0 &#8221; iif &#8221; (significa si),\u00a0 las comas &#8220;,&#8221;<\/strong> separan estos condicionantes.<img loading=\"lazy\" decoding=\"async\" width=\"205\" height=\"44\" class=\"alignnone wp-image-3048 size-full\" src=\"http:\/\/uniremunicipios.com.ar\/manual\/wp-content\/uploads\/2021\/08\/Pasted-into-conceptos-inclusion-en-formulas-de-puntos-y-comas-3.png\" \/><\/p>\n<p><strong>Pero en caso de poner alguna cantidad debe llevar punto (.) separando la parte decimal<\/strong><\/p>\n<p>Ej: 0.20 que es igual a\u00a0 \u00a0.2 (significa 20%) IMAGEN ,<\/p>\n<p>por 40% ( <img loading=\"lazy\" decoding=\"async\" width=\"77\" height=\"35\" class=\"alignnone wp-image-3046 size-full\" src=\"http:\/\/uniremunicipios.com.ar\/manual\/wp-content\/uploads\/2021\/08\/Pasted-into-conceptos-inclusion-en-formulas-de-puntos-y-comas-1.png\" \/> ) ,<\/p>\n<p>por 19,2% (\u00a0 <img loading=\"lazy\" decoding=\"async\" width=\"92\" height=\"33\" class=\"alignnone wp-image-3047 size-full\" src=\"http:\/\/uniremunicipios.com.ar\/manual\/wp-content\/uploads\/2021\/08\/Pasted-into-conceptos-inclusion-en-formulas-de-puntos-y-comas-2.png\" \/>) ,<\/p>\n<p>15.30 ,<\/p>\n<p>1575.45 <strong>(separador de miles no llevan ni punto, ni coma)<\/strong><\/p>\n<h1><strong>En definitiva las cantidades van con punto para separar los decimales.<\/strong><\/h1>\n<h1>En caso de colocar una cantidad con coma en lugar de punto, el sistema arrojar\u00e1 un error y se cerrar\u00e1. Por lo que cuando carguen un nuevo concepto o una nueva f\u00f3rmula, verifiquen que no hayan puesto una coma en una cantidad. Se solucionar\u00e1 cambiando la coma por punto y volviendo a liquidar.<\/h1>\n","protected":false},"excerpt":{"rendered":"<p>Si la f\u00f3rmula tiene condicionantes como\u00a0 &#8221; iif &#8221; (significa si),\u00a0 las comas &#8220;,&#8221; separan estos condicionantes. Pero en caso de poner alguna cantidad debe llevar punto (.) separando la parte decimal Ej: 0.20 que es igual a\u00a0 \u00a0.2 (significa 20%) IMAGEN , por 40% ( ) , por 19,2% (\u00a0 ) , 15.30 , [&hellip;]<\/p>\n","protected":false},"author":3,"featured_media":0,"parent":28,"menu_order":0,"comment_status":"closed","ping_status":"closed","template":"","meta":{"footnotes":""},"class_list":["post-3041","page","type-page","status-publish","hentry"],"_links":{"self":[{"href":"https:\/\/uniremunicipios.com.ar\/manual\/index.php?rest_route=\/wp\/v2\/pages\/3041","targetHints":{"allow":["GET"]}}],"collection":[{"href":"https:\/\/uniremunicipios.com.ar\/manual\/index.php?rest_route=\/wp\/v2\/pages"}],"about":[{"href":"https:\/\/uniremunicipios.com.ar\/manual\/index.php?rest_route=\/wp\/v2\/types\/page"}],"author":[{"embeddable":true,"href":"https:\/\/uniremunicipios.com.ar\/manual\/index.php?rest_route=\/wp\/v2\/users\/3"}],"replies":[{"embeddable":true,"href":"https:\/\/uniremunicipios.com.ar\/manual\/index.php?rest_route=%2Fwp%2Fv2%2Fcomments&post=3041"}],"version-history":[{"count":6,"href":"https:\/\/uniremunicipios.com.ar\/manual\/index.php?rest_route=\/wp\/v2\/pages\/3041\/revisions"}],"predecessor-version":[{"id":4154,"href":"https:\/\/uniremunicipios.com.ar\/manual\/index.php?rest_route=\/wp\/v2\/pages\/3041\/revisions\/4154"}],"up":[{"embeddable":true,"href":"https:\/\/uniremunicipios.com.ar\/manual\/index.php?rest_route=\/wp\/v2\/pages\/28"}],"wp:attachment":[{"href":"https:\/\/uniremunicipios.com.ar\/manual\/index.php?rest_route=%2Fwp%2Fv2%2Fmedia&parent=3041"}],"curies":[{"name":"wp","href":"https:\/\/api.w.org\/{rel}","templated":true}]}}