{"id":3079,"date":"2021-09-02T14:20:33","date_gmt":"2021-09-02T17:20:33","guid":{"rendered":"http:\/\/uniremunicipios.com.ar\/manual\/?page_id=3079"},"modified":"2024-12-26T15:01:09","modified_gmt":"2024-12-26T18:01:09","slug":"nota-de-credito-en-proveedores","status":"publish","type":"page","link":"https:\/\/uniremunicipios.com.ar\/manual\/?page_id=3079","title":{"rendered":"t. Carga nota de cr\u00e9dito en proveedores"},"content":{"rendered":"<p>Las notas de cr\u00e9dito se registran en el m\u00f3dulo de PROVEEDORES, el completo o reducido.<\/p>\n<p>Para ello se ingresa en CONTADURIA,<img loading=\"lazy\" decoding=\"async\" width=\"149\" height=\"17\" class=\"alignnone wp-image-3080 size-full\" src=\"http:\/\/uniremunicipios.com.ar\/manual\/wp-content\/uploads\/2021\/09\/Pasted-into-nota-de-credito-en-proveedores.png\" \/> , con\u00a0 <img loading=\"lazy\" decoding=\"async\" width=\"56\" height=\"24\" class=\"alignnone wp-image-3081 size-full\" src=\"http:\/\/uniremunicipios.com.ar\/manual\/wp-content\/uploads\/2021\/09\/Pasted-into-nota-de-credito-en-proveedores-1.png\" \/>\u00a0se da de alta la nota de cr\u00e9dito, con todos sus datos. Solo se debe tener en cuenta poner el importe en negativo, como se muestra en el ejemplo:<\/p>\n<p><img loading=\"lazy\" decoding=\"async\" class=\"wp-image-5039 alignnone \" src=\"http:\/\/uniremunicipios.com.ar\/manual\/wp-content\/uploads\/2024\/10\/image-117.png\" alt=\"\" width=\"471\" height=\"80\" srcset=\"https:\/\/uniremunicipios.com.ar\/manual\/wp-content\/uploads\/2024\/10\/image-117.png 798w, https:\/\/uniremunicipios.com.ar\/manual\/wp-content\/uploads\/2024\/10\/image-117-300x51.png 300w, https:\/\/uniremunicipios.com.ar\/manual\/wp-content\/uploads\/2024\/10\/image-117-768x131.png 768w\" sizes=\"auto, (max-width: 471px) 100vw, 471px\" \/><\/p>\n<p>. Cuando se genera la cuota verificar que el importe est\u00e9 en negativo.<\/p>\n<p>Cuando solicita la imputaci\u00f3n contable (de gasto) tener en cuenta de ingresar en negativo y en el DEBE. Quedando de la siguiente forma:<\/p>\n<p><img loading=\"lazy\" decoding=\"async\" class=\"wp-image-5040 alignnone \" src=\"http:\/\/uniremunicipios.com.ar\/manual\/wp-content\/uploads\/2024\/10\/image-118.png\" alt=\"\" width=\"445\" height=\"92\" srcset=\"https:\/\/uniremunicipios.com.ar\/manual\/wp-content\/uploads\/2024\/10\/image-118.png 821w, https:\/\/uniremunicipios.com.ar\/manual\/wp-content\/uploads\/2024\/10\/image-118-300x62.png 300w, https:\/\/uniremunicipios.com.ar\/manual\/wp-content\/uploads\/2024\/10\/image-118-768x159.png 768w\" sizes=\"auto, (max-width: 445px) 100vw, 445px\" \/><\/p>\n<p>Luego se realiza la orden de pago si correspondiere y pago, en forma normal.<\/p>\n","protected":false},"excerpt":{"rendered":"<p>Las notas de cr\u00e9dito se registran en el m\u00f3dulo de PROVEEDORES, el completo o reducido. Para ello se ingresa en CONTADURIA, , con\u00a0 \u00a0se da de alta la nota de cr\u00e9dito, con todos sus datos. Solo se debe tener en cuenta poner el importe en negativo, como se muestra en el ejemplo: . Cuando se [&hellip;]<\/p>\n","protected":false},"author":3,"featured_media":0,"parent":9,"menu_order":0,"comment_status":"closed","ping_status":"closed","template":"","meta":{"footnotes":""},"class_list":["post-3079","page","type-page","status-publish","hentry"],"_links":{"self":[{"href":"https:\/\/uniremunicipios.com.ar\/manual\/index.php?rest_route=\/wp\/v2\/pages\/3079","targetHints":{"allow":["GET"]}}],"collection":[{"href":"https:\/\/uniremunicipios.com.ar\/manual\/index.php?rest_route=\/wp\/v2\/pages"}],"about":[{"href":"https:\/\/uniremunicipios.com.ar\/manual\/index.php?rest_route=\/wp\/v2\/types\/page"}],"author":[{"embeddable":true,"href":"https:\/\/uniremunicipios.com.ar\/manual\/index.php?rest_route=\/wp\/v2\/users\/3"}],"replies":[{"embeddable":true,"href":"https:\/\/uniremunicipios.com.ar\/manual\/index.php?rest_route=%2Fwp%2Fv2%2Fcomments&post=3079"}],"version-history":[{"count":7,"href":"https:\/\/uniremunicipios.com.ar\/manual\/index.php?rest_route=\/wp\/v2\/pages\/3079\/revisions"}],"predecessor-version":[{"id":5670,"href":"https:\/\/uniremunicipios.com.ar\/manual\/index.php?rest_route=\/wp\/v2\/pages\/3079\/revisions\/5670"}],"up":[{"embeddable":true,"href":"https:\/\/uniremunicipios.com.ar\/manual\/index.php?rest_route=\/wp\/v2\/pages\/9"}],"wp:attachment":[{"href":"https:\/\/uniremunicipios.com.ar\/manual\/index.php?rest_route=%2Fwp%2Fv2%2Fmedia&parent=3079"}],"curies":[{"name":"wp","href":"https:\/\/api.w.org\/{rel}","templated":true}]}}