{"id":3097,"date":"2021-09-17T10:08:47","date_gmt":"2021-09-17T13:08:47","guid":{"rendered":"http:\/\/uniremunicipios.com.ar\/manual\/?page_id=3097"},"modified":"2024-10-08T15:21:05","modified_gmt":"2024-10-08T18:21:05","slug":"agregar-fecha-vencimiento-a-periodos","status":"publish","type":"page","link":"https:\/\/uniremunicipios.com.ar\/manual\/?page_id=3097","title":{"rendered":"Agregar fecha vencimiento a periodos"},"content":{"rendered":"<p>M\u00f3dulo: <strong>UNIRE IMPUESTO GENERAL<\/strong><\/p>\n<p>Buscamos el per\u00edodo en el tributo que deseamos<\/p>\n<p>Men\u00fa: <strong>Impuestos\/Tributos\/Tributos inmuebles urbanos\u00a0<\/strong> (por ejemplo)<\/p>\n<p>Clic en el bot\u00f3n <strong>CRONOGRAMA<\/strong><\/p>\n<p>Elegir el per\u00edodo<\/p>\n<p>Clic en el bot\u00f3n <strong>VENCEN<\/strong><\/p>\n<p>&nbsp;<\/p>\n","protected":false},"excerpt":{"rendered":"<p>M\u00f3dulo: UNIRE IMPUESTO GENERAL Buscamos el per\u00edodo en el tributo que deseamos Men\u00fa: Impuestos\/Tributos\/Tributos inmuebles urbanos\u00a0 (por ejemplo) Clic en el bot\u00f3n CRONOGRAMA Elegir el per\u00edodo Clic en el bot\u00f3n VENCEN &nbsp;<\/p>\n","protected":false},"author":2,"featured_media":0,"parent":515,"menu_order":0,"comment_status":"closed","ping_status":"closed","template":"","meta":{"footnotes":""},"class_list":["post-3097","page","type-page","status-publish","hentry"],"_links":{"self":[{"href":"https:\/\/uniremunicipios.com.ar\/manual\/index.php?rest_route=\/wp\/v2\/pages\/3097","targetHints":{"allow":["GET"]}}],"collection":[{"href":"https:\/\/uniremunicipios.com.ar\/manual\/index.php?rest_route=\/wp\/v2\/pages"}],"about":[{"href":"https:\/\/uniremunicipios.com.ar\/manual\/index.php?rest_route=\/wp\/v2\/types\/page"}],"author":[{"embeddable":true,"href":"https:\/\/uniremunicipios.com.ar\/manual\/index.php?rest_route=\/wp\/v2\/users\/2"}],"replies":[{"embeddable":true,"href":"https:\/\/uniremunicipios.com.ar\/manual\/index.php?rest_route=%2Fwp%2Fv2%2Fcomments&post=3097"}],"version-history":[{"count":3,"href":"https:\/\/uniremunicipios.com.ar\/manual\/index.php?rest_route=\/wp\/v2\/pages\/3097\/revisions"}],"predecessor-version":[{"id":4898,"href":"https:\/\/uniremunicipios.com.ar\/manual\/index.php?rest_route=\/wp\/v2\/pages\/3097\/revisions\/4898"}],"up":[{"embeddable":true,"href":"https:\/\/uniremunicipios.com.ar\/manual\/index.php?rest_route=\/wp\/v2\/pages\/515"}],"wp:attachment":[{"href":"https:\/\/uniremunicipios.com.ar\/manual\/index.php?rest_route=%2Fwp%2Fv2%2Fmedia&parent=3097"}],"curies":[{"name":"wp","href":"https:\/\/api.w.org\/{rel}","templated":true}]}}