{"id":3131,"date":"2021-09-20T09:23:57","date_gmt":"2021-09-20T12:23:57","guid":{"rendered":"http:\/\/uniremunicipios.com.ar\/manual\/?page_id=3131"},"modified":"2024-09-10T09:57:42","modified_gmt":"2024-09-10T12:57:42","slug":"permisos-a-los-usuarios","status":"publish","type":"page","link":"https:\/\/uniremunicipios.com.ar\/manual\/?page_id=3131","title":{"rendered":"Permisos a los usuarios"},"content":{"rendered":"<p>El usuario SUPERVISOR puede otorgar permisos a los usuarios para que puedan utilizar el sistema.<\/p>\n<p>Men\u00fa: Bot\u00f3n FX Gral\/Permisos y Usos sobre el proceso.<\/p>\n<p><img loading=\"lazy\" decoding=\"async\" width=\"513\" height=\"333\" class=\"alignnone wp-image-3132 size-full\" src=\"http:\/\/uniremunicipios.com.ar\/manual\/wp-content\/uploads\/2021\/09\/Pasted-into-Permisos-a-los-usuarios.png\" srcset=\"https:\/\/uniremunicipios.com.ar\/manual\/wp-content\/uploads\/2021\/09\/Pasted-into-Permisos-a-los-usuarios.png 513w, https:\/\/uniremunicipios.com.ar\/manual\/wp-content\/uploads\/2021\/09\/Pasted-into-Permisos-a-los-usuarios-300x195.png 300w\" sizes=\"auto, (max-width: 513px) 100vw, 513px\" \/><\/p>\n<p>Permisos de Ingresos al proceso: permitir\u00e1 al operador visualizar la informaci\u00f3n.<\/p>\n<p>Permisos de Uso al proceso: permitir\u00e1 al operador realizar altas, bajas y modificaciones.<\/p>\n<p><strong>Tildar o destildar con doble clic seg\u00fan corresponda<\/strong>.<\/p>\n<p><img loading=\"lazy\" decoding=\"async\" class=\"wp-image-4489 alignnone \" src=\"http:\/\/uniremunicipios.com.ar\/manual\/wp-content\/uploads\/2024\/09\/image-3.png\" alt=\"\" width=\"461\" height=\"232\" srcset=\"https:\/\/uniremunicipios.com.ar\/manual\/wp-content\/uploads\/2024\/09\/image-3.png 464w, https:\/\/uniremunicipios.com.ar\/manual\/wp-content\/uploads\/2024\/09\/image-3-300x151.png 300w\" sizes=\"auto, (max-width: 461px) 100vw, 461px\" \/><\/p>\n","protected":false},"excerpt":{"rendered":"<p>El usuario SUPERVISOR puede otorgar permisos a los usuarios para que puedan utilizar el sistema. Men\u00fa: Bot\u00f3n FX Gral\/Permisos y Usos sobre el proceso. Permisos de Ingresos al proceso: permitir\u00e1 al operador visualizar la informaci\u00f3n. Permisos de Uso al proceso: permitir\u00e1 al operador realizar altas, bajas y modificaciones. Tildar o destildar con doble clic seg\u00fan [&hellip;]<\/p>\n","protected":false},"author":2,"featured_media":0,"parent":1703,"menu_order":0,"comment_status":"closed","ping_status":"closed","template":"","meta":{"footnotes":""},"class_list":["post-3131","page","type-page","status-publish","hentry"],"_links":{"self":[{"href":"https:\/\/uniremunicipios.com.ar\/manual\/index.php?rest_route=\/wp\/v2\/pages\/3131","targetHints":{"allow":["GET"]}}],"collection":[{"href":"https:\/\/uniremunicipios.com.ar\/manual\/index.php?rest_route=\/wp\/v2\/pages"}],"about":[{"href":"https:\/\/uniremunicipios.com.ar\/manual\/index.php?rest_route=\/wp\/v2\/types\/page"}],"author":[{"embeddable":true,"href":"https:\/\/uniremunicipios.com.ar\/manual\/index.php?rest_route=\/wp\/v2\/users\/2"}],"replies":[{"embeddable":true,"href":"https:\/\/uniremunicipios.com.ar\/manual\/index.php?rest_route=%2Fwp%2Fv2%2Fcomments&post=3131"}],"version-history":[{"count":3,"href":"https:\/\/uniremunicipios.com.ar\/manual\/index.php?rest_route=\/wp\/v2\/pages\/3131\/revisions"}],"predecessor-version":[{"id":4491,"href":"https:\/\/uniremunicipios.com.ar\/manual\/index.php?rest_route=\/wp\/v2\/pages\/3131\/revisions\/4491"}],"up":[{"embeddable":true,"href":"https:\/\/uniremunicipios.com.ar\/manual\/index.php?rest_route=\/wp\/v2\/pages\/1703"}],"wp:attachment":[{"href":"https:\/\/uniremunicipios.com.ar\/manual\/index.php?rest_route=%2Fwp%2Fv2%2Fmedia&parent=3131"}],"curies":[{"name":"wp","href":"https:\/\/api.w.org\/{rel}","templated":true}]}}