{"id":3181,"date":"2021-10-25T15:35:49","date_gmt":"2021-10-25T18:35:49","guid":{"rendered":"http:\/\/uniremunicipios.com.ar\/manual\/?page_id=3181"},"modified":"2025-01-20T10:55:13","modified_gmt":"2025-01-20T13:55:13","slug":"cobranza-recibos-en-gestion-judicial","status":"publish","type":"page","link":"https:\/\/uniremunicipios.com.ar\/manual\/?page_id=3181","title":{"rendered":"Cobranza recibos en Gesti\u00f3n Judicial"},"content":{"rendered":"<p>Cuando se necesita cobrar recibos que se encuentran en gesti\u00f3n judicial, se puede optar por dos caminos, el primero de ellos borrando el t\u00edtulo ejecutorio y por lo tanto activa los recibos tomados; y, el segundo caso activando los recibos y dejando el t\u00edtulo como referencia.<\/p>\n<p>Para llegar a estos datos, es necesario ingresar a la cuenta del contribuyente, luego presionar el <img loading=\"lazy\" decoding=\"async\" class=\"wp-image-4697 alignnone \" src=\"http:\/\/uniremunicipios.com.ar\/manual\/wp-content\/uploads\/2024\/09\/image-92.png\" alt=\"\" width=\"46\" height=\"41\" \/> y posicionarse sobre el tributo sobre el que vamos a trabajar. Presionamos el bot\u00f3n<\/p>\n<p><img loading=\"lazy\" decoding=\"async\" class=\"wp-image-5196 alignnone \" src=\"http:\/\/uniremunicipios.com.ar\/manual\/wp-content\/uploads\/2024\/10\/image-168.png\" alt=\"\" width=\"314\" height=\"218\" srcset=\"https:\/\/uniremunicipios.com.ar\/manual\/wp-content\/uploads\/2024\/10\/image-168.png 332w, https:\/\/uniremunicipios.com.ar\/manual\/wp-content\/uploads\/2024\/10\/image-168-300x208.png 300w\" sizes=\"auto, (max-width: 314px) 100vw, 314px\" \/><\/p>\n<p>El sistema trae todos los t\u00edtulos ejecutorios correspondientes a este contribuyente, los que est\u00e1n en candado (pendiente de resoluci\u00f3n) y los ya terminados o pagados.<\/p>\n<p><img loading=\"lazy\" decoding=\"async\" class=\"wp-image-5850 alignnone \" src=\"http:\/\/uniremunicipios.com.ar\/manual\/wp-content\/uploads\/2025\/01\/image-24.png\" alt=\"\" width=\"511\" height=\"213\" srcset=\"https:\/\/uniremunicipios.com.ar\/manual\/wp-content\/uploads\/2025\/01\/image-24.png 901w, https:\/\/uniremunicipios.com.ar\/manual\/wp-content\/uploads\/2025\/01\/image-24-300x125.png 300w, https:\/\/uniremunicipios.com.ar\/manual\/wp-content\/uploads\/2025\/01\/image-24-768x320.png 768w\" sizes=\"auto, (max-width: 511px) 100vw, 511px\" \/>(*)<\/p>\n<ul>\n<li>Para el caso de borrado del t\u00edtulo ejecutorio debemos cambiar el <img loading=\"lazy\" decoding=\"async\" class=\"wp-image-5851 alignnone size-medium\" src=\"http:\/\/uniremunicipios.com.ar\/manual\/wp-content\/uploads\/2025\/01\/image-25.png\" alt=\"\" width=\"47\" height=\"42\" \/> , donde la \u00fanica opci\u00f3n que brinda es \u201cborrado\u201d. Se borra el t\u00edtulo ejecutorio y se liberan todos los recibos afectados, quedando en la cuenta corriente del contribuyente.<\/li>\n<li>La otra forma, la cual sugerimos que se utilice es, ingresando a la pantalla de los t\u00edtulos ejecutorios (*), se presiona el primer bot\u00f3n de recibos en el borde superior izquierdo y UNIRE trae todos los recibos que componen el proceso.<\/li>\n<\/ul>\n<p>Se posiciona sobre cualquiera de los recibos con candado y le cambia el <img loading=\"lazy\" decoding=\"async\" class=\"wp-image-5852 alignnone size-medium\" src=\"http:\/\/uniremunicipios.com.ar\/manual\/wp-content\/uploads\/2025\/01\/image-26.png\" alt=\"\" width=\"51\" height=\"44\" \/> , el sistema le pregunta: <img loading=\"lazy\" decoding=\"async\" class=\"wp-image-5853 alignnone \" src=\"http:\/\/uniremunicipios.com.ar\/manual\/wp-content\/uploads\/2025\/01\/image-27.png\" alt=\"\" width=\"308\" height=\"112\" srcset=\"https:\/\/uniremunicipios.com.ar\/manual\/wp-content\/uploads\/2025\/01\/image-27.png 399w, https:\/\/uniremunicipios.com.ar\/manual\/wp-content\/uploads\/2025\/01\/image-27-300x109.png 300w\" sizes=\"auto, (max-width: 308px) 100vw, 308px\" \/>\u00a0, aceptando la opci\u00f3n todos los recibos pasan a activos, para luego tomarlos en una liquidaci\u00f3n de pago y pasarlos por caja, o por el tratamiento habitual.<\/p>\n<p>Recordar que las liquidaciones pueden tener fecha a futuro, y que el c\u00e1lculo de inter\u00e9s es a esa fecha. Vencido este plazo la caja no permite cobrar el comprobante.<\/p>\n<p>Para el caso de s\u00f3lo activar un recibo o algunos, se debe presionar el bot\u00f3n NO en la pregunta anterior, por lo que solo activa el recibo sobre el que se encontraba posicionado. Si se debiera activar algunos se debe realizar la operatoria de uno por uno a la vez con este procedimiento.<\/p>\n","protected":false},"excerpt":{"rendered":"<p>Cuando se necesita cobrar recibos que se encuentran en gesti\u00f3n judicial, se puede optar por dos caminos, el primero de ellos borrando el t\u00edtulo ejecutorio y por lo tanto activa los recibos tomados; y, el segundo caso activando los recibos y dejando el t\u00edtulo como referencia. Para llegar a estos datos, es necesario ingresar a [&hellip;]<\/p>\n","protected":false},"author":4,"featured_media":0,"parent":515,"menu_order":0,"comment_status":"closed","ping_status":"closed","template":"","meta":{"footnotes":""},"class_list":["post-3181","page","type-page","status-publish","hentry"],"_links":{"self":[{"href":"https:\/\/uniremunicipios.com.ar\/manual\/index.php?rest_route=\/wp\/v2\/pages\/3181","targetHints":{"allow":["GET"]}}],"collection":[{"href":"https:\/\/uniremunicipios.com.ar\/manual\/index.php?rest_route=\/wp\/v2\/pages"}],"about":[{"href":"https:\/\/uniremunicipios.com.ar\/manual\/index.php?rest_route=\/wp\/v2\/types\/page"}],"author":[{"embeddable":true,"href":"https:\/\/uniremunicipios.com.ar\/manual\/index.php?rest_route=\/wp\/v2\/users\/4"}],"replies":[{"embeddable":true,"href":"https:\/\/uniremunicipios.com.ar\/manual\/index.php?rest_route=%2Fwp%2Fv2%2Fcomments&post=3181"}],"version-history":[{"count":6,"href":"https:\/\/uniremunicipios.com.ar\/manual\/index.php?rest_route=\/wp\/v2\/pages\/3181\/revisions"}],"predecessor-version":[{"id":5854,"href":"https:\/\/uniremunicipios.com.ar\/manual\/index.php?rest_route=\/wp\/v2\/pages\/3181\/revisions\/5854"}],"up":[{"embeddable":true,"href":"https:\/\/uniremunicipios.com.ar\/manual\/index.php?rest_route=\/wp\/v2\/pages\/515"}],"wp:attachment":[{"href":"https:\/\/uniremunicipios.com.ar\/manual\/index.php?rest_route=%2Fwp%2Fv2%2Fmedia&parent=3181"}],"curies":[{"name":"wp","href":"https:\/\/api.w.org\/{rel}","templated":true}]}}