{"id":3196,"date":"2021-10-25T15:41:40","date_gmt":"2021-10-25T18:41:40","guid":{"rendered":"http:\/\/uniremunicipios.com.ar\/manual\/?page_id=3196"},"modified":"2025-01-20T14:56:22","modified_gmt":"2025-01-20T17:56:22","slug":"fiscalizacion","status":"publish","type":"page","link":"https:\/\/uniremunicipios.com.ar\/manual\/?page_id=3196","title":{"rendered":"Fiscalizaci\u00f3n DReI &#8211; Tasa Comercial"},"content":{"rendered":"<p>Para realizar un proceso de fiscalizaci\u00f3n es indispensable contar con la informaci\u00f3n al momento de iniciarla. Para ello los per\u00edodos del impuesto en cuesti\u00f3n deben estar ACTIVOS, o sea declarados o realizadas las rectificativas. Solo se fiscalizan recibos activos.<\/p>\n<p>Para iniciar la gesti\u00f3n es necesario pararse sobre el contribuyente y presionar el bot\u00f3n <img loading=\"lazy\" decoding=\"async\" width=\"40\" height=\"37\" class=\"alignnone wp-image-3197 size-full\" src=\"http:\/\/uniremunicipios.com.ar\/manual\/wp-content\/uploads\/2021\/10\/Pasted-into-Fiscalizacion.png\" \/> , y ubicarse sobre el DERECHO DE REGISTRO e INSPECCION. Tambi\u00e9n se puede ubicar sobre la ficha de cuenta corriente del DReI, y en el bot\u00f3n <img loading=\"lazy\" decoding=\"async\" class=\"wp-image-4716 alignnone \" src=\"http:\/\/uniremunicipios.com.ar\/manual\/wp-content\/uploads\/2024\/09\/image-98.png\" alt=\"\" width=\"57\" height=\"47\" \/>, se habilita el men\u00fa:<img loading=\"lazy\" decoding=\"async\" class=\"wp-image-4718 alignnone size-medium\" src=\"http:\/\/uniremunicipios.com.ar\/manual\/wp-content\/uploads\/2024\/09\/image-99.png\" alt=\"\" width=\"107\" height=\"26\" \/>. Luego, al igual que en todos los procesos de UNIRE, se coloca<img loading=\"lazy\" decoding=\"async\" class=\"wp-image-4719 alignnone \" src=\"http:\/\/uniremunicipios.com.ar\/manual\/wp-content\/uploads\/2024\/09\/image-100.png\" alt=\"\" width=\"56\" height=\"48\" \/>, y el sistema pide qu\u00e9 fecha se va a controlar<\/p>\n<p><img loading=\"lazy\" decoding=\"async\" class=\"wp-image-4720 alignnone \" src=\"http:\/\/uniremunicipios.com.ar\/manual\/wp-content\/uploads\/2024\/09\/image-101.png\" alt=\"\" width=\"257\" height=\"160\" srcset=\"https:\/\/uniremunicipios.com.ar\/manual\/wp-content\/uploads\/2024\/09\/image-101.png 369w, https:\/\/uniremunicipios.com.ar\/manual\/wp-content\/uploads\/2024\/09\/image-101-300x186.png 300w\" sizes=\"auto, (max-width: 257px) 100vw, 257px\" \/><\/p>\n<p>En la primera vista se puede cambiar la fecha (donde en tiempo real se van modificando los intereses, y por ende los totales), se observa el inter\u00e9s punitorio (QUE ES EL 50% DEL RESARCITORIO), y una columna de MULTAS. En multas se debe presionar<img loading=\"lazy\" decoding=\"async\" width=\"23\" height=\"29\" class=\"alignnone wp-image-3201 size-full\" src=\"http:\/\/uniremunicipios.com.ar\/manual\/wp-content\/uploads\/2021\/10\/Pasted-into-Fiscalizacion-4.png\" \/> , donde se coloca el % de multa que corresponde, siendo el tope el 100%. La multa se calcula sobre el capital + resarcitorio + punitorio. Presionando <img loading=\"lazy\" decoding=\"async\" width=\"23\" height=\"29\" class=\"alignnone wp-image-3202 size-full\" src=\"http:\/\/uniremunicipios.com.ar\/manual\/wp-content\/uploads\/2021\/10\/Pasted-into-Fiscalizacion-5.png\" \/>\u00a0de punitorios se puede vaciar el contenido.<\/p>\n<p>Se pueden ingresar mas recibos o quitar recibos de la FISCALIZACION mientras esta permanezca ACTIVA.\u00a0 Los recibos permanecer\u00e1n en ESTADO \u201cCandado\u201d.<\/p>\n<p>Tambi\u00e9n se puede realizar una preliquidaci\u00f3n de convenio sobre este proceso.<\/p>\n<p>Los procesos que se pueden realizar sobre una fiscalizaci\u00f3n son:<\/p>\n<p>&#8211; LIQUIDACION DE DEUDA<\/p>\n<p>&#8211; CONVENIOS<\/p>\n<p>&#8211; TITULOS EJECUTORIOS<\/p>\n<p>Para ejecutar cualquiera de estos procesos es necesario dar por terminada la fiscalizaci\u00f3n, donde los recibos pasar\u00e1n a estado ACTIVO, pero su importe final estar\u00e1 compuesto por CAPITAL +\u00a0 RESARCITORIOS + PUNITORIOS + MULTA.<\/p>\n<p>Si se desea anular el proceso de FISCALIZACION se debe cambiar el estado a BORRADO.<\/p>\n<p>Si un grupo de recibos se encuentra en una fiscalizaci\u00f3n no puede formar parte de otra fiscalizaci\u00f3n, al igual que en todo proceso (convenio, liquidaci\u00f3n de pago, etc.).<\/p>\n<p>Debemos resaltar que el contribuyente no puede realizar ning\u00fan tipo de operatoria con los per\u00edodos fiscalizados. Si se encuentra en una operatoria ACTIVA o TERMINADA, no pueden realizar ning\u00fan tipo de rectificativa.<\/p>\n<p>Si se va a utilizar la fiscalizaci\u00f3n hay que tener en cuenta que en las plantillas de contabilizaci\u00f3n hay que agregar estar variables para que cuando se emita y cobre estos recibos se encuentren las imputaciones correspondientes.<\/p>\n","protected":false},"excerpt":{"rendered":"<p>Para realizar un proceso de fiscalizaci\u00f3n es indispensable contar con la informaci\u00f3n al momento de iniciarla. Para ello los per\u00edodos del impuesto en cuesti\u00f3n deben estar ACTIVOS, o sea declarados o realizadas las rectificativas. Solo se fiscalizan recibos activos. Para iniciar la gesti\u00f3n es necesario pararse sobre el contribuyente y presionar el bot\u00f3n , y [&hellip;]<\/p>\n","protected":false},"author":4,"featured_media":0,"parent":515,"menu_order":0,"comment_status":"closed","ping_status":"closed","template":"","meta":{"footnotes":""},"class_list":["post-3196","page","type-page","status-publish","hentry"],"_links":{"self":[{"href":"https:\/\/uniremunicipios.com.ar\/manual\/index.php?rest_route=\/wp\/v2\/pages\/3196","targetHints":{"allow":["GET"]}}],"collection":[{"href":"https:\/\/uniremunicipios.com.ar\/manual\/index.php?rest_route=\/wp\/v2\/pages"}],"about":[{"href":"https:\/\/uniremunicipios.com.ar\/manual\/index.php?rest_route=\/wp\/v2\/types\/page"}],"author":[{"embeddable":true,"href":"https:\/\/uniremunicipios.com.ar\/manual\/index.php?rest_route=\/wp\/v2\/users\/4"}],"replies":[{"embeddable":true,"href":"https:\/\/uniremunicipios.com.ar\/manual\/index.php?rest_route=%2Fwp%2Fv2%2Fcomments&post=3196"}],"version-history":[{"count":5,"href":"https:\/\/uniremunicipios.com.ar\/manual\/index.php?rest_route=\/wp\/v2\/pages\/3196\/revisions"}],"predecessor-version":[{"id":5880,"href":"https:\/\/uniremunicipios.com.ar\/manual\/index.php?rest_route=\/wp\/v2\/pages\/3196\/revisions\/5880"}],"up":[{"embeddable":true,"href":"https:\/\/uniremunicipios.com.ar\/manual\/index.php?rest_route=\/wp\/v2\/pages\/515"}],"wp:attachment":[{"href":"https:\/\/uniremunicipios.com.ar\/manual\/index.php?rest_route=%2Fwp%2Fv2%2Fmedia&parent=3196"}],"curies":[{"name":"wp","href":"https:\/\/api.w.org\/{rel}","templated":true}]}}