{"id":3210,"date":"2021-10-25T15:47:02","date_gmt":"2021-10-25T18:47:02","guid":{"rendered":"http:\/\/uniremunicipios.com.ar\/manual\/?page_id=3210"},"modified":"2025-01-21T12:35:01","modified_gmt":"2025-01-21T15:35:01","slug":"imprimir-recibos-tasa","status":"publish","type":"page","link":"https:\/\/uniremunicipios.com.ar\/manual\/?page_id=3210","title":{"rendered":"Imprimir Recibos Tasa"},"content":{"rendered":"<h3><strong><u>IMPRESI\u00d3N RECIBOS TASA\/SIMILAR(x partida)<\/u><\/strong><\/h3>\n<p>Ir\u00a0<img loading=\"lazy\" decoding=\"async\" width=\"44\" height=\"48\" class=\"alignnone wp-image-3232 size-full\" src=\"http:\/\/uniremunicipios.com.ar\/manual\/wp-content\/uploads\/2021\/10\/Pasted-into-Imprimir-recibos-Tasa-5.png\" \/>, seleccionar tipo inmueble, buscar partida <img loading=\"lazy\" decoding=\"async\" width=\"89\" height=\"23\" class=\"alignnone wp-image-3233 size-full\" src=\"http:\/\/uniremunicipios.com.ar\/manual\/wp-content\/uploads\/2021\/10\/Pasted-into-Imprimir-recibos-Tasa-6.png\" \/>\u00a0:<\/p>\n<p><strong>1\u00ba)<\/strong> <img loading=\"lazy\" decoding=\"async\" width=\"36\" height=\"36\" class=\"alignnone wp-image-3234 size-full\" src=\"http:\/\/uniremunicipios.com.ar\/manual\/wp-content\/uploads\/2021\/10\/Pasted-into-Imprimir-recibos-Tasa-7.png\" \/> (para filtrar si hay varios impuestos que se cobran a la misma propiedad), luego. <img loading=\"lazy\" decoding=\"async\" width=\"27\" height=\"35\" class=\"alignnone wp-image-3235 size-full\" src=\"http:\/\/uniremunicipios.com.ar\/manual\/wp-content\/uploads\/2021\/10\/Pasted-into-Imprimir-recibos-Tasa-8.png\" \/>Para imprimir \u201ctodos\u201d los recibos adeudados presionar <img loading=\"lazy\" decoding=\"async\" class=\"wp-image-5891 alignnone \" src=\"http:\/\/uniremunicipios.com.ar\/manual\/wp-content\/uploads\/2025\/01\/image-44.png\" alt=\"\" width=\"47\" height=\"38\" \/>, para imprimir solo uno presionar <img loading=\"lazy\" decoding=\"async\" class=\"wp-image-5889 alignnone size-medium\" src=\"http:\/\/uniremunicipios.com.ar\/manual\/wp-content\/uploads\/2025\/01\/image-42.png\" alt=\"\" width=\"50\" height=\"41\" \/>\u00a0 y luego\u00a0 <img loading=\"lazy\" decoding=\"async\" width=\"75\" height=\"31\" class=\"alignnone wp-image-3238 size-full\" src=\"http:\/\/uniremunicipios.com.ar\/manual\/wp-content\/uploads\/2021\/10\/Pasted-into-Imprimir-recibos-Tasa-11.png\" \/> .<\/p>\n<p><strong>2\u00ba)<\/strong> Presionar directamente<img loading=\"lazy\" decoding=\"async\" width=\"27\" height=\"35\" class=\"alignnone wp-image-3239 size-full\" src=\"http:\/\/uniremunicipios.com.ar\/manual\/wp-content\/uploads\/2021\/10\/Pasted-into-Imprimir-recibos-Tasa-12.png\" \/>, si se imprimen todos <img loading=\"lazy\" decoding=\"async\" class=\"wp-image-5891 alignnone \" src=\"http:\/\/uniremunicipios.com.ar\/manual\/wp-content\/uploads\/2025\/01\/image-44.png\" alt=\"\" width=\"47\" height=\"38\" \/>, si se imprime de a uno, se hace doble clic sobre el recibo\u00a0 y luego<img loading=\"lazy\" decoding=\"async\" width=\"75\" height=\"31\" class=\"alignnone wp-image-3242 size-full\" src=\"http:\/\/uniremunicipios.com.ar\/manual\/wp-content\/uploads\/2021\/10\/Pasted-into-Imprimir-recibos-Tasa-15.png\" \/>.<\/p>\n<p>RECORDAR QUE SIEMPRE SE VE LA DEUDA EN LA CUENTA CORRIENTE<\/p>\n<h3><strong><u>MODIFICAR UN RECIBO TASA\/SIMILAR(x partida)<\/u><\/strong><\/h3>\n<p>Ir a <img loading=\"lazy\" decoding=\"async\" width=\"44\" height=\"48\" class=\"alignnone wp-image-3243 size-full\" src=\"http:\/\/uniremunicipios.com.ar\/manual\/wp-content\/uploads\/2021\/10\/Pasted-into-Imprimir-recibos-Tasa-16.png\" \/>, seleccionar tipo de inmueble, buscar partida <img loading=\"lazy\" decoding=\"async\" width=\"89\" height=\"23\" class=\"alignnone wp-image-3244 size-full\" src=\"http:\/\/uniremunicipios.com.ar\/manual\/wp-content\/uploads\/2021\/10\/Pasted-into-Imprimir-recibos-Tasa-17.png\" \/> : presionar<img loading=\"lazy\" decoding=\"async\" width=\"36\" height=\"36\" class=\"alignnone wp-image-3246 size-full\" src=\"http:\/\/uniremunicipios.com.ar\/manual\/wp-content\/uploads\/2021\/10\/Pasted-into-Imprimir-recibos-Tasa-19.png\" \/>, luego<img loading=\"lazy\" decoding=\"async\" width=\"27\" height=\"35\" class=\"alignnone wp-image-3247 size-full\" src=\"http:\/\/uniremunicipios.com.ar\/manual\/wp-content\/uploads\/2021\/10\/Pasted-into-Imprimir-recibos-Tasa-20.png\" \/> , luego presionar <img loading=\"lazy\" decoding=\"async\" class=\"wp-image-5889 alignnone size-medium\" src=\"http:\/\/uniremunicipios.com.ar\/manual\/wp-content\/uploads\/2025\/01\/image-42.png\" alt=\"\" width=\"50\" height=\"41\" \/> , y cambiar los valores que corresponda. Luego presionar <img loading=\"lazy\" decoding=\"async\" class=\"wp-image-5890 alignnone \" src=\"http:\/\/uniremunicipios.com.ar\/manual\/wp-content\/uploads\/2025\/01\/image-43.png\" alt=\"\" width=\"47\" height=\"21\" \/>.<\/p>\n<p>Para esto es necesario contar con el permiso correspondiente. Este procedimiento es solo para modificar valores en este \u00fanico recibo. Los pr\u00f3ximos volver\u00e1n a salir por defecto.<\/p>\n","protected":false},"excerpt":{"rendered":"<p>IMPRESI\u00d3N RECIBOS TASA\/SIMILAR(x partida) Ir\u00a0, seleccionar tipo inmueble, buscar partida \u00a0: 1\u00ba) (para filtrar si hay varios impuestos que se cobran a la misma propiedad), luego. Para imprimir \u201ctodos\u201d los recibos adeudados presionar , para imprimir solo uno presionar \u00a0 y luego\u00a0 . 2\u00ba) Presionar directamente, si se imprimen todos , si se imprime de [&hellip;]<\/p>\n","protected":false},"author":4,"featured_media":0,"parent":515,"menu_order":0,"comment_status":"closed","ping_status":"closed","template":"","meta":{"footnotes":""},"class_list":["post-3210","page","type-page","status-publish","hentry"],"_links":{"self":[{"href":"https:\/\/uniremunicipios.com.ar\/manual\/index.php?rest_route=\/wp\/v2\/pages\/3210","targetHints":{"allow":["GET"]}}],"collection":[{"href":"https:\/\/uniremunicipios.com.ar\/manual\/index.php?rest_route=\/wp\/v2\/pages"}],"about":[{"href":"https:\/\/uniremunicipios.com.ar\/manual\/index.php?rest_route=\/wp\/v2\/types\/page"}],"author":[{"embeddable":true,"href":"https:\/\/uniremunicipios.com.ar\/manual\/index.php?rest_route=\/wp\/v2\/users\/4"}],"replies":[{"embeddable":true,"href":"https:\/\/uniremunicipios.com.ar\/manual\/index.php?rest_route=%2Fwp%2Fv2%2Fcomments&post=3210"}],"version-history":[{"count":6,"href":"https:\/\/uniremunicipios.com.ar\/manual\/index.php?rest_route=\/wp\/v2\/pages\/3210\/revisions"}],"predecessor-version":[{"id":5892,"href":"https:\/\/uniremunicipios.com.ar\/manual\/index.php?rest_route=\/wp\/v2\/pages\/3210\/revisions\/5892"}],"up":[{"embeddable":true,"href":"https:\/\/uniremunicipios.com.ar\/manual\/index.php?rest_route=\/wp\/v2\/pages\/515"}],"wp:attachment":[{"href":"https:\/\/uniremunicipios.com.ar\/manual\/index.php?rest_route=%2Fwp%2Fv2%2Fmedia&parent=3210"}],"curies":[{"name":"wp","href":"https:\/\/api.w.org\/{rel}","templated":true}]}}