{"id":3317,"date":"2021-11-04T15:27:23","date_gmt":"2021-11-04T18:27:23","guid":{"rendered":"http:\/\/uniremunicipios.com.ar\/manual\/?page_id=3317"},"modified":"2022-07-26T09:07:11","modified_gmt":"2022-07-26T12:07:11","slug":"digesto-como-publicarlo","status":"publish","type":"page","link":"https:\/\/uniremunicipios.com.ar\/manual\/?page_id=3317","title":{"rendered":"Como publicar el Digesto"},"content":{"rendered":"<p class=\"rvps2\"><span class=\"rvts6\">Desde la pantalla principal vamos a Acceso a todos los reportes asignados<\/span><\/p>\n<p class=\"rvps2\"><img loading=\"lazy\" decoding=\"async\" width=\"62\" height=\"47\" class=\"alignnone wp-image-3318 size-full\" src=\"http:\/\/uniremunicipios.com.ar\/manual\/wp-content\/uploads\/2021\/11\/Pasted-into-Digesto-como-publicarlo.png\" \/><\/p>\n<p class=\"rvps2\"><span class=\"rvts6\">y luego seleccionamos DIGESTO<\/span><\/p>\n<p class=\"rvps2\"><img loading=\"lazy\" decoding=\"async\" width=\"369\" height=\"333\" class=\"alignnone wp-image-3319 size-full\" src=\"http:\/\/uniremunicipios.com.ar\/manual\/wp-content\/uploads\/2021\/11\/Pasted-into-Digesto-como-publicarlo-1.png\" srcset=\"https:\/\/uniremunicipios.com.ar\/manual\/wp-content\/uploads\/2021\/11\/Pasted-into-Digesto-como-publicarlo-1.png 369w, https:\/\/uniremunicipios.com.ar\/manual\/wp-content\/uploads\/2021\/11\/Pasted-into-Digesto-como-publicarlo-1-300x271.png 300w\" sizes=\"auto, (max-width: 369px) 100vw, 369px\" \/><\/p>\n<p class=\"rvps2\"><span class=\"rvts6\">Ingresando a DIGESTO seleccionamos<\/span><\/p>\n<p class=\"rvps2\"><img loading=\"lazy\" decoding=\"async\" width=\"476\" height=\"185\" class=\"alignnone wp-image-3412 size-full\" src=\"http:\/\/uniremunicipios.com.ar\/manual\/wp-content\/uploads\/2021\/11\/Pasted-into-Como-publicarloOK.png\" srcset=\"https:\/\/uniremunicipios.com.ar\/manual\/wp-content\/uploads\/2021\/11\/Pasted-into-Como-publicarloOK.png 476w, https:\/\/uniremunicipios.com.ar\/manual\/wp-content\/uploads\/2021\/11\/Pasted-into-Como-publicarloOK-300x117.png 300w\" sizes=\"auto, (max-width: 476px) 100vw, 476px\" \/><\/p>\n<p><img loading=\"lazy\" decoding=\"async\" width=\"586\" height=\"160\" class=\"alignnone wp-image-3414 size-full\" src=\"http:\/\/uniremunicipios.com.ar\/manual\/wp-content\/uploads\/2021\/11\/Pasted-into-Como-publicarloOK-1.png\" srcset=\"https:\/\/uniremunicipios.com.ar\/manual\/wp-content\/uploads\/2021\/11\/Pasted-into-Como-publicarloOK-1.png 586w, https:\/\/uniremunicipios.com.ar\/manual\/wp-content\/uploads\/2021\/11\/Pasted-into-Como-publicarloOK-1-300x82.png 300w\" sizes=\"auto, (max-width: 586px) 100vw, 586px\" \/><\/p>\n<p class=\"rvps2\"><img loading=\"lazy\" decoding=\"async\" width=\"416\" height=\"266\" class=\"alignnone wp-image-3415 size-full\" src=\"http:\/\/uniremunicipios.com.ar\/manual\/wp-content\/uploads\/2021\/11\/Pasted-into-Como-publicarloOK-2.png\" srcset=\"https:\/\/uniremunicipios.com.ar\/manual\/wp-content\/uploads\/2021\/11\/Pasted-into-Como-publicarloOK-2.png 416w, https:\/\/uniremunicipios.com.ar\/manual\/wp-content\/uploads\/2021\/11\/Pasted-into-Como-publicarloOK-2-300x192.png 300w\" sizes=\"auto, (max-width: 416px) 100vw, 416px\" \/><\/p>\n<p class=\"rvps2\"><span class=\"rvts6\">NOTA: tener en cuenta que para que aparezca la opci\u00f3n Digesto &#8211; Ordenanzas en la p\u00e1gina del municipio el operador WEB debe tener activos los siguientes procesos:<\/span><\/p>\n<p class=\"rvps2\"><img decoding=\"async\" src=\"http:\/\/uniremunicipios.com.ar\/manual-anterior\/lib\/NewItem827.png\" alt=\"\" \/><\/p>\n<p class=\"rvps2\"><span class=\"rvts6\">M\u00e1s informaci\u00f3n en \u00a0Tecnicos &#8211; Servidor &#8211; Operadores &#8211; Altas<\/span><\/p>\n","protected":false},"excerpt":{"rendered":"<p>Desde la pantalla principal vamos a Acceso a todos los reportes asignados y luego seleccionamos DIGESTO Ingresando a DIGESTO seleccionamos NOTA: tener en cuenta que para que aparezca la opci\u00f3n Digesto &#8211; Ordenanzas en la p\u00e1gina del municipio el operador WEB debe tener activos los siguientes procesos: M\u00e1s informaci\u00f3n en \u00a0Tecnicos &#8211; Servidor &#8211; Operadores [&hellip;]<\/p>\n","protected":false},"author":3,"featured_media":0,"parent":697,"menu_order":0,"comment_status":"closed","ping_status":"closed","template":"","meta":{"footnotes":""},"class_list":["post-3317","page","type-page","status-publish","hentry"],"_links":{"self":[{"href":"https:\/\/uniremunicipios.com.ar\/manual\/index.php?rest_route=\/wp\/v2\/pages\/3317","targetHints":{"allow":["GET"]}}],"collection":[{"href":"https:\/\/uniremunicipios.com.ar\/manual\/index.php?rest_route=\/wp\/v2\/pages"}],"about":[{"href":"https:\/\/uniremunicipios.com.ar\/manual\/index.php?rest_route=\/wp\/v2\/types\/page"}],"author":[{"embeddable":true,"href":"https:\/\/uniremunicipios.com.ar\/manual\/index.php?rest_route=\/wp\/v2\/users\/3"}],"replies":[{"embeddable":true,"href":"https:\/\/uniremunicipios.com.ar\/manual\/index.php?rest_route=%2Fwp%2Fv2%2Fcomments&post=3317"}],"version-history":[{"count":8,"href":"https:\/\/uniremunicipios.com.ar\/manual\/index.php?rest_route=\/wp\/v2\/pages\/3317\/revisions"}],"predecessor-version":[{"id":3842,"href":"https:\/\/uniremunicipios.com.ar\/manual\/index.php?rest_route=\/wp\/v2\/pages\/3317\/revisions\/3842"}],"up":[{"embeddable":true,"href":"https:\/\/uniremunicipios.com.ar\/manual\/index.php?rest_route=\/wp\/v2\/pages\/697"}],"wp:attachment":[{"href":"https:\/\/uniremunicipios.com.ar\/manual\/index.php?rest_route=%2Fwp%2Fv2%2Fmedia&parent=3317"}],"curies":[{"name":"wp","href":"https:\/\/api.w.org\/{rel}","templated":true}]}}