{"id":3382,"date":"2021-11-08T15:09:09","date_gmt":"2021-11-08T18:09:09","guid":{"rendered":"http:\/\/uniremunicipios.com.ar\/manual\/?page_id=3382"},"modified":"2024-09-17T12:16:27","modified_gmt":"2024-09-17T15:16:27","slug":"concesiones-de-uso-alquiler","status":"publish","type":"page","link":"https:\/\/uniremunicipios.com.ar\/manual\/?page_id=3382","title":{"rendered":"Concesiones de Uso ( alquiler )"},"content":{"rendered":"<p>En Unire, existe la posibilidad de hacer una concesi\u00f3n de uso ( alquiler) sobre los inmuebles.<\/p>\n<p>Para eso nos ubicaremos sobre el inmueble en cuesti\u00f3n, y luego :<\/p>\n<p><img loading=\"lazy\" decoding=\"async\" class=\"alignnone wp-image-3383 \" src=\"http:\/\/uniremunicipios.com.ar\/manual\/wp-content\/uploads\/2021\/11\/Pasted-into-Concesiones-de-Uso-alquiler-.png\" width=\"500\" height=\"141\" srcset=\"https:\/\/uniremunicipios.com.ar\/manual\/wp-content\/uploads\/2021\/11\/Pasted-into-Concesiones-de-Uso-alquiler-.png 567w, https:\/\/uniremunicipios.com.ar\/manual\/wp-content\/uploads\/2021\/11\/Pasted-into-Concesiones-de-Uso-alquiler--300x85.png 300w\" sizes=\"auto, (max-width: 500px) 100vw, 500px\" \/><\/p>\n<p><img loading=\"lazy\" decoding=\"async\" class=\"alignnone wp-image-3384 \" src=\"http:\/\/uniremunicipios.com.ar\/manual\/wp-content\/uploads\/2021\/11\/Pasted-into-Concesiones-de-Uso-alquiler-1-1.png\" width=\"499\" height=\"168\" srcset=\"https:\/\/uniremunicipios.com.ar\/manual\/wp-content\/uploads\/2021\/11\/Pasted-into-Concesiones-de-Uso-alquiler-1-1.png 567w, https:\/\/uniremunicipios.com.ar\/manual\/wp-content\/uploads\/2021\/11\/Pasted-into-Concesiones-de-Uso-alquiler-1-1-300x101.png 300w\" sizes=\"auto, (max-width: 499px) 100vw, 499px\" \/><\/p>\n<p>Con el bot\u00f3n de Agregar, daremos de alta el alquiler. Deberemos completar los siguientes datos.<\/p>\n<p><img loading=\"lazy\" decoding=\"async\" class=\"alignnone wp-image-3385 \" src=\"http:\/\/uniremunicipios.com.ar\/manual\/wp-content\/uploads\/2021\/11\/Pasted-into-Concesiones-de-Uso-alquiler-1-2.png\" width=\"497\" height=\"271\" srcset=\"https:\/\/uniremunicipios.com.ar\/manual\/wp-content\/uploads\/2021\/11\/Pasted-into-Concesiones-de-Uso-alquiler-1-2.png 567w, https:\/\/uniremunicipios.com.ar\/manual\/wp-content\/uploads\/2021\/11\/Pasted-into-Concesiones-de-Uso-alquiler-1-2-300x163.png 300w\" sizes=\"auto, (max-width: 497px) 100vw, 497px\" \/><\/p>\n<p>Para corregir, con le bot\u00f3n de MODIFICA .<\/p>\n<p>En el caso de renovar el alquiler, o cambio de inquilino, se deber\u00e1 cambiar el ESTADO a Desactivado, a continuaci\u00f3n agregar el nuevo inquilino ( este procedimiento se hace para tener un historial sobre las concesiones del inmueble)<\/p>\n<p><img loading=\"lazy\" decoding=\"async\" class=\"alignnone wp-image-3386 \" src=\"http:\/\/uniremunicipios.com.ar\/manual\/wp-content\/uploads\/2021\/11\/Pasted-into-Concesiones-de-Uso-alquiler-1-3.png\" width=\"424\" height=\"157\" srcset=\"https:\/\/uniremunicipios.com.ar\/manual\/wp-content\/uploads\/2021\/11\/Pasted-into-Concesiones-de-Uso-alquiler-1-3.png 481w, https:\/\/uniremunicipios.com.ar\/manual\/wp-content\/uploads\/2021\/11\/Pasted-into-Concesiones-de-Uso-alquiler-1-3-300x111.png 300w\" sizes=\"auto, (max-width: 424px) 100vw, 424px\" \/><\/p>\n<p><img loading=\"lazy\" decoding=\"async\" width=\"424\" height=\"150\" class=\"alignnone wp-image-3387 size-full\" src=\"http:\/\/uniremunicipios.com.ar\/manual\/wp-content\/uploads\/2021\/11\/Pasted-into-Concesiones-de-Uso-alquiler-1-4.png\" srcset=\"https:\/\/uniremunicipios.com.ar\/manual\/wp-content\/uploads\/2021\/11\/Pasted-into-Concesiones-de-Uso-alquiler-1-4.png 424w, https:\/\/uniremunicipios.com.ar\/manual\/wp-content\/uploads\/2021\/11\/Pasted-into-Concesiones-de-Uso-alquiler-1-4-300x106.png 300w\" sizes=\"auto, (max-width: 424px) 100vw, 424px\" \/><\/p>\n","protected":false},"excerpt":{"rendered":"<p>En Unire, existe la posibilidad de hacer una concesi\u00f3n de uso ( alquiler) sobre los inmuebles. Para eso nos ubicaremos sobre el inmueble en cuesti\u00f3n, y luego : Con el bot\u00f3n de Agregar, daremos de alta el alquiler. Deberemos completar los siguientes datos. Para corregir, con le bot\u00f3n de MODIFICA . En el caso de [&hellip;]<\/p>\n","protected":false},"author":4,"featured_media":0,"parent":423,"menu_order":0,"comment_status":"closed","ping_status":"closed","template":"","meta":{"footnotes":""},"class_list":["post-3382","page","type-page","status-publish","hentry"],"_links":{"self":[{"href":"https:\/\/uniremunicipios.com.ar\/manual\/index.php?rest_route=\/wp\/v2\/pages\/3382","targetHints":{"allow":["GET"]}}],"collection":[{"href":"https:\/\/uniremunicipios.com.ar\/manual\/index.php?rest_route=\/wp\/v2\/pages"}],"about":[{"href":"https:\/\/uniremunicipios.com.ar\/manual\/index.php?rest_route=\/wp\/v2\/types\/page"}],"author":[{"embeddable":true,"href":"https:\/\/uniremunicipios.com.ar\/manual\/index.php?rest_route=\/wp\/v2\/users\/4"}],"replies":[{"embeddable":true,"href":"https:\/\/uniremunicipios.com.ar\/manual\/index.php?rest_route=%2Fwp%2Fv2%2Fcomments&post=3382"}],"version-history":[{"count":3,"href":"https:\/\/uniremunicipios.com.ar\/manual\/index.php?rest_route=\/wp\/v2\/pages\/3382\/revisions"}],"predecessor-version":[{"id":4563,"href":"https:\/\/uniremunicipios.com.ar\/manual\/index.php?rest_route=\/wp\/v2\/pages\/3382\/revisions\/4563"}],"up":[{"embeddable":true,"href":"https:\/\/uniremunicipios.com.ar\/manual\/index.php?rest_route=\/wp\/v2\/pages\/423"}],"wp:attachment":[{"href":"https:\/\/uniremunicipios.com.ar\/manual\/index.php?rest_route=%2Fwp%2Fv2%2Fmedia&parent=3382"}],"curies":[{"name":"wp","href":"https:\/\/api.w.org\/{rel}","templated":true}]}}