{"id":3389,"date":"2021-11-08T15:45:17","date_gmt":"2021-11-08T18:45:17","guid":{"rendered":"http:\/\/uniremunicipios.com.ar\/manual\/?page_id=3389"},"modified":"2025-01-20T14:15:45","modified_gmt":"2025-01-20T17:15:45","slug":"divisiones-catastrales","status":"publish","type":"page","link":"https:\/\/uniremunicipios.com.ar\/manual\/?page_id=3389","title":{"rendered":"Divisiones Catastrales"},"content":{"rendered":"<p>M\u00f3dulo: <strong>CATASTRO<\/strong><\/p>\n<p><img loading=\"lazy\" decoding=\"async\" class=\"wp-image-5226 alignnone \" src=\"http:\/\/uniremunicipios.com.ar\/manual\/wp-content\/uploads\/2024\/10\/image-179.png\" alt=\"\" width=\"392\" height=\"252\" srcset=\"https:\/\/uniremunicipios.com.ar\/manual\/wp-content\/uploads\/2024\/10\/image-179.png 621w, https:\/\/uniremunicipios.com.ar\/manual\/wp-content\/uploads\/2024\/10\/image-179-300x193.png 300w\" sizes=\"auto, (max-width: 392px) 100vw, 392px\" \/><\/p>\n<p>&nbsp;<\/p>\n<p class=\"rvps5\"><span class=\"rvts75\">El siguiente \u00edtem a desarrollar es <img loading=\"lazy\" decoding=\"async\" class=\"wp-image-5234 alignnone size-medium\" src=\"http:\/\/uniremunicipios.com.ar\/manual\/wp-content\/uploads\/2024\/10\/image-181.png\" alt=\"\" width=\"151\" height=\"26\" \/>, <\/span><span class=\"rvts75\">donde se deben definir las manzanas, con el n\u00famero que consta en los registros municipales (que pocas veces coinciden con los datos del SIGIT u otros datos provinciales).<\/span><\/p>\n<p class=\"rvps5\"><span class=\"rvts75\">\u00a0<\/span><img loading=\"lazy\" decoding=\"async\" class=\"wp-image-5235 alignnone \" src=\"http:\/\/uniremunicipios.com.ar\/manual\/wp-content\/uploads\/2024\/10\/image-182.png\" alt=\"\" width=\"369\" height=\"176\" srcset=\"https:\/\/uniremunicipios.com.ar\/manual\/wp-content\/uploads\/2024\/10\/image-182.png 636w, https:\/\/uniremunicipios.com.ar\/manual\/wp-content\/uploads\/2024\/10\/image-182-300x143.png 300w\" sizes=\"auto, (max-width: 369px) 100vw, 369px\" \/><\/p>\n<p class=\"rvps5\"><span class=\"rvts75\">Ya cargada esta manzana, se debe presionar el bot\u00f3n <img loading=\"lazy\" decoding=\"async\" class=\"wp-image-5229 alignnone size-medium\" src=\"http:\/\/uniremunicipios.com.ar\/manual\/wp-content\/uploads\/2024\/10\/Pasted-63.png\" alt=\"\" width=\"40\" height=\"32\" \/><\/span><span class=\"rvts75\">, donde debemos seleccionar los lados que componen la manzana.<\/span><\/p>\n<p class=\"rvps5\"><span class=\"rvts75\">Al finalizar, habremos registrado todas las manzanas o pol\u00edgonos locales.<\/span><\/p>\n<p class=\"rvps5\"><span class=\"rvts75\">Por \u00faltimo se encuentran los t\u00edtulos\u00a0\u00a0\u00a0 <img loading=\"lazy\" decoding=\"async\" class=\"wp-image-5230 alignnone size-medium\" src=\"http:\/\/uniremunicipios.com.ar\/manual\/wp-content\/uploads\/2024\/10\/Pasted-64.png\" alt=\"\" width=\"116\" height=\"22\" \/><\/span><span class=\"rvts75\"> <img loading=\"lazy\" decoding=\"async\" class=\"wp-image-5231 alignnone size-medium\" src=\"http:\/\/uniremunicipios.com.ar\/manual\/wp-content\/uploads\/2024\/10\/Pasted-65.png\" alt=\"\" width=\"152\" height=\"23\" srcset=\"https:\/\/uniremunicipios.com.ar\/manual\/wp-content\/uploads\/2024\/10\/Pasted-65.png 152w, https:\/\/uniremunicipios.com.ar\/manual\/wp-content\/uploads\/2024\/10\/Pasted-65-150x23.png 150w\" sizes=\"auto, (max-width: 152px) 100vw, 152px\" \/><\/span> <span class=\"rvts75\">\u00a0<img loading=\"lazy\" decoding=\"async\" class=\"wp-image-5232 alignnone size-medium\" src=\"http:\/\/uniremunicipios.com.ar\/manual\/wp-content\/uploads\/2024\/10\/Pasted-66.png\" alt=\"\" width=\"149\" height=\"24\" \/><\/span><span class=\"rvts75\"> que son propios para que los gestionen los responsables y empleados del sector catastro.\u00a0<\/span><\/p>\n<p class=\"rvps5\"><span class=\"rvts75\">\u00a0<\/span><span class=\"rvts75\">A partir de este trabajo ya realizado, nos encontramos en posici\u00f3n de comenzar la carga de inmuebles. Para ello es necesario ingresar al men\u00fa que corresponda, por ejemplo INMUEBLES URBANOS.<\/span><\/p>\n","protected":false},"excerpt":{"rendered":"<p>M\u00f3dulo: CATASTRO &nbsp; El siguiente \u00edtem a desarrollar es , donde se deben definir las manzanas, con el n\u00famero que consta en los registros municipales (que pocas veces coinciden con los datos del SIGIT u otros datos provinciales). \u00a0 Ya cargada esta manzana, se debe presionar el bot\u00f3n , donde debemos seleccionar los lados que [&hellip;]<\/p>\n","protected":false},"author":3,"featured_media":0,"parent":515,"menu_order":0,"comment_status":"closed","ping_status":"closed","template":"","meta":{"footnotes":""},"class_list":["post-3389","page","type-page","status-publish","hentry"],"_links":{"self":[{"href":"https:\/\/uniremunicipios.com.ar\/manual\/index.php?rest_route=\/wp\/v2\/pages\/3389","targetHints":{"allow":["GET"]}}],"collection":[{"href":"https:\/\/uniremunicipios.com.ar\/manual\/index.php?rest_route=\/wp\/v2\/pages"}],"about":[{"href":"https:\/\/uniremunicipios.com.ar\/manual\/index.php?rest_route=\/wp\/v2\/types\/page"}],"author":[{"embeddable":true,"href":"https:\/\/uniremunicipios.com.ar\/manual\/index.php?rest_route=\/wp\/v2\/users\/3"}],"replies":[{"embeddable":true,"href":"https:\/\/uniremunicipios.com.ar\/manual\/index.php?rest_route=%2Fwp%2Fv2%2Fcomments&post=3389"}],"version-history":[{"count":7,"href":"https:\/\/uniremunicipios.com.ar\/manual\/index.php?rest_route=\/wp\/v2\/pages\/3389\/revisions"}],"predecessor-version":[{"id":5876,"href":"https:\/\/uniremunicipios.com.ar\/manual\/index.php?rest_route=\/wp\/v2\/pages\/3389\/revisions\/5876"}],"up":[{"embeddable":true,"href":"https:\/\/uniremunicipios.com.ar\/manual\/index.php?rest_route=\/wp\/v2\/pages\/515"}],"wp:attachment":[{"href":"https:\/\/uniremunicipios.com.ar\/manual\/index.php?rest_route=%2Fwp%2Fv2%2Fmedia&parent=3389"}],"curies":[{"name":"wp","href":"https:\/\/api.w.org\/{rel}","templated":true}]}}