{"id":3437,"date":"2021-11-12T13:48:56","date_gmt":"2021-11-12T16:48:56","guid":{"rendered":"http:\/\/uniremunicipios.com.ar\/manual\/?page_id=3437"},"modified":"2025-06-10T12:26:00","modified_gmt":"2025-06-10T15:26:00","slug":"funciones-de-los-empleados","status":"publish","type":"page","link":"https:\/\/uniremunicipios.com.ar\/manual\/?page_id=3437","title":{"rendered":"Funciones de los empleados"},"content":{"rendered":"<p><img loading=\"lazy\" decoding=\"async\" width=\"377\" height=\"161\" class=\"alignnone wp-image-3438 size-full\" src=\"http:\/\/uniremunicipios.com.ar\/manual\/wp-content\/uploads\/2021\/11\/Pasted-into-Funciones-de-los-empleados.png\" srcset=\"https:\/\/uniremunicipios.com.ar\/manual\/wp-content\/uploads\/2021\/11\/Pasted-into-Funciones-de-los-empleados.png 377w, https:\/\/uniremunicipios.com.ar\/manual\/wp-content\/uploads\/2021\/11\/Pasted-into-Funciones-de-los-empleados-300x128.png 300w\" sizes=\"auto, (max-width: 377px) 100vw, 377px\" \/><\/p>\n<p>Presionar agregar y observar el pr\u00f3ximo n\u00famero disponible<\/p>\n<p><img loading=\"lazy\" decoding=\"async\" width=\"567\" height=\"227\" class=\"alignnone wp-image-3439 size-full\" src=\"http:\/\/uniremunicipios.com.ar\/manual\/wp-content\/uploads\/2021\/11\/Pasted-into-Funciones-de-los-empleados-1.png\" srcset=\"https:\/\/uniremunicipios.com.ar\/manual\/wp-content\/uploads\/2021\/11\/Pasted-into-Funciones-de-los-empleados-1.png 567w, https:\/\/uniremunicipios.com.ar\/manual\/wp-content\/uploads\/2021\/11\/Pasted-into-Funciones-de-los-empleados-1-300x120.png 300w\" sizes=\"auto, (max-width: 567px) 100vw, 567px\" \/><\/p>\n<p>completar luego la descripci\u00f3n<\/p>\n<p><img loading=\"lazy\" decoding=\"async\" width=\"474\" height=\"179\" class=\"alignnone wp-image-3441 size-full\" src=\"http:\/\/uniremunicipios.com.ar\/manual\/wp-content\/uploads\/2021\/11\/Pasted-into-Funciones-de-los-empleados-3.png\" srcset=\"https:\/\/uniremunicipios.com.ar\/manual\/wp-content\/uploads\/2021\/11\/Pasted-into-Funciones-de-los-empleados-3.png 474w, https:\/\/uniremunicipios.com.ar\/manual\/wp-content\/uploads\/2021\/11\/Pasted-into-Funciones-de-los-empleados-3-300x113.png 300w\" sizes=\"auto, (max-width: 474px) 100vw, 474px\" \/><\/p>\n<p><img loading=\"lazy\" decoding=\"async\" width=\"362\" height=\"310\" class=\"alignnone wp-image-3442 size-full\" src=\"http:\/\/uniremunicipios.com.ar\/manual\/wp-content\/uploads\/2021\/11\/Pasted-into-Funciones-de-los-empleados-4.png\" srcset=\"https:\/\/uniremunicipios.com.ar\/manual\/wp-content\/uploads\/2021\/11\/Pasted-into-Funciones-de-los-empleados-4.png 362w, https:\/\/uniremunicipios.com.ar\/manual\/wp-content\/uploads\/2021\/11\/Pasted-into-Funciones-de-los-empleados-4-300x257.png 300w\" sizes=\"auto, (max-width: 362px) 100vw, 362px\" \/><\/p>\n<p>Se puede modificar o cambiar el estado a desactivado si as\u00ed correspondiese<\/p>\n","protected":false},"excerpt":{"rendered":"<p>Presionar agregar y observar el pr\u00f3ximo n\u00famero disponible completar luego la descripci\u00f3n Se puede modificar o cambiar el estado a desactivado si as\u00ed correspondiese<\/p>\n","protected":false},"author":3,"featured_media":0,"parent":28,"menu_order":0,"comment_status":"closed","ping_status":"closed","template":"","meta":{"footnotes":""},"class_list":["post-3437","page","type-page","status-publish","hentry"],"_links":{"self":[{"href":"https:\/\/uniremunicipios.com.ar\/manual\/index.php?rest_route=\/wp\/v2\/pages\/3437","targetHints":{"allow":["GET"]}}],"collection":[{"href":"https:\/\/uniremunicipios.com.ar\/manual\/index.php?rest_route=\/wp\/v2\/pages"}],"about":[{"href":"https:\/\/uniremunicipios.com.ar\/manual\/index.php?rest_route=\/wp\/v2\/types\/page"}],"author":[{"embeddable":true,"href":"https:\/\/uniremunicipios.com.ar\/manual\/index.php?rest_route=\/wp\/v2\/users\/3"}],"replies":[{"embeddable":true,"href":"https:\/\/uniremunicipios.com.ar\/manual\/index.php?rest_route=%2Fwp%2Fv2%2Fcomments&post=3437"}],"version-history":[{"count":4,"href":"https:\/\/uniremunicipios.com.ar\/manual\/index.php?rest_route=\/wp\/v2\/pages\/3437\/revisions"}],"predecessor-version":[{"id":6045,"href":"https:\/\/uniremunicipios.com.ar\/manual\/index.php?rest_route=\/wp\/v2\/pages\/3437\/revisions\/6045"}],"up":[{"embeddable":true,"href":"https:\/\/uniremunicipios.com.ar\/manual\/index.php?rest_route=\/wp\/v2\/pages\/28"}],"wp:attachment":[{"href":"https:\/\/uniremunicipios.com.ar\/manual\/index.php?rest_route=%2Fwp%2Fv2%2Fmedia&parent=3437"}],"curies":[{"name":"wp","href":"https:\/\/api.w.org\/{rel}","templated":true}]}}