{"id":346,"date":"2019-06-06T18:15:39","date_gmt":"2019-06-06T21:15:39","guid":{"rendered":"http:\/\/uniremunicipios.com.ar\/manual\/?page_id=346"},"modified":"2025-10-16T14:50:08","modified_gmt":"2025-10-16T17:50:08","slug":"api-inmuebles","status":"publish","type":"page","link":"https:\/\/uniremunicipios.com.ar\/manual\/?page_id=346","title":{"rendered":"CRUZAMIENTO CON CATASTRO (CD\/DVD)"},"content":{"rendered":"<p class=\"MsoNormal\" style=\"line-height: 150%;\">Los datos a importar en UNIRE, hasta el momento se obtienen de un CD\/DVD.<\/p>\n<p class=\"MsoNormal\" style=\"line-height: 150%;\">Se deben guardar en<span style=\"mso-spacerun: yes;\">\u00a0 <img loading=\"lazy\" decoding=\"async\" class=\"wp-image-4467 alignnone\" src=\"http:\/\/uniremunicipios.com.ar\/manual\/wp-content\/uploads\/2024\/08\/image-33.png\" alt=\"\" width=\"110\" height=\"19\" \/><\/span>. En los registros puede venir de la siguiente manera:<\/p>\n<p class=\"MsoNormal\" style=\"line-height: 150%;\"><span style=\"mso-spacerun: yes;\"><img loading=\"lazy\" decoding=\"async\" class=\"wp-image-4468 alignnone\" src=\"http:\/\/uniremunicipios.com.ar\/manual\/wp-content\/uploads\/2024\/08\/image-34.png\" alt=\"\" width=\"79\" height=\"119\" \/>\u00a0 \u00a0<\/span><span style=\"mso-spacerun: yes;\">\u00a0<\/span>o tambi\u00e9n<span style=\"mso-spacerun: yes;\"> \u00a0\u00a0\u00a0\u00a0\u00a0\u00a0 <img loading=\"lazy\" decoding=\"async\" class=\"wp-image-4469 alignnone\" src=\"http:\/\/uniremunicipios.com.ar\/manual\/wp-content\/uploads\/2024\/08\/image-35.png\" alt=\"\" width=\"78\" height=\"124\" \/><\/span>.<\/p>\n<p class=\"MsoNormal\" style=\"line-height: 150%;\">Para el 2\u00ba ejemplo es necesario cambiar el nombre y dejarlo como el 1\u00ba.<\/p>\n<p class=\"MsoNormal\" style=\"line-height: 150%;\">Una vez ajustado estos archivos se ingresa al men\u00fa API y en el primer men\u00fa se importa. Es importante bajarlo con la fecha que data la informaci\u00f3n dado que cuando se vaya actualizando va a quedar en el historial el proceso del tiempo.<\/p>\n<p class=\"MsoNormal\" style=\"line-height: 150%;\">Es probable que el sistema informe de alg\u00fan error: por ejemplo \u201cerror en linea 15000\u201d.<\/p>\n<p class=\"MsoNormal\" style=\"line-height: 150%;\">Se debe ir al archivo correspondiente y borrar esa l\u00ednea para que no perturbe la migraci\u00f3n.<\/p>\n<p class=\"MsoNormal\" style=\"line-height: 150%;\">Luego se debe volver a importar.<\/p>\n<p>&nbsp;<\/p>\n","protected":false},"excerpt":{"rendered":"<p>Los datos a importar en UNIRE, hasta el momento se obtienen de un CD\/DVD. Se deben guardar en\u00a0 . En los registros puede venir de la siguiente manera: \u00a0 \u00a0\u00a0o tambi\u00e9n \u00a0\u00a0\u00a0\u00a0\u00a0\u00a0 . Para el 2\u00ba ejemplo es necesario cambiar el nombre y dejarlo como el 1\u00ba. Una vez ajustado estos archivos se ingresa al [&hellip;]<\/p>\n","protected":false},"author":5,"featured_media":0,"parent":315,"menu_order":0,"comment_status":"closed","ping_status":"closed","template":"","meta":{"footnotes":""},"class_list":["post-346","page","type-page","status-publish","hentry"],"_links":{"self":[{"href":"https:\/\/uniremunicipios.com.ar\/manual\/index.php?rest_route=\/wp\/v2\/pages\/346","targetHints":{"allow":["GET"]}}],"collection":[{"href":"https:\/\/uniremunicipios.com.ar\/manual\/index.php?rest_route=\/wp\/v2\/pages"}],"about":[{"href":"https:\/\/uniremunicipios.com.ar\/manual\/index.php?rest_route=\/wp\/v2\/types\/page"}],"author":[{"embeddable":true,"href":"https:\/\/uniremunicipios.com.ar\/manual\/index.php?rest_route=\/wp\/v2\/users\/5"}],"replies":[{"embeddable":true,"href":"https:\/\/uniremunicipios.com.ar\/manual\/index.php?rest_route=%2Fwp%2Fv2%2Fcomments&post=346"}],"version-history":[{"count":8,"href":"https:\/\/uniremunicipios.com.ar\/manual\/index.php?rest_route=\/wp\/v2\/pages\/346\/revisions"}],"predecessor-version":[{"id":6184,"href":"https:\/\/uniremunicipios.com.ar\/manual\/index.php?rest_route=\/wp\/v2\/pages\/346\/revisions\/6184"}],"up":[{"embeddable":true,"href":"https:\/\/uniremunicipios.com.ar\/manual\/index.php?rest_route=\/wp\/v2\/pages\/315"}],"wp:attachment":[{"href":"https:\/\/uniremunicipios.com.ar\/manual\/index.php?rest_route=%2Fwp%2Fv2%2Fmedia&parent=346"}],"curies":[{"name":"wp","href":"https:\/\/api.w.org\/{rel}","templated":true}]}}