{"id":3470,"date":"2021-11-12T15:09:36","date_gmt":"2021-11-12T18:09:36","guid":{"rendered":"http:\/\/uniremunicipios.com.ar\/manual\/?page_id=3470"},"modified":"2024-09-10T11:12:10","modified_gmt":"2024-09-10T14:12:10","slug":"deducciones-ganancias","status":"publish","type":"page","link":"https:\/\/uniremunicipios.com.ar\/manual\/?page_id=3470","title":{"rendered":"Deducciones ganancias"},"content":{"rendered":"<p>En tablas est\u00e1n cargadas las deducciones que permite el AFIP, y las que tienen importe figura el total del a\u00f1o dividido 12<\/p>\n<p><img loading=\"lazy\" decoding=\"async\" width=\"385\" height=\"435\" class=\"alignnone wp-image-3471 size-full\" src=\"http:\/\/uniremunicipios.com.ar\/manual\/wp-content\/uploads\/2021\/11\/Pasted-into-1-2.png\" srcset=\"https:\/\/uniremunicipios.com.ar\/manual\/wp-content\/uploads\/2021\/11\/Pasted-into-1-2.png 385w, https:\/\/uniremunicipios.com.ar\/manual\/wp-content\/uploads\/2021\/11\/Pasted-into-1-2-266x300.png 266w\" sizes=\"auto, (max-width: 385px) 100vw, 385px\" \/><\/p>\n<p>&nbsp;<\/p>\n<p>con la llave a principio de a\u00f1o se les carga a todos los empleados el m\u00ednimo no imponible, la deducci\u00f3n especial y la deducci\u00f3n especial para el SAC. Cuando cambian estas deducciones podemos volver a usar la llave y las lleva a todos los empleados ( la llave es de uso de personal de UNIRE y de c\u00f3mputos)<\/p>\n<p><img loading=\"lazy\" decoding=\"async\" class=\"wp-image-4508 alignnone \" src=\"http:\/\/uniremunicipios.com.ar\/manual\/wp-content\/uploads\/2024\/09\/image-5.png\" alt=\"\" width=\"532\" height=\"227\" srcset=\"https:\/\/uniremunicipios.com.ar\/manual\/wp-content\/uploads\/2024\/09\/image-5.png 566w, https:\/\/uniremunicipios.com.ar\/manual\/wp-content\/uploads\/2024\/09\/image-5-300x128.png 300w\" sizes=\"auto, (max-width: 532px) 100vw, 532px\" \/><\/p>\n<p>&nbsp;<\/p>\n<p>En cada empleado vemos aqu\u00ed las deducciones cargadas y agregamos o borramos seg\u00fan este informe con el SIRADIG al AFIP, se dan de baja los hijos menores al cumplir los 18 a\u00f1os, o porque est\u00e9n trabajando, igual que las esposas, o alguna otra deducci\u00f3n, bajas, altas o modificaciones seg\u00fan corresponda<\/p>\n<p><img loading=\"lazy\" decoding=\"async\" width=\"334\" height=\"156\" class=\"alignnone wp-image-3474 size-full\" src=\"http:\/\/uniremunicipios.com.ar\/manual\/wp-content\/uploads\/2021\/11\/Pasted-into-1-5.png\" srcset=\"https:\/\/uniremunicipios.com.ar\/manual\/wp-content\/uploads\/2021\/11\/Pasted-into-1-5.png 334w, https:\/\/uniremunicipios.com.ar\/manual\/wp-content\/uploads\/2021\/11\/Pasted-into-1-5-300x140.png 300w\" sizes=\"auto, (max-width: 334px) 100vw, 334px\" \/><\/p>\n<p><img loading=\"lazy\" decoding=\"async\" width=\"454\" height=\"358\" class=\"alignnone wp-image-3475 size-full\" src=\"http:\/\/uniremunicipios.com.ar\/manual\/wp-content\/uploads\/2021\/11\/Pasted-into-1-6.png\" srcset=\"https:\/\/uniremunicipios.com.ar\/manual\/wp-content\/uploads\/2021\/11\/Pasted-into-1-6.png 454w, https:\/\/uniremunicipios.com.ar\/manual\/wp-content\/uploads\/2021\/11\/Pasted-into-1-6-300x237.png 300w\" sizes=\"auto, (max-width: 454px) 100vw, 454px\" \/><\/p>\n<p>Tambi\u00e9n se carga si informa en el SIRADIG trabajos anteriores, empleado que viene de otro trabajo en el que estaba inscripto<\/p>\n<p><img loading=\"lazy\" decoding=\"async\" width=\"515\" height=\"329\" class=\"alignnone wp-image-3476 size-full\" src=\"http:\/\/uniremunicipios.com.ar\/manual\/wp-content\/uploads\/2021\/11\/Pasted-into-1-7.png\" srcset=\"https:\/\/uniremunicipios.com.ar\/manual\/wp-content\/uploads\/2021\/11\/Pasted-into-1-7.png 515w, https:\/\/uniremunicipios.com.ar\/manual\/wp-content\/uploads\/2021\/11\/Pasted-into-1-7-300x192.png 300w\" sizes=\"auto, (max-width: 515px) 100vw, 515px\" \/><\/p>\n<p>Informado en el SIRADIG otros trabajos de menor ingreso que el Municipal o Comunal<\/p>\n<p><img loading=\"lazy\" decoding=\"async\" class=\"wp-image-4509 alignnone \" src=\"http:\/\/uniremunicipios.com.ar\/manual\/wp-content\/uploads\/2024\/09\/image-6.png\" alt=\"\" width=\"488\" height=\"283\" srcset=\"https:\/\/uniremunicipios.com.ar\/manual\/wp-content\/uploads\/2024\/09\/image-6.png 567w, https:\/\/uniremunicipios.com.ar\/manual\/wp-content\/uploads\/2024\/09\/image-6-300x174.png 300w\" sizes=\"auto, (max-width: 488px) 100vw, 488px\" \/><\/p>\n<p>en Ganancia Neta se coloca el monto de los ingresos, menos las retenciones.<\/p>\n<p>en Sueldo Bruto y Sueldo Bruto Anterior, no se carga nada<\/p>\n","protected":false},"excerpt":{"rendered":"<p>En tablas est\u00e1n cargadas las deducciones que permite el AFIP, y las que tienen importe figura el total del a\u00f1o dividido 12 &nbsp; con la llave a principio de a\u00f1o se les carga a todos los empleados el m\u00ednimo no imponible, la deducci\u00f3n especial y la deducci\u00f3n especial para el SAC. Cuando cambian estas deducciones [&hellip;]<\/p>\n","protected":false},"author":3,"featured_media":0,"parent":28,"menu_order":0,"comment_status":"closed","ping_status":"closed","template":"","meta":{"footnotes":""},"class_list":["post-3470","page","type-page","status-publish","hentry"],"_links":{"self":[{"href":"https:\/\/uniremunicipios.com.ar\/manual\/index.php?rest_route=\/wp\/v2\/pages\/3470","targetHints":{"allow":["GET"]}}],"collection":[{"href":"https:\/\/uniremunicipios.com.ar\/manual\/index.php?rest_route=\/wp\/v2\/pages"}],"about":[{"href":"https:\/\/uniremunicipios.com.ar\/manual\/index.php?rest_route=\/wp\/v2\/types\/page"}],"author":[{"embeddable":true,"href":"https:\/\/uniremunicipios.com.ar\/manual\/index.php?rest_route=\/wp\/v2\/users\/3"}],"replies":[{"embeddable":true,"href":"https:\/\/uniremunicipios.com.ar\/manual\/index.php?rest_route=%2Fwp%2Fv2%2Fcomments&post=3470"}],"version-history":[{"count":4,"href":"https:\/\/uniremunicipios.com.ar\/manual\/index.php?rest_route=\/wp\/v2\/pages\/3470\/revisions"}],"predecessor-version":[{"id":4511,"href":"https:\/\/uniremunicipios.com.ar\/manual\/index.php?rest_route=\/wp\/v2\/pages\/3470\/revisions\/4511"}],"up":[{"embeddable":true,"href":"https:\/\/uniremunicipios.com.ar\/manual\/index.php?rest_route=\/wp\/v2\/pages\/28"}],"wp:attachment":[{"href":"https:\/\/uniremunicipios.com.ar\/manual\/index.php?rest_route=%2Fwp%2Fv2%2Fmedia&parent=3470"}],"curies":[{"name":"wp","href":"https:\/\/api.w.org\/{rel}","templated":true}]}}