{"id":3483,"date":"2021-11-12T15:37:34","date_gmt":"2021-11-12T18:37:34","guid":{"rendered":"http:\/\/uniremunicipios.com.ar\/manual\/?page_id=3483"},"modified":"2025-06-10T12:24:11","modified_gmt":"2025-06-10T15:24:11","slug":"vista-de-las-distintas-liquidaciones-de-un-empleado-analisis-e-impresion","status":"publish","type":"page","link":"https:\/\/uniremunicipios.com.ar\/manual\/?page_id=3483","title":{"rendered":"Vista de las distintas liquidaciones de un empleado, analisis e impresi\u00f3n"},"content":{"rendered":"<p>&nbsp;<\/p>\n<p>Desde la pantalla de empleados, podemos desde uno de ellos, ver todos los recibos liquidados desde que comenz\u00f3 el sistema, ingresando por el \u00edcono de recibos<\/p>\n<p><img loading=\"lazy\" decoding=\"async\" width=\"530\" height=\"416\" class=\"alignnone wp-image-3485 size-full\" src=\"http:\/\/uniremunicipios.com.ar\/manual\/wp-content\/uploads\/2021\/11\/Pasted-into-1-10.png\" srcset=\"https:\/\/uniremunicipios.com.ar\/manual\/wp-content\/uploads\/2021\/11\/Pasted-into-1-10.png 530w, https:\/\/uniremunicipios.com.ar\/manual\/wp-content\/uploads\/2021\/11\/Pasted-into-1-10-300x235.png 300w\" sizes=\"auto, (max-width: 530px) 100vw, 530px\" \/><\/p>\n<p>Pueden sumarsele columnas a las que trae el sistema, como ser remunerativo, no remunerativo, retenci\u00f3n, aporte<\/p>\n<p><img loading=\"lazy\" decoding=\"async\" width=\"918\" height=\"405\" class=\"alignnone wp-image-3484 size-full\" src=\"http:\/\/uniremunicipios.com.ar\/manual\/wp-content\/uploads\/2021\/11\/Pasted-into-1-9.png\" srcset=\"https:\/\/uniremunicipios.com.ar\/manual\/wp-content\/uploads\/2021\/11\/Pasted-into-1-9.png 918w, https:\/\/uniremunicipios.com.ar\/manual\/wp-content\/uploads\/2021\/11\/Pasted-into-1-9-300x132.png 300w, https:\/\/uniremunicipios.com.ar\/manual\/wp-content\/uploads\/2021\/11\/Pasted-into-1-9-768x339.png 768w\" sizes=\"auto, (max-width: 918px) 100vw, 918px\" \/><\/p>\n<p>Se pueden utilizar filtros y realizar an\u00e1lisis<\/p>\n<p><img loading=\"lazy\" decoding=\"async\" width=\"716\" height=\"394\" class=\"alignnone wp-image-3487 size-full\" src=\"http:\/\/uniremunicipios.com.ar\/manual\/wp-content\/uploads\/2021\/11\/Pasted-into-1-11.png\" srcset=\"https:\/\/uniremunicipios.com.ar\/manual\/wp-content\/uploads\/2021\/11\/Pasted-into-1-11.png 716w, https:\/\/uniremunicipios.com.ar\/manual\/wp-content\/uploads\/2021\/11\/Pasted-into-1-11-300x165.png 300w\" sizes=\"auto, (max-width: 716px) 100vw, 716px\" \/><\/p>\n<p>Si se necesita el filtro por fecha, se coloca desde-hasta<\/p>\n<p><img loading=\"lazy\" decoding=\"async\" width=\"374\" height=\"228\" class=\"alignnone wp-image-3488 size-full\" src=\"http:\/\/uniremunicipios.com.ar\/manual\/wp-content\/uploads\/2021\/11\/Pasted-into-1-12.png\" srcset=\"https:\/\/uniremunicipios.com.ar\/manual\/wp-content\/uploads\/2021\/11\/Pasted-into-1-12.png 374w, https:\/\/uniremunicipios.com.ar\/manual\/wp-content\/uploads\/2021\/11\/Pasted-into-1-12-300x183.png 300w\" sizes=\"auto, (max-width: 374px) 100vw, 374px\" \/><\/p>\n<p>puede filtrarse adem\u00e1s por :<\/p>\n<p><img loading=\"lazy\" decoding=\"async\" width=\"587\" height=\"152\" class=\"alignnone wp-image-3489 size-full\" src=\"http:\/\/uniremunicipios.com.ar\/manual\/wp-content\/uploads\/2021\/11\/Pasted-into-1-13.png\" srcset=\"https:\/\/uniremunicipios.com.ar\/manual\/wp-content\/uploads\/2021\/11\/Pasted-into-1-13.png 587w, https:\/\/uniremunicipios.com.ar\/manual\/wp-content\/uploads\/2021\/11\/Pasted-into-1-13-300x78.png 300w\" sizes=\"auto, (max-width: 587px) 100vw, 587px\" \/><\/p>\n<p>Tambi\u00e9n pueden realizarse distintos an\u00e1lisis<\/p>\n<p><img loading=\"lazy\" decoding=\"async\" width=\"503\" height=\"247\" class=\"alignnone wp-image-3490 size-full\" src=\"http:\/\/uniremunicipios.com.ar\/manual\/wp-content\/uploads\/2021\/11\/Pasted-into-1-14.png\" srcset=\"https:\/\/uniremunicipios.com.ar\/manual\/wp-content\/uploads\/2021\/11\/Pasted-into-1-14.png 503w, https:\/\/uniremunicipios.com.ar\/manual\/wp-content\/uploads\/2021\/11\/Pasted-into-1-14-300x147.png 300w\" sizes=\"auto, (max-width: 503px) 100vw, 503px\" \/><\/p>\n<p>desde aqu\u00ed posicion\u00e1ndonos en un recibo, haciendo doble click sobre el mismo se abre la pantalla que nos permite imprimirlos<\/p>\n<p><img loading=\"lazy\" decoding=\"async\" width=\"902\" height=\"589\" class=\"alignnone wp-image-3498 size-full\" src=\"http:\/\/uniremunicipios.com.ar\/manual\/wp-content\/uploads\/2021\/11\/Pasted-into-1-15.png\" srcset=\"https:\/\/uniremunicipios.com.ar\/manual\/wp-content\/uploads\/2021\/11\/Pasted-into-1-15.png 902w, https:\/\/uniremunicipios.com.ar\/manual\/wp-content\/uploads\/2021\/11\/Pasted-into-1-15-300x196.png 300w, https:\/\/uniremunicipios.com.ar\/manual\/wp-content\/uploads\/2021\/11\/Pasted-into-1-15-768x501.png 768w\" sizes=\"auto, (max-width: 902px) 100vw, 902px\" \/><\/p>\n<p>tambi\u00e9n podemos imprimir varios recibos del mismo empleado, nos posicionamos en el primero que queremos imprimir<\/p>\n<p><img loading=\"lazy\" decoding=\"async\" width=\"518\" height=\"233\" class=\"alignnone wp-image-3499 size-full\" src=\"http:\/\/uniremunicipios.com.ar\/manual\/wp-content\/uploads\/2021\/11\/Pasted-into-1-16.png\" srcset=\"https:\/\/uniremunicipios.com.ar\/manual\/wp-content\/uploads\/2021\/11\/Pasted-into-1-16.png 518w, https:\/\/uniremunicipios.com.ar\/manual\/wp-content\/uploads\/2021\/11\/Pasted-into-1-16-300x135.png 300w\" sizes=\"auto, (max-width: 518px) 100vw, 518px\" \/><\/p>\n<p>colocamos la cantidad de recibos e imprime del posicionado para abajo<\/p>\n<p><img loading=\"lazy\" decoding=\"async\" width=\"447\" height=\"135\" class=\"alignnone wp-image-3500 size-full\" src=\"http:\/\/uniremunicipios.com.ar\/manual\/wp-content\/uploads\/2021\/11\/Pasted-into-1-17.png\" srcset=\"https:\/\/uniremunicipios.com.ar\/manual\/wp-content\/uploads\/2021\/11\/Pasted-into-1-17.png 447w, https:\/\/uniremunicipios.com.ar\/manual\/wp-content\/uploads\/2021\/11\/Pasted-into-1-17-300x91.png 300w\" sizes=\"auto, (max-width: 447px) 100vw, 447px\" \/><\/p>\n<p>&nbsp;<\/p>\n","protected":false},"excerpt":{"rendered":"<p>&nbsp; Desde la pantalla de empleados, podemos desde uno de ellos, ver todos los recibos liquidados desde que comenz\u00f3 el sistema, ingresando por el \u00edcono de recibos Pueden sumarsele columnas a las que trae el sistema, como ser remunerativo, no remunerativo, retenci\u00f3n, aporte Se pueden utilizar filtros y realizar an\u00e1lisis Si se necesita el filtro [&hellip;]<\/p>\n","protected":false},"author":3,"featured_media":0,"parent":28,"menu_order":0,"comment_status":"closed","ping_status":"closed","template":"","meta":{"footnotes":""},"class_list":["post-3483","page","type-page","status-publish","hentry"],"_links":{"self":[{"href":"https:\/\/uniremunicipios.com.ar\/manual\/index.php?rest_route=\/wp\/v2\/pages\/3483","targetHints":{"allow":["GET"]}}],"collection":[{"href":"https:\/\/uniremunicipios.com.ar\/manual\/index.php?rest_route=\/wp\/v2\/pages"}],"about":[{"href":"https:\/\/uniremunicipios.com.ar\/manual\/index.php?rest_route=\/wp\/v2\/types\/page"}],"author":[{"embeddable":true,"href":"https:\/\/uniremunicipios.com.ar\/manual\/index.php?rest_route=\/wp\/v2\/users\/3"}],"replies":[{"embeddable":true,"href":"https:\/\/uniremunicipios.com.ar\/manual\/index.php?rest_route=%2Fwp%2Fv2%2Fcomments&post=3483"}],"version-history":[{"count":3,"href":"https:\/\/uniremunicipios.com.ar\/manual\/index.php?rest_route=\/wp\/v2\/pages\/3483\/revisions"}],"predecessor-version":[{"id":6043,"href":"https:\/\/uniremunicipios.com.ar\/manual\/index.php?rest_route=\/wp\/v2\/pages\/3483\/revisions\/6043"}],"up":[{"embeddable":true,"href":"https:\/\/uniremunicipios.com.ar\/manual\/index.php?rest_route=\/wp\/v2\/pages\/28"}],"wp:attachment":[{"href":"https:\/\/uniremunicipios.com.ar\/manual\/index.php?rest_route=%2Fwp%2Fv2%2Fmedia&parent=3483"}],"curies":[{"name":"wp","href":"https:\/\/api.w.org\/{rel}","templated":true}]}}