{"id":3592,"date":"2022-02-25T11:40:36","date_gmt":"2022-02-25T14:40:36","guid":{"rendered":"http:\/\/uniremunicipios.com.ar\/manual\/?page_id=3592"},"modified":"2022-02-25T12:34:51","modified_gmt":"2022-02-25T15:34:51","slug":"nuevas-variables-imp-ganancias-personal","status":"publish","type":"page","link":"https:\/\/uniremunicipios.com.ar\/manual\/?page_id=3592","title":{"rendered":"NUEVAS VARIABLES IMP. GANANCIAS PERSONAL"},"content":{"rendered":"<p>Todas las variables que entran en una liquidaci\u00f3n de ganancias y las dem\u00e1s tambi\u00e9n pueden buscarse en<\/p>\n<p><img loading=\"lazy\" decoding=\"async\" width=\"372\" height=\"302\" class=\"alignnone wp-image-3593 size-full\" src=\"http:\/\/uniremunicipios.com.ar\/manual\/wp-content\/uploads\/2022\/02\/Pasted-into-NUEVAS-VARIABLES-IMP.-GANANCIAS-PERSONAL.png\" srcset=\"https:\/\/uniremunicipios.com.ar\/manual\/wp-content\/uploads\/2022\/02\/Pasted-into-NUEVAS-VARIABLES-IMP.-GANANCIAS-PERSONAL.png 372w, https:\/\/uniremunicipios.com.ar\/manual\/wp-content\/uploads\/2022\/02\/Pasted-into-NUEVAS-VARIABLES-IMP.-GANANCIAS-PERSONAL-300x244.png 300w\" sizes=\"auto, (max-width: 372px) 100vw, 372px\" \/><\/p>\n<p>&nbsp;<\/p>\n<p>Los espec\u00edficos de ganancia son:<\/p>\n<p>VA[227] % Escala<br \/>\nVA[228] Acumulado de horas extras exentas<\/p>\n<p>VA[230]DEVOLUCION GANANCIA<br \/>\nVA[231] RETENCION MENSUAL<\/p>\n<p>VA[234]ACUMULADO va[233] &#8211; VA[232] ( SUELDO A RETENER &#8211; DEDUCCIONES )<br \/>\nVA[235]ACUMULADO DE RETENCION MENSUAL<br \/>\nVA[236] Importe de proyecci\u00f3n anual<br \/>\nVA[237]Minimo a pagar<br \/>\nVA[238]Porcentaje a pagar<br \/>\nVA[239] Tope a Pagar<\/p>\n<p>VA[229]Horas extras exentas * Formula definida en tipo de liquidacion.-<br \/>\nVA[233] Sueldo a retener * Formula definida en tipo de liquidacion.-<br \/>\nVA[226]Provision Ganancia SAC * Formula definida en tipo de liquidacion.-<br \/>\nVA[242]Sueldo Bruto * Formula definida en tipo de liquidacion.-<\/p>\n<p>VA[243]<br \/>\n[ 1] Deduccion especial 1<br \/>\n[2 ]Deduccion especial 2<br \/>\n[3 ]bruto meses anteriores.<br \/>\n[4 ]Bruto Trabajo anterior<br \/>\n[5] Bruto trabajo menor MES ANT<br \/>\n[6 ]Bruto trabajo menor mismo mes<br \/>\n[7] sumatoria Bruto Trabajo anteriores<br \/>\n[ 8] Sumatoria Bruto trabajo menor<br \/>\n[9 ]Sumatoria Bruto trabajo menor mismo mes<br \/>\n[10] Promedio Sueldo Bruto<br \/>\n[11 ]Sueldo Bruto 2 acumulado<br \/>\n[12] Provision Ganancia SAC * Sumatoria.-<br \/>\n[13] Sumatoria Trabajo menor y Trabajo anterior<br \/>\n[14] Promedio Menor Sueldo Bruto.<br \/>\n[15] ACUMULADO prevision mes liquidado<br \/>\n[16] Ganancia neta de todas las liquidaciones del mes<br \/>\n[ 17] 233 del sac exento<\/p>\n","protected":false},"excerpt":{"rendered":"<p>Todas las variables que entran en una liquidaci\u00f3n de ganancias y las dem\u00e1s tambi\u00e9n pueden buscarse en &nbsp; Los espec\u00edficos de ganancia son: VA[227] % Escala VA[228] Acumulado de horas extras exentas VA[230]DEVOLUCION GANANCIA VA[231] RETENCION MENSUAL VA[234]ACUMULADO va[233] &#8211; VA[232] ( SUELDO A RETENER &#8211; DEDUCCIONES ) VA[235]ACUMULADO DE RETENCION MENSUAL VA[236] Importe de [&hellip;]<\/p>\n","protected":false},"author":3,"featured_media":0,"parent":28,"menu_order":0,"comment_status":"closed","ping_status":"closed","template":"","meta":{"footnotes":""},"class_list":["post-3592","page","type-page","status-publish","hentry"],"_links":{"self":[{"href":"https:\/\/uniremunicipios.com.ar\/manual\/index.php?rest_route=\/wp\/v2\/pages\/3592","targetHints":{"allow":["GET"]}}],"collection":[{"href":"https:\/\/uniremunicipios.com.ar\/manual\/index.php?rest_route=\/wp\/v2\/pages"}],"about":[{"href":"https:\/\/uniremunicipios.com.ar\/manual\/index.php?rest_route=\/wp\/v2\/types\/page"}],"author":[{"embeddable":true,"href":"https:\/\/uniremunicipios.com.ar\/manual\/index.php?rest_route=\/wp\/v2\/users\/3"}],"replies":[{"embeddable":true,"href":"https:\/\/uniremunicipios.com.ar\/manual\/index.php?rest_route=%2Fwp%2Fv2%2Fcomments&post=3592"}],"version-history":[{"count":1,"href":"https:\/\/uniremunicipios.com.ar\/manual\/index.php?rest_route=\/wp\/v2\/pages\/3592\/revisions"}],"predecessor-version":[{"id":3594,"href":"https:\/\/uniremunicipios.com.ar\/manual\/index.php?rest_route=\/wp\/v2\/pages\/3592\/revisions\/3594"}],"up":[{"embeddable":true,"href":"https:\/\/uniremunicipios.com.ar\/manual\/index.php?rest_route=\/wp\/v2\/pages\/28"}],"wp:attachment":[{"href":"https:\/\/uniremunicipios.com.ar\/manual\/index.php?rest_route=%2Fwp%2Fv2%2Fmedia&parent=3592"}],"curies":[{"name":"wp","href":"https:\/\/api.w.org\/{rel}","templated":true}]}}