{"id":3597,"date":"2022-03-10T10:38:47","date_gmt":"2022-03-10T13:38:47","guid":{"rendered":"http:\/\/uniremunicipios.com.ar\/manual\/?page_id=3597"},"modified":"2025-01-20T14:08:09","modified_gmt":"2025-01-20T17:08:09","slug":"descuentos-en-tributos","status":"publish","type":"page","link":"https:\/\/uniremunicipios.com.ar\/manual\/?page_id=3597","title":{"rendered":"Descuentos en tributos"},"content":{"rendered":"<p>M\u00f3dulo: <strong>UNIRE IMPUESTOS GENERAL<\/strong><\/p>\n<p>Men\u00fa:<em> <strong>IMPUESTOS\/TABLAS\/DESCUENTOS POR TRIBUTO<\/strong><\/em><\/p>\n<p>Con bot\u00f3n agregar CREAMOS el descuento que necesitamos. Nos pedir\u00e1 los siguientes datos:<\/p>\n<p><img loading=\"lazy\" decoding=\"async\" class=\"wp-image-5873 alignnone \" src=\"http:\/\/uniremunicipios.com.ar\/manual\/wp-content\/uploads\/2025\/01\/image-40.png\" alt=\"\" width=\"455\" height=\"176\" srcset=\"https:\/\/uniremunicipios.com.ar\/manual\/wp-content\/uploads\/2025\/01\/image-40.png 532w, https:\/\/uniremunicipios.com.ar\/manual\/wp-content\/uploads\/2025\/01\/image-40-300x116.png 300w\" sizes=\"auto, (max-width: 455px) 100vw, 455px\" \/><\/p>\n<p>Para configurar correctamente la f\u00f3rmula,\u00a0 deber\u00e1\u00a0 hablar con c\u00f3mputos o con UNIRE.<\/p>\n<h3>ADICIONAR EL DESCUENTO A UN DETERMINADO IMPUESTO<\/h3>\n<p>Buscamos el comercio, inmueble, etc.<\/p>\n<p>Clic en bot\u00f3n TRIBUTOS<\/p>\n<p>Elegimos el tributo al que deseamos realizar el descuento y en el bot\u00f3n Datos Auxiliares elegimos Descuento.<\/p>\n<p><img loading=\"lazy\" decoding=\"async\" class=\"wp-image-5224 alignnone \" src=\"http:\/\/uniremunicipios.com.ar\/manual\/wp-content\/uploads\/2024\/10\/image-178.png\" alt=\"\" width=\"269\" height=\"315\" srcset=\"https:\/\/uniremunicipios.com.ar\/manual\/wp-content\/uploads\/2024\/10\/image-178.png 328w, https:\/\/uniremunicipios.com.ar\/manual\/wp-content\/uploads\/2024\/10\/image-178-256x300.png 256w\" sizes=\"auto, (max-width: 269px) 100vw, 269px\" \/><\/p>\n<p>Con el bot\u00f3n agregar se nos pedir\u00e1 la siguiente informaci\u00f3n:<\/p>\n<p><img loading=\"lazy\" decoding=\"async\" class=\"wp-image-5872 alignnone \" src=\"http:\/\/uniremunicipios.com.ar\/manual\/wp-content\/uploads\/2025\/01\/image-39.png\" alt=\"\" width=\"418\" height=\"265\" srcset=\"https:\/\/uniremunicipios.com.ar\/manual\/wp-content\/uploads\/2025\/01\/image-39.png 608w, https:\/\/uniremunicipios.com.ar\/manual\/wp-content\/uploads\/2025\/01\/image-39-300x190.png 300w\" sizes=\"auto, (max-width: 418px) 100vw, 418px\" \/><\/p>\n<p>Con el bot\u00f3n Imprime se ACEPTA. Si se necesita imprimir algo se debe pedir a UNIRE que lo configure.<\/p>\n<p>&nbsp;<\/p>\n","protected":false},"excerpt":{"rendered":"<p>M\u00f3dulo: UNIRE IMPUESTOS GENERAL Men\u00fa: IMPUESTOS\/TABLAS\/DESCUENTOS POR TRIBUTO Con bot\u00f3n agregar CREAMOS el descuento que necesitamos. Nos pedir\u00e1 los siguientes datos: Para configurar correctamente la f\u00f3rmula,\u00a0 deber\u00e1\u00a0 hablar con c\u00f3mputos o con UNIRE. ADICIONAR EL DESCUENTO A UN DETERMINADO IMPUESTO Buscamos el comercio, inmueble, etc. Clic en bot\u00f3n TRIBUTOS Elegimos el tributo al que deseamos [&hellip;]<\/p>\n","protected":false},"author":2,"featured_media":0,"parent":515,"menu_order":0,"comment_status":"closed","ping_status":"closed","template":"","meta":{"footnotes":""},"class_list":["post-3597","page","type-page","status-publish","hentry"],"_links":{"self":[{"href":"https:\/\/uniremunicipios.com.ar\/manual\/index.php?rest_route=\/wp\/v2\/pages\/3597","targetHints":{"allow":["GET"]}}],"collection":[{"href":"https:\/\/uniremunicipios.com.ar\/manual\/index.php?rest_route=\/wp\/v2\/pages"}],"about":[{"href":"https:\/\/uniremunicipios.com.ar\/manual\/index.php?rest_route=\/wp\/v2\/types\/page"}],"author":[{"embeddable":true,"href":"https:\/\/uniremunicipios.com.ar\/manual\/index.php?rest_route=\/wp\/v2\/users\/2"}],"replies":[{"embeddable":true,"href":"https:\/\/uniremunicipios.com.ar\/manual\/index.php?rest_route=%2Fwp%2Fv2%2Fcomments&post=3597"}],"version-history":[{"count":7,"href":"https:\/\/uniremunicipios.com.ar\/manual\/index.php?rest_route=\/wp\/v2\/pages\/3597\/revisions"}],"predecessor-version":[{"id":5874,"href":"https:\/\/uniremunicipios.com.ar\/manual\/index.php?rest_route=\/wp\/v2\/pages\/3597\/revisions\/5874"}],"up":[{"embeddable":true,"href":"https:\/\/uniremunicipios.com.ar\/manual\/index.php?rest_route=\/wp\/v2\/pages\/515"}],"wp:attachment":[{"href":"https:\/\/uniremunicipios.com.ar\/manual\/index.php?rest_route=%2Fwp%2Fv2%2Fmedia&parent=3597"}],"curies":[{"name":"wp","href":"https:\/\/api.w.org\/{rel}","templated":true}]}}