{"id":361,"date":"2019-06-06T18:18:25","date_gmt":"2019-06-06T21:18:25","guid":{"rendered":"http:\/\/uniremunicipios.com.ar\/manual\/?page_id=361"},"modified":"2025-10-16T14:07:15","modified_gmt":"2025-10-16T17:07:15","slug":"api-patentes","status":"publish","type":"page","link":"https:\/\/uniremunicipios.com.ar\/manual\/?page_id=361","title":{"rendered":"API Patentes"},"content":{"rendered":"<p>El API informa a municipios y comunas las deudas de patentes que poseen los contribuyentes de su jurisdicci\u00f3n. Tambi\u00e9n permite a cada entidad gestionar convenios y moratorias propias. Y por supuesto que es responsabilidad neta de las instituciones la intimaci\u00f3n a cada uno.<\/p>\n<p>Para obtener la informaci\u00f3n se debe descargar el archivo desde:<\/p>\n<p>P\u00e1gina del AFIP.<\/p>\n<p>API<\/p>\n<p><img loading=\"lazy\" decoding=\"async\" width=\"714\" height=\"418\" class=\"alignnone wp-image-4066 size-full\" src=\"http:\/\/uniremunicipios.com.ar\/manual\/wp-content\/uploads\/2023\/04\/Pasted-into-API-PATENTES.png\" srcset=\"https:\/\/uniremunicipios.com.ar\/manual\/wp-content\/uploads\/2023\/04\/Pasted-into-API-PATENTES.png 714w, https:\/\/uniremunicipios.com.ar\/manual\/wp-content\/uploads\/2023\/04\/Pasted-into-API-PATENTES-300x176.png 300w\" sizes=\"auto, (max-width: 714px) 100vw, 714px\" \/><\/p>\n<p>Luego elegir:<\/p>\n<p><img loading=\"lazy\" decoding=\"async\" width=\"251\" height=\"208\" class=\"alignnone wp-image-4067 size-full\" src=\"http:\/\/uniremunicipios.com.ar\/manual\/wp-content\/uploads\/2023\/04\/Pasted-into-API-PATENTES-1.png\" \/><\/p>\n<p>De esta manera, se podr\u00e1 descargar la deuda de patentes, en formato txt.<\/p>\n<p>Editar el archivo con el Bloc de notas, en caso de existir marca de fin de archivo (car\u00e1cter especial que puede aparecer al final), eliminarla y guardar los cambios en PS-IO.<\/p>\n<p>Existen 3 variables en el m\u00f3dulo <strong>UNIRE API\/Variables Configurables <\/strong>para configurar la importaci\u00f3n de la deuda:<\/p>\n<p><strong>Variable 040<\/strong>: Importa deuda veh\u00edculos API. Debe estar en &#8220;S&#8221; para permitir la importaci\u00f3n.<\/p>\n<p><strong>Variable 041<\/strong>: Importa movimientos veh\u00edculos API (escritura&#8230;). Si est\u00e1 en &#8220;S&#8221; el sistema autom\u00e1ticamente crea movimientos cuando corresponde sobre cambio de titulares.<\/p>\n<p><strong>Variable 042<\/strong>: Importa direcci\u00f3n del propietario del veh\u00edculo. Si est\u00e1 en &#8220;S&#8221; se importar\u00e1n las direcciones que vienen en el archivo. Tener en cuenta de que se pueden duplicar las direcciones porque en el API la direcci\u00f3n puede tener alguna diferencia con la de Unire y as\u00ed se tendr\u00e1n 2 direcciones iguales pero distintas por alguna peque\u00f1a diferencia.<\/p>\n<p>Luego presionar:<\/p>\n<p><img loading=\"lazy\" decoding=\"async\" class=\"wp-image-6166 alignnone size-medium\" src=\"http:\/\/uniremunicipios.com.ar\/manual\/wp-content\/uploads\/2025\/10\/image-5.png\" alt=\"\" width=\"175\" height=\"57\" \/><br \/>\ny seleccionar el archivo descargado desde API.<\/p>\n<p>Recordar que UNIRE solo utiliza la informaci\u00f3n del API para el uso eficaz de ella.<\/p>\n<p><iframe loading=\"lazy\" title=\"PATENTE API B7\" width=\"500\" height=\"281\" src=\"https:\/\/www.youtube.com\/embed\/EB3C8NVoE6I?feature=oembed\" frameborder=\"0\" allow=\"accelerometer; autoplay; clipboard-write; encrypted-media; gyroscope; picture-in-picture; web-share\" referrerpolicy=\"strict-origin-when-cross-origin\" allowfullscreen><\/iframe><\/p>\n","protected":false},"excerpt":{"rendered":"<p>El API informa a municipios y comunas las deudas de patentes que poseen los contribuyentes de su jurisdicci\u00f3n. Tambi\u00e9n permite a cada entidad gestionar convenios y moratorias propias. Y por supuesto que es responsabilidad neta de las instituciones la intimaci\u00f3n a cada uno. Para obtener la informaci\u00f3n se debe descargar el archivo desde: P\u00e1gina del [&hellip;]<\/p>\n","protected":false},"author":5,"featured_media":0,"parent":315,"menu_order":0,"comment_status":"closed","ping_status":"closed","template":"","meta":{"footnotes":""},"class_list":["post-361","page","type-page","status-publish","hentry"],"_links":{"self":[{"href":"https:\/\/uniremunicipios.com.ar\/manual\/index.php?rest_route=\/wp\/v2\/pages\/361","targetHints":{"allow":["GET"]}}],"collection":[{"href":"https:\/\/uniremunicipios.com.ar\/manual\/index.php?rest_route=\/wp\/v2\/pages"}],"about":[{"href":"https:\/\/uniremunicipios.com.ar\/manual\/index.php?rest_route=\/wp\/v2\/types\/page"}],"author":[{"embeddable":true,"href":"https:\/\/uniremunicipios.com.ar\/manual\/index.php?rest_route=\/wp\/v2\/users\/5"}],"replies":[{"embeddable":true,"href":"https:\/\/uniremunicipios.com.ar\/manual\/index.php?rest_route=%2Fwp%2Fv2%2Fcomments&post=361"}],"version-history":[{"count":17,"href":"https:\/\/uniremunicipios.com.ar\/manual\/index.php?rest_route=\/wp\/v2\/pages\/361\/revisions"}],"predecessor-version":[{"id":6169,"href":"https:\/\/uniremunicipios.com.ar\/manual\/index.php?rest_route=\/wp\/v2\/pages\/361\/revisions\/6169"}],"up":[{"embeddable":true,"href":"https:\/\/uniremunicipios.com.ar\/manual\/index.php?rest_route=\/wp\/v2\/pages\/315"}],"wp:attachment":[{"href":"https:\/\/uniremunicipios.com.ar\/manual\/index.php?rest_route=%2Fwp%2Fv2%2Fmedia&parent=361"}],"curies":[{"name":"wp","href":"https:\/\/api.w.org\/{rel}","templated":true}]}}