{"id":3695,"date":"2022-05-19T18:40:48","date_gmt":"2022-05-19T21:40:48","guid":{"rendered":"http:\/\/uniremunicipios.com.ar\/manual\/?page_id=3695"},"modified":"2024-08-12T10:26:53","modified_gmt":"2024-08-12T13:26:53","slug":"crear-un-demo","status":"publish","type":"page","link":"https:\/\/uniremunicipios.com.ar\/manual\/?page_id=3695","title":{"rendered":"Crear un demo"},"content":{"rendered":"<p>Crear demos en Unire a partir de la versi\u00f3n 14.<br \/>\nEn el servidor de datos debe estar funcionando <strong>UnireRobot.<\/strong><\/p>\n<p><img loading=\"lazy\" decoding=\"async\" class=\"wp-image-4399 alignnone \" src=\"http:\/\/uniremunicipios.com.ar\/manual\/wp-content\/uploads\/2024\/08\/image.png\" alt=\"\" width=\"542\" height=\"443\" srcset=\"https:\/\/uniremunicipios.com.ar\/manual\/wp-content\/uploads\/2024\/08\/image.png 748w, https:\/\/uniremunicipios.com.ar\/manual\/wp-content\/uploads\/2024\/08\/image-300x245.png 300w\" sizes=\"auto, (max-width: 542px) 100vw, 542px\" \/><\/p>\n<p>Y la opci\u00f3n RAR-&gt;DEMO permite crear un demo a partir de un backup.<br \/>\nAl elegir esta opci\u00f3n se nos preguntar\u00e1 el nombre del demo<\/p>\n<p><img loading=\"lazy\" decoding=\"async\" class=\"wp-image-4400 alignnone size-medium\" src=\"http:\/\/uniremunicipios.com.ar\/manual\/wp-content\/uploads\/2024\/08\/image-1.png\" alt=\"\" width=\"300\" height=\"142\" srcset=\"https:\/\/uniremunicipios.com.ar\/manual\/wp-content\/uploads\/2024\/08\/image-1.png 369w, https:\/\/uniremunicipios.com.ar\/manual\/wp-content\/uploads\/2024\/08\/image-1-300x142.png 300w\" sizes=\"auto, (max-width: 300px) 100vw, 300px\" \/><\/p>\n<p>Tienen que ser nombres cortos (10 caracteres), sin espacios ni caracteres especiales.<br \/>\nElegimos el archivo .rar desde la carpeta N:\\PS-BACKUP, y clic en abrir.<br \/>\nLuego es solo esperar a que termine el proceso.<br \/>\nLos procesos que se realizan son:<\/p>\n<ul>\n<li>Descompactaci\u00f3n del rar en la carpeta N:\\PS-DEMO\\NombreElegido\\PS-DATOS\\ARC<\/li>\n<li>Recreaci\u00f3n de \u00edndices de la base de datos<\/li>\n<li>Coordinaci\u00f3n con el diccionario de datos.<\/li>\n<\/ul>\n<p>Cuando finalizan estas tareas saldr\u00e1 un archivo .txt informando las tareas que se realizaron.<\/p>\n<p><img loading=\"lazy\" decoding=\"async\" class=\"wp-image-4401 alignnone \" src=\"http:\/\/uniremunicipios.com.ar\/manual\/wp-content\/uploads\/2024\/08\/image-2.png\" alt=\"\" width=\"402\" height=\"375\" srcset=\"https:\/\/uniremunicipios.com.ar\/manual\/wp-content\/uploads\/2024\/08\/image-2.png 533w, https:\/\/uniremunicipios.com.ar\/manual\/wp-content\/uploads\/2024\/08\/image-2-300x280.png 300w\" sizes=\"auto, (max-width: 402px) 100vw, 402px\" \/><\/p>\n<p>Y ya tendremos nuestro demo funcionando.<\/p>\n<h3>ATENCI\u00d3N:<\/h3>\n<p>Los demos ocupan lugar en el disco. Deben tener la precauci\u00f3n de antes de hacer un demo verificar que haya suficiente lugar en el disco.<br \/>\nCuando creamos un demo se crea un registro en el Unire real, y lo pueden encontrar aqu\u00ed:<\/p>\n<p><img loading=\"lazy\" decoding=\"async\" class=\"wp-image-4402 alignnone size-medium\" src=\"http:\/\/uniremunicipios.com.ar\/manual\/wp-content\/uploads\/2024\/08\/image-3.png\" alt=\"\" width=\"267\" height=\"300\" srcset=\"https:\/\/uniremunicipios.com.ar\/manual\/wp-content\/uploads\/2024\/08\/image-3.png 414w, https:\/\/uniremunicipios.com.ar\/manual\/wp-content\/uploads\/2024\/08\/image-3-267x300.png 267w\" sizes=\"auto, (max-width: 267px) 100vw, 267px\" \/><\/p>\n<p>Y nos presenta la siguiente informaci\u00f3n:<\/p>\n<p><img loading=\"lazy\" decoding=\"async\" class=\"wp-image-4403 alignnone \" src=\"http:\/\/uniremunicipios.com.ar\/manual\/wp-content\/uploads\/2024\/08\/image-4.png\" alt=\"\" width=\"502\" height=\"139\" srcset=\"https:\/\/uniremunicipios.com.ar\/manual\/wp-content\/uploads\/2024\/08\/image-4.png 800w, https:\/\/uniremunicipios.com.ar\/manual\/wp-content\/uploads\/2024\/08\/image-4-300x83.png 300w, https:\/\/uniremunicipios.com.ar\/manual\/wp-content\/uploads\/2024\/08\/image-4-768x211.png 768w\" sizes=\"auto, (max-width: 502px) 100vw, 502px\" \/><\/p>\n<p>Con el bot\u00f3n <strong>ESTADO<\/strong> podemos desactivar los demos que ya no utilizamos. Esto hace que ya no le aparezca al operador en la lista de demos que puede utilizar.<br \/>\nY pueden ir a la carpeta N:\\PS-DEMO\\<strong>demoDesactivado<\/strong> y borrarla f\u00edsicamente o dejarla por un tiempo X, que ustedes determinen.<br \/>\nA veces los demos pueden estar desactualizados, debido a que se instal\u00f3 en el Unire real una versi\u00f3n mas nueva. El demo puede funcionar igual, pero puede tener alg\u00fan peque\u00f1o inconveniente en alguna funci\u00f3n que se halla actualizado.<\/p>\n","protected":false},"excerpt":{"rendered":"<p>Crear demos en Unire a partir de la versi\u00f3n 14. En el servidor de datos debe estar funcionando UnireRobot. Y la opci\u00f3n RAR-&gt;DEMO permite crear un demo a partir de un backup. Al elegir esta opci\u00f3n se nos preguntar\u00e1 el nombre del demo Tienen que ser nombres cortos (10 caracteres), sin espacios ni caracteres especiales. [&hellip;]<\/p>\n","protected":false},"author":2,"featured_media":0,"parent":1703,"menu_order":0,"comment_status":"closed","ping_status":"closed","template":"","meta":{"footnotes":""},"class_list":["post-3695","page","type-page","status-publish","hentry"],"_links":{"self":[{"href":"https:\/\/uniremunicipios.com.ar\/manual\/index.php?rest_route=\/wp\/v2\/pages\/3695","targetHints":{"allow":["GET"]}}],"collection":[{"href":"https:\/\/uniremunicipios.com.ar\/manual\/index.php?rest_route=\/wp\/v2\/pages"}],"about":[{"href":"https:\/\/uniremunicipios.com.ar\/manual\/index.php?rest_route=\/wp\/v2\/types\/page"}],"author":[{"embeddable":true,"href":"https:\/\/uniremunicipios.com.ar\/manual\/index.php?rest_route=\/wp\/v2\/users\/2"}],"replies":[{"embeddable":true,"href":"https:\/\/uniremunicipios.com.ar\/manual\/index.php?rest_route=%2Fwp%2Fv2%2Fcomments&post=3695"}],"version-history":[{"count":4,"href":"https:\/\/uniremunicipios.com.ar\/manual\/index.php?rest_route=\/wp\/v2\/pages\/3695\/revisions"}],"predecessor-version":[{"id":4404,"href":"https:\/\/uniremunicipios.com.ar\/manual\/index.php?rest_route=\/wp\/v2\/pages\/3695\/revisions\/4404"}],"up":[{"embeddable":true,"href":"https:\/\/uniremunicipios.com.ar\/manual\/index.php?rest_route=\/wp\/v2\/pages\/1703"}],"wp:attachment":[{"href":"https:\/\/uniremunicipios.com.ar\/manual\/index.php?rest_route=%2Fwp%2Fv2%2Fmedia&parent=3695"}],"curies":[{"name":"wp","href":"https:\/\/api.w.org\/{rel}","templated":true}]}}