{"id":3755,"date":"2022-07-22T08:49:02","date_gmt":"2022-07-22T11:49:02","guid":{"rendered":"http:\/\/uniremunicipios.com.ar\/manual\/?page_id=3755"},"modified":"2022-07-22T08:50:18","modified_gmt":"2022-07-22T11:50:18","slug":"introduccion","status":"publish","type":"page","link":"https:\/\/uniremunicipios.com.ar\/manual\/?page_id=3755","title":{"rendered":"Introducci\u00f3n"},"content":{"rendered":"<p>Se entiende como Digesto, al compendio de la normativa municipal (resoluciones, ordenanzas, decretos, etc.).<\/p>\n<p>UNIRE dispone de un m\u00f3dulo DIGESTO. Este est\u00e1 orientado a:<\/p>\n<ol>\n<li><strong>Respaldar<\/strong> todo movimiento, documento y\/o tr\u00e1mite que deba patrocinar o gestionar el municipio.<\/li>\n<li><strong>Publicar<\/strong> todo este contenido, de manera que se encuentre disponible tanto para los ciudadanos, como para las diferentes dependencias municipales.<\/li>\n<\/ol>\n<p>En cuanto a este \u00faltimo punto, es preciso aclarar que la publicaci\u00f3n se efect\u00faa bajo criterios selectivos determinados por cada municipio.<\/p>\n<p>Hay dos formas diferenciadas de publicaci\u00f3n:<\/p>\n<ol>\n<li>Interna, solo visible por las estaciones de trabajo con UNIRE instalado.<\/li>\n<li>Externa, a trav\u00e9s de la p\u00e1gina Web del municipio, visible por cualquier ciudadano con conexi\u00f3n a Internet.<\/li>\n<\/ol>\n","protected":false},"excerpt":{"rendered":"<p>Se entiende como Digesto, al compendio de la normativa municipal (resoluciones, ordenanzas, decretos, etc.). UNIRE dispone de un m\u00f3dulo DIGESTO. Este est\u00e1 orientado a: Respaldar todo movimiento, documento y\/o tr\u00e1mite que deba patrocinar o gestionar el municipio. Publicar todo este contenido, de manera que se encuentre disponible tanto para los ciudadanos, como para las diferentes [&hellip;]<\/p>\n","protected":false},"author":8,"featured_media":0,"parent":697,"menu_order":0,"comment_status":"closed","ping_status":"closed","template":"","meta":{"footnotes":""},"class_list":["post-3755","page","type-page","status-publish","hentry"],"_links":{"self":[{"href":"https:\/\/uniremunicipios.com.ar\/manual\/index.php?rest_route=\/wp\/v2\/pages\/3755","targetHints":{"allow":["GET"]}}],"collection":[{"href":"https:\/\/uniremunicipios.com.ar\/manual\/index.php?rest_route=\/wp\/v2\/pages"}],"about":[{"href":"https:\/\/uniremunicipios.com.ar\/manual\/index.php?rest_route=\/wp\/v2\/types\/page"}],"author":[{"embeddable":true,"href":"https:\/\/uniremunicipios.com.ar\/manual\/index.php?rest_route=\/wp\/v2\/users\/8"}],"replies":[{"embeddable":true,"href":"https:\/\/uniremunicipios.com.ar\/manual\/index.php?rest_route=%2Fwp%2Fv2%2Fcomments&post=3755"}],"version-history":[{"count":1,"href":"https:\/\/uniremunicipios.com.ar\/manual\/index.php?rest_route=\/wp\/v2\/pages\/3755\/revisions"}],"predecessor-version":[{"id":3756,"href":"https:\/\/uniremunicipios.com.ar\/manual\/index.php?rest_route=\/wp\/v2\/pages\/3755\/revisions\/3756"}],"up":[{"embeddable":true,"href":"https:\/\/uniremunicipios.com.ar\/manual\/index.php?rest_route=\/wp\/v2\/pages\/697"}],"wp:attachment":[{"href":"https:\/\/uniremunicipios.com.ar\/manual\/index.php?rest_route=%2Fwp%2Fv2%2Fmedia&parent=3755"}],"curies":[{"name":"wp","href":"https:\/\/api.w.org\/{rel}","templated":true}]}}