{"id":3766,"date":"2022-07-22T10:05:04","date_gmt":"2022-07-22T13:05:04","guid":{"rendered":"http:\/\/uniremunicipios.com.ar\/manual\/?page_id=3766"},"modified":"2022-07-22T12:27:21","modified_gmt":"2022-07-22T15:27:21","slug":"datos-elementales","status":"publish","type":"page","link":"https:\/\/uniremunicipios.com.ar\/manual\/?page_id=3766","title":{"rendered":"Datos elementales"},"content":{"rendered":"<p><img loading=\"lazy\" decoding=\"async\" width=\"567\" height=\"173\" class=\"wp-image-3767 size-full aligncenter\" src=\"http:\/\/uniremunicipios.com.ar\/manual\/wp-content\/uploads\/2022\/07\/Pasted-into-Datos-elementales.png\" srcset=\"https:\/\/uniremunicipios.com.ar\/manual\/wp-content\/uploads\/2022\/07\/Pasted-into-Datos-elementales.png 567w, https:\/\/uniremunicipios.com.ar\/manual\/wp-content\/uploads\/2022\/07\/Pasted-into-Datos-elementales-300x92.png 300w\" sizes=\"auto, (max-width: 567px) 100vw, 567px\" \/><\/p>\n<p>Mediante los botones <strong>Agregar<\/strong> (1) y <strong>Modifica<\/strong> (2), se accede a la ventana en la que puede trabajarse sobre la mayor parte de los datos (salvo los art\u00edculos).<\/p>\n<p>Podemos observar, que la misma se divide en dos cuadros principales, cada una con diferentes pesta\u00f1as de informaci\u00f3n:<\/p>\n<p><img loading=\"lazy\" decoding=\"async\" width=\"567\" height=\"421\" class=\"wp-image-3768 size-full aligncenter\" src=\"http:\/\/uniremunicipios.com.ar\/manual\/wp-content\/uploads\/2022\/07\/Pasted-into-Datos-elementales-1.png\" srcset=\"https:\/\/uniremunicipios.com.ar\/manual\/wp-content\/uploads\/2022\/07\/Pasted-into-Datos-elementales-1.png 567w, https:\/\/uniremunicipios.com.ar\/manual\/wp-content\/uploads\/2022\/07\/Pasted-into-Datos-elementales-1-300x223.png 300w\" sizes=\"auto, (max-width: 567px) 100vw, 567px\" \/><\/p>\n<h2>Cuadro superior (A).<\/h2>\n<p>Pesta\u00f1a <strong>Normativa<\/strong>: en esta, resulta muy importante enfatizar el significado de:<\/p>\n<ul>\n<li>Digesto Web: si se tilda, esta normativa ser\u00e1 incluida en la siguiente publicaci\u00f3n del digesto en la Web del municipio.<\/li>\n<li>Confidencial: tildando esta opci\u00f3n, la normativa solo ser\u00e1 visible por los operadores habilitados para carga y modificaci\u00f3n. Adem\u00e1s, no ser\u00e1 publicada en la web.<\/li>\n<\/ul>\n<p>Pesta\u00f1as <strong>Visto, Considerando<\/strong> y <strong>Anexo<\/strong>: contienen cuadros de texto, donde se transcriben los apartados hom\u00f3nimos.<\/p>\n<p><img loading=\"lazy\" decoding=\"async\" width=\"567\" height=\"205\" class=\"wp-image-3769 size-full aligncenter\" src=\"http:\/\/uniremunicipios.com.ar\/manual\/wp-content\/uploads\/2022\/07\/Pasted-into-Datos-elementales-2.png\" srcset=\"https:\/\/uniremunicipios.com.ar\/manual\/wp-content\/uploads\/2022\/07\/Pasted-into-Datos-elementales-2.png 567w, https:\/\/uniremunicipios.com.ar\/manual\/wp-content\/uploads\/2022\/07\/Pasted-into-Datos-elementales-2-300x108.png 300w\" sizes=\"auto, (max-width: 567px) 100vw, 567px\" \/><\/p>\n<h2>Cuadro inferior (B).<\/h2>\n<p>En esta \u00e1rea, se ingresa informaci\u00f3n adicional que ya se encuentra cargada en tablas.<\/p>\n<p>Algunos de estos datos son clasificadores, que agilizan las b\u00fasquedas; mientras que otros son datos referenciales o complementarios.<\/p>\n<p><img loading=\"lazy\" decoding=\"async\" width=\"567\" height=\"212\" class=\"wp-image-3770 size-full aligncenter\" src=\"http:\/\/uniremunicipios.com.ar\/manual\/wp-content\/uploads\/2022\/07\/Pasted-into-Datos-elementales-3.png\" srcset=\"https:\/\/uniremunicipios.com.ar\/manual\/wp-content\/uploads\/2022\/07\/Pasted-into-Datos-elementales-3.png 567w, https:\/\/uniremunicipios.com.ar\/manual\/wp-content\/uploads\/2022\/07\/Pasted-into-Datos-elementales-3-300x112.png 300w\" sizes=\"auto, (max-width: 567px) 100vw, 567px\" \/><\/p>\n<p>Las cuatro pesta\u00f1as, tienen la misma mec\u00e1nica. Se componen de:<\/p>\n<ul>\n<li>Una <strong>grilla<\/strong> donde se muestran los datos incluidos.<\/li>\n<li>Bot\u00f3n <strong>Ingresa<\/strong>.<\/li>\n<li>Bot\u00f3n <strong>Modifica<\/strong>.<\/li>\n<li>Bot\u00f3n <strong>Borra<\/strong>.<\/li>\n<\/ul>\n<p>Al presionar el bot\u00f3n <strong>Ingresa<\/strong>, se nos presentar\u00e1 una nueva ventana, desde donde podremos seleccionar los datos.<\/p>\n<p>No hay l\u00edmites en cuanto a la cantidad de \u00edtems que se pueden agregar.<\/p>\n<p>Veremos un ejemplo con la pesta\u00f1a <strong>Temas\/Subtemas<\/strong>. Activando el bot\u00f3n <strong>Ingresa<\/strong>, nos conduce a la ventana de selecci\u00f3n correspondiente (de elementos previamente cargados en las respectivas tablas).<\/p>\n<p><img loading=\"lazy\" decoding=\"async\" width=\"364\" height=\"205\" class=\"wp-image-3771 size-full aligncenter\" src=\"http:\/\/uniremunicipios.com.ar\/manual\/wp-content\/uploads\/2022\/07\/Pasted-into-Datos-elementales-4.png\" srcset=\"https:\/\/uniremunicipios.com.ar\/manual\/wp-content\/uploads\/2022\/07\/Pasted-into-Datos-elementales-4.png 364w, https:\/\/uniremunicipios.com.ar\/manual\/wp-content\/uploads\/2022\/07\/Pasted-into-Datos-elementales-4-300x169.png 300w\" sizes=\"auto, (max-width: 364px) 100vw, 364px\" \/><\/p>\n<p>Seleccionando una de las filas, y presionando el bot\u00f3n <strong>Asocia (1)<\/strong>, se asocia el \u00edtem correspondiente.<\/p>\n<p><img loading=\"lazy\" decoding=\"async\" width=\"381\" height=\"153\" class=\"wp-image-3772 size-full aligncenter\" src=\"http:\/\/uniremunicipios.com.ar\/manual\/wp-content\/uploads\/2022\/07\/Pasted-into-Datos-elementales-5.png\" srcset=\"https:\/\/uniremunicipios.com.ar\/manual\/wp-content\/uploads\/2022\/07\/Pasted-into-Datos-elementales-5.png 381w, https:\/\/uniremunicipios.com.ar\/manual\/wp-content\/uploads\/2022\/07\/Pasted-into-Datos-elementales-5-300x120.png 300w\" sizes=\"auto, (max-width: 381px) 100vw, 381px\" \/><\/p>\n<h2>Excepci\u00f3n para Temas\/Subtemas.<\/h2>\n<p>Una vez en la ventana de selecci\u00f3n de <strong>Tema<\/strong>, se puede asociar un <strong>Subtema<\/strong> presionando el bot\u00f3n <strong>(2)<\/strong> <strong>Subtema<\/strong>.<\/p>\n<p>En el ejemplo siguiente, se le asocia primero el tema <strong>VECINALES<\/strong>; y luego el tema <strong>CONCEJO DELIBERANTE<\/strong>, subtema <strong>Adultos Mayores<\/strong>.<\/p>\n<p><img loading=\"lazy\" decoding=\"async\" width=\"502\" height=\"146\" class=\"wp-image-3773 size-full aligncenter\" src=\"http:\/\/uniremunicipios.com.ar\/manual\/wp-content\/uploads\/2022\/07\/Pasted-into-Datos-elementales-6.png\" srcset=\"https:\/\/uniremunicipios.com.ar\/manual\/wp-content\/uploads\/2022\/07\/Pasted-into-Datos-elementales-6.png 502w, https:\/\/uniremunicipios.com.ar\/manual\/wp-content\/uploads\/2022\/07\/Pasted-into-Datos-elementales-6-300x87.png 300w\" sizes=\"auto, (max-width: 502px) 100vw, 502px\" \/><\/p>\n","protected":false},"excerpt":{"rendered":"<p>Mediante los botones Agregar (1) y Modifica (2), se accede a la ventana en la que puede trabajarse sobre la mayor parte de los datos (salvo los art\u00edculos). Podemos observar, que la misma se divide en dos cuadros principales, cada una con diferentes pesta\u00f1as de informaci\u00f3n: Cuadro superior (A). Pesta\u00f1a Normativa: en esta, resulta muy [&hellip;]<\/p>\n","protected":false},"author":8,"featured_media":0,"parent":697,"menu_order":0,"comment_status":"closed","ping_status":"closed","template":"","meta":{"footnotes":""},"class_list":["post-3766","page","type-page","status-publish","hentry"],"_links":{"self":[{"href":"https:\/\/uniremunicipios.com.ar\/manual\/index.php?rest_route=\/wp\/v2\/pages\/3766","targetHints":{"allow":["GET"]}}],"collection":[{"href":"https:\/\/uniremunicipios.com.ar\/manual\/index.php?rest_route=\/wp\/v2\/pages"}],"about":[{"href":"https:\/\/uniremunicipios.com.ar\/manual\/index.php?rest_route=\/wp\/v2\/types\/page"}],"author":[{"embeddable":true,"href":"https:\/\/uniremunicipios.com.ar\/manual\/index.php?rest_route=\/wp\/v2\/users\/8"}],"replies":[{"embeddable":true,"href":"https:\/\/uniremunicipios.com.ar\/manual\/index.php?rest_route=%2Fwp%2Fv2%2Fcomments&post=3766"}],"version-history":[{"count":4,"href":"https:\/\/uniremunicipios.com.ar\/manual\/index.php?rest_route=\/wp\/v2\/pages\/3766\/revisions"}],"predecessor-version":[{"id":3806,"href":"https:\/\/uniremunicipios.com.ar\/manual\/index.php?rest_route=\/wp\/v2\/pages\/3766\/revisions\/3806"}],"up":[{"embeddable":true,"href":"https:\/\/uniremunicipios.com.ar\/manual\/index.php?rest_route=\/wp\/v2\/pages\/697"}],"wp:attachment":[{"href":"https:\/\/uniremunicipios.com.ar\/manual\/index.php?rest_route=%2Fwp%2Fv2%2Fmedia&parent=3766"}],"curies":[{"name":"wp","href":"https:\/\/api.w.org\/{rel}","templated":true}]}}