{"id":3776,"date":"2022-07-22T10:10:53","date_gmt":"2022-07-22T13:10:53","guid":{"rendered":"http:\/\/uniremunicipios.com.ar\/manual\/?page_id=3776"},"modified":"2022-07-22T11:18:12","modified_gmt":"2022-07-22T14:18:12","slug":"articulos-e-incisos","status":"publish","type":"page","link":"https:\/\/uniremunicipios.com.ar\/manual\/?page_id=3776","title":{"rendered":"Art\u00edculos e Incisos"},"content":{"rendered":"<p>Existe la opci\u00f3n de agregar los art\u00edculos de una normativa y, si correspondiera, los incisos.<\/p>\n<p>Para ello, una vez cargado los datos principales, estando posicionados sobre la normativa en cuesti\u00f3n, se presiona el bot\u00f3n <strong>Art\u00edculos<\/strong>.<\/p>\n<p><img loading=\"lazy\" decoding=\"async\" width=\"530\" height=\"238\" class=\"wp-image-3777 size-full aligncenter\" src=\"http:\/\/uniremunicipios.com.ar\/manual\/wp-content\/uploads\/2022\/07\/Pasted-into-Articulos-e-Incisos.png\" srcset=\"https:\/\/uniremunicipios.com.ar\/manual\/wp-content\/uploads\/2022\/07\/Pasted-into-Articulos-e-Incisos.png 530w, https:\/\/uniremunicipios.com.ar\/manual\/wp-content\/uploads\/2022\/07\/Pasted-into-Articulos-e-Incisos-300x135.png 300w\" sizes=\"auto, (max-width: 530px) 100vw, 530px\" \/><\/p>\n<p>Esto nos lleva a una nueva grilla, donde se efect\u00faa la cargan de los diferentes art\u00edculos que la componen.<\/p>\n<p><img loading=\"lazy\" decoding=\"async\" width=\"564\" height=\"184\" class=\"wp-image-3778 size-full aligncenter\" src=\"http:\/\/uniremunicipios.com.ar\/manual\/wp-content\/uploads\/2022\/07\/Pasted-into-Articulos-e-Incisos-1.png\" srcset=\"https:\/\/uniremunicipios.com.ar\/manual\/wp-content\/uploads\/2022\/07\/Pasted-into-Articulos-e-Incisos-1.png 564w, https:\/\/uniremunicipios.com.ar\/manual\/wp-content\/uploads\/2022\/07\/Pasted-into-Articulos-e-Incisos-1-300x98.png 300w\" sizes=\"auto, (max-width: 564px) 100vw, 564px\" \/><\/p>\n<p>Aqu\u00ed destacamos dos botones.<\/p>\n<h2>Bot\u00f3n <strong>Agregar (1)<\/strong>.<\/h2>\n<p>Nos habilita para ingresar un nuevo art\u00edculo.<\/p>\n<p><img loading=\"lazy\" decoding=\"async\" width=\"424\" height=\"203\" class=\"wp-image-3779 size-full aligncenter\" src=\"http:\/\/uniremunicipios.com.ar\/manual\/wp-content\/uploads\/2022\/07\/Pasted-into-Articulos-e-Incisos-2.png\" srcset=\"https:\/\/uniremunicipios.com.ar\/manual\/wp-content\/uploads\/2022\/07\/Pasted-into-Articulos-e-Incisos-2.png 424w, https:\/\/uniremunicipios.com.ar\/manual\/wp-content\/uploads\/2022\/07\/Pasted-into-Articulos-e-Incisos-2-300x144.png 300w\" sizes=\"auto, (max-width: 424px) 100vw, 424px\" \/><\/p>\n<p>El identificador es un n\u00famero que se va incrementando autom\u00e1ticamente para cada nuevo art\u00edculo de la normativa, pero al que el usuario puede cambiarlo.<\/p>\n<h2>Bot\u00f3n <strong>Incisos (2)<\/strong>.<\/h2>\n<p>Seleccionando alguno de los art\u00edculos previamente cargados, podemos agregarle sus incisos con este bot\u00f3n.<\/p>\n<p>Esto nos abre una ventana con id\u00e9ntica operatoria a la de <strong>Art\u00edculos<\/strong>.<\/p>\n<p>La \u00fanica diferencia es que el identificador es una letra que se va autoincrementando.<\/p>\n","protected":false},"excerpt":{"rendered":"<p>Existe la opci\u00f3n de agregar los art\u00edculos de una normativa y, si correspondiera, los incisos. Para ello, una vez cargado los datos principales, estando posicionados sobre la normativa en cuesti\u00f3n, se presiona el bot\u00f3n Art\u00edculos. Esto nos lleva a una nueva grilla, donde se efect\u00faa la cargan de los diferentes art\u00edculos que la componen. Aqu\u00ed [&hellip;]<\/p>\n","protected":false},"author":8,"featured_media":0,"parent":697,"menu_order":0,"comment_status":"closed","ping_status":"closed","template":"","meta":{"footnotes":""},"class_list":["post-3776","page","type-page","status-publish","hentry"],"_links":{"self":[{"href":"https:\/\/uniremunicipios.com.ar\/manual\/index.php?rest_route=\/wp\/v2\/pages\/3776","targetHints":{"allow":["GET"]}}],"collection":[{"href":"https:\/\/uniremunicipios.com.ar\/manual\/index.php?rest_route=\/wp\/v2\/pages"}],"about":[{"href":"https:\/\/uniremunicipios.com.ar\/manual\/index.php?rest_route=\/wp\/v2\/types\/page"}],"author":[{"embeddable":true,"href":"https:\/\/uniremunicipios.com.ar\/manual\/index.php?rest_route=\/wp\/v2\/users\/8"}],"replies":[{"embeddable":true,"href":"https:\/\/uniremunicipios.com.ar\/manual\/index.php?rest_route=%2Fwp%2Fv2%2Fcomments&post=3776"}],"version-history":[{"count":3,"href":"https:\/\/uniremunicipios.com.ar\/manual\/index.php?rest_route=\/wp\/v2\/pages\/3776\/revisions"}],"predecessor-version":[{"id":3794,"href":"https:\/\/uniremunicipios.com.ar\/manual\/index.php?rest_route=\/wp\/v2\/pages\/3776\/revisions\/3794"}],"up":[{"embeddable":true,"href":"https:\/\/uniremunicipios.com.ar\/manual\/index.php?rest_route=\/wp\/v2\/pages\/697"}],"wp:attachment":[{"href":"https:\/\/uniremunicipios.com.ar\/manual\/index.php?rest_route=%2Fwp%2Fv2%2Fmedia&parent=3776"}],"curies":[{"name":"wp","href":"https:\/\/api.w.org\/{rel}","templated":true}]}}