{"id":3787,"date":"2022-07-22T11:12:21","date_gmt":"2022-07-22T14:12:21","guid":{"rendered":"http:\/\/uniremunicipios.com.ar\/manual\/?page_id=3787"},"modified":"2023-07-06T15:24:25","modified_gmt":"2023-07-06T18:24:25","slug":"tablas-del-digesto","status":"publish","type":"page","link":"https:\/\/uniremunicipios.com.ar\/manual\/?page_id=3787","title":{"rendered":"Tablas del digesto (TD)"},"content":{"rendered":"<h2>Tipos de normativas.<\/h2>\n<p>Si bien podr\u00edamos decir que esto es un clasificador m\u00e1s (se usa tambi\u00e9n en las b\u00fasquedas), podremos ver que este dato no es opcional, dado que es el que nos permite el ingreso a la carga de normativas.<\/p>\n<p>Se accede a esta tabla mediante la opci\u00f3n:<\/p>\n<p><img loading=\"lazy\" decoding=\"async\" width=\"466\" height=\"211\" class=\"alignnone wp-image-3788 size-full aligncenter\" src=\"http:\/\/uniremunicipios.com.ar\/manual\/wp-content\/uploads\/2022\/07\/Pasted-into-Tablas-del-digesto.png\" srcset=\"https:\/\/uniremunicipios.com.ar\/manual\/wp-content\/uploads\/2022\/07\/Pasted-into-Tablas-del-digesto.png 466w, https:\/\/uniremunicipios.com.ar\/manual\/wp-content\/uploads\/2022\/07\/Pasted-into-Tablas-del-digesto-300x136.png 300w\" sizes=\"auto, (max-width: 466px) 100vw, 466px\" \/><\/p>\n<p>Esto nos llevar\u00e1 a la ventana donde se podr\u00e1n agregar y modificar tipos de normativa.<\/p>\n<p><img loading=\"lazy\" decoding=\"async\" width=\"563\" height=\"209\" class=\"alignnone wp-image-3789 size-full aligncenter\" src=\"http:\/\/uniremunicipios.com.ar\/manual\/wp-content\/uploads\/2022\/07\/Pasted-into-Tablas-del-digesto-1.png\" srcset=\"https:\/\/uniremunicipios.com.ar\/manual\/wp-content\/uploads\/2022\/07\/Pasted-into-Tablas-del-digesto-1.png 563w, https:\/\/uniremunicipios.com.ar\/manual\/wp-content\/uploads\/2022\/07\/Pasted-into-Tablas-del-digesto-1-300x111.png 300w\" sizes=\"auto, (max-width: 563px) 100vw, 563px\" \/><\/p>\n<p>Con el bot\u00f3n <strong>Agregar<\/strong> o <strong>Modifica<\/strong>, se accede a la pantalla de altas y modificaciones.<\/p>\n<p>Aqu\u00ed, adem\u00e1s del nombre del tipo, es muy importante dar de alta los operadores que podr\u00e1n cargar y modificar este tipo de normativas.<\/p>\n<p><img loading=\"lazy\" decoding=\"async\" width=\"567\" height=\"148\" class=\"wp-image-3790 size-full aligncenter\" src=\"http:\/\/uniremunicipios.com.ar\/manual\/wp-content\/uploads\/2022\/07\/Pasted-into-Tablas-del-digesto-2.png\" srcset=\"https:\/\/uniremunicipios.com.ar\/manual\/wp-content\/uploads\/2022\/07\/Pasted-into-Tablas-del-digesto-2.png 567w, https:\/\/uniremunicipios.com.ar\/manual\/wp-content\/uploads\/2022\/07\/Pasted-into-Tablas-del-digesto-2-300x78.png 300w\" sizes=\"auto, (max-width: 567px) 100vw, 567px\" \/><\/p>\n<p>Salvo los operadores que aqu\u00ed se carguen, el resto de los usuarios podr\u00e1 ver, pero no modificar.<\/p>\n<h2>Clasificadores.<\/h2>\n<p>Adem\u00e1s de la informaci\u00f3n intr\u00ednseca de la normativa, existen datos complementarios que resulta conveniente completar.<\/p>\n<p>Estos sirven a diversos fines; tales como clasificaci\u00f3n, ordenamiento y para facilitar las b\u00fasquedas.<\/p>\n<p>Llamamos <strong>Clasificadores<\/strong> a esta informaci\u00f3n anexa; y UNIRE las almacena en diferentes tablas, las que describimos a continuaci\u00f3n.<\/p>\n<p><img loading=\"lazy\" decoding=\"async\" width=\"442\" height=\"200\" class=\"alignnone wp-image-3791 size-full aligncenter\" src=\"http:\/\/uniremunicipios.com.ar\/manual\/wp-content\/uploads\/2022\/07\/Pasted-into-Tablas-del-digesto-3.png\" srcset=\"https:\/\/uniremunicipios.com.ar\/manual\/wp-content\/uploads\/2022\/07\/Pasted-into-Tablas-del-digesto-3.png 442w, https:\/\/uniremunicipios.com.ar\/manual\/wp-content\/uploads\/2022\/07\/Pasted-into-Tablas-del-digesto-3-300x136.png 300w\" sizes=\"auto, (max-width: 442px) 100vw, 442px\" \/><\/p>\n<p><strong>Car\u00e1cter de Normativas<\/strong>: aqu\u00ed se definen las relaciones que puede haber entre normativas. Ej: Deroga, Modifica, etc.<\/p>\n<p><strong>Temas<\/strong>: es una leyenda orientativa, respecto del contenido que pueden tener las normativas. Ej: Tribunal de Faltas, Vecinales, Etc.<\/p>\n<p>A su vez, para mayor precisi\u00f3n, cada tema puede tener <strong>Subtemas<\/strong>.<\/p>\n<p>Por ejemplo, Vecinales puede tener los subtemas Comisi\u00f3n, Reglamentaci\u00f3n, etc.<\/p>\n<p><strong>Organismo emisor<\/strong>: define quien emite la regulaci\u00f3n.<\/p>\n","protected":false},"excerpt":{"rendered":"<p>Tipos de normativas. Si bien podr\u00edamos decir que esto es un clasificador m\u00e1s (se usa tambi\u00e9n en las b\u00fasquedas), podremos ver que este dato no es opcional, dado que es el que nos permite el ingreso a la carga de normativas. Se accede a esta tabla mediante la opci\u00f3n: Esto nos llevar\u00e1 a la ventana [&hellip;]<\/p>\n","protected":false},"author":8,"featured_media":0,"parent":697,"menu_order":0,"comment_status":"closed","ping_status":"closed","template":"","meta":{"footnotes":""},"class_list":["post-3787","page","type-page","status-publish","hentry"],"_links":{"self":[{"href":"https:\/\/uniremunicipios.com.ar\/manual\/index.php?rest_route=\/wp\/v2\/pages\/3787","targetHints":{"allow":["GET"]}}],"collection":[{"href":"https:\/\/uniremunicipios.com.ar\/manual\/index.php?rest_route=\/wp\/v2\/pages"}],"about":[{"href":"https:\/\/uniremunicipios.com.ar\/manual\/index.php?rest_route=\/wp\/v2\/types\/page"}],"author":[{"embeddable":true,"href":"https:\/\/uniremunicipios.com.ar\/manual\/index.php?rest_route=\/wp\/v2\/users\/8"}],"replies":[{"embeddable":true,"href":"https:\/\/uniremunicipios.com.ar\/manual\/index.php?rest_route=%2Fwp%2Fv2%2Fcomments&post=3787"}],"version-history":[{"count":3,"href":"https:\/\/uniremunicipios.com.ar\/manual\/index.php?rest_route=\/wp\/v2\/pages\/3787\/revisions"}],"predecessor-version":[{"id":4205,"href":"https:\/\/uniremunicipios.com.ar\/manual\/index.php?rest_route=\/wp\/v2\/pages\/3787\/revisions\/4205"}],"up":[{"embeddable":true,"href":"https:\/\/uniremunicipios.com.ar\/manual\/index.php?rest_route=\/wp\/v2\/pages\/697"}],"wp:attachment":[{"href":"https:\/\/uniremunicipios.com.ar\/manual\/index.php?rest_route=%2Fwp%2Fv2%2Fmedia&parent=3787"}],"curies":[{"name":"wp","href":"https:\/\/api.w.org\/{rel}","templated":true}]}}