{"id":3823,"date":"2022-07-25T16:22:49","date_gmt":"2022-07-25T19:22:49","guid":{"rendered":"http:\/\/uniremunicipios.com.ar\/manual\/?page_id=3823"},"modified":"2024-10-30T11:59:53","modified_gmt":"2024-10-30T14:59:53","slug":"configurar-recibos-impuestos-para-enviar-por-e-mail","status":"publish","type":"page","link":"https:\/\/uniremunicipios.com.ar\/manual\/?page_id=3823","title":{"rendered":"Configurar Recibos\/Impuestos para enviar por e-mail"},"content":{"rendered":"<p>Cuando necesita enviar los impuestos\/recibos por e-mail deber\u00e1:<\/p>\n<ul>\n<li>Registrar el e-mail en el propietario; o<\/li>\n<li>Registrar el e-mail en el impuesto y<\/li>\n<li>Tildar NO imprime el recibo (Reparto)<\/li>\n<li>Tildar Env\u00eda el recibo por correo electr\u00f3nico.<\/li>\n<\/ul>\n<p>Para ello, al pararse sobre un registro, por ejemplo en inmueble urbano:<\/p>\n<p><img loading=\"lazy\" decoding=\"async\" width=\"443\" height=\"99\" class=\"alignnone wp-image-3824 size-full\" src=\"http:\/\/uniremunicipios.com.ar\/manual\/wp-content\/uploads\/2022\/07\/Pasted-into-Recibosimpuestos-por-e-mail.png\" srcset=\"https:\/\/uniremunicipios.com.ar\/manual\/wp-content\/uploads\/2022\/07\/Pasted-into-Recibosimpuestos-por-e-mail.png 443w, https:\/\/uniremunicipios.com.ar\/manual\/wp-content\/uploads\/2022\/07\/Pasted-into-Recibosimpuestos-por-e-mail-300x67.png 300w\" sizes=\"auto, (max-width: 443px) 100vw, 443px\" \/><\/p>\n<p>Click en la LUPA y elegimos DATOS DE LA PERSONA y all\u00ed podr\u00e1 cargar el E-MAIL de la persona. IMPORTANTE: cargar bien el e-mail. Si quiere enviar a dos e-mails, separarlos con coma.<\/p>\n<p>Puede registrar e-mails diferentes para cada impuesto en bot\u00f3n TRIBUTOS (TB), luego elija:<\/p>\n<p><img loading=\"lazy\" decoding=\"async\" width=\"482\" height=\"147\" class=\"alignnone wp-image-3829 size-full\" src=\"http:\/\/uniremunicipios.com.ar\/manual\/wp-content\/uploads\/2022\/07\/Pasted-into-Configurar-Recibosimpuestos-para-enviar-por-e-mail-1.png\" srcset=\"https:\/\/uniremunicipios.com.ar\/manual\/wp-content\/uploads\/2022\/07\/Pasted-into-Configurar-Recibosimpuestos-para-enviar-por-e-mail-1.png 482w, https:\/\/uniremunicipios.com.ar\/manual\/wp-content\/uploads\/2022\/07\/Pasted-into-Configurar-Recibosimpuestos-para-enviar-por-e-mail-1-300x91.png 300w\" sizes=\"auto, (max-width: 482px) 100vw, 482px\" \/><\/p>\n<p>Luego tendr\u00e1 que ir al bot\u00f3n TB (Tributos) y con doble click sobre el tributo que desea enviar,\u00a0 tildar las casillas:<\/p>\n<p><img loading=\"lazy\" decoding=\"async\" width=\"240\" height=\"91\" class=\"alignnone wp-image-3826 size-full\" src=\"http:\/\/uniremunicipios.com.ar\/manual\/wp-content\/uploads\/2022\/07\/Pasted-into-Configurar-Recibosimpuestos-para-enviar-por-e-mail.png\" \/><\/p>\n<p>Con esto quedar\u00e1 listo para que cuando se generen los nuevos recibos autom\u00e1ticos y se impriman en forma masiva, los que fueron tildados para env\u00edo de correo electr\u00f3nico salgan por ese medio.<\/p>\n<p>Ver: <a href=\"http:\/\/uniremunicipios.com.ar\/manual\/?page_id=3832\" target=\"_blank\" rel=\"noopener\">ENVIO IMPUESTOS AUTOMATICOS POR EMAIL<\/a><\/p>\n","protected":false},"excerpt":{"rendered":"<p>Cuando necesita enviar los impuestos\/recibos por e-mail deber\u00e1: Registrar el e-mail en el propietario; o Registrar el e-mail en el impuesto y Tildar NO imprime el recibo (Reparto) Tildar Env\u00eda el recibo por correo electr\u00f3nico. Para ello, al pararse sobre un registro, por ejemplo en inmueble urbano: Click en la LUPA y elegimos DATOS DE [&hellip;]<\/p>\n","protected":false},"author":2,"featured_media":0,"parent":515,"menu_order":0,"comment_status":"closed","ping_status":"closed","template":"","meta":{"footnotes":""},"class_list":["post-3823","page","type-page","status-publish","hentry"],"_links":{"self":[{"href":"https:\/\/uniremunicipios.com.ar\/manual\/index.php?rest_route=\/wp\/v2\/pages\/3823","targetHints":{"allow":["GET"]}}],"collection":[{"href":"https:\/\/uniremunicipios.com.ar\/manual\/index.php?rest_route=\/wp\/v2\/pages"}],"about":[{"href":"https:\/\/uniremunicipios.com.ar\/manual\/index.php?rest_route=\/wp\/v2\/types\/page"}],"author":[{"embeddable":true,"href":"https:\/\/uniremunicipios.com.ar\/manual\/index.php?rest_route=\/wp\/v2\/users\/2"}],"replies":[{"embeddable":true,"href":"https:\/\/uniremunicipios.com.ar\/manual\/index.php?rest_route=%2Fwp%2Fv2%2Fcomments&post=3823"}],"version-history":[{"count":7,"href":"https:\/\/uniremunicipios.com.ar\/manual\/index.php?rest_route=\/wp\/v2\/pages\/3823\/revisions"}],"predecessor-version":[{"id":5206,"href":"https:\/\/uniremunicipios.com.ar\/manual\/index.php?rest_route=\/wp\/v2\/pages\/3823\/revisions\/5206"}],"up":[{"embeddable":true,"href":"https:\/\/uniremunicipios.com.ar\/manual\/index.php?rest_route=\/wp\/v2\/pages\/515"}],"wp:attachment":[{"href":"https:\/\/uniremunicipios.com.ar\/manual\/index.php?rest_route=%2Fwp%2Fv2%2Fmedia&parent=3823"}],"curies":[{"name":"wp","href":"https:\/\/api.w.org\/{rel}","templated":true}]}}