{"id":3845,"date":"2022-08-02T09:12:07","date_gmt":"2022-08-02T12:12:07","guid":{"rendered":"http:\/\/uniremunicipios.com.ar\/manual\/?page_id=3845"},"modified":"2024-09-16T12:59:02","modified_gmt":"2024-09-16T15:59:02","slug":"agregar-imagenes-o-documentos","status":"publish","type":"page","link":"https:\/\/uniremunicipios.com.ar\/manual\/?page_id=3845","title":{"rendered":"Agregar imagenes o documentos(TD)"},"content":{"rendered":"<p>Unire permite adjuntar en cualquier registro de la base de datos:<\/p>\n<ul>\n<li>fotos: jpg, bmp, etc.<\/li>\n<li>archivos: word, excel, pdf, txt,<\/li>\n<\/ul>\n<p>Para agregar una imagen o documento encontrar\u00e1 en la mayor\u00eda de las ventanas, una columna con el encabezado &#8220;Imagen&#8221;.<\/p>\n<p><img loading=\"lazy\" decoding=\"async\" width=\"162\" height=\"171\" class=\"alignnone wp-image-4161 size-full\" src=\"http:\/\/uniremunicipios.com.ar\/manual\/wp-content\/uploads\/2023\/06\/Pasted-into-Agregar-imagenes-o-documentos.png\" \/><\/p>\n<p>Al hacer clic sobre el bot\u00f3n con 3 puntitos se abre la siguiente ventana.<\/p>\n<p><img loading=\"lazy\" decoding=\"async\" width=\"667\" height=\"149\" class=\"alignnone wp-image-3847 size-full\" src=\"http:\/\/uniremunicipios.com.ar\/manual\/wp-content\/uploads\/2022\/08\/Pasted-into-Agregar-imagenes-o-documentos-1.png\" srcset=\"https:\/\/uniremunicipios.com.ar\/manual\/wp-content\/uploads\/2022\/08\/Pasted-into-Agregar-imagenes-o-documentos-1.png 667w, https:\/\/uniremunicipios.com.ar\/manual\/wp-content\/uploads\/2022\/08\/Pasted-into-Agregar-imagenes-o-documentos-1-300x67.png 300w\" sizes=\"auto, (max-width: 667px) 100vw, 667px\" \/><\/p>\n<p>Con el bot\u00f3n agregar abrir\u00e1 una nueva ventana donde podr\u00e1 elegir Escanear o buscar el archivo que desea subir.<\/p>\n<p><strong>IMPORTANTE<\/strong>: Los nombres de los archivos a subir no deben tener caracteres especiales como acentos, puntos, espacios, o &#8220;\u00f1&#8221;, ni su camino o path.<\/p>\n<p>Cuando en la ventana no est\u00e1 la columna &#8220;Imagen&#8221; puede realizar la misma operaci\u00f3n con la opci\u00f3n<\/p>\n<p><img loading=\"lazy\" decoding=\"async\" width=\"423\" height=\"170\" class=\"alignnone wp-image-3848 size-full\" src=\"http:\/\/uniremunicipios.com.ar\/manual\/wp-content\/uploads\/2022\/08\/Pasted-into-Agregar-imagenes-o-documentos-2.png\" srcset=\"https:\/\/uniremunicipios.com.ar\/manual\/wp-content\/uploads\/2022\/08\/Pasted-into-Agregar-imagenes-o-documentos-2.png 423w, https:\/\/uniremunicipios.com.ar\/manual\/wp-content\/uploads\/2022\/08\/Pasted-into-Agregar-imagenes-o-documentos-2-300x121.png 300w\" sizes=\"auto, (max-width: 423px) 100vw, 423px\" \/><\/p>\n<p><img loading=\"lazy\" decoding=\"async\" width=\"584\" height=\"169\" class=\"alignnone wp-image-4163 size-full\" src=\"http:\/\/uniremunicipios.com.ar\/manual\/wp-content\/uploads\/2023\/06\/Pasted-into-Agregar-imagenes-o-documentos-1.png\" srcset=\"https:\/\/uniremunicipios.com.ar\/manual\/wp-content\/uploads\/2023\/06\/Pasted-into-Agregar-imagenes-o-documentos-1.png 584w, https:\/\/uniremunicipios.com.ar\/manual\/wp-content\/uploads\/2023\/06\/Pasted-into-Agregar-imagenes-o-documentos-1-300x87.png 300w\" sizes=\"auto, (max-width: 584px) 100vw, 584px\" \/><\/p>\n<p>En referencia pueden poner un t\u00edtulo o nombre que identifique la imagen, ya que pueden sumarse las que se necesiten, y el<\/p>\n<p>hecho de nombrarlas permitir\u00e1 ubicarla r\u00e1pidamente para abrirla.<\/p>\n<p>&nbsp;<\/p>\n<p>Cuando un registro tenga una imagen o documento asociado aparecer\u00e1 de la siguiente manera:<\/p>\n<p><img loading=\"lazy\" decoding=\"async\" width=\"173\" height=\"148\" class=\"alignnone wp-image-4165 size-full\" src=\"http:\/\/uniremunicipios.com.ar\/manual\/wp-content\/uploads\/2023\/06\/Pasted-into-Agregar-imagenes-o-documentos-3.png\" \/><\/p>\n<p>En la imagen el primer registro tiene una imagen asociada, los siguientes no.<\/p>\n<p>&nbsp;<\/p>\n","protected":false},"excerpt":{"rendered":"<p>Unire permite adjuntar en cualquier registro de la base de datos: fotos: jpg, bmp, etc. archivos: word, excel, pdf, txt, Para agregar una imagen o documento encontrar\u00e1 en la mayor\u00eda de las ventanas, una columna con el encabezado &#8220;Imagen&#8221;. Al hacer clic sobre el bot\u00f3n con 3 puntitos se abre la siguiente ventana. Con el [&hellip;]<\/p>\n","protected":false},"author":2,"featured_media":0,"parent":2537,"menu_order":0,"comment_status":"closed","ping_status":"closed","template":"","meta":{"footnotes":""},"class_list":["post-3845","page","type-page","status-publish","hentry"],"_links":{"self":[{"href":"https:\/\/uniremunicipios.com.ar\/manual\/index.php?rest_route=\/wp\/v2\/pages\/3845","targetHints":{"allow":["GET"]}}],"collection":[{"href":"https:\/\/uniremunicipios.com.ar\/manual\/index.php?rest_route=\/wp\/v2\/pages"}],"about":[{"href":"https:\/\/uniremunicipios.com.ar\/manual\/index.php?rest_route=\/wp\/v2\/types\/page"}],"author":[{"embeddable":true,"href":"https:\/\/uniremunicipios.com.ar\/manual\/index.php?rest_route=\/wp\/v2\/users\/2"}],"replies":[{"embeddable":true,"href":"https:\/\/uniremunicipios.com.ar\/manual\/index.php?rest_route=%2Fwp%2Fv2%2Fcomments&post=3845"}],"version-history":[{"count":4,"href":"https:\/\/uniremunicipios.com.ar\/manual\/index.php?rest_route=\/wp\/v2\/pages\/3845\/revisions"}],"predecessor-version":[{"id":4552,"href":"https:\/\/uniremunicipios.com.ar\/manual\/index.php?rest_route=\/wp\/v2\/pages\/3845\/revisions\/4552"}],"up":[{"embeddable":true,"href":"https:\/\/uniremunicipios.com.ar\/manual\/index.php?rest_route=\/wp\/v2\/pages\/2537"}],"wp:attachment":[{"href":"https:\/\/uniremunicipios.com.ar\/manual\/index.php?rest_route=%2Fwp%2Fv2%2Fmedia&parent=3845"}],"curies":[{"name":"wp","href":"https:\/\/api.w.org\/{rel}","templated":true}]}}