{"id":386,"date":"2019-06-07T09:58:23","date_gmt":"2019-06-07T12:58:23","guid":{"rendered":"http:\/\/uniremunicipios.com.ar\/manual\/?page_id=386"},"modified":"2021-08-11T16:42:23","modified_gmt":"2021-08-11T19:42:23","slug":"libro-de-sueldos-recibo-y-planilla-control","status":"publish","type":"page","link":"https:\/\/uniremunicipios.com.ar\/manual\/?page_id=386","title":{"rendered":"Impresi\u00f3n Recibos, Libro de sueldos, env\u00edo recibos x mail y PDF de los recibos"},"content":{"rendered":"<p class=\"rvps4\"><span class=\"rvts299\">IMPRESI\u00d3N LIBRO DE SUELDO, RECIBOS O LISTADO DE CONTROL<\/span><\/p>\n<ul>\n<li class=\"rvps11\"><span class=\"rvts210\">Men\u00fa Sueldos\/Per\u00edodos de Liquidaci\u00f3n;<\/span><\/li>\n<\/ul>\n<ul>\n<li class=\"rvps11\"><span class=\"rvts210\">Seleccionar el mes y clic en\u00a0<\/span><img decoding=\"async\" src=\"http:\/\/uniremunicipios.com.ar\/manual-anterior\/lib\/NewItem740.png\" alt=\"\" \/><span class=\"rvts210\">\u00a0se abre otra ventana; luego en\u00a0<\/span><img decoding=\"async\" src=\"http:\/\/uniremunicipios.com.ar\/manual-anterior\/lib\/NewItem741.png\" alt=\"\" \/><span class=\"rvts210\">\u00a0y llegamos a esta ventana:<img loading=\"lazy\" decoding=\"async\" width=\"336\" height=\"143\" class=\"alignnone wp-image-2770 size-full\" src=\"http:\/\/uniremunicipios.com.ar\/manual\/wp-content\/uploads\/2021\/08\/Pasted-into-Libro-de-sueldos-recibo-y-planilla-control.png\" srcset=\"https:\/\/uniremunicipios.com.ar\/manual\/wp-content\/uploads\/2021\/08\/Pasted-into-Libro-de-sueldos-recibo-y-planilla-control.png 336w, https:\/\/uniremunicipios.com.ar\/manual\/wp-content\/uploads\/2021\/08\/Pasted-into-Libro-de-sueldos-recibo-y-planilla-control-300x128.png 300w\" sizes=\"auto, (max-width: 336px) 100vw, 336px\" \/><\/span><\/li>\n<\/ul>\n<p class=\"rvps11\"><span class=\"rvts165\">\u00a0<\/span><\/p>\n<p class=\"rvps5\"><span class=\"rvts58\">Al presionar imprime me ofrece la posibilidad de imprimir : recibos, libro, enviar recibos x mail o la preparaci\u00f3n de un PDF con todos los recibos, que permite de ser necesario la firma digital para aquellos municipios que dispongan de la misma (programa especial de firma digital que UNIRE no provee)<\/span><\/p>\n<p class=\"rvps5\"><img loading=\"lazy\" decoding=\"async\" width=\"448\" height=\"140\" class=\"alignnone wp-image-2771 size-full\" src=\"http:\/\/uniremunicipios.com.ar\/manual\/wp-content\/uploads\/2021\/08\/Pasted-into-Libro-de-sueldos-recibo-y-planilla-control-1.png\" srcset=\"https:\/\/uniremunicipios.com.ar\/manual\/wp-content\/uploads\/2021\/08\/Pasted-into-Libro-de-sueldos-recibo-y-planilla-control-1.png 448w, https:\/\/uniremunicipios.com.ar\/manual\/wp-content\/uploads\/2021\/08\/Pasted-into-Libro-de-sueldos-recibo-y-planilla-control-1-300x94.png 300w\" sizes=\"auto, (max-width: 448px) 100vw, 448px\" \/><\/p>\n<p class=\"rvps5\"><span class=\"rvts58\">Al elegir uno de ellos puedo imprimir un recibo, varios o todos. Los municipios que marcan en RRHH aquel personal que imprime su recibo desde la web, solamente obtienen la impresi\u00f3n de los que no tienen la marca.\u00a0<\/span><\/p>\n<p>El libro de sueldos se imprime completo de acuerdo al formato configurado previamente.<\/p>\n<p>El envio por mail, permite previa carga de las direcciones correspondientes, realizar esa tarea<\/p>\n<p>El archivo en PDF prepara una carpeta con todos los recibos, lo cual puede ser \u00fatil para alg\u00fan tr\u00e1mite de pedido de subsidios, rendiciones, o para realizar la firma digital, tal como mencionamos m\u00e1s arriba<\/p>\n<p class=\"rvps5\"><span class=\"rvts58\">\u00a0<\/span><\/p>\n<p class=\"rvps5\"><span class=\"rvts58\">\u00a0<\/span><\/p>\n","protected":false},"excerpt":{"rendered":"<p>IMPRESI\u00d3N LIBRO DE SUELDO, RECIBOS O LISTADO DE CONTROL Men\u00fa Sueldos\/Per\u00edodos de Liquidaci\u00f3n; Seleccionar el mes y clic en\u00a0\u00a0se abre otra ventana; luego en\u00a0\u00a0y llegamos a esta ventana: \u00a0 Al presionar imprime me ofrece la posibilidad de imprimir : recibos, libro, enviar recibos x mail o la preparaci\u00f3n de un PDF con todos los recibos, [&hellip;]<\/p>\n","protected":false},"author":4,"featured_media":0,"parent":28,"menu_order":612,"comment_status":"closed","ping_status":"closed","template":"","meta":{"footnotes":""},"class_list":["post-386","page","type-page","status-publish","hentry"],"_links":{"self":[{"href":"https:\/\/uniremunicipios.com.ar\/manual\/index.php?rest_route=\/wp\/v2\/pages\/386","targetHints":{"allow":["GET"]}}],"collection":[{"href":"https:\/\/uniremunicipios.com.ar\/manual\/index.php?rest_route=\/wp\/v2\/pages"}],"about":[{"href":"https:\/\/uniremunicipios.com.ar\/manual\/index.php?rest_route=\/wp\/v2\/types\/page"}],"author":[{"embeddable":true,"href":"https:\/\/uniremunicipios.com.ar\/manual\/index.php?rest_route=\/wp\/v2\/users\/4"}],"replies":[{"embeddable":true,"href":"https:\/\/uniremunicipios.com.ar\/manual\/index.php?rest_route=%2Fwp%2Fv2%2Fcomments&post=386"}],"version-history":[{"count":6,"href":"https:\/\/uniremunicipios.com.ar\/manual\/index.php?rest_route=\/wp\/v2\/pages\/386\/revisions"}],"predecessor-version":[{"id":2774,"href":"https:\/\/uniremunicipios.com.ar\/manual\/index.php?rest_route=\/wp\/v2\/pages\/386\/revisions\/2774"}],"up":[{"embeddable":true,"href":"https:\/\/uniremunicipios.com.ar\/manual\/index.php?rest_route=\/wp\/v2\/pages\/28"}],"wp:attachment":[{"href":"https:\/\/uniremunicipios.com.ar\/manual\/index.php?rest_route=%2Fwp%2Fv2%2Fmedia&parent=386"}],"curies":[{"name":"wp","href":"https:\/\/api.w.org\/{rel}","templated":true}]}}