{"id":3899,"date":"2022-09-27T18:40:28","date_gmt":"2022-09-27T21:40:28","guid":{"rendered":"http:\/\/uniremunicipios.com.ar\/manual\/?page_id=3899"},"modified":"2022-09-28T15:21:29","modified_gmt":"2022-09-28T18:21:29","slug":"funcionamiento","status":"publish","type":"page","link":"https:\/\/uniremunicipios.com.ar\/manual\/?page_id=3899","title":{"rendered":"Funcionamiento"},"content":{"rendered":"<h3>Abrir la caja de CAIXA<\/h3>\n<p>&nbsp;<\/p>\n<p>Esto nos habilita una caja en nueva donde se podr\u00e1 cobrar recibos y\/o emitir comprobantes.<\/p>\n<h3>Cobrar Recibos<\/h3>\n<p>Luego de abrir la caja, podremos cobrar recibos<\/p>\n<p><img loading=\"lazy\" decoding=\"async\" width=\"239\" height=\"109\" class=\"alignnone wp-image-3901 size-full\" src=\"http:\/\/uniremunicipios.com.ar\/manual\/wp-content\/uploads\/2022\/09\/Pasted-into-Funcionamiento-1.png\" \/><\/p>\n<p>As\u00ed se ver\u00e1 la pantalla siguiente:<\/p>\n<p><img loading=\"lazy\" decoding=\"async\" width=\"669\" height=\"204\" class=\"alignnone wp-image-3902 size-full\" src=\"http:\/\/uniremunicipios.com.ar\/manual\/wp-content\/uploads\/2022\/09\/Pasted-into-Funcionamiento-2.png\" srcset=\"https:\/\/uniremunicipios.com.ar\/manual\/wp-content\/uploads\/2022\/09\/Pasted-into-Funcionamiento-2.png 669w, https:\/\/uniremunicipios.com.ar\/manual\/wp-content\/uploads\/2022\/09\/Pasted-into-Funcionamiento-2-300x91.png 300w\" sizes=\"auto, (max-width: 669px) 100vw, 669px\" \/><\/p>\n<p>El t\u00edtulo de la ventana nos indica el N\u00ba de Caja en el que estamos actualmente.<\/p>\n<p>El bot\u00f3n AGREGAR nos permite adicionar un nuevo cobro\/o cobros. En el ejemplo llevar\u00e1 el N\u00ba 56 ya que el \u00faltimo fue el 55.<\/p>\n<p>El bot\u00f3n Anular permite anular el cobro completo que fue realizado.<\/p>\n<p>El bot\u00f3n Detalle muestra qu\u00e9 se cobr\u00f3 y permite reimprimir alg\u00fan ticket.<\/p>\n<h3>El bot\u00f3n AGREGAR<\/h3>\n<p>Nos llevar\u00e1 a la siguiente pantalla<\/p>\n<p><img loading=\"lazy\" decoding=\"async\" width=\"618\" height=\"222\" class=\"alignnone wp-image-3903 size-full\" src=\"http:\/\/uniremunicipios.com.ar\/manual\/wp-content\/uploads\/2022\/09\/Pasted-into-Funcionamiento-3.png\" srcset=\"https:\/\/uniremunicipios.com.ar\/manual\/wp-content\/uploads\/2022\/09\/Pasted-into-Funcionamiento-3.png 618w, https:\/\/uniremunicipios.com.ar\/manual\/wp-content\/uploads\/2022\/09\/Pasted-into-Funcionamiento-3-300x108.png 300w\" sizes=\"auto, (max-width: 618px) 100vw, 618px\" \/><\/p>\n<p>El t\u00edtulo nos muestra que en esta ventana se encuentra, como su nombre lo dice, el Detalle del Cobro de Caja N\u00ba 56.<\/p>\n<p>AGREGAR: Nos permite escanear un c\u00f3digo de barras (al que llamamos c\u00f3digo SAM) a cobrar o eventualmente se puede ingresar manualmente. (El cajero debe tener cuidado de no pulsar ninguna tecla al escanear para no modificar la estructura del c\u00f3digo).<\/p>\n<p>RECIBO: permite generar un recibo que estar\u00e1 basado en los tributos configurados y los cargos del mismo. y que permitir\u00e1 imprimir un ticket.<\/p>\n<p>&nbsp;<\/p>\n<p>&nbsp;<\/p>\n<p>&nbsp;<\/p>\n<p>&nbsp;<\/p>\n","protected":false},"excerpt":{"rendered":"<p>Abrir la caja de CAIXA &nbsp; Esto nos habilita una caja en nueva donde se podr\u00e1 cobrar recibos y\/o emitir comprobantes. Cobrar Recibos Luego de abrir la caja, podremos cobrar recibos As\u00ed se ver\u00e1 la pantalla siguiente: El t\u00edtulo de la ventana nos indica el N\u00ba de Caja en el que estamos actualmente. El bot\u00f3n [&hellip;]<\/p>\n","protected":false},"author":2,"featured_media":0,"parent":1835,"menu_order":0,"comment_status":"closed","ping_status":"closed","template":"","meta":{"footnotes":""},"class_list":["post-3899","page","type-page","status-publish","hentry"],"_links":{"self":[{"href":"https:\/\/uniremunicipios.com.ar\/manual\/index.php?rest_route=\/wp\/v2\/pages\/3899","targetHints":{"allow":["GET"]}}],"collection":[{"href":"https:\/\/uniremunicipios.com.ar\/manual\/index.php?rest_route=\/wp\/v2\/pages"}],"about":[{"href":"https:\/\/uniremunicipios.com.ar\/manual\/index.php?rest_route=\/wp\/v2\/types\/page"}],"author":[{"embeddable":true,"href":"https:\/\/uniremunicipios.com.ar\/manual\/index.php?rest_route=\/wp\/v2\/users\/2"}],"replies":[{"embeddable":true,"href":"https:\/\/uniremunicipios.com.ar\/manual\/index.php?rest_route=%2Fwp%2Fv2%2Fcomments&post=3899"}],"version-history":[{"count":3,"href":"https:\/\/uniremunicipios.com.ar\/manual\/index.php?rest_route=\/wp\/v2\/pages\/3899\/revisions"}],"predecessor-version":[{"id":3905,"href":"https:\/\/uniremunicipios.com.ar\/manual\/index.php?rest_route=\/wp\/v2\/pages\/3899\/revisions\/3905"}],"up":[{"embeddable":true,"href":"https:\/\/uniremunicipios.com.ar\/manual\/index.php?rest_route=\/wp\/v2\/pages\/1835"}],"wp:attachment":[{"href":"https:\/\/uniremunicipios.com.ar\/manual\/index.php?rest_route=%2Fwp%2Fv2%2Fmedia&parent=3899"}],"curies":[{"name":"wp","href":"https:\/\/api.w.org\/{rel}","templated":true}]}}