{"id":39,"date":"2019-05-16T08:23:44","date_gmt":"2019-05-16T11:23:44","guid":{"rendered":"http:\/\/uniremunicipios.com.ar\/manual\/?page_id=39"},"modified":"2025-06-10T12:22:08","modified_gmt":"2025-06-10T15:22:08","slug":"relacion-de-dependencia","status":"publish","type":"page","link":"https:\/\/uniremunicipios.com.ar\/manual\/?page_id=39","title":{"rendered":"Relacion de Dependencia."},"content":{"rendered":"\r\n<p>Cuando cargamos un empleado, debemos darle la relaci\u00f3n de dependencia.<\/p>\r\n<p>INGRESANDO EN <img decoding=\"async\" src=\"data:image\/png;base64,iVBORw0KGgoAAAANSUhEUgAAACEAAAAeCAYAAACiyHcXAAAAtklEQVRYCe2UMQ6AIAxF0XgcE1dvZ7wdoybcRy3JJ6QJhJYBh7oUofC\/D9spXP5xg595sH6UNxO4BSNhJEAAccGgJa7bXk0Lt6+ulxZFJuIhZ+GoozDfMC03QYdywZKxBgOUoi5RQp\/wc1ON4kjTkcDuLyYj2Zx0qCYhFarlmwnQMRK\/ItFdonkr15ar2kQu7qhjdjQsnYnONo1\/AVFuouOLIcqjyIT2zrkof7c+ASJGwkiAAOILJn8Yfx7qUwAAAAAASUVORK5CYII=\" \/>\u00a0 Y LUEGO EN <img loading=\"lazy\" decoding=\"async\" width=\"23\" height=\"30\" class=\"wp-image-40\" src=\"http:\/\/uniremunicipios.com.ar\/manual\/wp-content\/uploads\/2019\/05\/manuales.png\" alt=\"\" \/><\/p>\r\n\r\n\r\n\r\n<p>Es decir, si es permanente, contratado, ejecutivo, concejo, gabinete, eventual.<\/p>\r\n\r\n\r\n\r\n<p>Si el municipio liquida por separado cada una de estas modalidades de contrataci\u00f3n, necesitar\u00e1 s\u00ed o s\u00ed de la carga de la relaci\u00f3n de dependencia.<\/p>\r\n\r\n\r\n\r\n<p>Para que podemos liquidar, en la configuraci\u00f3n de cada tipo de liquidaci\u00f3n se debe colocar el filtro correspondiente a la relaci\u00f3n que corresponda,<\/p>\r\n\r\n\r\n\r\n<div class=\"wp-block-image\">\r\n<figure class=\"aligncenter\"><img decoding=\"async\" src=\"data:image\/png;base64,iVBORw0KGgoAAAANSUhEUgAAAlMAAABfCAYAAADMHEK6AAAW7ElEQVR4Ae2dPb8kx1WH5\/JTBALJxhbGwkRgXrSgtUHSEipT6EAJfAAHIEAGYwsc7N0AEOJNwPpbbKBQ2W6G1oCRsAS2yQCBwRYYWcRLn6r6V5+pWz09PS\/dPdNP23eqznvV07f7nu07unPx\/T\/xqw9W6bi4sEl4CUOcpdeklqEVLxQRszRJWltSmSYp41DIsbBcGt\/sleKSHIewxjDNsoW0Qpx2yI06WtJrdouGdTFLISjvLLpGVsklDtkQa\/h9GAov57g2JrhYZLLFkFbYtK+U2kKao1lpGxbqZrGZ5H1E11YOtqy0SVpKNkQ5JHNZvBzmqUaaxzyNkG2WuDXW95WiWrewGhe2ds4tt1tRqJXlYLN8zZES5LSN3M6DQ11OTsE7B6Sa2Wb5Y47wmv1SDS\/nearpZP+9bPmiKb1mv2hoxWS3dHb07CvvOiUIg4Pr5TgPSZU6jGn3WqAVFd5kt2WkAmZtE4WYaEmv2a2ZxP\/HHH4fpvFyivHnJKraBEFOa0juWkjkGh1CreRmRZwtmLr3EZcUYoJnLh2r+Zzr+8pVUgEn+xwxTVyPSxDUvftKOVMOK+RZBbld4Pr5Md9YxNzSPExNWpcbx1yimTjJhFYO85At6NMs5FOCkCe9hCE7paxJGaTskGpkm6VsjX4fIV02NVnyPBbysv\/eXdtHWlPeZ5Mjp0kJvNzOUw0b7AiGofvKgW7t6zkCjVw0+m\/eVz1n3LPZmmPgvjybEO5ylHLCYEXMpFJBbm3B4mzmt7ZJc5j0eGjS6hSHAAQgAAEIQAACAwn88lOPDIxo3Z999tnVZ195LSgOlYdmquXLDAIQgAAEIACBEyHwzlv3B6\/0zmuvX4k5RJ6jNVP\/886rYcEfuvbilYW\/97U\/y7qP\/Pxv5fkYk3fv\/2Eo82PP\/N4Y5agBAQhAAAIQgMBIBK5dv7FW6e0331iTjyWEZur\/\/vnLIf\/Dn\/y1K3W+942\/Crof+ulfv2LbVvHfb\/95cP3wz31u9d7X4vyHUxP13j\/ExuojT\/72tum28vv3v3k5+H38qZey\/7tfUSP1u41uXr9vzYtkAgEIQAACEIDAYAJqpNRAmWxfkrdJWOZQTJde9rUnUx9888urhz\/5gmyr733jdp7vM\/nwtc919i7hydQR3kjmmyit\/fGnmyaq6aFoo0SEEQIQgAAEIAABEbDGq2zC+hopi11rpkzxwTdvh4bqg45G6v2v\/6W55eORn\/3NPP\/uP\/5FnvuJfzIlvT2RsqdT3ymeTH37rT+VSxgf+9Tnw\/hff\/\/Ha\/qPffoLWf7W372S5zb5+FNfXJVPpvRUSo76Nd+\/vvEHUuXxx3\/pS3nOBAIQgAAEIACB+RPwT6C2aYC6duQbKvn43NL58fsk\/MBPtr\/is4bKjh\/8qfYplcnvfz39yu9nfmP1SPNlx\/+mBkqN1KNPvLj6UPPVd+jXfN5PjdRHr39+ZV+PNV86HvvU76x+5NPxy3Tf+mpsoNRI\/egvfnGlL8VofPcr8Vd+9mTq8WfsV3yr1b\/dX2+iPnHjS6tPpCbqX\/769xXKCAEIQAACEIDACRHYp5HSNn3z5Oeyl+Pakyl7z5T9qs+Oh5tGak6\/DiufTJUbQYYABCAAAQhAAAKHIKCGzHLZvK+hWmumLCi\/Z2pGnZQaKXsyZcd\/fnX9V35ByQsEIAABCEAAAosn0Nf49AFSI6U8Jvc1VPnXfH3JsUMAAhCAAAQgAIG5E1Dzs8s6y0bKcvimqivnlSdTXY6mtz+PYO+bev+f2jeh2xvQ7SHWo81o75v6bvr7UpvydNk+2vx5BHvf1Lff\/JPsYm9At\/dL2dOp2hOpj\/3CF1b2vqn\/+Ns\/yjH2BnR\/PP70Syt735R\/E7regO79mEMAAhCAAAQgsFwCapxKAl16+V3w2XwZxfqfTWg6xPz5Qubi5TDPypDAGkqfIMiVzzNKXsE1znMyE2PNmCzK7s9GxGlr9LJzi1latyap20ko54xeDvO4itAhh0wVOYSv50wr32pfMTy8WvL0eUulHOtu2tfaZzM14W5FYR1ZDrZQSsW0vSDnymGSo0IOe0nqkCBIOSBZk9z6RUW79vUcIcrlKOWr+4oswmuOaybx\/3FjqVhr7thHSpWtKSAM7YLTnqMx2upraG3R7lKEdfm9RFvM2a491UhqbaoV80pDvvJ7OVUNYXGeXtsyjS3ViBnW5WBK9hRjyZw6RHXuo7Hutq9cJa6qKZh3GuamzpO4nlLu3VfKGTajMm3OUCHliPPwGh2bV78v52YWIY2+jTGXCOmzlLaQ5GCzkDxJcYUc3NdzhpopNA5tTCnH8PBqprV9tHKYre+j2Jc\/53HJbc412S8lgcqeBZu8j1jeVmepbAhHkHJwsmab\/KKiPSfrOUKUy1HKV\/dlpa\/mNFVOM3Bf+eylBGFoFxzz+pzRITJoiya\/oA5rdClWv\/L0o6td\/3L5vXv31j5O5hB5Bj2Z0pYYIQABCEAAAhCAwJQEah8Ns8t6DpGHZmoX8sRAAAIQgAAEIDAZAfuw4kMch8pDM3WIs0EOCEAAAhCAAARGI\/DZV147SK1D5eG\/5jvI6SAJBCAAAQhAAAJLJXDRvEP9wVI3z74hAAEIQAACEIDAvgR4MrUvQeIhAAEIQAACEFg0AZqpRZ9+Ng8BCEAAAhCAwL4EaKb2JUg8BCAAAQhAAAKLJkAztejTz+YhAAEIQAACENiXAM3UvgSJhwAEIAABCEBg0QRophZ9+tk8BCAAAQhAAAL7EqCZ2pcg8RCAAAQgAAEILJoAzdSiTz+bhwAEIAABCEBgXwJ8nMy+BAfEH+LDFAeUwxUCiyNw8+bNnT5JfnGgznDD3F+nP6lLvv5opkb+\/rt3797IFSkHgWUQuP3qy8vYKLvsJMD9tRPN0Q1Lv\/5opo7+LXa1wN27d68q0UAAAnsReOet+3vFE3weBLi\/TnMel3798Z6pab7vqAoBCEAAAhCAwJkQoJk6kxPJNiAAAQhAAAIQmIYAv+abhnuuenFxkeeaPHjwQFNGCEAAAhDYkQD31x3BETaYwChPpq5dv7HyX4NXOTDAau1y1OJqul1yb4qx5sl\/1W4Am+KntJ3SWqfkRG0IQGAaAv7eanPuWdOch3OvOtqTqbfffCOztAbFy9lwoMmuucu4Y6\/zQNslDQQgAAEIQAACExIY5clUuT9rWsZ44lPWHSqXzdXQ+EP427+i9KV8XtbcRjsky9fr5COdRq\/3Oq\/X3EbNzdcOL8vuddGLVwhAYCwCtftrTbfveo6Rc981DYmv3a+kszya634meUgNfJdBYLQnU304\/UXpmxjpazrLKb33s7nppVNt+ZrsbdIrrs+uWMUpv+Jqeu9TznWhSm+Pou0wveal7PWae38\/l73M4X0012i+dni5a6783l7GhmS8QAACZ0Wg717n76lTbdzuS\/7Y5n4lH4vT3N\/f\/NznZr5cArNopsoLTrJGOz2aa9Qp83LtwvY6+Wqs5fC1anYf6+fy9fWk6xt1sdb8yhtBzadP15Wjq+5Qf1+\/K9b7MIcABI5HQPcljcerdBqZu+5ztnruV6dxDk9hlZP8mq8Gxi58fclujYnp7OhqUrr0yrHNOCTHEN9tavf52I3Af\/X5l3a7WQyN9\/42H3LsEzukDr4QgMBwArrH6r5qGaRTNsmlj+yK8aPmiu3zlb\/GslYtj3J6X+l2Hblf7UqOuJLALJ5M2aK6mhTT28XTZS83dM6yGqMx97hPzX1ix9wjtSBwLgT8vbJ27\/T30dLXGHhdTd7EqS\/3trFdeRTv7dIdYuR+dQiKy80xSTNVXrAlftk12sWjeZdvqR8id+UekuMYvvavJrvAdQx9SmRxZQ7l6hpL\/76a8rdRc+Xui5UfIwQgMB8Cdj8sD38P7rpf1uLKPNvIh8rTV4v7VR8h7EMIjNZM+Quk\/JeFLlQtXHavr+nMX3rFlmOtrs9by9FnL2t42er1rcn79zUcNbvXDZ2rto8znZf9fKh\/LVY5GCEAgeMT8Pe8XaoNuX8pf3nf23UNh8qjdfXdj2p2r9tmrlqMyyYwSjO1zcXZ5VPT9+m83c\/9qa7pvc7PFVfqStn8ajrFM0IAAhA4FoGyEVGdLr3sm0Yfa\/c2L2+K67NZHg4InBOBUZqpcwLGXiAAAQicKgHfxNT+4aeGSfur+cjmxzJONult1Nxsfi7fTXrvc6iGzudkDoF9CZx1M2UXLAcEIACBJRDout9Jr7FkUepL2fuXNi\/7eVeM99Fco2JKWXqNfXb5MUJgTAKz+dMIY26aWhCAAAQgAAEIQOBQBGimDkWSPBCAAAQgAAEILJIAzdQiTzubhgAEIAABCEDgUARopg5FkjwQgAAEIAABCCySwFm\/AX2OZ\/T2qy+v3nnr\/hyXxpogAAEInDQB7q8nffpOevEXzX8ZMezD1056u9Mu\/oknn5l2AVSHwAII8I+VBZzkyha5v1agTKBa6vVHMzXBNxslIQABCEAAAhA4HwK8Z+p8ziU7gQAEIAABCEBgAgI0UxNApyQEIAABCEAAAudDgGbqfM4lO4EABCAAAQhAYAICNFMTQKckBCAAAQhAAALnQ4Bm6nzOJTuBAAQgAAEIQGACAjRTE0CnJAQgAAEIQAAC50OAZup8ziU7gQAEIAABCEBgAgL8BfQRod957fURq1EKAssjcPPmTT5hYHmnPeyY++v0J36b62\/MP65669at1fOfeW4UMDRTo2Bui9y7d68VmEEAAgcjYB8lwrFsAtxfpzv\/Q66\/c\/wr6TRTE3zv3b17d4KqlITAvAnsc4N94cWX5r05VjcaAe6vo6FeK7TP9buWKAnXrt9YUzcffbcmz02gmZrbGWE9EFgwgV1+BWCP8jkgAIHzIKAmqmyeuvRz2TXN1FzOBOuAAAQCgUP\/CxesEIDAaRCwhuny8nJl773ScaHJgwery+YfTuZTNlpymXKkmZqSPrUhAAEIQOBoBC4u8o\/iXONB80NZx1C7Yi1Oc8vl85R6L8tXOh+nNXmb5rIda5zrP2Cunr1jEdg\/79n\/aQTrYssvw2Y6PwZhghe7mMqvCZZRLVm70Mu11nyqyc5MuWnfm2ybMOwatymn2Y6Vt6\/uku26v0zBoFa7ptu0NvMvvzb599lUX2Of\/yHt1pD4r\/J68DbfvJhfaStjbZ2lX81n037KGpt8p7Tduf56\/rl5zHXoqVStkbp0T6yOuYZdci\/iyVTtkWCps4u81O0CdJcYfwFbvC7OXXKNEXNq6\/VMDsH2EDm0Jp+r5CqffUfL6+vsm4\/4eRMo72O73tsOlcdolbnmTbB7ddtco9v4dFeYp8UaqdVl8\/\/mV3BqiA99Tv33aXhS9uQzdRjN\/exa0+geun692PbaRTRT2+PAEwL7EVDTonG\/bMuO1k27RmFuN9LaGueig9VczsRprkONlDVTdlymia7PY3x\/XetqpOISZvm62GbKd8E6M9KV3ySSza\/2jaM45TnkaD+UdehfPNJ1yeYvH5t7P5vLJn2Xv+mHHsptccovna8tu7eplnTysdF0Pl65ZbPRDun7\/L1fjGxjTdYa5CeffUbltBw+r1+r6SWrlpc35SjzKv5UR7vW\/LWnfdSuQdnmOPo9+D1pH95u6y\/1pex9bK547+fn5mOH19m8jIte278q3ue2eU1vOl9fVaTripOf7N7f2zbN\/TVjfv7aM9nbS5vZ+w5ds\/IbmmPf+qp7jLFspHyNYzVV7U88X23+80U0U7WLu3Zq\/IWqub8JWEwpm06+Nt\/l8BeTxetiNL3mpvey9F6nuUaLscPLXXPlK\/1DguLFcvhDsT632b0sH9Nr7u1+LnuZw\/tortF87fBy11z5vd3Her2fhwIbXryv1fCyn\/taNtd6NqQOpq4cXu\/nfflOwW7X1rbX75z3o3uEv3\/4uey2h5re67yP1\/u597G5Hd7eNY+e8dV8\/NG1RvNRPo2KK2XT1\/KUfqVcxin\/NmN5fZXXSGnfJmfp43OU+UvfUvaxpW1KuWykbj64zMsJf43kMsrWVKmxyg4LnCyimfIX7xzP8aaLyS7MTYfF6uLdlEc5unz66ijexq4cZhuSx\/xrR1eOrrpD\/X3NWqzVMb2NXTV9jl3mm\/L6+lrHphref1PeTTnmbLPrt\/bDdc5rPsbajEF5eDZD7nPb+JY+5Tmorae2vlKHPH8CZSPVvFlqpQbKmip7H\/ity7gPGqnIYRHN1Py\/dbtXuM0PR\/\/DtDtTt6X8gV1rMLqj1y3brHc9Yl3aZS371OyK3ZXpPuzWSQyTdl3vsCrTeZc\/2KdbyXSVuxiYvmx0xlhl13rGqD1VjfL+ZOuo6aZa3yHqXmmkLGnTTD3\/5nOrJ27Ghv7WxWUoFZ5JNTZ7Y\/q+h\/8+7nrPlP1RC+M9x++9s\/\/TCPue4DnF135QS6cfpnNf77HXJx671FGsxiFMLcb8yy\/lKtfTpZefatvYdyiXYvr8sZ8+AT0V0qgfRFPtTOso63fpS78pZbt+\/JfWouvJ22rXY+nnfUqb5fJ2q+Xz29wfm2ze71DzaiPVJLenUXdeu7GyJqpspA79QcL2gdVvv3X\/ypbsTjjnTzvgyVQ6ZboZlR2v9Dqzpd30dsOo6RWz66gLUfHlRWh67yO718lHOWpj6V\/z2UZX5tF6tomVT5lD+q6x9O+rKX8bNVduxXq9dPLZdfQ5LYfySi95U375ykcxXi+dfBhPg4BvOmr3kq77kNeXcd5mFEr7PmS6cnfpfa3aXreNG7qH2vXgdX7u16h5l73Ul7LibTyGzec\/9FxPmfyv79RAqZaeSKmR8r7y2WXU94GtIczTf9WnRio+ALtsfuY2DVfzpGxOx9k3U10Xn\/Qa7aRorlEnqpSl19hnl19t3HShmX\/NXupKeZe4XXOUe+rL4+3bzJXf+5b7K22lvZS9v5+rVunv9V3zbfL0+ZT2Ut60rppv11rRH5+AvycMnWt1Ps50pbyNXy2m1JVyV63Sr5S71uPzdcV4H+Upx02xpS\/y7gRyMxU7l1XZKJWNlD3NMt3zq3k1N7sT2C3yod3CiILAcglY41J7XD9XIqe01rkyZF0QWBIB\/RVy23NurkLL1LRNl03j9JnYOKmRks8hGKlp9k8w4y8\/7WnVc+GplNWZ29MpmqlDnH1yLI7AKT0JOqW1zvk9Ecf6JtcPj2PlJy8EtiUQnjo1TZP9BXLfUFm8NUz2dcxGyq+zdl2ogbLRDsk+bqo5zdRU5KkLAQisEXjhxZfWZAQIQGBcAtbA2BMh3zj5pmqsRqpr13oypdH85tJQ0Ux1nbUj6W+\/+nLo+o+UnrQQOFkCdm1wQAAC0xLQE6FaU2VPrO6k90hZw6VDTZbkY45qpDRarTk0VDRTxzzrRW7f4RcmRAhAAAIQgMBsCNSaqtVl8+s++99lM0nHmI2Uas5xfGiOizrXNYVPwj7XzbEvCEAAAhA4OwK+qbLNzaGR0lMpjXOATjM1h7PAGiAAAQhAYG8CvI1ib4SdCdRUdTqMbLBGyg6NI5e\/Uo5m6goSFBCAAAQgcGoEeBvFaZyxc\/0vdi+abrP\/8ypO4xyxSghAAAIQgAAEIDA6AT6bb3TkFIQABCAAAQhA4JwI0Eyd09lkLxCAAAQgAAEIjE6AZmp05BSEAAQgAAEIQOCcCNBMndPZZC8QgAAEIAABCIxOgGZqdOQUhAAEIAABCEDgnAjQTJ3T2WQvEIAABCAAAQiMToBmanTkFIQABCAAAQhA4JwI0Eyd09lkLxCAAAQgAAEIjE6AZmp05BSEAAQgAAEIQOCcCNBMndPZZC8QgAAEIAABCIxOgGZqdOQUhAAEIAABCEDgnAjQTJ3T2WQvEIAABCAAAQiMTuD\/ASzCbh\/XoHCzAAAAAElFTkSuQmCC\" \/><\/figure>\r\n<\/div>\r\n\r\n\r\n\r\n<p>as\u00ed al momento de liquidar nos presenta los empleados cargados como permanentes, eventuales, contratados, ejecutivo, concejo, etc.<\/p>\r\n\r\n\r\n\r\n<p>Dentro de cada filtro de liquidaci\u00f3n se pueden agrupar dos o m\u00e1s tipos de relaci\u00f3n,\u00a0 que el encargado de c\u00f3mputos o personal de UNIRE crear\u00e1 para tal fin. Por ejemplo en el mensual se pueden liquidar permanentes, contratados y concejo, todos juntos.<\/p>\r\n\r\n\r\n\r\n<p>Si a un empleado no se coloca la relaci\u00f3n de dependencia el sistema no lo incluir\u00e1 en ninguna liquidaci\u00f3n, hasta que se concret\u00e9 esa carga.<\/p>\r\n<p>&nbsp;<\/p>\r\n","protected":false},"excerpt":{"rendered":"<p>Cuando cargamos un empleado, debemos darle la relaci\u00f3n de dependencia. INGRESANDO EN \u00a0 Y LUEGO EN Es decir, si es permanente, contratado, ejecutivo, concejo, gabinete, eventual. Si el municipio liquida por separado cada una de estas modalidades de contrataci\u00f3n, necesitar\u00e1 s\u00ed o s\u00ed de la carga de la relaci\u00f3n de dependencia. Para que podemos liquidar, [&hellip;]<\/p>\n","protected":false},"author":4,"featured_media":0,"parent":28,"menu_order":787,"comment_status":"closed","ping_status":"closed","template":"","meta":{"footnotes":""},"class_list":["post-39","page","type-page","status-publish","hentry"],"_links":{"self":[{"href":"https:\/\/uniremunicipios.com.ar\/manual\/index.php?rest_route=\/wp\/v2\/pages\/39","targetHints":{"allow":["GET"]}}],"collection":[{"href":"https:\/\/uniremunicipios.com.ar\/manual\/index.php?rest_route=\/wp\/v2\/pages"}],"about":[{"href":"https:\/\/uniremunicipios.com.ar\/manual\/index.php?rest_route=\/wp\/v2\/types\/page"}],"author":[{"embeddable":true,"href":"https:\/\/uniremunicipios.com.ar\/manual\/index.php?rest_route=\/wp\/v2\/users\/4"}],"replies":[{"embeddable":true,"href":"https:\/\/uniremunicipios.com.ar\/manual\/index.php?rest_route=%2Fwp%2Fv2%2Fcomments&post=39"}],"version-history":[{"count":12,"href":"https:\/\/uniremunicipios.com.ar\/manual\/index.php?rest_route=\/wp\/v2\/pages\/39\/revisions"}],"predecessor-version":[{"id":6038,"href":"https:\/\/uniremunicipios.com.ar\/manual\/index.php?rest_route=\/wp\/v2\/pages\/39\/revisions\/6038"}],"up":[{"embeddable":true,"href":"https:\/\/uniremunicipios.com.ar\/manual\/index.php?rest_route=\/wp\/v2\/pages\/28"}],"wp:attachment":[{"href":"https:\/\/uniremunicipios.com.ar\/manual\/index.php?rest_route=%2Fwp%2Fv2%2Fmedia&parent=39"}],"curies":[{"name":"wp","href":"https:\/\/api.w.org\/{rel}","templated":true}]}}